
{"id":200320,"date":"2023-11-23T14:54:44","date_gmt":"2023-11-23T17:54:44","guid":{"rendered":"https:\/\/siteshom.goias.gov.br\/progoias\/?page_id=200320"},"modified":"2026-03-10T09:11:38","modified_gmt":"2026-03-10T12:11:38","slug":"revitalizacao","status":"publish","type":"page","link":"https:\/\/goias.gov.br\/progoias\/revitalizacao\/","title":{"rendered":"Revitaliza\u00e7\u00e3o"},"content":{"rendered":"\t\t<div data-elementor-type=\"wp-page\" data-elementor-id=\"200320\" class=\"elementor elementor-200320\">\n\t\t\t\t<div class=\"elementor-element elementor-element-c91c399 e-flex e-con-boxed e-con e-parent\" data-id=\"c91c399\" data-element_type=\"container\" data-e-type=\"container\">\n\t\t\t\t\t<div class=\"e-con-inner\">\n\t\t\t\t<div class=\"elementor-element elementor-element-8e2650d elementor-widget elementor-widget-image\" data-id=\"8e2650d\" data-element_type=\"widget\" data-e-type=\"widget\" data-widget_type=\"image.default\">\n\t\t\t\t\t\t\t\t\t\t\t\t\t\t\t<img decoding=\"async\" src=\"https:\/\/goias.gov.br\/progoias\/wp-content\/uploads\/sites\/35\/2023\/11\/revitalizao4.png\" title=\"\" alt=\"\" loading=\"lazy\" \/>\t\t\t\t\t\t\t\t\t\t\t\t\t\t\t<\/div>\n\t\t\t\t<div class=\"elementor-element elementor-element-08fe1c8 elementor-widget elementor-widget-text-editor\" data-id=\"08fe1c8\" data-element_type=\"widget\" data-e-type=\"widget\" data-widget_type=\"text-editor.default\">\n\t\t\t\t\t\t\t\t\t<p style=\"text-align: center;\"><span style=\"font-size: 14pt;\"><strong>REVITALIZA\u00c7\u00c3O: retomada da produ\u00e7\u00e3o de estabelecimento industrial que h\u00e1, no m\u00ednimo, 12 (doze) meses, encontre-se<\/strong><\/span><br \/><span style=\"font-size: 14pt;\"><strong>a) esteja suspenso, baixado ou paralisado no Cadastro de Contribuintes do Estado de Goi\u00e1s; ou<\/strong><\/span><br \/><span style=\"font-size: 14pt;\"><strong>b) n\u00e3o tenha realizado opera\u00e7\u00f5es com mercadorias.<\/strong><\/span><\/p>\t\t\t\t\t\t\t\t<\/div>\n\t\t\t\t\t<\/div>\n\t\t\t\t<\/div>\n\t\t<div class=\"elementor-element elementor-element-055c4e4 e-flex e-con-boxed e-con e-parent\" data-id=\"055c4e4\" data-element_type=\"container\" data-e-type=\"container\">\n\t\t\t\t\t<div class=\"e-con-inner\">\n\t\t<div class=\"elementor-element elementor-element-2c293f2 e-con-full e-flex e-con e-child\" data-id=\"2c293f2\" data-element_type=\"container\" data-e-type=\"container\" data-settings=\"{&quot;background_background&quot;:&quot;classic&quot;}\">\n\t\t\t\t<div class=\"elementor-element elementor-element-a388ccf elementor-widget elementor-widget-heading\" data-id=\"a388ccf\" data-element_type=\"widget\" data-e-type=\"widget\" data-widget_type=\"heading.default\">\n\t\t\t\t\t<h2 class=\"elementor-heading-title elementor-size-default\">Investimentos<\/h2>\t\t\t\t<\/div>\n\t\t\t\t<\/div>\n\t\t<div class=\"elementor-element elementor-element-4791719 e-con-full e-flex e-con e-child\" data-id=\"4791719\" data-element_type=\"container\" data-e-type=\"container\">\n\t\t\t\t<div class=\"elementor-element elementor-element-6ee781a elementor-widget elementor-widget-image\" data-id=\"6ee781a\" data-element_type=\"widget\" data-e-type=\"widget\" data-widget_type=\"image.default\">\n\t\t\t\t\t\t\t\t\t\t\t\t\t\t\t<img decoding=\"async\" src=\"https:\/\/goias.gov.br\/progoias\/wp-content\/uploads\/sites\/35\/2023\/11\/13_banner-investimentos-4-revitalizacao-1150x400-1.jpg\" title=\"\" alt=\"\" loading=\"lazy\" \/>\t\t\t\t\t\t\t\t\t\t\t\t\t\t\t<\/div>\n\t\t\t\t<\/div>\n\t\t\t\t\t<\/div>\n\t\t\t\t<\/div>\n\t\t<div class=\"elementor-element elementor-element-59ee16b e-flex e-con-boxed e-con e-parent\" data-id=\"59ee16b\" data-element_type=\"container\" data-e-type=\"container\">\n\t\t\t\t\t<div class=\"e-con-inner\">\n\t\t<div class=\"elementor-element elementor-element-615a68f e-con-full e-flex e-con e-child\" data-id=\"615a68f\" data-element_type=\"container\" data-e-type=\"container\" data-settings=\"{&quot;background_background&quot;:&quot;classic&quot;}\">\n\t\t\t\t<div class=\"elementor-element elementor-element-0ec7800 elementor-widget elementor-widget-heading\" data-id=\"0ec7800\" data-element_type=\"widget\" data-e-type=\"widget\" data-widget_type=\"heading.default\">\n\t\t\t\t\t<h2 class=\"elementor-heading-title elementor-size-default\">Cr\u00e9dito Outorgado ProGoi\u00e1s<\/h2>\t\t\t\t<\/div>\n\t\t\t\t<\/div>\n\t\t<div class=\"elementor-element elementor-element-f5e5faa e-con-full e-flex e-con e-child\" data-id=\"f5e5faa\" data-element_type=\"container\" data-e-type=\"container\" data-settings=\"{&quot;background_background&quot;:&quot;classic&quot;}\">\n\t\t<div class=\"elementor-element elementor-element-f93c77b e-con-full e-flex e-con e-child\" data-id=\"f93c77b\" data-element_type=\"container\" data-e-type=\"container\">\n\t\t\t\t<div class=\"elementor-element elementor-element-d4481c6 elementor-widget elementor-widget-text-editor\" data-id=\"d4481c6\" data-element_type=\"widget\" data-e-type=\"widget\" data-widget_type=\"text-editor.default\">\n\t\t\t\t\t\t\t\t\t<p style=\"text-align: center;\"><span style=\"font-size: 14pt;\"><strong><span style=\"color: #ffffff;\">CR\u00c9DITO OUTORGADO de ICMS para o estabelecimento industrial enquadrado no PROGOI\u00c1S, aplic\u00e1vel sobre o valor positivo resultante do confronto entre os d\u00e9bitos e os cr\u00e9ditos do imposto, relacionados \u00e0s opera\u00e7\u00f5es com produtos de industrializa\u00e7\u00e3o pr\u00f3pria incentivadas pelo ProGoi\u00e1s<\/span><\/strong><\/span><\/p>\t\t\t\t\t\t\t\t<\/div>\n\t\t\t\t<div class=\"elementor-element elementor-element-bad88ac elementor-widget elementor-widget-heading\" data-id=\"bad88ac\" data-element_type=\"widget\" data-e-type=\"widget\" data-widget_type=\"heading.default\">\n\t\t\t\t\t<h2 class=\"elementor-heading-title elementor-size-default\">Estabelecimentos Migrantes<\/h2>\t\t\t\t<\/div>\n\t\t<div class=\"elementor-element elementor-element-aebcdb4 e-con-full e-flex e-con e-child\" data-id=\"aebcdb4\" data-element_type=\"container\" data-e-type=\"container\">\n\t\t<div class=\"elementor-element elementor-element-e32f59d e-con-full e-flex e-con e-child\" data-id=\"e32f59d\" data-element_type=\"container\" data-e-type=\"container\">\n\t\t\t\t<div class=\"elementor-element elementor-element-42b423e elementor-widget elementor-widget-text-editor\" data-id=\"42b423e\" data-element_type=\"widget\" data-e-type=\"widget\" data-widget_type=\"text-editor.default\">\n\t\t\t\t\t\t\t\t\t<p style=\"text-align: center;\"><span style=\"color: #ffffff;\"><strong>67%<br \/>de Cr\u00e9dito<br \/>Outorgado<\/strong><\/span><\/p>\t\t\t\t\t\t\t\t<\/div>\n\t\t\t\t<\/div>\n\t\t<div class=\"elementor-element elementor-element-7043fdd e-con-full e-flex e-con e-child\" data-id=\"7043fdd\" data-element_type=\"container\" data-e-type=\"container\">\n\t\t\t\t<div class=\"elementor-element elementor-element-f13ff27 elementor-widget elementor-widget-text-editor\" data-id=\"f13ff27\" data-element_type=\"widget\" data-e-type=\"widget\" data-widget_type=\"text-editor.default\">\n\t\t\t\t\t\t\t\t\t<ul><li>Estabelecimento localizado em munic\u00edpio priorit\u00e1rio<\/li><li>Estabelecimento pertencente a empresa cuja receita bruta anual n\u00e3o ultrapasse o limite fixado para efeito de enquadramento no Simples Nacional<\/li><li>\u00a0<\/li><\/ul>\t\t\t\t\t\t\t\t<\/div>\n\t\t\t\t<\/div>\n\t\t\t\t<\/div>\n\t\t<div class=\"elementor-element elementor-element-fc39bf0 e-con-full e-flex e-con e-child\" data-id=\"fc39bf0\" data-element_type=\"container\" data-e-type=\"container\">\n\t\t\t\t<div class=\"elementor-element elementor-element-430849a elementor-widget elementor-widget-text-editor\" data-id=\"430849a\" data-element_type=\"widget\" data-e-type=\"widget\" data-widget_type=\"text-editor.default\">\n\t\t\t\t\t\t\t\t\t<table class=\"aligncenter\" style=\"width: 100%;\" border=\"1\" cellspacing=\"1\" cellpadding=\"1\"><tbody><tr><td><p style=\"text-align: center;\"><span style=\"color: #ffffff;\"><strong>DEMAIS ESTABELECIMENTOS<\/strong><\/span><\/p><table style=\"width: 100%;\" border=\"1\" cellspacing=\"1\" cellpadding=\"1\"><tbody><tr><td style=\"text-align: center; width: 57.2093%;\"><span style=\"color: #ffffff;\"><strong>%CR\u00c9DITO OUTORGADO<\/strong><\/span><\/td><td style=\"text-align: center; width: 40.4651%;\"><span style=\"color: #ffffff;\"><strong>TEMPO DE FRUI\u00c7\u00c3O<\/strong><\/span><\/td><\/tr><tr><td style=\"text-align: center; width: 57.2093%;\"><span style=\"color: #ffffff;\"><strong>64%<\/strong><\/span><\/td><td style=\"text-align: center; width: 40.4651%;\"><span style=\"color: #ffffff;\"><strong>At\u00e9 o 12\u00ba m\u00eas<\/strong><\/span><\/td><\/tr><tr><td style=\"text-align: center; width: 57.2093%;\"><span style=\"color: #ffffff;\"><strong>65%<\/strong><\/span><\/td><td style=\"text-align: center; width: 40.4651%;\"><span style=\"color: #ffffff;\"><strong>Do 13\u00ba ao 24\u00ba m\u00eas<\/strong><\/span><\/td><\/tr><tr><td style=\"text-align: center; width: 57.2093%;\"><span style=\"color: #ffffff;\"><strong>66%<\/strong><\/span><\/td><td style=\"text-align: center; width: 40.4651%;\"><span style=\"color: #ffffff;\"><strong>A partir do 36\u00ba m\u00eas<\/strong><\/span><\/td><\/tr><\/tbody><\/table><\/td><\/tr><\/tbody><\/table><p style=\"text-align: center;\">\u00a0<\/p>\t\t\t\t\t\t\t\t<\/div>\n\t\t\t\t<\/div>\n\t\t\t\t<\/div>\n\t\t\t\t<\/div>\n\t\t\t\t\t<\/div>\n\t\t\t\t<\/div>\n\t\t<div class=\"elementor-element elementor-element-f78c17e e-flex e-con-boxed e-con e-parent\" data-id=\"f78c17e\" data-element_type=\"container\" data-e-type=\"container\">\n\t\t\t\t\t<div class=\"e-con-inner\">\n\t\t<div class=\"elementor-element elementor-element-2ba59d0 e-con-full e-flex e-con e-child\" data-id=\"2ba59d0\" data-element_type=\"container\" data-e-type=\"container\" data-settings=\"{&quot;background_background&quot;:&quot;classic&quot;}\">\n\t\t\t\t<div class=\"elementor-element elementor-element-f13e259 elementor-widget elementor-widget-heading\" data-id=\"f13e259\" data-element_type=\"widget\" data-e-type=\"widget\" data-widget_type=\"heading.default\">\n\t\t\t\t\t<h2 class=\"elementor-heading-title elementor-size-default\">CONTRIBUI\u00c7\u00c3O PARA O PROTEGE GOI\u00c1S \n<\/h2>\t\t\t\t<\/div>\n\t\t\t\t<\/div>\n\t\t<div class=\"elementor-element elementor-element-130cdd2 e-con-full e-flex e-con e-child\" data-id=\"130cdd2\" data-element_type=\"container\" data-e-type=\"container\" data-settings=\"{&quot;background_background&quot;:&quot;classic&quot;}\">\n\t\t\t\t<div class=\"elementor-element elementor-element-8038d6b elementor-widget elementor-widget-text-editor\" data-id=\"8038d6b\" data-element_type=\"widget\" data-e-type=\"widget\" data-widget_type=\"text-editor.default\">\n\t\t\t\t\t\t\t\t\t<table><tbody><tr><td><strong>NOVOS ESTABELECIMENTOS<\/strong><table style=\"width: 100%;\"><tbody><tr><td style=\"width: 50%;\"><strong>% PROTEGE<\/strong><\/td><td style=\"width: 46.9925%;\"><strong>TEMPO DE FRUI\u00c7\u00c3O<\/strong><\/td><\/tr><tr><td style=\"width: 50%;\"><strong>10%<\/strong><\/td><td style=\"width: 46.9925%;\"><strong>At\u00e9 o 12\u00ba m\u00eas<\/strong><\/td><\/tr><tr><td style=\"width: 50%;\"><strong>8%<\/strong><\/td><td style=\"width: 46.9925%;\"><strong>Do 13\u00ba ao 24\u00ba m\u00eas<\/strong><\/td><\/tr><tr><td style=\"width: 50%;\"><strong>6%<\/strong><\/td><td style=\"width: 46.9925%;\"><strong>A partir do 25\u00ba m\u00eas<\/strong><\/td><\/tr><tr><td style=\"width: 50%;\"><strong>Sem contribui\u00e7\u00e3o<\/strong><\/td><td style=\"width: 46.9925%;\"><ul><li style=\"text-align: left;\"><strong>Estabelecimento localizado em\u00a0 munic\u00edpio priorit\u00e1rio<\/strong><\/li><li style=\"text-align: left;\"><strong>Estabelecimento pertencente a empresa cuja receita bruta anual n\u00e3o ultrapasse o limite do Simples Nacional<\/strong><\/li><\/ul><\/td><\/tr><\/tbody><\/table><\/td><\/tr><\/tbody><\/table>\t\t\t\t\t\t\t\t<\/div>\n\t\t\t\t<\/div>\n\t\t\t\t\t<\/div>\n\t\t\t\t<\/div>\n\t\t<div class=\"elementor-element elementor-element-36a1bb9 e-flex e-con-boxed e-con e-parent\" data-id=\"36a1bb9\" data-element_type=\"container\" data-e-type=\"container\">\n\t\t\t\t\t<div class=\"e-con-inner\">\n\t\t<div class=\"elementor-element elementor-element-716c2f7 e-con-full e-flex e-con e-child\" data-id=\"716c2f7\" data-element_type=\"container\" data-e-type=\"container\" data-settings=\"{&quot;background_background&quot;:&quot;classic&quot;}\">\n\t\t\t\t<div class=\"elementor-element elementor-element-6160ffb elementor-widget elementor-widget-heading\" data-id=\"6160ffb\" data-element_type=\"widget\" data-e-type=\"widget\" data-widget_type=\"heading.default\">\n\t\t\t\t\t<h2 class=\"elementor-heading-title elementor-size-default\">Suspen\u00e7\u00e3o do Termo de Enquadramento no ProGoi\u00e1s<\/h2>\t\t\t\t<\/div>\n\t\t\t\t<\/div>\n\t\t\t\t<div class=\"elementor-element elementor-element-ec18340 elementor-widget elementor-widget-image\" data-id=\"ec18340\" data-element_type=\"widget\" data-e-type=\"widget\" data-widget_type=\"image.default\">\n\t\t\t\t\t\t\t\t\t\t\t\t\t\t\t<img decoding=\"async\" src=\"https:\/\/goias.gov.br\/progoias\/wp-content\/uploads\/sites\/35\/2023\/11\/14-banner-suspensao-do-termo-de-enquadramento-no-porgois-1150x400-1.jpg\" title=\"\" alt=\"\" loading=\"lazy\" \/>\t\t\t\t\t\t\t\t\t\t\t\t\t\t\t<\/div>\n\t\t\t\t\t<\/div>\n\t\t\t\t<\/div>\n\t\t<div class=\"elementor-element elementor-element-b829d6a e-flex e-con-boxed e-con e-parent\" data-id=\"b829d6a\" data-element_type=\"container\" data-e-type=\"container\">\n\t\t\t\t\t<div class=\"e-con-inner\">\n\t\t<div class=\"elementor-element elementor-element-f10f22b e-con-full e-flex e-con e-child\" data-id=\"f10f22b\" data-element_type=\"container\" data-e-type=\"container\" data-settings=\"{&quot;background_background&quot;:&quot;classic&quot;}\">\n\t\t\t\t<div class=\"elementor-element elementor-element-fa99d87 elementor-widget elementor-widget-heading\" data-id=\"fa99d87\" data-element_type=\"widget\" data-e-type=\"widget\" data-widget_type=\"heading.default\">\n\t\t\t\t\t<h2 class=\"elementor-heading-title elementor-size-default\">Revoga\u00e7\u00e3o do Termo de Enquadramento no ProGoi\u00e1s<\/h2>\t\t\t\t<\/div>\n\t\t\t\t<\/div>\n\t\t\t\t<div class=\"elementor-element elementor-element-0503401 elementor-widget elementor-widget-image\" data-id=\"0503401\" data-element_type=\"widget\" data-e-type=\"widget\" data-widget_type=\"image.default\">\n\t\t\t\t\t\t\t\t\t\t\t\t\t\t\t<img decoding=\"async\" src=\"https:\/\/goias.gov.br\/progoias\/wp-content\/uploads\/sites\/35\/2023\/11\/15-banner-revogacao-do-termo-de-enquadramento-no-progoias-1150x695-1.jpg\" title=\"\" alt=\"\" loading=\"lazy\" \/>\t\t\t\t\t\t\t\t\t\t\t\t\t\t\t<\/div>\n\t\t\t\t\t<\/div>\n\t\t\t\t<\/div>\n\t\t<div class=\"elementor-element elementor-element-f1943bd e-flex e-con-boxed e-con e-parent\" data-id=\"f1943bd\" data-element_type=\"container\" data-e-type=\"container\">\n\t\t\t\t\t<div class=\"e-con-inner\">\n\t\t\t\t<div class=\"elementor-element elementor-element-933bd2f elementor-widget elementor-widget-image\" data-id=\"933bd2f\" data-element_type=\"widget\" data-e-type=\"widget\" data-widget_type=\"image.default\">\n\t\t\t\t\t\t\t\t\t\t\t\t\t\t\t\t<a href=\"\/progoias\/perguntas-frequentes\/\">\n\t\t\t\t\t\t\t<img decoding=\"async\" src=\"https:\/\/goias.gov.br\/progoias\/wp-content\/uploads\/sites\/35\/2023\/11\/perguntas2.png\" title=\"\" alt=\"\" loading=\"lazy\" \/>\t\t\t\t\t\t\t\t<\/a>\n\t\t\t\t\t\t\t\t\t\t\t\t\t\t\t<\/div>\n\t\t\t\t\t<\/div>\n\t\t\t\t<\/div>\n\t\t\t\t<\/div>\n\t\t","protected":false},"excerpt":{"rendered":"<p>REVITALIZA\u00c7\u00c3O: retomada da produ\u00e7\u00e3o de estabelecimento industrial que h\u00e1, no m\u00ednimo, 12 (doze) meses, encontre-sea) esteja suspenso, baixado ou paralisado no Cadastro de Contribuintes do Estado de Goi\u00e1s; oub) n\u00e3o tenha realizado opera\u00e7\u00f5es com mercadorias. Investimentos Cr\u00e9dito Outorgado ProGoi\u00e1s CR\u00c9DITO OUTORGADO de ICMS para o estabelecimento industrial enquadrado no PROGOI\u00c1S, aplic\u00e1vel sobre o valor positivo [&hellip;]<\/p>\n","protected":false},"author":1,"featured_media":0,"parent":0,"menu_order":0,"comment_status":"closed","ping_status":"closed","template":"elementor_header_footer","meta":{"footnotes":""},"class_list":["post-200320","page","type-page","status-publish","hentry"],"rttpg_featured_image_url":null,"rttpg_author":{"display_name":"wagner.viana","author_link":"https:\/\/goias.gov.br\/progoias\/author\/wagner-viana\/"},"rttpg_comment":0,"rttpg_category":null,"rttpg_excerpt":"REVITALIZA\u00c7\u00c3O: retomada da produ\u00e7\u00e3o de estabelecimento industrial que h\u00e1, no m\u00ednimo, 12 (doze) meses, encontre-sea) esteja suspenso, baixado ou paralisado no Cadastro de Contribuintes do Estado de Goi\u00e1s; oub) n\u00e3o tenha realizado opera\u00e7\u00f5es com mercadorias. Investimentos Cr\u00e9dito Outorgado ProGoi\u00e1s CR\u00c9DITO OUTORGADO de ICMS para o estabelecimento industrial enquadrado no PROGOI\u00c1S, aplic\u00e1vel sobre o valor positivo&hellip;","_links":{"self":[{"href":"https:\/\/goias.gov.br\/progoias\/wp-json\/wp\/v2\/pages\/200320","targetHints":{"allow":["GET"]}}],"collection":[{"href":"https:\/\/goias.gov.br\/progoias\/wp-json\/wp\/v2\/pages"}],"about":[{"href":"https:\/\/goias.gov.br\/progoias\/wp-json\/wp\/v2\/types\/page"}],"author":[{"embeddable":true,"href":"https:\/\/goias.gov.br\/progoias\/wp-json\/wp\/v2\/users\/1"}],"replies":[{"embeddable":true,"href":"https:\/\/goias.gov.br\/progoias\/wp-json\/wp\/v2\/comments?post=200320"}],"version-history":[{"count":2,"href":"https:\/\/goias.gov.br\/progoias\/wp-json\/wp\/v2\/pages\/200320\/revisions"}],"predecessor-version":[{"id":200476,"href":"https:\/\/goias.gov.br\/progoias\/wp-json\/wp\/v2\/pages\/200320\/revisions\/200476"}],"wp:attachment":[{"href":"https:\/\/goias.gov.br\/progoias\/wp-json\/wp\/v2\/media?parent=200320"}],"curies":[{"name":"wp","href":"https:\/\/api.w.org\/{rel}","templated":true}]}}