
{"id":200318,"date":"2023-11-23T14:54:27","date_gmt":"2023-11-23T17:54:27","guid":{"rendered":"https:\/\/siteshom.goias.gov.br\/progoias\/?page_id=200318"},"modified":"2026-03-10T08:53:02","modified_gmt":"2026-03-10T11:53:02","slug":"ampliacao","status":"publish","type":"page","link":"https:\/\/goias.gov.br\/progoias\/ampliacao\/","title":{"rendered":"Amplia\u00e7\u00e3o"},"content":{"rendered":"\t\t<div data-elementor-type=\"wp-page\" data-elementor-id=\"200318\" class=\"elementor elementor-200318\">\n\t\t\t\t<div class=\"elementor-element elementor-element-6f97ee5 e-flex e-con-boxed e-con e-parent\" data-id=\"6f97ee5\" data-element_type=\"container\" data-e-type=\"container\">\n\t\t\t\t\t<div class=\"e-con-inner\">\n\t\t\t\t<div class=\"elementor-element elementor-element-363d1a3 elementor-widget elementor-widget-image\" data-id=\"363d1a3\" data-element_type=\"widget\" data-e-type=\"widget\" data-widget_type=\"image.default\">\n\t\t\t\t\t\t\t\t\t\t\t\t\t\t\t<img decoding=\"async\" src=\"https:\/\/goias.gov.br\/progoias\/wp-content\/uploads\/sites\/35\/2023\/11\/10-banner-ampliao-1150x400-1.jpg\" title=\"\" alt=\"\" loading=\"lazy\" \/>\t\t\t\t\t\t\t\t\t\t\t\t\t\t\t<\/div>\n\t\t\t\t<div class=\"elementor-element elementor-element-3b1456e elementor-widget elementor-widget-text-editor\" data-id=\"3b1456e\" data-element_type=\"widget\" data-e-type=\"widget\" data-widget_type=\"text-editor.default\">\n\t\t\t\t\t\t\t\t\t<p style=\"text-align: center;\"><strong><span style=\"font-size: 14pt;\">AMPLIA\u00c7\u00c3O: investimento realizado em estabelecimento industrial que, at\u00e9 a data de protocoliza\u00e7\u00e3o do pedido de enquadramento, j\u00e1 esteja inscrito no Cadastro de Contribuintes do Estado &#8211; CCE e tenha realizado opera\u00e7\u00f5es com produtos de industrializa\u00e7\u00e3o pr\u00f3pria;<\/span><\/strong><\/p>\t\t\t\t\t\t\t\t<\/div>\n\t\t\t\t\t<\/div>\n\t\t\t\t<\/div>\n\t\t<div class=\"elementor-element elementor-element-ab455fa e-flex e-con-boxed e-con e-parent\" data-id=\"ab455fa\" data-element_type=\"container\" data-e-type=\"container\">\n\t\t\t\t\t<div class=\"e-con-inner\">\n\t\t<div class=\"elementor-element elementor-element-84223d0 e-con-full e-flex e-con e-child\" data-id=\"84223d0\" data-element_type=\"container\" data-e-type=\"container\" data-settings=\"{&quot;background_background&quot;:&quot;classic&quot;}\">\n\t\t\t\t<div class=\"elementor-element elementor-element-539ac11 elementor-widget elementor-widget-heading\" data-id=\"539ac11\" data-element_type=\"widget\" data-e-type=\"widget\" data-widget_type=\"heading.default\">\n\t\t\t\t\t<h2 class=\"elementor-heading-title elementor-size-default\">Investimentos<\/h2>\t\t\t\t<\/div>\n\t\t\t\t<\/div>\n\t\t<div class=\"elementor-element elementor-element-ca2a31c e-con-full e-flex e-con e-child\" data-id=\"ca2a31c\" data-element_type=\"container\" data-e-type=\"container\">\n\t\t\t\t<div class=\"elementor-element elementor-element-a2e1508 elementor-widget elementor-widget-image\" data-id=\"a2e1508\" data-element_type=\"widget\" data-e-type=\"widget\" data-widget_type=\"image.default\">\n\t\t\t\t\t\t\t\t\t\t\t\t\t\t\t<img decoding=\"async\" src=\"https:\/\/goias.gov.br\/progoias\/wp-content\/uploads\/sites\/35\/2023\/11\/13-banner-investimentos-3-ampliao-1150x400-1.jpg\" title=\"\" alt=\"\" loading=\"lazy\" \/>\t\t\t\t\t\t\t\t\t\t\t\t\t\t\t<\/div>\n\t\t\t\t<\/div>\n\t\t\t\t\t<\/div>\n\t\t\t\t<\/div>\n\t\t<div class=\"elementor-element elementor-element-b2fac4a e-flex e-con-boxed e-con e-parent\" data-id=\"b2fac4a\" data-element_type=\"container\" data-e-type=\"container\">\n\t\t\t\t\t<div class=\"e-con-inner\">\n\t\t<div class=\"elementor-element elementor-element-84934ea e-con-full e-flex e-con e-child\" data-id=\"84934ea\" data-element_type=\"container\" data-e-type=\"container\" data-settings=\"{&quot;background_background&quot;:&quot;classic&quot;}\">\n\t\t\t\t<div class=\"elementor-element elementor-element-794b9b5 elementor-widget elementor-widget-heading\" data-id=\"794b9b5\" data-element_type=\"widget\" data-e-type=\"widget\" data-widget_type=\"heading.default\">\n\t\t\t\t\t<h2 class=\"elementor-heading-title elementor-size-default\">Cr\u00e9dito Outorgado ProGoi\u00e1s<\/h2>\t\t\t\t<\/div>\n\t\t\t\t<\/div>\n\t\t<div class=\"elementor-element elementor-element-2a42837 e-con-full e-flex e-con e-child\" data-id=\"2a42837\" data-element_type=\"container\" data-e-type=\"container\" data-settings=\"{&quot;background_background&quot;:&quot;classic&quot;}\">\n\t\t\t\t<div class=\"elementor-element elementor-element-12ceecc elementor-widget elementor-widget-text-editor\" data-id=\"12ceecc\" data-element_type=\"widget\" data-e-type=\"widget\" data-widget_type=\"text-editor.default\">\n\t\t\t\t\t\t\t\t\t<p style=\"text-align: center;\"><strong><span style=\"color: #ffffff;\">CR\u00c9DITO OUTORGADO de ICMS para o estabelecimento industrial enquadrado no PROGOI\u00c1S, aplic\u00e1vel sobre o valor positivo resultante do confronto entre os d\u00e9bitos e os cr\u00e9ditos do imposto, relacionados \u00e0s opera\u00e7\u00f5es com produtos de industrializa\u00e7\u00e3o pr\u00f3pria incentivadas pelo ProGoi\u00e1s<\/span><\/strong><\/p>\t\t\t\t\t\t\t\t<\/div>\n\t\t\t\t<div class=\"elementor-element elementor-element-2b44b98 elementor-widget elementor-widget-heading\" data-id=\"2b44b98\" data-element_type=\"widget\" data-e-type=\"widget\" data-widget_type=\"heading.default\">\n\t\t\t\t\t<h2 class=\"elementor-heading-title elementor-size-default\">NOVOS ESTABELECIMENTOS<\/h2>\t\t\t\t<\/div>\n\t\t<div class=\"elementor-element elementor-element-f87b53b e-con-full e-flex e-con e-child\" data-id=\"f87b53b\" data-element_type=\"container\" data-e-type=\"container\">\n\t\t<div class=\"elementor-element elementor-element-50d5d0f e-con-full e-flex e-con e-child\" data-id=\"50d5d0f\" data-element_type=\"container\" data-e-type=\"container\">\n\t\t\t\t<div class=\"elementor-element elementor-element-14a93f8 elementor-widget elementor-widget-text-editor\" data-id=\"14a93f8\" data-element_type=\"widget\" data-e-type=\"widget\" data-widget_type=\"text-editor.default\">\n\t\t\t\t\t\t\t\t\t<p style=\"text-align: center;\"><span style=\"color: #ffffff; font-size: 18pt;\"><strong>67%<br \/>de Cr\u00e9dito<br \/>Outorgado<\/strong><\/span><\/p>\t\t\t\t\t\t\t\t<\/div>\n\t\t\t\t<\/div>\n\t\t<div class=\"elementor-element elementor-element-2cd6f7d e-con-full e-flex e-con e-child\" data-id=\"2cd6f7d\" data-element_type=\"container\" data-e-type=\"container\">\n\t\t\t\t<div class=\"elementor-element elementor-element-c1abfa7 elementor-widget elementor-widget-text-editor\" data-id=\"c1abfa7\" data-element_type=\"widget\" data-e-type=\"widget\" data-widget_type=\"text-editor.default\">\n\t\t\t\t\t\t\t\t\t<ul><li><span style=\"color: #ffffff; font-size: 14pt;\">Estabelecimento localizado em munic\u00edpio priorit\u00e1rio<\/span><\/li><li><span style=\"color: #ffffff; font-size: 14pt;\">Estabelecimento pertencente a empresa cuja receita bruta anual n\u00e3o ultrapasse o limite fixado para efeito de enquadramento no Simples Nacional<\/span><\/li><\/ul>\t\t\t\t\t\t\t\t<\/div>\n\t\t\t\t<\/div>\n\t\t\t\t<\/div>\n\t\t<div class=\"elementor-element elementor-element-2ae5fec e-con-full e-flex e-con e-child\" data-id=\"2ae5fec\" data-element_type=\"container\" data-e-type=\"container\">\n\t\t\t\t<div class=\"elementor-element elementor-element-c7c4583 elementor-widget__width-initial elementor-widget elementor-widget-text-editor\" data-id=\"c7c4583\" data-element_type=\"widget\" data-e-type=\"widget\" data-widget_type=\"text-editor.default\">\n\t\t\t\t\t\t\t\t\t<table style=\"width: 100%;\" border=\"1\" cellspacing=\"1\" cellpadding=\"1\"><tbody><tr><td style=\"text-align: center;\"><p><span style=\"color: #ffffff;\"><strong>DEMAIS ESTABELECIMENTOS<\/strong><\/span><\/p><table style=\"width: 100%;\" border=\"1\" cellspacing=\"1\" cellpadding=\"1\"><tbody><tr><td><span style=\"color: #ffffff;\"><strong>%CR\u00c9DITO OUTORGADO<\/strong><\/span><\/td><td><span style=\"color: #ffffff;\"><strong>TEMPO DE FRUI\u00c7\u00c3O<\/strong><\/span><\/td><\/tr><tr><td><span style=\"color: #ffffff;\"><strong>64%<\/strong><\/span><\/td><td><span style=\"color: #ffffff;\"><strong>At\u00e9 o 12\u00ba m\u00eas<\/strong><\/span><\/td><\/tr><tr><td><span style=\"color: #ffffff;\"><strong>65%<\/strong><\/span><\/td><td><span style=\"color: #ffffff;\"><strong>Do 13\u00ba ao 24\u00ba m\u00eas<\/strong><\/span><\/td><\/tr><tr><td><span style=\"color: #ffffff;\"><strong>66%<\/strong><\/span><\/td><td><span style=\"color: #ffffff;\"><strong>A partir do 25\u00ba m\u00eas<\/strong><\/span><\/td><\/tr><\/tbody><\/table><\/td><\/tr><\/tbody><\/table>\t\t\t\t\t\t\t\t<\/div>\n\t\t\t\t<\/div>\n\t\t\t\t<\/div>\n\t\t\t\t\t<\/div>\n\t\t\t\t<\/div>\n\t\t<div class=\"elementor-element elementor-element-67a504e e-flex e-con-boxed e-con e-parent\" data-id=\"67a504e\" data-element_type=\"container\" data-e-type=\"container\">\n\t\t\t\t\t<div class=\"e-con-inner\">\n\t\t<div class=\"elementor-element elementor-element-99f7ffe e-con-full e-flex e-con e-child\" data-id=\"99f7ffe\" data-element_type=\"container\" data-e-type=\"container\" data-settings=\"{&quot;background_background&quot;:&quot;classic&quot;}\">\n\t\t\t\t<div class=\"elementor-element elementor-element-4bbf265 elementor-widget elementor-widget-heading\" data-id=\"4bbf265\" data-element_type=\"widget\" data-e-type=\"widget\" data-widget_type=\"heading.default\">\n\t\t\t\t\t<h2 class=\"elementor-heading-title elementor-size-default\">CONTRIBUI\u00c7\u00c3O PARA O PROTEGE GOI\u00c1S <\/h2>\t\t\t\t<\/div>\n\t\t\t\t<\/div>\n\t\t<div class=\"elementor-element elementor-element-4096fb2 e-con-full e-flex e-con e-child\" data-id=\"4096fb2\" data-element_type=\"container\" data-e-type=\"container\" data-settings=\"{&quot;background_background&quot;:&quot;classic&quot;}\">\n\t\t<div class=\"elementor-element elementor-element-e335861 e-con-full e-flex e-con e-child\" data-id=\"e335861\" data-element_type=\"container\" data-e-type=\"container\">\n\t\t\t\t<div class=\"elementor-element elementor-element-d66cce8 elementor-widget__width-inherit elementor-widget elementor-widget-text-editor\" data-id=\"d66cce8\" data-element_type=\"widget\" data-e-type=\"widget\" data-widget_type=\"text-editor.default\">\n\t\t\t\t\t\t\t\t\t<table class=\" aligncenter\" style=\"width: 80.7124%;\"><tbody><tr><td style=\"width: 100%;\"><p><span style=\"color: #ffffff;\">NOVOS ESTABELECIMENTOS<\/span><\/p><table style=\"width: 100%;\"><tbody><tr><td style=\"width: 47.6923%;\"><span style=\"color: #ffffff;\">% PROTEGE<\/span><\/td><td style=\"width: 50%;\"><span style=\"color: #ffffff;\">TEMPO DE FRUI\u00c7\u00c3O<\/span><\/td><\/tr><tr><td style=\"width: 47.6923%;\"><span style=\"color: #ffffff;\">10%<\/span><\/td><td style=\"width: 50%;\"><span style=\"color: #ffffff;\"><strong>At\u00e9 o 12\u00ba m\u00eas<\/strong><\/span><\/td><\/tr><tr><td style=\"width: 47.6923%;\"><span style=\"color: #ffffff;\">8%<\/span><\/td><td style=\"width: 50%;\"><span style=\"color: #ffffff;\">Do 13\u00ba ao 24\u00ba m\u00eas<\/span><\/td><\/tr><tr><td style=\"width: 47.6923%;\"><span style=\"color: #ffffff;\">6%<\/span><\/td><td style=\"width: 50%;\"><span style=\"color: #ffffff;\">A partir do 25\u00ba m\u00eas<\/span><\/td><\/tr><tr><td style=\"width: 47.6923%;\"><span style=\"color: #ffffff;\">Sem contribui\u00e7\u00e3o<\/span><\/td><td style=\"width: 50%;\"><ul><li style=\"text-align: left;\"><span style=\"color: #ffffff;\">Estabelecimento localizado em\u00a0 munic\u00edpio priorit\u00e1rio<\/span><\/li><li style=\"text-align: left;\"><span style=\"color: #ffffff;\">Estabelecimento pertencente a empresa cuja receita bruta anual n\u00e3o ultrapasse o limite do Simples Nacional<\/span><\/li><\/ul><\/td><\/tr><\/tbody><\/table><\/td><\/tr><\/tbody><\/table>\t\t\t\t\t\t\t\t<\/div>\n\t\t\t\t<\/div>\n\t\t\t\t<\/div>\n\t\t\t\t\t<\/div>\n\t\t\t\t<\/div>\n\t\t<div class=\"elementor-element elementor-element-0b0fc4d e-flex e-con-boxed e-con e-parent\" data-id=\"0b0fc4d\" data-element_type=\"container\" data-e-type=\"container\">\n\t\t\t\t\t<div class=\"e-con-inner\">\n\t\t<div class=\"elementor-element elementor-element-814df88 e-con-full e-flex e-con e-child\" data-id=\"814df88\" data-element_type=\"container\" data-e-type=\"container\" data-settings=\"{&quot;background_background&quot;:&quot;classic&quot;}\">\n\t\t\t\t<div class=\"elementor-element elementor-element-5eb7363 elementor-widget elementor-widget-heading\" data-id=\"5eb7363\" data-element_type=\"widget\" data-e-type=\"widget\" data-widget_type=\"heading.default\">\n\t\t\t\t\t<h2 class=\"elementor-heading-title elementor-size-default\">Suspen\u00e7\u00e3o do Termo de Enquadramento no ProGoi\u00e1s<\/h2>\t\t\t\t<\/div>\n\t\t\t\t<\/div>\n\t\t<div class=\"elementor-element elementor-element-4518dfc e-con-full e-flex e-con e-child\" data-id=\"4518dfc\" data-element_type=\"container\" data-e-type=\"container\">\n\t\t\t\t<div class=\"elementor-element elementor-element-7f5881d elementor-widget elementor-widget-image\" data-id=\"7f5881d\" data-element_type=\"widget\" data-e-type=\"widget\" data-widget_type=\"image.default\">\n\t\t\t\t\t\t\t\t\t\t\t\t\t\t\t<img decoding=\"async\" src=\"https:\/\/goias.gov.br\/progoias\/wp-content\/uploads\/sites\/35\/2023\/11\/14-banner-suspensao-do-termo-de-enquadramento-no-porgois-1150x400-1.jpg\" title=\"\" alt=\"\" loading=\"lazy\" \/>\t\t\t\t\t\t\t\t\t\t\t\t\t\t\t<\/div>\n\t\t\t\t<\/div>\n\t\t\t\t\t<\/div>\n\t\t\t\t<\/div>\n\t\t<div class=\"elementor-element elementor-element-9b4e420 e-flex e-con-boxed e-con e-parent\" data-id=\"9b4e420\" data-element_type=\"container\" data-e-type=\"container\">\n\t\t\t\t\t<div class=\"e-con-inner\">\n\t\t<div class=\"elementor-element elementor-element-5ed2e9b e-con-full e-flex e-con e-child\" data-id=\"5ed2e9b\" data-element_type=\"container\" data-e-type=\"container\" data-settings=\"{&quot;background_background&quot;:&quot;classic&quot;}\">\n\t\t\t\t<div class=\"elementor-element elementor-element-96b6bbd elementor-widget elementor-widget-heading\" data-id=\"96b6bbd\" data-element_type=\"widget\" data-e-type=\"widget\" data-widget_type=\"heading.default\">\n\t\t\t\t\t<h2 class=\"elementor-heading-title elementor-size-default\">Revoga\u00e7\u00e3o do Termo de Enquadramento no ProGoi\u00e1s<\/h2>\t\t\t\t<\/div>\n\t\t\t\t<\/div>\n\t\t<div class=\"elementor-element elementor-element-99f95ad e-con-full e-flex e-con e-child\" data-id=\"99f95ad\" data-element_type=\"container\" data-e-type=\"container\">\n\t\t\t\t<div class=\"elementor-element elementor-element-3da716f elementor-widget elementor-widget-image\" data-id=\"3da716f\" data-element_type=\"widget\" data-e-type=\"widget\" data-widget_type=\"image.default\">\n\t\t\t\t\t\t\t\t\t\t\t\t\t\t\t<img decoding=\"async\" src=\"https:\/\/goias.gov.br\/progoias\/wp-content\/uploads\/sites\/35\/2023\/11\/15-banner-revogacao-do-termo-de-enquadramento-no-progoias-1150x695-1.jpg\" title=\"\" alt=\"\" loading=\"lazy\" \/>\t\t\t\t\t\t\t\t\t\t\t\t\t\t\t<\/div>\n\t\t\t\t<\/div>\n\t\t\t\t\t<\/div>\n\t\t\t\t<\/div>\n\t\t<div class=\"elementor-element elementor-element-1718582 e-flex e-con-boxed e-con e-parent\" data-id=\"1718582\" data-element_type=\"container\" data-e-type=\"container\">\n\t\t\t\t\t<div class=\"e-con-inner\">\n\t\t\t\t<div class=\"elementor-element elementor-element-d31909f elementor-widget elementor-widget-image\" data-id=\"d31909f\" data-element_type=\"widget\" data-e-type=\"widget\" data-widget_type=\"image.default\">\n\t\t\t\t\t\t\t\t\t\t\t\t\t\t\t\t<a href=\"\/progoias\/perguntas-frequentes\/\">\n\t\t\t\t\t\t\t<img decoding=\"async\" src=\"https:\/\/goias.gov.br\/progoias\/wp-content\/uploads\/sites\/35\/2023\/11\/perguntas2.png\" title=\"\" alt=\"\" loading=\"lazy\" \/>\t\t\t\t\t\t\t\t<\/a>\n\t\t\t\t\t\t\t\t\t\t\t\t\t\t\t<\/div>\n\t\t\t\t\t<\/div>\n\t\t\t\t<\/div>\n\t\t\t\t<\/div>\n\t\t","protected":false},"excerpt":{"rendered":"<p>AMPLIA\u00c7\u00c3O: investimento realizado em estabelecimento industrial que, at\u00e9 a data de protocoliza\u00e7\u00e3o do pedido de enquadramento, j\u00e1 esteja inscrito no Cadastro de Contribuintes do Estado &#8211; CCE e tenha realizado opera\u00e7\u00f5es com produtos de industrializa\u00e7\u00e3o pr\u00f3pria; Investimentos Cr\u00e9dito Outorgado ProGoi\u00e1s CR\u00c9DITO OUTORGADO de ICMS para o estabelecimento industrial enquadrado no PROGOI\u00c1S, aplic\u00e1vel sobre o valor [&hellip;]<\/p>\n","protected":false},"author":1,"featured_media":0,"parent":0,"menu_order":0,"comment_status":"closed","ping_status":"closed","template":"elementor_header_footer","meta":{"footnotes":""},"class_list":["post-200318","page","type-page","status-publish","hentry"],"rttpg_featured_image_url":null,"rttpg_author":{"display_name":"wagner.viana","author_link":"https:\/\/goias.gov.br\/progoias\/author\/wagner-viana\/"},"rttpg_comment":0,"rttpg_category":null,"rttpg_excerpt":"AMPLIA\u00c7\u00c3O: investimento realizado em estabelecimento industrial que, at\u00e9 a data de protocoliza\u00e7\u00e3o do pedido de enquadramento, j\u00e1 esteja inscrito no Cadastro de Contribuintes do Estado &#8211; CCE e tenha realizado opera\u00e7\u00f5es com produtos de industrializa\u00e7\u00e3o pr\u00f3pria; Investimentos Cr\u00e9dito Outorgado ProGoi\u00e1s CR\u00c9DITO OUTORGADO de ICMS para o estabelecimento industrial enquadrado no PROGOI\u00c1S, aplic\u00e1vel sobre o valor&hellip;","_links":{"self":[{"href":"https:\/\/goias.gov.br\/progoias\/wp-json\/wp\/v2\/pages\/200318","targetHints":{"allow":["GET"]}}],"collection":[{"href":"https:\/\/goias.gov.br\/progoias\/wp-json\/wp\/v2\/pages"}],"about":[{"href":"https:\/\/goias.gov.br\/progoias\/wp-json\/wp\/v2\/types\/page"}],"author":[{"embeddable":true,"href":"https:\/\/goias.gov.br\/progoias\/wp-json\/wp\/v2\/users\/1"}],"replies":[{"embeddable":true,"href":"https:\/\/goias.gov.br\/progoias\/wp-json\/wp\/v2\/comments?post=200318"}],"version-history":[{"count":2,"href":"https:\/\/goias.gov.br\/progoias\/wp-json\/wp\/v2\/pages\/200318\/revisions"}],"predecessor-version":[{"id":200438,"href":"https:\/\/goias.gov.br\/progoias\/wp-json\/wp\/v2\/pages\/200318\/revisions\/200438"}],"wp:attachment":[{"href":"https:\/\/goias.gov.br\/progoias\/wp-json\/wp\/v2\/media?parent=200318"}],"curies":[{"name":"wp","href":"https:\/\/api.w.org\/{rel}","templated":true}]}}