
{"id":200316,"date":"2023-11-23T14:54:11","date_gmt":"2023-11-23T17:54:11","guid":{"rendered":"https:\/\/siteshom.goias.gov.br\/progoias\/?page_id=200316"},"modified":"2026-03-10T09:00:49","modified_gmt":"2026-03-10T12:00:49","slug":"implantacao","status":"publish","type":"page","link":"https:\/\/goias.gov.br\/progoias\/implantacao\/","title":{"rendered":"Implanta\u00e7\u00e3o"},"content":{"rendered":"\t\t<div data-elementor-type=\"wp-page\" data-elementor-id=\"200316\" class=\"elementor elementor-200316\">\n\t\t\t\t<div class=\"elementor-element elementor-element-7c44f7a e-flex e-con-boxed e-con e-parent\" data-id=\"7c44f7a\" data-element_type=\"container\" data-e-type=\"container\">\n\t\t\t\t\t<div class=\"e-con-inner\">\n\t\t\t\t<div class=\"elementor-element elementor-element-d80b5f9 elementor-widget elementor-widget-image\" data-id=\"d80b5f9\" data-element_type=\"widget\" data-e-type=\"widget\" data-widget_type=\"image.default\">\n\t\t\t\t\t\t\t\t\t\t\t\t\t\t\t<img decoding=\"async\" src=\"https:\/\/goias.gov.br\/progoias\/wp-content\/uploads\/sites\/35\/2023\/11\/09-banner-implantao-1150x400-1.jpg\" title=\"\" alt=\"\" loading=\"lazy\" \/>\t\t\t\t\t\t\t\t\t\t\t\t\t\t\t<\/div>\n\t\t\t\t<div class=\"elementor-element elementor-element-5ada8be elementor-widget elementor-widget-text-editor\" data-id=\"5ada8be\" data-element_type=\"widget\" data-e-type=\"widget\" data-widget_type=\"text-editor.default\">\n\t\t\t\t\t\t\t\t\t<p><strong>IMPLANTA\u00c7\u00c3O: investimento a ser realizado em estabelecimento que, at\u00e9 a data de protocoliza\u00e7\u00e3o do pedido de enquadramento, n\u00e3o tenha realizado opera\u00e7\u00f5es com produtos de industrializa\u00e7\u00e3o pr\u00f3pria; IR.<\/strong><\/p>\t\t\t\t\t\t\t\t<\/div>\n\t\t\t\t\t<\/div>\n\t\t\t\t<\/div>\n\t\t<div class=\"elementor-element elementor-element-b10a42d e-flex e-con-boxed e-con e-parent\" data-id=\"b10a42d\" data-element_type=\"container\" data-e-type=\"container\">\n\t\t\t\t\t<div class=\"e-con-inner\">\n\t\t<div class=\"elementor-element elementor-element-e8809b5 e-con-full e-flex e-con e-child\" data-id=\"e8809b5\" data-element_type=\"container\" data-e-type=\"container\" data-settings=\"{&quot;background_background&quot;:&quot;classic&quot;}\">\n\t\t\t\t<div class=\"elementor-element elementor-element-08e1cc5 elementor-widget elementor-widget-heading\" data-id=\"08e1cc5\" data-element_type=\"widget\" data-e-type=\"widget\" data-widget_type=\"heading.default\">\n\t\t\t\t\t<h2 class=\"elementor-heading-title elementor-size-default\">Investimentos<\/h2>\t\t\t\t<\/div>\n\t\t\t\t<\/div>\n\t\t<div class=\"elementor-element elementor-element-7354395 e-con-full e-flex e-con e-child\" data-id=\"7354395\" data-element_type=\"container\" data-e-type=\"container\" data-settings=\"{&quot;background_background&quot;:&quot;classic&quot;}\">\n\t\t\t\t<div class=\"elementor-element elementor-element-0a04bf3 elementor-widget elementor-widget-image\" data-id=\"0a04bf3\" data-element_type=\"widget\" data-e-type=\"widget\" data-widget_type=\"image.default\">\n\t\t\t\t\t\t\t\t\t\t\t\t\t\t\t<img decoding=\"async\" src=\"https:\/\/goias.gov.br\/progoias\/wp-content\/uploads\/sites\/35\/2023\/11\/13-banner-investimentos-2-implantao-1150x400-1.jpg\" title=\"\" alt=\"\" loading=\"lazy\" \/>\t\t\t\t\t\t\t\t\t\t\t\t\t\t\t<\/div>\n\t\t\t\t<\/div>\n\t\t\t\t\t<\/div>\n\t\t\t\t<\/div>\n\t\t<div class=\"elementor-element elementor-element-9889745 e-flex e-con-boxed e-con e-parent\" data-id=\"9889745\" data-element_type=\"container\" data-e-type=\"container\">\n\t\t\t\t\t<div class=\"e-con-inner\">\n\t\t<div class=\"elementor-element elementor-element-5ac4eb7 e-con-full e-flex e-con e-child\" data-id=\"5ac4eb7\" data-element_type=\"container\" data-e-type=\"container\" data-settings=\"{&quot;background_background&quot;:&quot;classic&quot;}\">\n\t\t\t\t<div class=\"elementor-element elementor-element-569d50e elementor-widget elementor-widget-heading\" data-id=\"569d50e\" data-element_type=\"widget\" data-e-type=\"widget\" data-widget_type=\"heading.default\">\n\t\t\t\t\t<h2 class=\"elementor-heading-title elementor-size-default\">Cr\u00e9dito Outorgado ProGoi\u00e1s<\/h2>\t\t\t\t<\/div>\n\t\t\t\t<\/div>\n\t\t<div class=\"elementor-element elementor-element-c47df38 e-con-full e-flex e-con e-child\" data-id=\"c47df38\" data-element_type=\"container\" data-e-type=\"container\" data-settings=\"{&quot;background_background&quot;:&quot;classic&quot;}\">\n\t\t\t\t<div class=\"elementor-element elementor-element-f69364e elementor-widget elementor-widget-text-editor\" data-id=\"f69364e\" data-element_type=\"widget\" data-e-type=\"widget\" data-widget_type=\"text-editor.default\">\n\t\t\t\t\t\t\t\t\t<p style=\"text-align: center;\"><strong><span style=\"color: #ffffff;\">CR\u00c9DITO OUTORGADO de ICMS para o estabelecimento industrial enquadrado no PROGOI\u00c1S, aplic\u00e1vel sobre o valor positivo resultante do confronto entre os d\u00e9bitos e os cr\u00e9ditos do imposto, relacionados \u00e0s opera\u00e7\u00f5es com produtos de industrializa\u00e7\u00e3o pr\u00f3pria incentivadas pelo ProGoi\u00e1s<\/span><\/strong><\/p>\t\t\t\t\t\t\t\t<\/div>\n\t\t\t\t<div class=\"elementor-element elementor-element-0a75cc4 elementor-widget elementor-widget-heading\" data-id=\"0a75cc4\" data-element_type=\"widget\" data-e-type=\"widget\" data-widget_type=\"heading.default\">\n\t\t\t\t\t<h2 class=\"elementor-heading-title elementor-size-default\">NOVOS ESTABELECIMENTOS<\/h2>\t\t\t\t<\/div>\n\t\t<div class=\"elementor-element elementor-element-8e745af e-con-full e-flex e-con e-child\" data-id=\"8e745af\" data-element_type=\"container\" data-e-type=\"container\">\n\t\t<div class=\"elementor-element elementor-element-a124765 e-con-full e-flex e-con e-child\" data-id=\"a124765\" data-element_type=\"container\" data-e-type=\"container\">\n\t\t\t\t<div class=\"elementor-element elementor-element-60d68de elementor-widget elementor-widget-text-editor\" data-id=\"60d68de\" data-element_type=\"widget\" data-e-type=\"widget\" data-widget_type=\"text-editor.default\">\n\t\t\t\t\t\t\t\t\t<p style=\"text-align: center;\"><span style=\"color: #ffffff;\"><strong>67%<br \/>de Cr\u00e9dito<br \/>Outorgado<\/strong><\/span><\/p>\t\t\t\t\t\t\t\t<\/div>\n\t\t\t\t<\/div>\n\t\t<div class=\"elementor-element elementor-element-9a7ed7d e-con-full e-flex e-con e-child\" data-id=\"9a7ed7d\" data-element_type=\"container\" data-e-type=\"container\">\n\t\t\t\t<div class=\"elementor-element elementor-element-1b157ac elementor-widget elementor-widget-text-editor\" data-id=\"1b157ac\" data-element_type=\"widget\" data-e-type=\"widget\" data-widget_type=\"text-editor.default\">\n\t\t\t\t\t\t\t\t\t<ul><li><span style=\"color: #ffffff;\">Estabelecimento localizado em munic\u00edpio priorit\u00e1rio<\/span><\/li><li><span style=\"color: #ffffff;\">Estabelecimento pertencente a empresa cuja receita bruta anual n\u00e3o ultrapasse o limite fixado para efeito de enquadramento no Simples Nacional<\/span><\/li><\/ul>\t\t\t\t\t\t\t\t<\/div>\n\t\t\t\t<\/div>\n\t\t\t\t<\/div>\n\t\t<div class=\"elementor-element elementor-element-8da4642 e-con-full e-flex e-con e-child\" data-id=\"8da4642\" data-element_type=\"container\" data-e-type=\"container\">\n\t\t\t\t<div class=\"elementor-element elementor-element-890c902 elementor-widget elementor-widget-text-editor\" data-id=\"890c902\" data-element_type=\"widget\" data-e-type=\"widget\" data-widget_type=\"text-editor.default\">\n\t\t\t\t\t\t\t\t\t<table style=\"width: 100%;\" border=\"1\" cellspacing=\"1\" cellpadding=\"1\"><tbody><tr><td style=\"text-align: center;\"><p><span style=\"color: #ffffff;\"><strong>DEMAIS ESTABELECIMENTOS<\/strong><\/span><\/p><table style=\"width: 100%;\" border=\"1\" cellspacing=\"1\" cellpadding=\"1\"><tbody><tr><td><span style=\"color: #ffffff;\"><strong>%CR\u00c9DITO OUTORGADO<\/strong><\/span><\/td><td><span style=\"color: #ffffff;\"><strong>TEMPO DE FRUI\u00c7\u00c3O<\/strong><\/span><\/td><\/tr><tr><td><span style=\"color: #ffffff;\"><strong>64%<\/strong><\/span><\/td><td><span style=\"color: #ffffff;\"><strong>At\u00e9 o 12\u00ba m\u00eas<\/strong><\/span><\/td><\/tr><tr><td><span style=\"color: #ffffff;\"><strong>65%<\/strong><\/span><\/td><td><span style=\"color: #ffffff;\"><strong>Do 13\u00ba ao 24\u00ba m\u00eas<\/strong><\/span><\/td><\/tr><tr><td><span style=\"color: #ffffff;\"><strong>66%<\/strong><\/span><\/td><td><span style=\"color: #ffffff;\"><strong>A partir do 25\u00ba m\u00eas<\/strong><\/span><\/td><\/tr><\/tbody><\/table><\/td><\/tr><\/tbody><\/table>\t\t\t\t\t\t\t\t<\/div>\n\t\t\t\t<\/div>\n\t\t\t\t<\/div>\n\t\t\t\t\t<\/div>\n\t\t\t\t<\/div>\n\t\t<div class=\"elementor-element elementor-element-5bad2c4 e-flex e-con-boxed e-con e-parent\" data-id=\"5bad2c4\" data-element_type=\"container\" data-e-type=\"container\">\n\t\t\t\t\t<div class=\"e-con-inner\">\n\t\t<div class=\"elementor-element elementor-element-a1c8f67 e-con-full e-flex e-con e-child\" data-id=\"a1c8f67\" data-element_type=\"container\" data-e-type=\"container\" data-settings=\"{&quot;background_background&quot;:&quot;classic&quot;}\">\n\t\t\t\t<div class=\"elementor-element elementor-element-872e077 elementor-widget elementor-widget-heading\" data-id=\"872e077\" data-element_type=\"widget\" data-e-type=\"widget\" data-widget_type=\"heading.default\">\n\t\t\t\t\t<h2 class=\"elementor-heading-title elementor-size-default\">CONTRIBUI\u00c7\u00c3O PARA O PROTEGE GOI\u00c1S \n<\/h2>\t\t\t\t<\/div>\n\t\t\t\t<\/div>\n\t\t<div class=\"elementor-element elementor-element-20920d7 e-con-full e-flex e-con e-child\" data-id=\"20920d7\" data-element_type=\"container\" data-e-type=\"container\" data-settings=\"{&quot;background_background&quot;:&quot;classic&quot;}\">\n\t\t<div class=\"elementor-element elementor-element-74edfbc e-con-full e-flex e-con e-child\" data-id=\"74edfbc\" data-element_type=\"container\" data-e-type=\"container\">\n\t\t\t\t<div class=\"elementor-element elementor-element-08057aa elementor-widget elementor-widget-text-editor\" data-id=\"08057aa\" data-element_type=\"widget\" data-e-type=\"widget\" data-widget_type=\"text-editor.default\">\n\t\t\t\t\t\t\t\t\t<table><tbody><tr><td><p><span style=\"color: #ffffff;\">NOVOS ESTABELECIMENTOS<\/span><\/p><table style=\"width: 100%;\"><tbody><tr><td style=\"width: 47.7273%;\"><span style=\"color: #ffffff;\">% PROTEGE<\/span><\/td><td style=\"width: 50%;\"><span style=\"color: #ffffff;\">TEMPO DE FRUI\u00c7\u00c3O<\/span><\/td><\/tr><tr><td style=\"width: 47.7273%;\"><span style=\"color: #ffffff;\">10%<\/span><\/td><td style=\"width: 50%;\"><span style=\"color: #ffffff;\"><strong>At\u00e9 o 12\u00ba m\u00eas<\/strong><\/span><\/td><\/tr><tr><td style=\"width: 47.7273%;\"><span style=\"color: #ffffff;\">8%<\/span><\/td><td style=\"width: 50%;\"><span style=\"color: #ffffff;\">Do 13\u00ba ao 24\u00ba m\u00eas<\/span><\/td><\/tr><tr><td style=\"width: 47.7273%;\"><span style=\"color: #ffffff;\">6%<\/span><\/td><td style=\"width: 50%;\"><span style=\"color: #ffffff;\">A partir do 25\u00ba m\u00eas<\/span><\/td><\/tr><tr><td style=\"width: 47.7273%;\"><span style=\"color: #ffffff;\">Sem contribui\u00e7\u00e3o<\/span><\/td><td style=\"width: 50%;\"><ul><li style=\"text-align: left;\"><span style=\"color: #ffffff;\">Estabelecimento localizado em\u00a0 munic\u00edpio priorit\u00e1rio<\/span><\/li><li style=\"text-align: left;\"><span style=\"color: #ffffff;\">Estabelecimento pertencente a empresa cuja receita bruta anual n\u00e3o ultrapasse o limite do Simples Nacional<\/span><\/li><\/ul><\/td><\/tr><\/tbody><\/table><\/td><\/tr><\/tbody><\/table>\t\t\t\t\t\t\t\t<\/div>\n\t\t\t\t<\/div>\n\t\t\t\t<\/div>\n\t\t\t\t\t<\/div>\n\t\t\t\t<\/div>\n\t\t<div class=\"elementor-element elementor-element-4bc1c51 e-flex e-con-boxed e-con e-parent\" data-id=\"4bc1c51\" data-element_type=\"container\" data-e-type=\"container\">\n\t\t\t\t\t<div class=\"e-con-inner\">\n\t\t<div class=\"elementor-element elementor-element-97ef837 e-con-full e-flex e-con e-child\" data-id=\"97ef837\" data-element_type=\"container\" data-e-type=\"container\" data-settings=\"{&quot;background_background&quot;:&quot;classic&quot;}\">\n\t\t\t\t<div class=\"elementor-element elementor-element-5e49567 elementor-widget elementor-widget-heading\" data-id=\"5e49567\" data-element_type=\"widget\" data-e-type=\"widget\" data-widget_type=\"heading.default\">\n\t\t\t\t\t<h2 class=\"elementor-heading-title elementor-size-default\">Suspen\u00e7\u00e3o do Termo de Enquadramento no ProGoi\u00e1s<\/h2>\t\t\t\t<\/div>\n\t\t\t\t<\/div>\n\t\t\t\t<div class=\"elementor-element elementor-element-63eb804 elementor-widget__width-inherit elementor-widget elementor-widget-image\" data-id=\"63eb804\" data-element_type=\"widget\" data-e-type=\"widget\" data-widget_type=\"image.default\">\n\t\t\t\t\t\t\t\t\t\t\t\t\t\t\t<img decoding=\"async\" src=\"https:\/\/goias.gov.br\/progoias\/wp-content\/uploads\/sites\/35\/2023\/11\/14-banner-suspensao-do-termo-de-enquadramento-no-porgois-1150x400-1.jpg\" title=\"\" alt=\"\" loading=\"lazy\" \/>\t\t\t\t\t\t\t\t\t\t\t\t\t\t\t<\/div>\n\t\t\t\t\t<\/div>\n\t\t\t\t<\/div>\n\t\t<div class=\"elementor-element elementor-element-70eb2a7 e-flex e-con-boxed e-con e-parent\" data-id=\"70eb2a7\" data-element_type=\"container\" data-e-type=\"container\">\n\t\t\t\t\t<div class=\"e-con-inner\">\n\t\t<div class=\"elementor-element elementor-element-b27ce29 e-con-full e-flex e-con e-child\" data-id=\"b27ce29\" data-element_type=\"container\" data-e-type=\"container\" data-settings=\"{&quot;background_background&quot;:&quot;classic&quot;}\">\n\t\t\t\t<div class=\"elementor-element elementor-element-7829484 elementor-widget elementor-widget-heading\" data-id=\"7829484\" data-element_type=\"widget\" data-e-type=\"widget\" data-widget_type=\"heading.default\">\n\t\t\t\t\t<h2 class=\"elementor-heading-title elementor-size-default\">Revoga\u00e7\u00e3o do Termo de Enquadramento no ProGoi\u00e1s<\/h2>\t\t\t\t<\/div>\n\t\t\t\t<\/div>\n\t\t\t\t<div class=\"elementor-element elementor-element-e7e49e3 elementor-widget__width-inherit elementor-widget elementor-widget-image\" data-id=\"e7e49e3\" data-element_type=\"widget\" data-e-type=\"widget\" data-widget_type=\"image.default\">\n\t\t\t\t\t\t\t\t\t\t\t\t\t\t\t<img decoding=\"async\" src=\"https:\/\/goias.gov.br\/progoias\/wp-content\/uploads\/sites\/35\/2023\/11\/15-banner-revogacao-do-termo-de-enquadramento-no-progoias-1150x695-1.jpg\" title=\"\" alt=\"\" loading=\"lazy\" \/>\t\t\t\t\t\t\t\t\t\t\t\t\t\t\t<\/div>\n\t\t\t\t\t<\/div>\n\t\t\t\t<\/div>\n\t\t<div class=\"elementor-element elementor-element-4e4d3fe e-flex e-con-boxed e-con e-parent\" data-id=\"4e4d3fe\" data-element_type=\"container\" data-e-type=\"container\">\n\t\t\t\t\t<div class=\"e-con-inner\">\n\t\t\t\t<div class=\"elementor-element elementor-element-af24a62 elementor-widget__width-inherit elementor-widget elementor-widget-image\" data-id=\"af24a62\" data-element_type=\"widget\" data-e-type=\"widget\" data-widget_type=\"image.default\">\n\t\t\t\t\t\t\t\t\t\t\t\t\t\t\t\t<a href=\"\/progoias\/perguntas-frequentes\/\">\n\t\t\t\t\t\t\t<img decoding=\"async\" src=\"https:\/\/goias.gov.br\/progoias\/wp-content\/uploads\/sites\/35\/2023\/11\/perguntas2.png\" title=\"\" alt=\"\" loading=\"lazy\" \/>\t\t\t\t\t\t\t\t<\/a>\n\t\t\t\t\t\t\t\t\t\t\t\t\t\t\t<\/div>\n\t\t\t\t\t<\/div>\n\t\t\t\t<\/div>\n\t\t\t\t<\/div>\n\t\t","protected":false},"excerpt":{"rendered":"<p>IMPLANTA\u00c7\u00c3O: investimento a ser realizado em estabelecimento que, at\u00e9 a data de protocoliza\u00e7\u00e3o do pedido de enquadramento, n\u00e3o tenha realizado opera\u00e7\u00f5es com produtos de industrializa\u00e7\u00e3o pr\u00f3pria; IR. Investimentos Cr\u00e9dito Outorgado ProGoi\u00e1s CR\u00c9DITO OUTORGADO de ICMS para o estabelecimento industrial enquadrado no PROGOI\u00c1S, aplic\u00e1vel sobre o valor positivo resultante do confronto entre os d\u00e9bitos e os [&hellip;]<\/p>\n","protected":false},"author":1,"featured_media":0,"parent":0,"menu_order":0,"comment_status":"closed","ping_status":"closed","template":"elementor_header_footer","meta":{"footnotes":""},"class_list":["post-200316","page","type-page","status-publish","hentry"],"rttpg_featured_image_url":null,"rttpg_author":{"display_name":"wagner.viana","author_link":"https:\/\/goias.gov.br\/progoias\/author\/wagner-viana\/"},"rttpg_comment":0,"rttpg_category":null,"rttpg_excerpt":"IMPLANTA\u00c7\u00c3O: investimento a ser realizado em estabelecimento que, at\u00e9 a data de protocoliza\u00e7\u00e3o do pedido de enquadramento, n\u00e3o tenha realizado opera\u00e7\u00f5es com produtos de industrializa\u00e7\u00e3o pr\u00f3pria; IR. Investimentos Cr\u00e9dito Outorgado ProGoi\u00e1s CR\u00c9DITO OUTORGADO de ICMS para o estabelecimento industrial enquadrado no PROGOI\u00c1S, aplic\u00e1vel sobre o valor positivo resultante do confronto entre os d\u00e9bitos e os&hellip;","_links":{"self":[{"href":"https:\/\/goias.gov.br\/progoias\/wp-json\/wp\/v2\/pages\/200316","targetHints":{"allow":["GET"]}}],"collection":[{"href":"https:\/\/goias.gov.br\/progoias\/wp-json\/wp\/v2\/pages"}],"about":[{"href":"https:\/\/goias.gov.br\/progoias\/wp-json\/wp\/v2\/types\/page"}],"author":[{"embeddable":true,"href":"https:\/\/goias.gov.br\/progoias\/wp-json\/wp\/v2\/users\/1"}],"replies":[{"embeddable":true,"href":"https:\/\/goias.gov.br\/progoias\/wp-json\/wp\/v2\/comments?post=200316"}],"version-history":[{"count":2,"href":"https:\/\/goias.gov.br\/progoias\/wp-json\/wp\/v2\/pages\/200316\/revisions"}],"predecessor-version":[{"id":200457,"href":"https:\/\/goias.gov.br\/progoias\/wp-json\/wp\/v2\/pages\/200316\/revisions\/200457"}],"wp:attachment":[{"href":"https:\/\/goias.gov.br\/progoias\/wp-json\/wp\/v2\/media?parent=200316"}],"curies":[{"name":"wp","href":"https:\/\/api.w.org\/{rel}","templated":true}]}}