

{"id":8723,"date":"2023-12-18T11:10:44","date_gmt":"2023-12-18T14:10:44","guid":{"rendered":"https:\/\/siteshom.goias.gov.br\/procuradoria\/?page_id=8723"},"modified":"2026-02-02T15:25:07","modified_gmt":"2026-02-02T18:25:07","slug":"orientacoes","status":"publish","type":"page","link":"https:\/\/goias.gov.br\/procuradoria\/orientacoes\/","title":{"rendered":"Orienta\u00e7\u00f5es"},"content":{"rendered":"\t\t<div data-elementor-type=\"wp-page\" data-elementor-id=\"8723\" class=\"elementor elementor-8723\">\n\t\t\t\t<div class=\"elementor-element elementor-element-19b3f0e e-flex e-con-boxed e-con e-parent\" data-id=\"19b3f0e\" data-element_type=\"container\" data-e-type=\"container\">\n\t\t\t\t\t<div class=\"e-con-inner\">\n\t\t\t\t<div class=\"elementor-element elementor-element-53959f1 elementor-widget elementor-widget-heading\" data-id=\"53959f1\" data-element_type=\"widget\" data-e-type=\"widget\" data-widget_type=\"heading.default\">\n\t\t\t\t\t<h4 class=\"elementor-heading-title elementor-size-default\">Orienta\u00e7\u00f5es<\/h4>\t\t\t\t<\/div>\n\t\t\t\t<div class=\"elementor-element elementor-element-0782b02 elementor-widget elementor-widget-text-editor\" data-id=\"0782b02\" data-element_type=\"widget\" data-e-type=\"widget\" data-widget_type=\"text-editor.default\">\n\t\t\t\t\t\t\t\t\t<p>A PGE faz a consultoria e o assessoramento t\u00e9cnico-jur\u00eddico de \u00f3rg\u00e3os e entidades do Estado de Goi\u00e1s em diversas \u00e1reas.<\/p><p>Conhe\u00e7a as principais orienta\u00e7\u00f5es da Procuradoria.<\/p>\t\t\t\t\t\t\t\t<\/div>\n\t\t\t\t\t<\/div>\n\t\t\t\t<\/div>\n\t\t<div class=\"elementor-element elementor-element-114daa7 e-flex e-con-boxed e-con e-parent\" data-id=\"114daa7\" data-element_type=\"container\" data-e-type=\"container\">\n\t\t\t\t\t<div class=\"e-con-inner\">\n\t\t<div class=\"elementor-element elementor-element-d720da3 e-con-full e-flex e-con e-child\" data-id=\"d720da3\" data-element_type=\"container\" data-e-type=\"container\">\n\t\t\t\t<div class=\"elementor-element elementor-element-df2b017 elementor-widget elementor-widget-heading\" data-id=\"df2b017\" data-element_type=\"widget\" data-e-type=\"widget\" data-widget_type=\"heading.default\">\n\t\t\t\t\t<h4 class=\"elementor-heading-title elementor-size-default\">Despachos<\/h4>\t\t\t\t<\/div>\n\t\t\t\t<div class=\"elementor-element elementor-element-390921a elementor-widget elementor-widget-text-editor\" data-id=\"390921a\" data-element_type=\"widget\" data-e-type=\"widget\" data-widget_type=\"text-editor.default\">\n\t\t\t\t\t\t\t\t\t<p>Nos despachos, a PGE responde a consultas jur\u00eddicas espec\u00edficas de \u00f3rg\u00e3os e entidades da administra\u00e7\u00e3o p\u00fablica estadual.<\/p>\t\t\t\t\t\t\t\t<\/div>\n\t\t\t\t<div class=\"elementor-element elementor-element-a8deb2a elementor-align-justify elementor-widget elementor-widget-button\" data-id=\"a8deb2a\" data-element_type=\"widget\" data-e-type=\"widget\" data-widget_type=\"button.default\">\n\t\t\t\t\t\t\t\t\t\t<a class=\"elementor-button elementor-button-link elementor-size-sm\" href=\"\/procuradoria\/despacho\/\" target=\"_blank\">\n\t\t\t\t\t\t<span class=\"elementor-button-content-wrapper\">\n\t\t\t\t\t\t\t\t\t<span class=\"elementor-button-text\">Acesse os Despachos da PGE<\/span>\n\t\t\t\t\t<\/span>\n\t\t\t\t\t<\/a>\n\t\t\t\t\t\t\t\t<\/div>\n\t\t\t\t<\/div>\n\t\t<div class=\"elementor-element elementor-element-7e116f6 e-con-full e-flex e-con e-child\" data-id=\"7e116f6\" data-element_type=\"container\" data-e-type=\"container\">\n\t\t\t\t<div class=\"elementor-element elementor-element-dbf17fe elementor-widget elementor-widget-heading\" data-id=\"dbf17fe\" data-element_type=\"widget\" data-e-type=\"widget\" data-widget_type=\"heading.default\">\n\t\t\t\t\t<h4 class=\"elementor-heading-title elementor-size-default\">Notas T\u00e9cnicas<\/h4>\t\t\t\t<\/div>\n\t\t\t\t<div class=\"elementor-element elementor-element-bb5d7db elementor-widget elementor-widget-text-editor\" data-id=\"bb5d7db\" data-element_type=\"widget\" data-e-type=\"widget\" data-widget_type=\"text-editor.default\">\n\t\t\t\t\t\t\t\t\t<p>O Gabinete da PGE disponibiliza, de of\u00edcio, notas t\u00e9cnicas de interesse geral para a administra\u00e7\u00e3o, antevendo e solucionando d\u00favidas recorrentes em processos administrativos.<\/p>\t\t\t\t\t\t\t\t<\/div>\n\t\t\t\t<div class=\"elementor-element elementor-element-e750b4e elementor-align-justify elementor-widget elementor-widget-button\" data-id=\"e750b4e\" data-element_type=\"widget\" data-e-type=\"widget\" data-widget_type=\"button.default\">\n\t\t\t\t\t\t\t\t\t\t<a class=\"elementor-button elementor-button-link elementor-size-sm\" href=\"\/procuradoria\/notas-tecnicas\/\" target=\"_blank\">\n\t\t\t\t\t\t<span class=\"elementor-button-content-wrapper\">\n\t\t\t\t\t\t\t\t\t<span class=\"elementor-button-text\">Acesse as Notas T\u00e9cnicas da PGE<\/span>\n\t\t\t\t\t<\/span>\n\t\t\t\t\t<\/a>\n\t\t\t\t\t\t\t\t<\/div>\n\t\t\t\t<\/div>\n\t\t\t\t\t<\/div>\n\t\t\t\t<\/div>\n\t\t<div class=\"elementor-element elementor-element-5160ae3 e-flex e-con-boxed e-con e-parent\" data-id=\"5160ae3\" data-element_type=\"container\" data-e-type=\"container\">\n\t\t\t\t\t<div class=\"e-con-inner\">\n\t\t<div class=\"elementor-element elementor-element-ccde95c e-con-full e-flex e-con e-child\" data-id=\"ccde95c\" data-element_type=\"container\" data-e-type=\"container\">\n\t\t\t\t<div class=\"elementor-element elementor-element-ab68386 elementor-widget elementor-widget-heading\" data-id=\"ab68386\" data-element_type=\"widget\" data-e-type=\"widget\" data-widget_type=\"heading.default\">\n\t\t\t\t\t<h4 class=\"elementor-heading-title elementor-size-default\">Verbetes<\/h4>\t\t\t\t<\/div>\n\t\t\t\t<div class=\"elementor-element elementor-element-c31aeb9 elementor-widget elementor-widget-text-editor\" data-id=\"c31aeb9\" data-element_type=\"widget\" data-e-type=\"widget\" data-widget_type=\"text-editor.default\">\n\t\t\t\t\t\t\t\t\t<p><strong>Verbetes de Orienta\u00e7\u00e3o Jur\u00eddica<\/strong><\/p>\t\t\t\t\t\t\t\t<\/div>\n\t\t\t\t<div class=\"elementor-element elementor-element-6dec4a5 elementor-align-justify elementor-widget elementor-widget-button\" data-id=\"6dec4a5\" data-element_type=\"widget\" data-e-type=\"widget\" data-widget_type=\"button.default\">\n\t\t\t\t\t\t\t\t\t\t<a class=\"elementor-button elementor-button-link elementor-size-sm\" href=\"\/procuradoria\/verbetes\/%20%20\">\n\t\t\t\t\t\t<span class=\"elementor-button-content-wrapper\">\n\t\t\t\t\t\t\t\t\t<span class=\"elementor-button-text\">Acesse a P\u00e1gina de Verbetes<\/span>\n\t\t\t\t\t<\/span>\n\t\t\t\t\t<\/a>\n\t\t\t\t\t\t\t\t<\/div>\n\t\t\t\t<\/div>\n\t\t<div class=\"elementor-element elementor-element-e9f0c05 e-con-full e-flex e-con e-child\" data-id=\"e9f0c05\" data-element_type=\"container\" data-e-type=\"container\">\n\t\t\t\t<div class=\"elementor-element elementor-element-4c47db5 elementor-widget elementor-widget-heading\" data-id=\"4c47db5\" data-element_type=\"widget\" data-e-type=\"widget\" data-widget_type=\"heading.default\">\n\t\t\t\t\t<h4 class=\"elementor-heading-title elementor-size-default\">S\u00famulas Administrativas<\/h4>\t\t\t\t<\/div>\n\t\t\t\t<div class=\"elementor-element elementor-element-c87cfa4 elementor-widget elementor-widget-text-editor\" data-id=\"c87cfa4\" data-element_type=\"widget\" data-e-type=\"widget\" data-widget_type=\"text-editor.default\">\n\t\t\t\t\t\t\t\t\t<p>As s\u00famulas s\u00e3o aprovadas pelo Conselho de Procuradores para uniformizar a jurisprud\u00eancia administrativa no Estado e, se tamb\u00e9m aprovadas por decreto do Governador do Estado, possuem efeito vinculante para toda a administra\u00e7\u00e3o direta, aut\u00e1rquica e fundacional.<\/p>\t\t\t\t\t\t\t\t<\/div>\n\t\t\t\t<div class=\"elementor-element elementor-element-77d3382 elementor-align-justify elementor-widget elementor-widget-button\" data-id=\"77d3382\" data-element_type=\"widget\" data-e-type=\"widget\" data-widget_type=\"button.default\">\n\t\t\t\t\t\t\t\t\t\t<a class=\"elementor-button elementor-button-link elementor-size-sm\" href=\"\/procuradoria\/sumulas-administrativas\/\">\n\t\t\t\t\t\t<span class=\"elementor-button-content-wrapper\">\n\t\t\t\t\t\t\t\t\t<span class=\"elementor-button-text\">Acesse as S\u00famulas Administrativas<\/span>\n\t\t\t\t\t<\/span>\n\t\t\t\t\t<\/a>\n\t\t\t\t\t\t\t\t<\/div>\n\t\t\t\t<\/div>\n\t\t\t\t\t<\/div>\n\t\t\t\t<\/div>\n\t\t\t\t<\/div>\n\t\t","protected":false},"excerpt":{"rendered":"<p>Orienta\u00e7\u00f5es A PGE faz a consultoria e o assessoramento t\u00e9cnico-jur\u00eddico de \u00f3rg\u00e3os e entidades do Estado de Goi\u00e1s em diversas \u00e1reas. Conhe\u00e7a as principais orienta\u00e7\u00f5es da Procuradoria. Despachos Nos despachos, a PGE responde a consultas jur\u00eddicas espec\u00edficas de \u00f3rg\u00e3os e entidades da administra\u00e7\u00e3o p\u00fablica estadual. Acesse os Despachos da PGE Notas T\u00e9cnicas O Gabinete da [&hellip;]<\/p>\n","protected":false},"author":7,"featured_media":0,"parent":0,"menu_order":0,"comment_status":"closed","ping_status":"closed","template":"wppb_theme_template","meta":{"footnotes":""},"class_list":["post-8723","page","type-page","status-publish","hentry"],"rttpg_featured_image_url":null,"rttpg_author":{"display_name":"gustavogoncalves","author_link":"https:\/\/goias.gov.br\/procuradoria\/author\/gustavogoncalves\/"},"rttpg_comment":0,"rttpg_category":null,"rttpg_excerpt":"Orienta\u00e7\u00f5es A PGE faz a consultoria e o assessoramento t\u00e9cnico-jur\u00eddico de \u00f3rg\u00e3os e entidades do Estado de Goi\u00e1s em diversas \u00e1reas. Conhe\u00e7a as principais orienta\u00e7\u00f5es da Procuradoria. Despachos Nos despachos, a PGE responde a consultas jur\u00eddicas espec\u00edficas de \u00f3rg\u00e3os e entidades da administra\u00e7\u00e3o p\u00fablica estadual. Acesse os Despachos da PGE Notas T\u00e9cnicas O Gabinete da&hellip;","_links":{"self":[{"href":"https:\/\/goias.gov.br\/procuradoria\/wp-json\/wp\/v2\/pages\/8723","targetHints":{"allow":["GET"]}}],"collection":[{"href":"https:\/\/goias.gov.br\/procuradoria\/wp-json\/wp\/v2\/pages"}],"about":[{"href":"https:\/\/goias.gov.br\/procuradoria\/wp-json\/wp\/v2\/types\/page"}],"author":[{"embeddable":true,"href":"https:\/\/goias.gov.br\/procuradoria\/wp-json\/wp\/v2\/users\/7"}],"replies":[{"embeddable":true,"href":"https:\/\/goias.gov.br\/procuradoria\/wp-json\/wp\/v2\/comments?post=8723"}],"version-history":[{"count":2,"href":"https:\/\/goias.gov.br\/procuradoria\/wp-json\/wp\/v2\/pages\/8723\/revisions"}],"predecessor-version":[{"id":139402,"href":"https:\/\/goias.gov.br\/procuradoria\/wp-json\/wp\/v2\/pages\/8723\/revisions\/139402"}],"wp:attachment":[{"href":"https:\/\/goias.gov.br\/procuradoria\/wp-json\/wp\/v2\/media?parent=8723"}],"curies":[{"name":"wp","href":"https:\/\/api.w.org\/{rel}","templated":true}]}}