

{"id":8721,"date":"2023-12-18T11:09:34","date_gmt":"2023-12-18T14:09:34","guid":{"rendered":"https:\/\/siteshom.goias.gov.br\/procuradoria\/?page_id=8721"},"modified":"2026-02-02T14:16:18","modified_gmt":"2026-02-02T17:16:18","slug":"gestao-de-pessoas","status":"publish","type":"page","link":"https:\/\/goias.gov.br\/procuradoria\/gestao-de-pessoas\/","title":{"rendered":"Gest\u00e3o de Pessoas"},"content":{"rendered":"\t\t<div data-elementor-type=\"wp-page\" data-elementor-id=\"8721\" class=\"elementor elementor-8721\">\n\t\t\t\t<div class=\"elementor-element elementor-element-0b298db e-flex e-con-boxed e-con e-parent\" data-id=\"0b298db\" data-element_type=\"container\" data-e-type=\"container\">\n\t\t\t\t\t<div class=\"e-con-inner\">\n\t\t\t\t<div class=\"elementor-element elementor-element-8f76e14 elementor-widget elementor-widget-heading\" data-id=\"8f76e14\" data-element_type=\"widget\" data-e-type=\"widget\" data-widget_type=\"heading.default\">\n\t\t\t\t\t<h1 class=\"elementor-heading-title elementor-size-default\">Gest\u00e3o de Pessoas<\/h1>\t\t\t\t<\/div>\n\t\t\t\t\t<\/div>\n\t\t\t\t<\/div>\n\t\t<div class=\"elementor-element elementor-element-05cf877 e-flex e-con-boxed e-con e-parent\" data-id=\"05cf877\" data-element_type=\"container\" data-e-type=\"container\">\n\t\t\t\t\t<div class=\"e-con-inner\">\n\t\t<div class=\"elementor-element elementor-element-d658ea5 e-con-full e-flex e-con e-child\" data-id=\"d658ea5\" data-element_type=\"container\" data-e-type=\"container\">\n\t\t\t\t<div class=\"elementor-element elementor-element-4cfb70f elementor-widget elementor-widget-text-editor\" data-id=\"4cfb70f\" data-element_type=\"widget\" data-e-type=\"widget\" data-widget_type=\"text-editor.default\">\n\t\t\t\t\t\t\t\t\t<p><strong>Modelos de Requerimento<\/strong><\/p><ul><li><a href=\"https:\/\/goias.gov.br\/procuradoria\/wp-content\/uploads\/sites\/41\/2015\/10\/autorizacao-para-formacao-de-banco-de-horas-906.pdf\">Autoriza\u00e7\u00e3o para Forma\u00e7\u00e3o de Banco de Horas<\/a><\/li><li><a href=\"https:\/\/goias.gov.br\/procuradoria\/wp-content\/uploads\/sites\/41\/2015\/10\/declaracao-de-dependentes-para-fins-de-imposto-de-renda-1cf.pdf\">Declara\u00e7\u00e3o de Dependentes para fins de Imposto de Renda<\/a><\/li><li><a href=\"https:\/\/goias.gov.br\/procuradoria\/wp-content\/uploads\/sites\/41\/2024\/05\/Formulario-de-flexibilizacao-de-horario.pdf\">Formul\u00e1rio de Flexibiliza\u00e7\u00e3o de Hor\u00e1rio Ponto Eletr\u00f4nico<\/a><\/li><li><a href=\"https:\/\/goias.gov.br\/procuradoria\/wp-content\/uploads\/sites\/41\/2024\/05\/FLEXIBILIZACAO-DE-HORARIO-PARA-ESTAGIARIOS.pdf\">Formul\u00e1rio de Flexibiliza\u00e7\u00e3o de Hor\u00e1rio Para Estagi\u00e1rios<\/a><\/li><li><a href=\"https:\/\/goias.gov.br\/procuradoria\/wp-content\/uploads\/sites\/41\/2015\/10\/formulario-de-frequencia-atestada-pela-chefia-imediata-3d5.pdf\">Formul\u00e1rio de Frequ\u00eancia Atestada pela Chefia Imediata<\/a><\/li><li><a href=\"https:\/\/goias.gov.br\/procuradoria\/wp-content\/uploads\/sites\/41\/2015\/10\/horario-especial-pne-art_-51-sect-4deg-lei-10_460-a6f.pdf\">Hor\u00e1rio Especial \u2013 PNE art. 51 \u00a7 4\u00b0 Lei 10.460<\/a><\/li><li><a href=\"https:\/\/goias.gov.br\/procuradoria\/wp-content\/uploads\/sites\/41\/2015\/10\/horario-especial-estudante-art_-59-lei-10_460-92e.pdf\">Hor\u00e1rio Especial Estudante art. 59 Lei 10.460<\/a><\/li><li><a href=\"https:\/\/goias.gov.br\/procuradoria\/wp-content\/uploads\/sites\/41\/2015\/10\/requerimento1802-aa7.pdf\">Requerimento de F\u00e9rias\u00a0\u2013\u00a0volunt\u00e1rios<\/a><\/li><li><a href=\"https:\/\/goias.gov.br\/procuradoria\/wp-content\/uploads\/sites\/41\/2015\/10\/requerimento1803-971.pdf\">Requerimento de recesso remunerado \u2013 Estagi\u00e1rio<\/a><\/li><li><a href=\"https:\/\/goias.gov.br\/procuradoria\/wp-content\/uploads\/sites\/41\/2015\/10\/solicitacao-abono-de-horas-para-tratamento-de-saude-e68.pdf\">Solicita\u00e7\u00e3o Abono de Horas para Tratamento de Sa\u00fade<\/a><\/li><li><a href=\"https:\/\/goias.gov.br\/procuradoria\/wp-content\/uploads\/sites\/41\/2015\/10\/Normativa3-c0a.pdf\">IN 03-2020\u00a0concess\u00e3o de f\u00e9rias na PGE<\/a><\/li><li><a href=\"https:\/\/goias.gov.br\/procuradoria\/wp-content\/uploads\/sites\/41\/2025\/11\/1-REQUERIMENTO-APOSENTADORIA.pdf\">Requerimento \u2013 Aposentadoria<\/a><\/li><li><a href=\"https:\/\/goias.gov.br\/procuradoria\/wp-content\/uploads\/sites\/41\/2025\/11\/2-DECLARACAO-DE-ACUMULACAO-DE-CARGOS.pdf\">Declara\u00e7\u00e3o sobre Acumula\u00e7\u00e3o de Cargos<\/a><\/li><li><a href=\"https:\/\/goias.gov.br\/procuradoria\/wp-content\/uploads\/sites\/41\/2025\/11\/3-DECLARACAO-DE-ACUMULACAO-DE-BENEFICIOS.pdf\">Declara\u00e7\u00e3o sobre Acumula\u00e7\u00e3o de Benef\u00edcios<\/a><\/li><li><a href=\"https:\/\/goias.gov.br\/procuradoria\/wp-content\/uploads\/sites\/41\/2025\/11\/4-DECLARACAO-SOBRE-A-OPCAO-DE-QUE-TRATA-O-\u00a7-16-DO-ART.-40-DA-CONSTITUICAO-FEDERAL-DE.pdf\">Declara\u00e7\u00e3o sobre a op\u00e7\u00e3o de que trata o \u00a7 16 do art. 40 da Constitui\u00e7\u00e3o Federal de 1988<\/a><\/li><\/ul><p><strong>Modelos de requerimentos \u2013 TI<\/strong><\/p><ul><li><a href=\"https:\/\/goias.gov.br\/procuradoria\/wp-content\/uploads\/sites\/41\/2015\/10\/cadastrousuarioredeemail-831.pdf\">Cadastro de usu\u00e1rio \u2013 rede e e-mail<\/a><\/li><li><a href=\"https:\/\/goias.gov.br\/procuradoria\/wp-content\/uploads\/sites\/41\/2015\/10\/fichadecadastro-sicop-585.pdf\">Ficha de cadastro \u2013 sicop<\/a><\/li><li><a href=\"https:\/\/goias.gov.br\/procuradoria\/wp-content\/uploads\/sites\/41\/2015\/10\/formulario_vpn_segplan-e5e.pdf\">Formul\u00e1rio VPN SEGPLAN<\/a><\/li><\/ul>\t\t\t\t\t\t\t\t<\/div>\n\t\t\t\t<\/div>\n\t\t<div class=\"elementor-element elementor-element-5638a1c e-con-full e-flex e-con e-child\" data-id=\"5638a1c\" data-element_type=\"container\" data-e-type=\"container\">\n\t\t\t\t<div class=\"elementor-element elementor-element-f4f207e elementor-widget elementor-widget-shortcode\" data-id=\"f4f207e\" data-element_type=\"widget\" data-e-type=\"widget\" data-widget_type=\"shortcode.default\">\n\t\t\t\t\t\t\t<div class=\"elementor-shortcode\"><div data-post-id=\"6242\" class=\"insert-page insert-page-6242 \"><h1 class='insert-page-title'>Help Desk<\/h1><p>A PGE disponibiliza um manual de Instru&ccedil;&otilde;es ao uso e aux&iacute;lio do Help Desk sobre procedimentos para aberturas de chamadas, para as diversas &aacute;reas de apoio &agrave; atividade final&iacute;stica do &oacute;rg&atilde;o.<\/p>\n<p><a class=\"btn btn-block btn-default\" href=\"https:\/\/chamados.procuradoria.go.gov.br\/suporte\/login.php\" target=\"_blank\" rel=\"noopener\">Acesse o sistema de Help Desk<\/a><\/p>\n<ul class='post-meta'>\n<li><span class='post-meta-key'>tpg-post-view-count:<\/span> 439<\/li>\n<li><span class='post-meta-key'>rank_math_analytic_object_id:<\/span> 425<\/li>\n<li><span class='post-meta-key'>rank_math_internal_links_processed:<\/span> 1<\/li>\n<\/ul>\n<\/div><\/div>\n\t\t\t\t\t\t<\/div>\n\t\t\t\t<div class=\"elementor-element elementor-element-c6345dd elementor-widget elementor-widget-shortcode\" data-id=\"c6345dd\" data-element_type=\"widget\" data-e-type=\"widget\" data-widget_type=\"shortcode.default\">\n\t\t\t\t\t\t\t<div class=\"elementor-shortcode\"><div data-post-id=\"6243\" class=\"insert-page insert-page-6243 \"><h1 class='insert-page-title'>Sa\u00fade e Seguran\u00e7a do Trabalho<\/h1><div>\n<p>S\u00e3o disponibilizadas orienta\u00e7\u00f5es em sa\u00fade e seguran\u00e7a do trabalho para os servidores da Procuradoria-Geral do Estado<\/p>\n<p><a class=\"btn btn-block btn-primary\" href=\"\/procuradoria\/orientacoes-em-saude-e-seguranca-do-trabalho\/\">Acesse as Orienta\u00e7\u00f5es em Sa\u00fade e Seguran\u00e7a do Trabalho<\/a><\/p>\n<p>Para orienta\u00e7\u00f5es sobre Exames M\u00e9dicos, acesse o Portal do Servidor:<\/p>\n<p><a class=\"btn btn-block btn-info\" href=\"\/procuradoria\/orientacoes-em-saude-e-seguranca-do-trabalho\/\">Portal do Servidor Estadual<\/a><\/p>\n<\/div>\n<ul class='post-meta'>\n<li><span class='post-meta-key'>tpg-post-view-count:<\/span> 332<\/li>\n<li><span class='post-meta-key'>rank_math_primary_category:<\/span> 2<\/li>\n<li><span class='post-meta-key'>rank_math_seo_score:<\/span> 11<\/li>\n<li><span class='post-meta-key'>rank_math_analytic_object_id:<\/span> 424<\/li>\n<li><span class='post-meta-key'>rank_math_internal_links_processed:<\/span> 1<\/li>\n<\/ul>\n<\/div><\/div>\n\t\t\t\t\t\t<\/div>\n\t\t\t\t<\/div>\n\t\t\t\t\t<\/div>\n\t\t\t\t<\/div>\n\t\t\t\t<\/div>\n\t\t","protected":false},"excerpt":{"rendered":"<p>Gest\u00e3o de Pessoas Modelos de Requerimento Autoriza\u00e7\u00e3o para Forma\u00e7\u00e3o de Banco de Horas Declara\u00e7\u00e3o de Dependentes para fins de Imposto de Renda Formul\u00e1rio de Flexibiliza\u00e7\u00e3o de Hor\u00e1rio Ponto Eletr\u00f4nico Formul\u00e1rio de Flexibiliza\u00e7\u00e3o de Hor\u00e1rio Para Estagi\u00e1rios Formul\u00e1rio de Frequ\u00eancia Atestada pela Chefia Imediata Hor\u00e1rio Especial \u2013 PNE art. 51 \u00a7 4\u00b0 Lei 10.460 Hor\u00e1rio Especial [&hellip;]<\/p>\n","protected":false},"author":7,"featured_media":0,"parent":0,"menu_order":0,"comment_status":"closed","ping_status":"closed","template":"wppb_theme_template","meta":{"footnotes":""},"class_list":["post-8721","page","type-page","status-publish","hentry"],"rttpg_featured_image_url":null,"rttpg_author":{"display_name":"gustavogoncalves","author_link":"https:\/\/goias.gov.br\/procuradoria\/author\/gustavogoncalves\/"},"rttpg_comment":0,"rttpg_category":"","rttpg_excerpt":"Gest\u00e3o de Pessoas Modelos de Requerimento Autoriza\u00e7\u00e3o para Forma\u00e7\u00e3o de Banco de Horas Declara\u00e7\u00e3o de Dependentes para fins de Imposto de Renda Formul\u00e1rio de Flexibiliza\u00e7\u00e3o de Hor\u00e1rio Ponto Eletr\u00f4nico Formul\u00e1rio de Flexibiliza\u00e7\u00e3o de Hor\u00e1rio Para Estagi\u00e1rios Formul\u00e1rio de Frequ\u00eancia Atestada pela Chefia Imediata Hor\u00e1rio Especial \u2013 PNE art. 51 \u00a7 4\u00b0 Lei 10.460 Hor\u00e1rio Especial&hellip;","_links":{"self":[{"href":"https:\/\/goias.gov.br\/procuradoria\/wp-json\/wp\/v2\/pages\/8721","targetHints":{"allow":["GET"]}}],"collection":[{"href":"https:\/\/goias.gov.br\/procuradoria\/wp-json\/wp\/v2\/pages"}],"about":[{"href":"https:\/\/goias.gov.br\/procuradoria\/wp-json\/wp\/v2\/types\/page"}],"author":[{"embeddable":true,"href":"https:\/\/goias.gov.br\/procuradoria\/wp-json\/wp\/v2\/users\/7"}],"replies":[{"embeddable":true,"href":"https:\/\/goias.gov.br\/procuradoria\/wp-json\/wp\/v2\/comments?post=8721"}],"version-history":[{"count":3,"href":"https:\/\/goias.gov.br\/procuradoria\/wp-json\/wp\/v2\/pages\/8721\/revisions"}],"predecessor-version":[{"id":138852,"href":"https:\/\/goias.gov.br\/procuradoria\/wp-json\/wp\/v2\/pages\/8721\/revisions\/138852"}],"wp:attachment":[{"href":"https:\/\/goias.gov.br\/procuradoria\/wp-json\/wp\/v2\/media?parent=8721"}],"curies":[{"name":"wp","href":"https:\/\/api.w.org\/{rel}","templated":true}]}}