

{"id":8716,"date":"2023-12-18T11:05:28","date_gmt":"2023-12-18T14:05:28","guid":{"rendered":"https:\/\/siteshom.goias.gov.br\/procuradoria\/?page_id=8716"},"modified":"2026-02-02T14:49:05","modified_gmt":"2026-02-02T17:49:05","slug":"centro-de-estudos","status":"publish","type":"page","link":"https:\/\/goias.gov.br\/procuradoria\/centro-de-estudos\/","title":{"rendered":"Centro de Estudos"},"content":{"rendered":"\t\t<div data-elementor-type=\"wp-page\" data-elementor-id=\"8716\" class=\"elementor elementor-8716\">\n\t\t\t\t<div class=\"elementor-element elementor-element-49df184 e-flex e-con-boxed e-con e-parent\" data-id=\"49df184\" data-element_type=\"container\" data-e-type=\"container\">\n\t\t\t\t\t<div class=\"e-con-inner\">\n\t\t<div class=\"elementor-element elementor-element-5704016 e-con-full e-flex e-con e-child\" data-id=\"5704016\" data-element_type=\"container\" data-e-type=\"container\">\n\t\t\t\t<div class=\"elementor-element elementor-element-db5f051 elementor-widget elementor-widget-shortcode\" data-id=\"db5f051\" data-element_type=\"widget\" data-e-type=\"widget\" data-widget_type=\"shortcode.default\">\n\t\t\t\t\t\t\t<div class=\"elementor-shortcode\"><div data-post-id=\"4714\" class=\"insert-page insert-page-4714 \"><h1 class='insert-page-title'>Centro de Estudos<\/h1><p>O Centro de Estudos Jur&iacute;dicos da PGE &ndash;CEJUR- foi criado pela <a href=\"http:\/\/www.gabinetecivil.go.gov.br\/pagina_leis.php?id=7068\" target=\"_blank\" rel=\"noopener\">Lei Complementar n&ordm; 24, de 8 de junho de 1998<\/a>, art. 2&ordm;, inc. IV, como &oacute;rg&atilde;o auxiliar, com compet&ecirc;ncia prevista no art. 22, incs. I a VIII.&nbsp; Atualmente, a <a href=\"http:\/\/www.gabinetecivil.go.gov.br\/pagina_leis.php?id=7036\" target=\"_blank\" rel=\"noopener\">Lei Complementar n&ordm; 58, de 4 de julho de 2006<\/a>, que disp&otilde;e sobre a organiza&ccedil;&atilde;o da Procuradoria-Geral do Estado de Goi&aacute;s.<\/p>\n<p>Suas atribui&ccedil;&otilde;es est&atilde;o previstas no art. 31, da Lei Complementar n&ordm; 58\/2006, e s&atilde;o as seguintes:<\/p>\n<ul style=\"list-style-type: upper-roman;\">\n<li>participar da organiza&ccedil;&atilde;o de concursos para ingresso na carreira de Procurador do Estado bem como promover a sele&ccedil;&atilde;o de estagi&aacute;rios;<\/li>\n<li>organizar e promover encontros, semin&aacute;rios, cursos, est&aacute;gios e treinamentos, bem como a inscri&ccedil;&atilde;o de Procurador do Estado em cursos de especializa&ccedil;&atilde;o e atividades correlatas;<\/li>\n<li>custear, parcial ou totalmente, a participa&ccedil;&atilde;o de Procuradores de Estado em eventos de capacita&ccedil;&atilde;o promovidos por outros &oacute;rg&atilde;os ou entidades;<\/li>\n<li>celebrar parcerias com institui&ccedil;&otilde;es de ensino superior ou conveniadas, visando &agrave; participa&ccedil;&atilde;o de Procuradores do Estado em cursos de especializa&ccedil;&atilde;o, mestrado e doutorado;<\/li>\n<li>divulgar mat&eacute;ria doutrin&aacute;ria, legislativa e jurisprudencial de interesse dos &oacute;rg&atilde;os da Procuradoria-Geral do Estado;<\/li>\n<li>efetivar a cataloga&ccedil;&atilde;o de pareceres e trabalhos forenses, bem como da legisla&ccedil;&atilde;o, doutrina e jurisprud&ecirc;ncia relacionadas &agrave;s atividades e os fins da Administra&ccedil;&atilde;o P&uacute;blica;<\/li>\n<li>centralizar e promover a interliga&ccedil;&atilde;o da Procuradoria-Geral do Estado com os tribunais e &oacute;rg&atilde;os legislativos, para fins de coleta informatizada de jurisprud&ecirc;ncia e legisla&ccedil;&atilde;o, mantendo banco de dados atualizado;<\/li>\n<li>articular-se com a Escola de Governo, visando &agrave; inscri&ccedil;&atilde;o e freq&uuml;&ecirc;ncia de Procuradores do Estado e servidores do quadro de apoio administrativo da Procuradoria-Geral do Estado nos cursos constantes do Plano Anual de Capacita&ccedil;&atilde;o;<\/li>\n<li>administrar e atualizar a Biblioteca da Procuradoria-Geral do Estado;<\/li>\n<li>editar a Revista de Direito e promover a publica&ccedil;&atilde;o de estudos jur&iacute;dicos e boletins peri&oacute;dicos versando sobre mat&eacute;ria doutrin&aacute;ria, legislativa e jurisprudencial do interesse da Administra&ccedil;&atilde;o P&uacute;blica;<\/li>\n<li>estabelecer interc&acirc;mbio e parcerias com &oacute;rg&atilde;os da administra&ccedil;&atilde;o p&uacute;blica e com organiza&ccedil;&otilde;es cong&ecirc;neres;<\/li>\n<li>praticar, na esfera de sua compet&ecirc;ncia, outros atos definidos em regulamento ou regimento interno.<\/li>\n<\/ul>\n<p>Por delibera&ccedil;&atilde;o do Conselho de Procuradores, o Centro de Estudos Jur&iacute;dicos &ndash;CEJUR- passou a ser respons&aacute;vel pela secretaria do referido Conselho, ficando ao seu encargo a elabora&ccedil;&atilde;o das pautas e a organiza&ccedil;&atilde;o das sess&otilde;es ordin&aacute;rias e extraordin&aacute;rias, a reda&ccedil;&atilde;o das atas e a distribui&ccedil;&atilde;o de processos, entre outras atribui&ccedil;&otilde;es.<\/p>\n<p>S&atilde;o objetivos institucionais do Centro de Estudos Jur&iacute;dicos a cria&ccedil;&atilde;o, no Estado de Goi&aacute;s, de um n&uacute;cleo de estudos em Direito P&uacute;blico e a permanente capacita&ccedil;&atilde;o dos Procuradores do Estado de Goi&aacute;s, visando um elevado n&iacute;vel de efici&ecirc;ncia na defesa dos interesses jur&iacute;dicos do Estado.<\/p>\n<p>Conforme previsto no &sect;1&ordm;, do art. 2-A, da Lei Complementar n&ordm; 58\/2006, o Centro de Estudos Jur&iacute;dicos &eacute; dirigido por procurador escolhido dentre aqueles que se encontrem em atividade.<\/p>\n<p>Procuradora-chefe: <strong>Helena Telino Monteiro<\/strong><br \/>\nContato: (62) 3252-8591<\/p>\n<ul class='post-meta'>\n<li><span class='post-meta-key'>tpg-post-view-count:<\/span> 215<\/li>\n<li><span class='post-meta-key'>rank_math_analytic_object_id:<\/span> 1428<\/li>\n<\/ul>\n<\/div><\/div>\n\t\t\t\t\t\t<\/div>\n\t\t\t\t<\/div>\n\t\t<div class=\"elementor-element elementor-element-ee6deeb e-con-full e-flex e-con e-child\" data-id=\"ee6deeb\" data-element_type=\"container\" data-e-type=\"container\">\n\t\t\t\t<div class=\"elementor-element elementor-element-e8d7748 elementor-widget elementor-widget-text-editor\" data-id=\"e8d7748\" data-element_type=\"widget\" data-e-type=\"widget\" data-widget_type=\"text-editor.default\">\n\t\t\t\t\t\t\t\t\t<h1 class=\"insert-page-title\">Obras de Procuradores<\/h1><p>Os Procuradores estaduais est\u00e3o em constante atualiza\u00e7\u00e3o com a legisla\u00e7\u00e3o e jurisprud\u00eancia contribuindo para o exerc\u00edcio do direito com a publica\u00e7\u00e3o de obras sobre v\u00e1rias \u00e1reas juridicas.<\/p>\t\t\t\t\t\t\t\t<\/div>\n\t\t\t\t<div class=\"elementor-element elementor-element-38c4297 elementor-align-justify elementor-widget elementor-widget-button\" data-id=\"38c4297\" data-element_type=\"widget\" data-e-type=\"widget\" data-widget_type=\"button.default\">\n\t\t\t\t\t\t\t\t\t\t<a class=\"elementor-button elementor-button-link elementor-size-sm\" href=\"\/procuradoria\/obras-de-procuradores\/\" target=\"_blank\">\n\t\t\t\t\t\t<span class=\"elementor-button-content-wrapper\">\n\t\t\t\t\t\t\t\t\t<span class=\"elementor-button-text\">Conhe\u00e7a Obras dos Procuradores<\/span>\n\t\t\t\t\t<\/span>\n\t\t\t\t\t<\/a>\n\t\t\t\t\t\t\t\t<\/div>\n\t\t\t\t<\/div>\n\t\t\t\t\t<\/div>\n\t\t\t\t<\/div>\n\t\t\t\t<\/div>\n\t\t","protected":false},"excerpt":{"rendered":"<p>Obras de Procuradores Os Procuradores estaduais est\u00e3o em constante atualiza\u00e7\u00e3o com a legisla\u00e7\u00e3o e jurisprud\u00eancia contribuindo para o exerc\u00edcio do direito com a publica\u00e7\u00e3o de obras sobre v\u00e1rias \u00e1reas juridicas. Conhe\u00e7a Obras dos Procuradores<\/p>\n","protected":false},"author":7,"featured_media":0,"parent":0,"menu_order":0,"comment_status":"closed","ping_status":"closed","template":"wppb_theme_template","meta":{"footnotes":""},"class_list":["post-8716","page","type-page","status-publish","hentry"],"rttpg_featured_image_url":null,"rttpg_author":{"display_name":"gustavogoncalves","author_link":"https:\/\/goias.gov.br\/procuradoria\/author\/gustavogoncalves\/"},"rttpg_comment":0,"rttpg_category":"","rttpg_excerpt":"Obras de Procuradores Os Procuradores estaduais est\u00e3o em constante atualiza\u00e7\u00e3o com a legisla\u00e7\u00e3o e jurisprud\u00eancia contribuindo para o exerc\u00edcio do direito com a publica\u00e7\u00e3o de obras sobre v\u00e1rias \u00e1reas juridicas. Conhe\u00e7a Obras dos Procuradores","_links":{"self":[{"href":"https:\/\/goias.gov.br\/procuradoria\/wp-json\/wp\/v2\/pages\/8716","targetHints":{"allow":["GET"]}}],"collection":[{"href":"https:\/\/goias.gov.br\/procuradoria\/wp-json\/wp\/v2\/pages"}],"about":[{"href":"https:\/\/goias.gov.br\/procuradoria\/wp-json\/wp\/v2\/types\/page"}],"author":[{"embeddable":true,"href":"https:\/\/goias.gov.br\/procuradoria\/wp-json\/wp\/v2\/users\/7"}],"replies":[{"embeddable":true,"href":"https:\/\/goias.gov.br\/procuradoria\/wp-json\/wp\/v2\/comments?post=8716"}],"version-history":[{"count":3,"href":"https:\/\/goias.gov.br\/procuradoria\/wp-json\/wp\/v2\/pages\/8716\/revisions"}],"predecessor-version":[{"id":139076,"href":"https:\/\/goias.gov.br\/procuradoria\/wp-json\/wp\/v2\/pages\/8716\/revisions\/139076"}],"wp:attachment":[{"href":"https:\/\/goias.gov.br\/procuradoria\/wp-json\/wp\/v2\/media?parent=8716"}],"curies":[{"name":"wp","href":"https:\/\/api.w.org\/{rel}","templated":true}]}}