

{"id":8714,"date":"2023-12-18T11:03:11","date_gmt":"2023-12-18T14:03:11","guid":{"rendered":"https:\/\/siteshom.goias.gov.br\/procuradoria\/?page_id=8714"},"modified":"2026-02-02T14:46:20","modified_gmt":"2026-02-02T17:46:20","slug":"cartilhas-e-minutas","status":"publish","type":"page","link":"https:\/\/goias.gov.br\/procuradoria\/cartilhas-e-minutas\/","title":{"rendered":"Cartilhas e Minutas"},"content":{"rendered":"\t\t<div data-elementor-type=\"wp-page\" data-elementor-id=\"8714\" class=\"elementor elementor-8714\">\n\t\t\t\t<div class=\"elementor-element elementor-element-7693824 e-flex e-con-boxed e-con e-parent\" data-id=\"7693824\" data-element_type=\"container\" data-e-type=\"container\">\n\t\t\t\t\t<div class=\"e-con-inner\">\n\t\t\t\t<div class=\"elementor-element elementor-element-3ad15ed elementor-widget elementor-widget-heading\" data-id=\"3ad15ed\" data-element_type=\"widget\" data-e-type=\"widget\" data-widget_type=\"heading.default\">\n\t\t\t\t\t<h4 class=\"elementor-heading-title elementor-size-default\">Cartilhas e Minutas\n<\/h4>\t\t\t\t<\/div>\n\t\t\t\t<div class=\"elementor-element elementor-element-bf72fe1 elementor-widget elementor-widget-text-editor\" data-id=\"bf72fe1\" data-element_type=\"widget\" data-e-type=\"widget\" data-widget_type=\"text-editor.default\">\n\t\t\t\t\t\t\t\t\t<p>A PGE oferece cartilhas, roteiros, check lists e minutas-padr\u00e3o para facilitar e otimizar a condu\u00e7\u00e3o de processos administrativos no Estado.<\/p><p>Nos documentos, a Procuradoria detalha, por exemplo, os procedimentos licitat\u00f3rios, disciplinares e relativos a im\u00f3veis, assim como os documentos exigidos para aposentadorias e conv\u00eanios com repasse financeiro do Estado.<\/p><p>Conhe\u00e7a as orienta\u00e7\u00f5es administrativas:<\/p>\t\t\t\t\t\t\t\t<\/div>\n\t\t\t\t\t<\/div>\n\t\t\t\t<\/div>\n\t\t<div class=\"elementor-element elementor-element-7af6163 e-flex e-con-boxed e-con e-parent\" data-id=\"7af6163\" data-element_type=\"container\" data-e-type=\"container\">\n\t\t\t\t\t<div class=\"e-con-inner\">\n\t\t<div class=\"elementor-element elementor-element-a5b2bf7 e-con-full e-flex e-con e-child\" data-id=\"a5b2bf7\" data-element_type=\"container\" data-e-type=\"container\">\n\t\t\t\t<div class=\"elementor-element elementor-element-7545aaf elementor-widget elementor-widget-heading\" data-id=\"7545aaf\" data-element_type=\"widget\" data-e-type=\"widget\" data-widget_type=\"heading.default\">\n\t\t\t\t\t<h4 class=\"elementor-heading-title elementor-size-default\">Transa\u00e7\u00e3o e Parcelamento Judicial<\/h4>\t\t\t\t<\/div>\n\t\t\t\t<div class=\"elementor-element elementor-element-60e73f2 elementor-widget elementor-widget-text-editor\" data-id=\"60e73f2\" data-element_type=\"widget\" data-e-type=\"widget\" data-widget_type=\"text-editor.default\">\n\t\t\t\t\t\t\t\t\t<p>A PGE disponibiliza modelos de requerimentos para a transa\u00e7\u00e3o e parcelamento judicial.<\/p>\t\t\t\t\t\t\t\t<\/div>\n\t\t\t\t<div class=\"elementor-element elementor-element-106c3e3 elementor-align-justify elementor-widget elementor-widget-button\" data-id=\"106c3e3\" data-element_type=\"widget\" data-e-type=\"widget\" data-widget_type=\"button.default\">\n\t\t\t\t\t\t\t\t\t\t<a class=\"elementor-button elementor-button-link elementor-size-sm\" href=\"\/procuradoria\/transacao-e-parcelamento-judicial\/\" target=\"_blank\">\n\t\t\t\t\t\t<span class=\"elementor-button-content-wrapper\">\n\t\t\t\t\t\t\t\t\t<span class=\"elementor-button-text\">Acesse as Orienta\u00e7\u00f5es<\/span>\n\t\t\t\t\t<\/span>\n\t\t\t\t\t<\/a>\n\t\t\t\t\t\t\t\t<\/div>\n\t\t\t\t<\/div>\n\t\t<div class=\"elementor-element elementor-element-22b9dcd e-con-full e-flex e-con e-child\" data-id=\"22b9dcd\" data-element_type=\"container\" data-e-type=\"container\">\n\t\t\t\t<div class=\"elementor-element elementor-element-e834c04 elementor-widget elementor-widget-heading\" data-id=\"e834c04\" data-element_type=\"widget\" data-e-type=\"widget\" data-widget_type=\"heading.default\">\n\t\t\t\t\t<h4 class=\"elementor-heading-title elementor-size-default\">Cartilhas e Check Lists\n<\/h4>\t\t\t\t<\/div>\n\t\t\t\t<div class=\"elementor-element elementor-element-c12c01e elementor-widget elementor-widget-text-editor\" data-id=\"c12c01e\" data-element_type=\"widget\" data-e-type=\"widget\" data-widget_type=\"text-editor.default\">\n\t\t\t\t\t\t\t\t\t<p>A PGE disponibiliza cartilhas e check lists para a orienta\u00e7\u00e3o de licita\u00e7\u00f5es, contratos, conv\u00eanios, doa\u00e7\u00f5es de imoveis e aposentadorias.<\/p>\t\t\t\t\t\t\t\t<\/div>\n\t\t\t\t<div class=\"elementor-element elementor-element-c160d73 elementor-align-justify elementor-widget elementor-widget-button\" data-id=\"c160d73\" data-element_type=\"widget\" data-e-type=\"widget\" data-widget_type=\"button.default\">\n\t\t\t\t\t\t\t\t\t\t<a class=\"elementor-button elementor-button-link elementor-size-sm\" href=\"\/procuradoria\/as-cartilhas-e-check-lists\/\" target=\"_blank\">\n\t\t\t\t\t\t<span class=\"elementor-button-content-wrapper\">\n\t\t\t\t\t\t\t\t\t<span class=\"elementor-button-text\">Acesse as Cartilhas e Check Lists<\/span>\n\t\t\t\t\t<\/span>\n\t\t\t\t\t<\/a>\n\t\t\t\t\t\t\t\t<\/div>\n\t\t\t\t<\/div>\n\t\t<div class=\"elementor-element elementor-element-adbff8a e-con-full e-flex e-con e-child\" data-id=\"adbff8a\" data-element_type=\"container\" data-e-type=\"container\">\n\t\t\t\t<div class=\"elementor-element elementor-element-1b17876 elementor-widget elementor-widget-heading\" data-id=\"1b17876\" data-element_type=\"widget\" data-e-type=\"widget\" data-widget_type=\"heading.default\">\n\t\t\t\t\t<h4 class=\"elementor-heading-title elementor-size-default\">Minuta-padr\u00e3o para contrato de gest\u00e3o\n<\/h4>\t\t\t\t<\/div>\n\t\t\t\t<div class=\"elementor-element elementor-element-5daf3aa elementor-widget elementor-widget-text-editor\" data-id=\"5daf3aa\" data-element_type=\"widget\" data-e-type=\"widget\" data-widget_type=\"text-editor.default\">\n\t\t\t\t\t\t\t\t\t<p>A PGE disponibiliza uma Minuta-padr\u00e3o para Contrato de Gest\u00e3o.<\/p>\t\t\t\t\t\t\t\t<\/div>\n\t\t\t\t<div class=\"elementor-element elementor-element-9315865 elementor-align-justify elementor-widget elementor-widget-button\" data-id=\"9315865\" data-element_type=\"widget\" data-e-type=\"widget\" data-widget_type=\"button.default\">\n\t\t\t\t\t\t\t\t\t\t<a class=\"elementor-button elementor-button-link elementor-size-sm\" href=\"\/procuradoria\/wp-content\/uploads\/sites\/41\/2024\/01\/Minutajulho2021.pdf\" target=\"_blank\">\n\t\t\t\t\t\t<span class=\"elementor-button-content-wrapper\">\n\t\t\t\t\t\t\t\t\t<span class=\"elementor-button-text\">Minuta-padr\u00e3o para contrato de gest\u00e3o <\/span>\n\t\t\t\t\t<\/span>\n\t\t\t\t\t<\/a>\n\t\t\t\t\t\t\t\t<\/div>\n\t\t\t\t<\/div>\n\t\t\t\t\t<\/div>\n\t\t\t\t<\/div>\n\t\t\t\t<\/div>\n\t\t","protected":false},"excerpt":{"rendered":"<p>Cartilhas e Minutas A PGE oferece cartilhas, roteiros, check lists e minutas-padr\u00e3o para facilitar e otimizar a condu\u00e7\u00e3o de processos administrativos no Estado. Nos documentos, a Procuradoria detalha, por exemplo, os procedimentos licitat\u00f3rios, disciplinares e relativos a im\u00f3veis, assim como os documentos exigidos para aposentadorias e conv\u00eanios com repasse financeiro do Estado. Conhe\u00e7a as orienta\u00e7\u00f5es [&hellip;]<\/p>\n","protected":false},"author":7,"featured_media":0,"parent":0,"menu_order":0,"comment_status":"closed","ping_status":"closed","template":"wppb_theme_template","meta":{"footnotes":""},"class_list":["post-8714","page","type-page","status-publish","hentry"],"rttpg_featured_image_url":null,"rttpg_author":{"display_name":"gustavogoncalves","author_link":"https:\/\/goias.gov.br\/procuradoria\/author\/gustavogoncalves\/"},"rttpg_comment":0,"rttpg_category":null,"rttpg_excerpt":"Cartilhas e Minutas A PGE oferece cartilhas, roteiros, check lists e minutas-padr\u00e3o para facilitar e otimizar a condu\u00e7\u00e3o de processos administrativos no Estado. Nos documentos, a Procuradoria detalha, por exemplo, os procedimentos licitat\u00f3rios, disciplinares e relativos a im\u00f3veis, assim como os documentos exigidos para aposentadorias e conv\u00eanios com repasse financeiro do Estado. Conhe\u00e7a as orienta\u00e7\u00f5es&hellip;","_links":{"self":[{"href":"https:\/\/goias.gov.br\/procuradoria\/wp-json\/wp\/v2\/pages\/8714","targetHints":{"allow":["GET"]}}],"collection":[{"href":"https:\/\/goias.gov.br\/procuradoria\/wp-json\/wp\/v2\/pages"}],"about":[{"href":"https:\/\/goias.gov.br\/procuradoria\/wp-json\/wp\/v2\/types\/page"}],"author":[{"embeddable":true,"href":"https:\/\/goias.gov.br\/procuradoria\/wp-json\/wp\/v2\/users\/7"}],"replies":[{"embeddable":true,"href":"https:\/\/goias.gov.br\/procuradoria\/wp-json\/wp\/v2\/comments?post=8714"}],"version-history":[{"count":3,"href":"https:\/\/goias.gov.br\/procuradoria\/wp-json\/wp\/v2\/pages\/8714\/revisions"}],"predecessor-version":[{"id":139049,"href":"https:\/\/goias.gov.br\/procuradoria\/wp-json\/wp\/v2\/pages\/8714\/revisions\/139049"}],"wp:attachment":[{"href":"https:\/\/goias.gov.br\/procuradoria\/wp-json\/wp\/v2\/media?parent=8714"}],"curies":[{"name":"wp","href":"https:\/\/api.w.org\/{rel}","templated":true}]}}