

{"id":8711,"date":"2023-12-18T11:00:52","date_gmt":"2023-12-18T14:00:52","guid":{"rendered":"https:\/\/siteshom.goias.gov.br\/procuradoria\/agenda-de-autoridades\/"},"modified":"2026-05-14T13:43:14","modified_gmt":"2026-05-14T16:43:14","slug":"agenda-de-autoridades","status":"publish","type":"page","link":"https:\/\/goias.gov.br\/procuradoria\/agenda-de-autoridades\/","title":{"rendered":"Agenda de Autoridades"},"content":{"rendered":"\t\t<div data-elementor-type=\"wp-page\" data-elementor-id=\"8711\" class=\"elementor elementor-8711\">\n\t\t\t\t<div class=\"elementor-element elementor-element-348fa376 e-flex e-con-boxed e-con e-parent\" data-id=\"348fa376\" data-element_type=\"container\" data-e-type=\"container\">\n\t\t\t\t\t<div class=\"e-con-inner\">\n\t\t\t\t<div class=\"elementor-element elementor-element-7704e1c5 elementor-widget elementor-widget-text-editor\" data-id=\"7704e1c5\" data-element_type=\"widget\" data-e-type=\"widget\" data-widget_type=\"text-editor.default\">\n\t\t\t\t\t\t\t\t\t<p><strong style=\"margin-block-end: -1.8rem;\"><a href=\"https:\/\/goias.gov.br\/procuradoria\/procurador-geral-do-estado\/\">Procurador-Geral do Estado<\/a><\/strong><br \/>RAFAEL ARRUDA OLIVEIRA<\/p><p><strong style=\"margin-block-end: -1.8rem;\"><a href=\"https:\/\/goias.gov.br\/procuradoria\/procuradora-chefe-de-gabinete\/\">Procuradora-Chefe de Gabinete<\/a><\/strong><br \/>HELIANNY SIQUEIRA ALVES GOMES DE ANDRADE<\/p><p><strong style=\"margin-block-end: -1.8rem;\"><a href=\"https:\/\/goias.gov.br\/procuradoria\/chefe-de-comunicacao-setorial\/\">Chefe de Comunica\u00e7\u00e3o Setorial<\/a><\/strong><br \/>VINICIUS BRAGA DA SILVA<\/p><p><strong style=\"margin-block-end: -1.8rem;\"><a href=\"https:\/\/goias.gov.br\/procuradoria\/procurador-chefe-de-consultoria-geral\/\">Procurador-Chefe de Consultoria-Geral<\/a><\/strong><br \/>MURILO NUNES MAGALHAES<\/p><p><strong style=\"margin-block-end: -1.8rem;\"><a href=\"https:\/\/goias.gov.br\/procuradoria\/procuradora-chefe-da-corregedoria\/\">Procuradora-Chefe da Corregedoria<\/a><\/strong><br \/>MHELIZA MARIANI MENDES LOYOLA RIOS MACHADO<\/p><p><strong style=\"margin-block-end: -1.8rem;\"><a href=\"https:\/\/goias.gov.br\/procuradoria\/superintendente-de-gestao-integrada\/\">Superintendente de Gest\u00e3o Integrada<\/a><\/strong><br \/>VITOR RODRIGUES ALVES<\/p><p><strong style=\"margin-block-end: -1.8rem;\"><a href=\"https:\/\/goias.gov.br\/procuradoria\/superintendente-de-tecnologia-da-informacao\/\">Superintendente de Tecnologia da Informa\u00e7\u00e3o <\/a><\/strong><span style=\"font-size: 10pt;\"><em>(Cargo criado conforme Dec. n\u00ba 10.695, de 21 de maio de 2025 e exerc\u00edcio a partir de 16 de junho de 2025)<\/em><\/span><br \/>AUGUSTO CAMILO DA SILVA NETO<\/p><p><strong style=\"margin-block-end: -1.8rem;\"><a href=\"https:\/\/goias.gov.br\/procuradoria\/subprocuradora-geral-de-assuntos-administrativos\/\">Subprocuradora-Geral de Assuntos Administrativos<\/a><\/strong><br \/>LUCIANA BENVINDA BETTINI E SOUZA DE REZENDE<\/p><p><strong style=\"margin-block-end: -1.8rem;\"><a href=\"https:\/\/goias.gov.br\/procuradoria\/procurador-chefe-da-procuradoria-de-defesa-do-patrimonio-publico-meio-ambiente\/\">Procurador-Chefe da Procuradoria de Defesa do Patrim\u00f4nio P\u00fablico Meio Ambiente<\/a><\/strong><br \/>LEANDRO EDUARDO DA SILVA<\/p><p><strong style=\"margin-block-end: -1.8rem;\"><a href=\"https:\/\/goias.gov.br\/procuradoria\/subprocurador-geral-contencioso\/\">Subprocurador-Geral Contencioso<\/a><\/strong><br \/>ALEXANDRE FELIX GROSS<\/p><p><strong style=\"margin-block-end: -1.8rem;\"><a href=\"https:\/\/goias.gov.br\/procuradoria\/procurador-chefe-da-procuradoria-judicial\/\">Procurador-Chefe da Procuradoria Judicial<\/a><\/strong><br \/>LUCIANO ALVES VIEIRA<\/p><p><strong style=\"margin-block-end: -1.8rem;\"><a href=\"https:\/\/goias.gov.br\/procuradoria\/procurador-chefe-da-procuradoria-tributaria\/\">Procurador-Chefe da Procuradoria Tribut\u00e1ria<\/a><\/strong><br \/>RAIMUNDO NONATO PEREIRA DINIZ<\/p><p><strong style=\"margin-block-end: -1.8rem;\"><a href=\"https:\/\/goias.gov.br\/procuradoria\/procuradora-chefe-da-procuradoria-trabalhista\/\">Procuradora-Chefe da Procuradoria Trabalhista<\/a><\/strong><br \/>ROSANGELA VAZ RIOS E SILVA<\/p><p><strong style=\"margin-block-end: -1.8rem;\"><a href=\"https:\/\/goias.gov.br\/procuradoria\/procuradora-chefe-do-contencioso-de-pessoal\/\">Procuradora-Chefe do Contencioso de Pessoal<\/a><\/strong><br \/>ADRIANE NOGUEIRA NAVES PEREZ<\/p><p><strong style=\"margin-block-end: -1.8rem;\"><a href=\"https:\/\/goias.gov.br\/procuradoria\/procurador-chefe-da-procuradoria-na-capital-federal\/\">Procurador-Chefe da Procuradoria na Capital Federal <\/a><\/strong><br \/>LAZARO REIS PINHEIRO SILVA\u00a0<\/p>\t\t\t\t\t\t\t\t<\/div>\n\t\t\t\t\t<\/div>\n\t\t\t\t<\/div>\n\t\t\t\t<\/div>\n\t\t","protected":false},"excerpt":{"rendered":"<p>Procurador-Geral do EstadoRAFAEL ARRUDA OLIVEIRA Procuradora-Chefe de GabineteHELIANNY SIQUEIRA ALVES Chefe de Comunica\u00e7\u00e3o SetorialVINICIUS BRAGA DA SILVA Procurador-Chefe de Consultoria-GeralMURILO NUNES MAGALHAES Procuradora-Chefe da CorregedoriaMHELIZA MARIANI MENDES LOYOLA RIOS MACHADO Superintendente de Gest\u00e3o IntegradaVITOR RODRIGUES ALVES Superintendente de Tecnologia da Informa\u00e7\u00e3oAUGUSTO CAMILO DA SILVA NETO Subprocuradora-Geral de Assuntos AdministrativosLUCIANA BENVINDA BETTINI E SOUZA DE REZENDE [&hellip;]<\/p>\n","protected":false},"author":33,"featured_media":0,"parent":0,"menu_order":0,"comment_status":"closed","ping_status":"closed","template":"","meta":{"footnotes":""},"class_list":["post-8711","page","type-page","status-publish","hentry"],"rttpg_featured_image_url":null,"rttpg_author":{"display_name":"ricardocosta","author_link":"https:\/\/goias.gov.br\/procuradoria\/author\/ricardocosta\/"},"rttpg_comment":0,"rttpg_category":null,"rttpg_excerpt":"Procurador-Geral do EstadoRAFAEL ARRUDA OLIVEIRA Procuradora-Chefe de GabineteHELIANNY SIQUEIRA ALVES Chefe de Comunica\u00e7\u00e3o SetorialVINICIUS BRAGA DA SILVA Procurador-Chefe de Consultoria-GeralMURILO NUNES MAGALHAES Procuradora-Chefe da CorregedoriaMHELIZA MARIANI MENDES LOYOLA RIOS MACHADO Superintendente de Gest\u00e3o IntegradaVITOR RODRIGUES ALVES Superintendente de Tecnologia da Informa\u00e7\u00e3oAUGUSTO CAMILO DA SILVA NETO Subprocuradora-Geral de Assuntos AdministrativosLUCIANA BENVINDA BETTINI E SOUZA DE REZENDE&hellip;","_links":{"self":[{"href":"https:\/\/goias.gov.br\/procuradoria\/wp-json\/wp\/v2\/pages\/8711","targetHints":{"allow":["GET"]}}],"collection":[{"href":"https:\/\/goias.gov.br\/procuradoria\/wp-json\/wp\/v2\/pages"}],"about":[{"href":"https:\/\/goias.gov.br\/procuradoria\/wp-json\/wp\/v2\/types\/page"}],"author":[{"embeddable":true,"href":"https:\/\/goias.gov.br\/procuradoria\/wp-json\/wp\/v2\/users\/33"}],"replies":[{"embeddable":true,"href":"https:\/\/goias.gov.br\/procuradoria\/wp-json\/wp\/v2\/comments?post=8711"}],"version-history":[{"count":2,"href":"https:\/\/goias.gov.br\/procuradoria\/wp-json\/wp\/v2\/pages\/8711\/revisions"}],"predecessor-version":[{"id":161868,"href":"https:\/\/goias.gov.br\/procuradoria\/wp-json\/wp\/v2\/pages\/8711\/revisions\/161868"}],"wp:attachment":[{"href":"https:\/\/goias.gov.br\/procuradoria\/wp-json\/wp\/v2\/media?parent=8711"}],"curies":[{"name":"wp","href":"https:\/\/api.w.org\/{rel}","templated":true}]}}