

{"id":8708,"date":"2023-12-18T10:39:45","date_gmt":"2023-12-18T13:39:45","guid":{"rendered":"https:\/\/siteshom.goias.gov.br\/procuradoria\/?page_id=8708"},"modified":"2026-02-02T15:08:28","modified_gmt":"2026-02-02T18:08:28","slug":"fale-conosco","status":"publish","type":"page","link":"https:\/\/goias.gov.br\/procuradoria\/fale-conosco\/","title":{"rendered":"Fale Conosco"},"content":{"rendered":"\t\t<div data-elementor-type=\"wp-page\" data-elementor-id=\"8708\" class=\"elementor elementor-8708\">\n\t\t\t\t<div class=\"elementor-element elementor-element-cb94170 e-flex e-con-boxed e-con e-parent\" data-id=\"cb94170\" data-element_type=\"container\" data-e-type=\"container\">\n\t\t\t\t\t<div class=\"e-con-inner\">\n\t\t<div class=\"elementor-element elementor-element-01779a5 e-con-full e-flex e-con e-child\" data-id=\"01779a5\" data-element_type=\"container\" data-e-type=\"container\">\n\t\t\t\t<div class=\"elementor-element elementor-element-79c4c58 elementor-widget elementor-widget-shortcode\" data-id=\"79c4c58\" data-element_type=\"widget\" data-e-type=\"widget\" data-widget_type=\"shortcode.default\">\n\t\t\t\t\t\t\t<div class=\"elementor-shortcode\">\n<div class=\"wpcf7 no-js\" id=\"wpcf7-f8707-o1\" lang=\"pt-BR\" dir=\"ltr\" data-wpcf7-id=\"8707\">\n<div class=\"screen-reader-response\"><p role=\"status\" aria-live=\"polite\" aria-atomic=\"true\"><\/p> <ul><\/ul><\/div>\n<form action=\"\/procuradoria\/wp-json\/wp\/v2\/pages\/8708#wpcf7-f8707-o1\" method=\"post\" class=\"wpcf7-form init\" aria-label=\"Formul\u00e1rios de contato\" novalidate=\"novalidate\" data-status=\"init\">\n<fieldset class=\"hidden-fields-container\"><input type=\"hidden\" name=\"_wpcf7\" value=\"8707\" \/><input type=\"hidden\" name=\"_wpcf7_version\" value=\"6.1.5\" \/><input type=\"hidden\" name=\"_wpcf7_locale\" value=\"pt_BR\" \/><input type=\"hidden\" name=\"_wpcf7_unit_tag\" value=\"wpcf7-f8707-o1\" \/><input type=\"hidden\" name=\"_wpcf7_container_post\" value=\"0\" \/><input type=\"hidden\" name=\"_wpcf7_posted_data_hash\" value=\"\" \/>\n<\/fieldset>\n<p><label> Nome<br \/>\n<span class=\"wpcf7-form-control-wrap\" data-name=\"your-name\"><input size=\"40\" maxlength=\"400\" class=\"wpcf7-form-control wpcf7-text wpcf7-validates-as-required\" autocomplete=\"name\" aria-required=\"true\" aria-invalid=\"false\" value=\"\" type=\"text\" name=\"your-name\" \/><\/span> <\/label>\n<\/p>\n<p><label> E-mail<br \/>\n<span class=\"wpcf7-form-control-wrap\" data-name=\"your-email\"><input size=\"40\" maxlength=\"400\" class=\"wpcf7-form-control wpcf7-email wpcf7-validates-as-required wpcf7-text wpcf7-validates-as-email\" autocomplete=\"email\" aria-required=\"true\" aria-invalid=\"false\" value=\"\" type=\"email\" name=\"your-email\" \/><\/span> <\/label>\n<\/p>\n<p><label> Assunto<br \/>\n<span class=\"wpcf7-form-control-wrap\" data-name=\"your-subject\"><input size=\"40\" maxlength=\"400\" class=\"wpcf7-form-control wpcf7-text wpcf7-validates-as-required\" aria-required=\"true\" aria-invalid=\"false\" value=\"\" type=\"text\" name=\"your-subject\" \/><\/span> <\/label>\n<\/p>\n<p><label> Mensagem<br \/>\n<span class=\"wpcf7-form-control-wrap\" data-name=\"your-message\"><textarea cols=\"40\" rows=\"10\" maxlength=\"2000\" class=\"wpcf7-form-control wpcf7-textarea\" aria-invalid=\"false\" name=\"your-message\"><\/textarea><\/span> <\/label>\n<\/p>\n<p><input class=\"wpcf7-form-control wpcf7-submit has-spinner\" type=\"submit\" value=\"Enviar\" \/>\n<\/p><div class=\"wpcf7-response-output\" aria-hidden=\"true\"><\/div>\n<\/form>\n<\/div>\n<\/div>\n\t\t\t\t\t\t<\/div>\n\t\t\t\t<\/div>\n\t\t<div class=\"elementor-element elementor-element-c77d159 e-con-full e-flex e-con e-child\" data-id=\"c77d159\" data-element_type=\"container\" data-e-type=\"container\">\n\t\t\t\t<div class=\"elementor-element elementor-element-03b603b elementor-widget elementor-widget-text-editor\" data-id=\"03b603b\" data-element_type=\"widget\" data-e-type=\"widget\" data-widget_type=\"text-editor.default\">\n\t\t\t\t\t\t\t\t\t<p>Rua 02, esquina com a Avenida Rep\u00fablica do L\u00edbano<br \/>Quadra D-02, lotes 20\/26\/28, n\u00ba 293. Edif\u00edcio Republic Tower<br \/>Setor Oeste \u2013 Goi\u00e2nia\/GO \u2013 CEP \u2013 74.110-130<br \/>Atendimento: 08h \u00e0s 12h e 14h \u00e0s 18h<\/p>\n<p><strong>Recep\u00e7\u00e3o<br \/><\/strong>Telefone: (62) 3252-8500<\/p>\n<p><strong>Ouvidoria Setorial<br \/><\/strong>E-mail:\u00a0<a href=\"\\&quot;\\\\&quot;\\\\\\\\&quot;\\\\\\\\\\\\\\\\&quot;\\\\\\\\\\\\\\\\\\\\\\\\\\\\\\\\&quot;\\\\\\\\\\\\\\\\\\\\\\\\\\\\\\\\\\\\\\\\\\\\\\\\\\\\\\\\\\\\\\\\&quot;mailto:ouvidoria@pge.go.gov.br\\\\\\\\\\\\\\\\\\\\\\\\\\\\\\\\\\\\\\\\\\\\\\\\\\\\\\\\\\\\\\\\&quot;\\\\\\\\\\\\\\\\\\\\\\\\\\\\\\\\&quot;\\\\\\\\\\\\\\\\&quot;\\\\\\\\&quot;\\\\&quot;\\&quot;\">ouvidoria@pge.go.gov.br<\/a><br \/>Telefone &#8211; <em>WhatsApp<\/em>: (62) 3252-8599<\/p>\n<p><strong>Imprensa<br \/><\/strong>E-mail:\u00a0<a href=\"\\&quot;\\\\&quot;\\\\\\\\&quot;\\\\\\\\\\\\\\\\&quot;\\\\\\\\\\\\\\\\\\\\\\\\\\\\\\\\&quot;\\\\\\\\\\\\\\\\\\\\\\\\\\\\\\\\\\\\\\\\\\\\\\\\\\\\\\\\\\\\\\\\&quot;mailto:%20comunicacao@pge.go.gov.br\\\\\\\\\\\\\\\\\\\\\\\\\\\\\\\\\\\\\\\\\\\\\\\\\\\\\\\\\\\\\\\\&quot;\\\\\\\\\\\\\\\\\\\\\\\\\\\\\\\\&quot;\\\\\\\\\\\\\\\\&quot;\\\\\\\\&quot;\\\\&quot;\\&quot;\">comunicacao@pge.go.gov.br<\/a><br \/>Telefone: (62) 3252-8593 \/ (62) 3252-8594<\/p>\n<p><code><\/code><\/p>\t\t\t\t\t\t\t\t<\/div>\n\t\t\t\t<\/div>\n\t\t\t\t\t<\/div>\n\t\t\t\t<\/div>\n\t\t\t\t<\/div>\n\t\t","protected":false},"excerpt":{"rendered":"<p>Rua 02, esquina com a Avenida Rep\u00fablica do L\u00edbanoQuadra D-02, lotes 20\/26\/28, n\u00ba 293. Edif\u00edcio Republic TowerSetor Oeste \u2013 Goi\u00e2nia\/GO \u2013 CEP \u2013 74.110-130Atendimento: 08h \u00e0s 12h e 14h \u00e0s 18h Recep\u00e7\u00e3oTelefone: (62) 3252-8500 Ouvidoria SetorialE-mail:\u00a0ouvidoria@pge.go.gov.brTelefone &#8211; WhatsApp: (62) 3252-8599 ImprensaE-mail:\u00a0comunicacao@pge.go.gov.brTelefone: (62) 3252-8593 \/ (62) 3252-8594<\/p>\n","protected":false},"author":7,"featured_media":0,"parent":0,"menu_order":0,"comment_status":"closed","ping_status":"closed","template":"","meta":{"footnotes":""},"class_list":["post-8708","page","type-page","status-publish","hentry"],"rttpg_featured_image_url":null,"rttpg_author":{"display_name":"gustavogoncalves","author_link":"https:\/\/goias.gov.br\/procuradoria\/author\/gustavogoncalves\/"},"rttpg_comment":0,"rttpg_category":null,"rttpg_excerpt":"Rua 02, esquina com a Avenida Rep\u00fablica do L\u00edbanoQuadra D-02, lotes 20\/26\/28, n\u00ba 293. Edif\u00edcio Republic TowerSetor Oeste \u2013 Goi\u00e2nia\/GO \u2013 CEP \u2013 74.110-130Atendimento: 08h \u00e0s 12h e 14h \u00e0s 18h Recep\u00e7\u00e3oTelefone: (62) 3252-8500 Ouvidoria SetorialE-mail:\u00a0ouvidoria@pge.go.gov.brTelefone &#8211; WhatsApp: (62) 3252-8599 ImprensaE-mail:\u00a0comunicacao@pge.go.gov.brTelefone: (62) 3252-8593 \/ (62) 3252-8594","_links":{"self":[{"href":"https:\/\/goias.gov.br\/procuradoria\/wp-json\/wp\/v2\/pages\/8708","targetHints":{"allow":["GET"]}}],"collection":[{"href":"https:\/\/goias.gov.br\/procuradoria\/wp-json\/wp\/v2\/pages"}],"about":[{"href":"https:\/\/goias.gov.br\/procuradoria\/wp-json\/wp\/v2\/types\/page"}],"author":[{"embeddable":true,"href":"https:\/\/goias.gov.br\/procuradoria\/wp-json\/wp\/v2\/users\/7"}],"replies":[{"embeddable":true,"href":"https:\/\/goias.gov.br\/procuradoria\/wp-json\/wp\/v2\/comments?post=8708"}],"version-history":[{"count":2,"href":"https:\/\/goias.gov.br\/procuradoria\/wp-json\/wp\/v2\/pages\/8708\/revisions"}],"predecessor-version":[{"id":139260,"href":"https:\/\/goias.gov.br\/procuradoria\/wp-json\/wp\/v2\/pages\/8708\/revisions\/139260"}],"wp:attachment":[{"href":"https:\/\/goias.gov.br\/procuradoria\/wp-json\/wp\/v2\/media?parent=8708"}],"curies":[{"name":"wp","href":"https:\/\/api.w.org\/{rel}","templated":true}]}}