

{"id":8693,"date":"2023-12-15T11:42:20","date_gmt":"2023-12-15T14:42:20","guid":{"rendered":"https:\/\/siteshom.goias.gov.br\/procuradoria\/?page_id=8693"},"modified":"2026-03-03T15:11:04","modified_gmt":"2026-03-03T18:11:04","slug":"institucional","status":"publish","type":"page","link":"https:\/\/goias.gov.br\/procuradoria\/institucional\/","title":{"rendered":"Institucional"},"content":{"rendered":"\t\t<div data-elementor-type=\"wp-page\" data-elementor-id=\"8693\" class=\"elementor elementor-8693\">\n\t\t\t\t<div class=\"elementor-element elementor-element-1c9b1b7 e-flex e-con-boxed e-con e-parent\" data-id=\"1c9b1b7\" data-element_type=\"container\" data-e-type=\"container\">\n\t\t\t\t\t<div class=\"e-con-inner\">\n\t\t<div class=\"elementor-element elementor-element-479ed67 e-con-full e-flex e-con e-child\" data-id=\"479ed67\" data-element_type=\"container\" data-e-type=\"container\">\n\t\t\t\t<div class=\"elementor-element elementor-element-bc43859 elementor-widget elementor-widget-shortcode\" data-id=\"bc43859\" data-element_type=\"widget\" data-e-type=\"widget\" data-widget_type=\"shortcode.default\">\n\t\t\t\t\t\t\t<div class=\"elementor-shortcode\"><div data-post-id=\"10448\" class=\"insert-page insert-page-10448 \"><h1 class='insert-page-title'>Compet\u00eancias<\/h1>\n<p>Segundo o estabelecido na\u00a0<a href=\"https:\/\/legisla.casacivil.go.gov.br\/pesquisa_legislacao\/106749\/lei-21792\" target=\"_blank\" rel=\"noreferrer noopener\">Lei n\u00ba 21.792, de 16 de fevereiro de 2023,<\/a> e seus incisos:<\/p>\n<h4 class=\"artigo\"><span style=\"color: #008000;\">Art. 12. \u00c0 PGE competem:<\/span><\/h4>\n<p class=\"inciso\">I \u2013 o exerc\u00edcio, com exclusividade, da representa\u00e7\u00e3o judicial e da consultoria jur\u00eddica do Estado de Goi\u00e1s na administra\u00e7\u00e3o direta e indireta, ressalvados a representa\u00e7\u00e3o judicial, a consultoria e o assessoramento t\u00e9cnico\u2013 jur\u00eddico do Poder Legislativo;<\/p>\n<p class=\"inciso\">II \u2013 a inscri\u00e7\u00e3o e a cobran\u00e7a administrativa dos cr\u00e9ditos n\u00e3o tribut\u00e1rios que lhe forem atribu\u00eddos por lei, bem como, privativamente, a cobran\u00e7a judicial de cr\u00e9ditos da d\u00edvida ativa tribut\u00e1ria e n\u00e3o tribut\u00e1ria estadual; e<\/p>\n<p class=\"inciso\">III \u2013 a promo\u00e7\u00e3o da defesa administrativa ou judicial dos agentes p\u00fablicos quando forem questionados seus atos administrativos praticados no exerc\u00edcio da respectiva fun\u00e7\u00e3o em conson\u00e2ncia com a orienta\u00e7\u00e3o jur\u00eddica da pr\u00f3pria PGE, ressalvada a defesa dos agentes p\u00fablicos do Poder Legislativo, que compete \u00e0 Procuradoria\u2013 Geral da Assembleia Legislativa.<\/p>\n<h4 class=\"paragrafo\"><span style=\"color: #008000;\">Confira a legisla\u00e7\u00e3o complementar da PGE:<\/span><\/h4>\n<ul>\n<li><a href=\"https:\/\/legisla.casacivil.go.gov.br\/pesquisa_legislacao\/109067\/decreto-10489\">Decreto n\u00ba 10.489, de 2 de julho de 2024.<\/a><br \/>Aprova o Regulamento da Procuradoria-Geral do Estado e d\u00e1 outras provid\u00eancias.<\/li>\n<li><a class=\"\" href=\"https:\/\/legisla.casacivil.go.gov.br\/pesquisa_legislacao\/100990\/lei-complementar-058\" target=\"_blank\" rel=\"noopener\">Lei Complementar 58, de 04 de Julho de 2006<\/a><br \/>Disp\u00f5e sobre a organiza\u00e7\u00e3o da Procuradoria-Geral do Estado e d\u00e1 outras provid\u00eancias.<\/li>\n<\/ul>\n<ul class='post-meta'>\n<li><span class='post-meta-key'>rank_math_internal_links_processed:<\/span> 1<\/li>\n<li><span class='post-meta-key'>rank_math_seo_score:<\/span> 12<\/li>\n<\/ul>\n<\/div><\/div>\n\t\t\t\t\t\t<\/div>\n\t\t\t\t<div class=\"elementor-element elementor-element-6b15cbe elementor-widget elementor-widget-shortcode\" data-id=\"6b15cbe\" data-element_type=\"widget\" data-e-type=\"widget\" data-widget_type=\"shortcode.default\">\n\t\t\t\t\t\t\t<div class=\"elementor-shortcode\"><div data-post-id=\"10452\" class=\"insert-page insert-page-10452 \"><h1 class='insert-page-title'>Endere\u00e7os, Telefones, E-mails e Hor\u00e1rios de Atendimento<\/h1>\n<p>Rua 02, esquina com a Avenida Rep\u00fablica do L\u00edbano<br \/>Quadra D-02, lotes 20\/26\/28, n\u00ba 293. Edif\u00edcio Republic Tower<br \/>Setor Oeste \u2013 Goi\u00e2nia\/GO \u2013 CEP \u2013 74.110-130<br \/>Atendimento: 08h \u00e0s 12h e 14h \u00e0s 18h<\/p>\n<p><strong>Recep\u00e7\u00e3o<\/strong><br \/>Telefone: (62) 3252-8500\u2028<\/p>\n<p><strong>Ouvidoria Setorial<br \/><\/strong>E-mail: <a href=\"mailto:ouvidoria@pge.go.gov.br\">ouvidoria@pge.go.gov.br<\/a><br \/>Telefone &#8211; <em>WhatsApp<\/em>: (62) 3252-8599\u2028<\/p>\n<p><strong>Imprensa<br \/><\/strong>E-mail: <a href=\"mailto: comunicacao@pge.go.gov.br\">comunicacao@pge.go.gov.br<\/a><br \/>Telefone: (62) 3252-8593 \/ (62) 3252-8594<\/p>\n<h4><br \/>Unidades da PGE:<br \/><\/h4>\n<ul>\n<li><a href=\"https:\/\/goias.gov.br\/procuradoria\/cargos-e-seus-ocupantes\/\">Cargos e Seus Ocupantes<\/a><\/li>\n<li><a href=\"https:\/\/goias.gov.br\/procuradoria\/procuradorias-setoriais\/\">Procuradorias Setorias<\/a><\/li>\n<li><a href=\"https:\/\/goias.gov.br\/procuradoria\/procuradorias-regionais-2\/\">Procuradorias Regionais<\/a><\/li>\n<\/ul>\n<h4>Mais informa\u00e7\u00f5es sobre a PGE:<\/h4>\n<ul>\n<li><a href=\"https:\/\/goias.gov.br\/procuradoria\/nossa-historia\/\">Conhe\u00e7a a hist\u00f3ria da PGE<\/a><\/li>\n<li><a href=\"https:\/\/goias.gov.br\/procuradoria\/galeria-de-secretarios\/\">Galeria de Procuradores-Gerais<\/a><\/li>\n<li><a href=\"https:\/\/goias.gov.br\/procuradoria\/lista-de-procuradores-do-estado-de-goias\/\">Lista de Procuradores<\/a><\/li>\n<li><a href=\"https:\/\/goias.gov.br\/procuradoria\/conselho-de-procuradores\/\">Conselho de Procuradores<\/a><\/li>\n<li><a href=\"https:\/\/goias.gov.br\/procuradoria\/medalha-do-merito-da-pge\/\">Medalha do M\u00e9rito da PGE<\/a><br \/><br \/><br \/><br \/><br \/>\u00daltima Atualiza\u00e7\u00e3o em abril de 2026<\/li>\n<\/ul>\n<ul class='post-meta'>\n<li><span class='post-meta-key'>rank_math_internal_links_processed:<\/span> 1<\/li>\n<li><span class='post-meta-key'>rank_math_seo_score:<\/span> 16<\/li>\n<\/ul>\n<\/div><\/div>\n\t\t\t\t\t\t<\/div>\n\t\t\t\t<\/div>\n\t\t<div class=\"elementor-element elementor-element-c5cdf1a e-con-full e-flex e-con e-child\" data-id=\"c5cdf1a\" data-element_type=\"container\" data-e-type=\"container\">\n\t\t\t\t<div class=\"elementor-element elementor-element-f4a2b33 elementor-widget elementor-widget-shortcode\" data-id=\"f4a2b33\" data-element_type=\"widget\" data-e-type=\"widget\" data-widget_type=\"shortcode.default\">\n\t\t\t\t\t\t\t<div class=\"elementor-shortcode\"><div data-post-id=\"10450\" class=\"insert-page insert-page-10450 \"><h1 class='insert-page-title'>Procurador-Geral<\/h1><p><\/p>\n<p class=\"is-layout-flow wp-block-column-is-layout-flow\"><\/p>\n<figure><\/figure>\n<figure>\n<h3 style=\"color: #15284b;\"><img fetchpriority=\"high\" fetchpriority=\"high\" decoding=\"async\" src=\"https:\/\/goias.gov.br\/procuradoria\/wp-content\/uploads\/sites\/41\/2026\/01\/RAFAEL-ARRUDA-12-1-769x1024.jpg\" alt=\"\" width=\"769\" height=\"1024\" \/><\/h3>\n<h3 style=\"color: #15284b;\">Curr\u00edculo<br \/>Rafael Arruda Oliveira<br \/>Procurador-Geral do Estado<\/h3>\n<p>Doutor em Direito P\u00fablico pela Universidade do Estado do Rio de Janeiro (UERJ). Mestre em Ci\u00eancias Jur\u00eddico-Econ\u00f4micas pela Faculdade de Direito da Universidade de Lisboa (Portugal). Graduado em Direito pela Universidade Federal de Mato Grosso do Sul (UFMS). Ingressou no cargo de procurador do Estado de Goi\u00e1s no ano de 2006.<\/p>\n<\/figure>\n<p><\/p>\n<p><\/p><ul class='post-meta'>\n<li><span class='post-meta-key'>rank_math_internal_links_processed:<\/span> 1<\/li>\n<li><span class='post-meta-key'>rank_math_seo_score:<\/span> 8<\/li>\n<li><span class='post-meta-key'>rank_math_og_content_image:<\/span> a:2:{s:5:\"check\";s:32:\"a43a18d2ac52875d5904111866c76602\";s:6:\"images\";a:1:{i:0;i:10463;}}<\/li>\n<\/ul>\n<\/div><\/div>\n\t\t\t\t\t\t<\/div>\n\t\t\t\t<div class=\"elementor-element elementor-element-5d5c8f9 elementor-widget elementor-widget-shortcode\" data-id=\"5d5c8f9\" data-element_type=\"widget\" data-e-type=\"widget\" data-widget_type=\"shortcode.default\">\n\t\t\t\t\t\t\t<div class=\"elementor-shortcode\"><div data-post-id=\"10454\" class=\"insert-page insert-page-10454 \"><h1 class='insert-page-title'>Estrutura Organizacional<\/h1>\n<figure class=\"wp-block-image size-large\"><a href=\"https:\/\/goias.gov.br\/procuradoria\/wp-content\/uploads\/sites\/41\/2025\/06\/ESTRUTURA-ORGANIZACIONAL-PGE-GO.jpeg\"><img decoding=\"async\" width=\"1024\" height=\"786\" src=\"https:\/\/goias.gov.br\/procuradoria\/wp-content\/uploads\/sites\/41\/2025\/06\/ESTRUTURA-ORGANIZACIONAL-PGE-GO-1024x786.jpeg\" alt=\"A imagem cont\u00e9m o Organograma apresentando a Estrutura Organizacional da Procuradoria-Geral do Estado de Goi\u00e1s.\" class=\"wp-image-82865\" srcset=\"https:\/\/goias.gov.br\/procuradoria\/wp-content\/uploads\/sites\/41\/2025\/06\/ESTRUTURA-ORGANIZACIONAL-PGE-GO-1024x786.jpeg 1024w, https:\/\/goias.gov.br\/procuradoria\/wp-content\/uploads\/sites\/41\/2025\/06\/ESTRUTURA-ORGANIZACIONAL-PGE-GO-300x230.jpeg 300w, https:\/\/goias.gov.br\/procuradoria\/wp-content\/uploads\/sites\/41\/2025\/06\/ESTRUTURA-ORGANIZACIONAL-PGE-GO-768x590.jpeg 768w, https:\/\/goias.gov.br\/procuradoria\/wp-content\/uploads\/sites\/41\/2025\/06\/ESTRUTURA-ORGANIZACIONAL-PGE-GO-1536x1179.jpeg 1536w, https:\/\/goias.gov.br\/procuradoria\/wp-content\/uploads\/sites\/41\/2025\/06\/ESTRUTURA-ORGANIZACIONAL-PGE-GO-2048x1572.jpeg 2048w\" sizes=\"(max-width: 1024px) 100vw, 1024px\" \/><\/a><\/figure>\n\n\n\n<p>Fonte: \u00a0<a class=\"\" href=\"https:\/\/legisla.casacivil.go.gov.br\/pesquisa_legislacao\/106749\/lei-21792\" target=\"_blank\" rel=\"noreferrer noopener\">Lei n\u00ba 21.792, de 16 de fevereiro de 2023<\/a><\/p>\n<p>\u00a0<\/p>\n\n\n\n<p class=\"has-text-align-right\"><\/p>\n<ul class='post-meta'>\n<li><span class='post-meta-key'>rank_math_internal_links_processed:<\/span> 1<\/li>\n<li><span class='post-meta-key'>rank_math_seo_score:<\/span> 23<\/li>\n<li><span class='post-meta-key'>rank_math_og_content_image:<\/span> a:2:{s:5:\"check\";s:32:\"450c1e819f6c3d1f1e561e563fdb9e22\";s:6:\"images\";a:1:{i:0;i:57608;}}<\/li>\n<\/ul>\n<\/div><\/div>\n\t\t\t\t\t\t<\/div>\n\t\t\t\t<\/div>\n\t\t\t\t\t<\/div>\n\t\t\t\t<\/div>\n\t\t\t\t<\/div>\n\t\t","protected":false},"excerpt":{"rendered":"","protected":false},"author":7,"featured_media":0,"parent":0,"menu_order":0,"comment_status":"closed","ping_status":"closed","template":"wppb_theme_template","meta":{"footnotes":""},"class_list":["post-8693","page","type-page","status-publish","hentry"],"rttpg_featured_image_url":null,"rttpg_author":{"display_name":"gustavogoncalves","author_link":"https:\/\/goias.gov.br\/procuradoria\/author\/gustavogoncalves\/"},"rttpg_comment":0,"rttpg_category":null,"rttpg_excerpt":null,"_links":{"self":[{"href":"https:\/\/goias.gov.br\/procuradoria\/wp-json\/wp\/v2\/pages\/8693","targetHints":{"allow":["GET"]}}],"collection":[{"href":"https:\/\/goias.gov.br\/procuradoria\/wp-json\/wp\/v2\/pages"}],"about":[{"href":"https:\/\/goias.gov.br\/procuradoria\/wp-json\/wp\/v2\/types\/page"}],"author":[{"embeddable":true,"href":"https:\/\/goias.gov.br\/procuradoria\/wp-json\/wp\/v2\/users\/7"}],"replies":[{"embeddable":true,"href":"https:\/\/goias.gov.br\/procuradoria\/wp-json\/wp\/v2\/comments?post=8693"}],"version-history":[{"count":2,"href":"https:\/\/goias.gov.br\/procuradoria\/wp-json\/wp\/v2\/pages\/8693\/revisions"}],"predecessor-version":[{"id":139600,"href":"https:\/\/goias.gov.br\/procuradoria\/wp-json\/wp\/v2\/pages\/8693\/revisions\/139600"}],"wp:attachment":[{"href":"https:\/\/goias.gov.br\/procuradoria\/wp-json\/wp\/v2\/media?parent=8693"}],"curies":[{"name":"wp","href":"https:\/\/api.w.org\/{rel}","templated":true}]}}