

{"id":8685,"date":"2023-12-15T11:10:41","date_gmt":"2023-12-15T14:10:41","guid":{"rendered":"https:\/\/siteshom.goias.gov.br\/procuradoria\/?page_id=8685"},"modified":"2024-07-08T22:38:52","modified_gmt":"2024-07-09T01:38:52","slug":"mapa-do-site","status":"publish","type":"page","link":"https:\/\/goias.gov.br\/procuradoria\/mapa-do-site\/","title":{"rendered":"Mapa do Site"},"content":{"rendered":"<div id=\"custom-sitemap\" class=\"sitemap-container\"><div class='sitemap-group'><h3>A<\/h3><ul><li><a href='https:\/\/goias.gov.br\/procuradoria\/acesso-a-informacao\/' target='_blank'>ACESSO \u00c0 INFORMA\u00c7\u00c3O<\/a><\/li><li><a href='https:\/\/portal.al.go.leg.br\/' target='_blank'>ASSEMBLEIA LEGISLATIVA DO ESTADO DE GOI\u00c1S<\/a><\/li><li><a href='https:\/\/goias.gov.br\/procuradoria\/agenda-de-autoridades\/' target='_blank'>AGENDA DE AUTORIDADES<\/a><\/li><li><a href='https:\/\/goias.gov.br\/procuradoria\/convenios-com-outras-entidades\/' target='_blank'>ACORDOS SEM TRANSFER\u00caNCIA DE RECURSOS<\/a><\/li><li><a href='https:\/\/goias.gov.br\/procuradoria\/autoridade-de-monitoramento-de-pedidos-de-acesso-a-informacao\/' target='_blank'>AUTORIDADE DE MONITORAMENTO DE APLICA\u00c7\u00c3O DA LAI<\/a><\/li><li><a href='https:\/\/goias.gov.br\/procuradoria\/audiencias-publicas\/' target='_blank'>AUDI\u00caNCIAS P\u00daBLICAS<\/a><\/li><\/ul><\/div><div class='sitemap-group'><h3>B<\/h3><ul><li><a href='https:\/\/goias.gov.br\/procuradoria\/biblioteca-digital\/' target='_blank'>BIBLIOTECA DIGITAL<\/a><\/li><li><a href='https:\/\/goias.gov.br\/procuradoria\/wp-content\/uploads\/sites\/41\/2025\/05\/Relatorio-de-bens-moveis.pdf' target='_blank'>BENS M\u00d3VEIS<\/a><\/li><li><a href='https:\/\/goias.gov.br\/procuradoria\/wp-content\/uploads\/sites\/41\/2025\/05\/SEI_74701562_Declaracao_17.pdf' target='_blank'>BENS IM\u00d3VEIS<\/a><\/li><li><a href='https:\/\/goias.gov.br\/economia\/prestacao-de-contas-de-governo\/' target='_blank'>BALAN\u00c7O GERAL DO ESTADO<\/a><\/li><\/ul><\/div><div class='sitemap-group'><h3>C<\/h3><ul><li><a href='https:\/\/www.go.gov.br\/servicos\/servicos-por-orgao\/procuradoriageral-do-estado' target='_blank'>CARTA DE SERVI\u00c7OS<\/a><\/li><li><a href='https:\/\/goias.gov.br\/procuradoria\/cartilhas-e-minutas\/' target='_blank'>CARTILHAS E MINUTAS<\/a><\/li><li><a href='https:\/\/goias.gov.br\/procuradoria\/camara-de-conciliacao-mediacao-e-arbitragem-da-administracao-estadual-ccma\/' target='_blank'>C\u00c2MARA DE CONCILIA\u00c7\u00c3O<\/a><\/li><li><a href='https:\/\/goias.gov.br\/procuradoria\/centro-de-estudos\/' target='_blank'>CENTRO DE ESTUDOS<\/a><\/li><li><a href='https:\/\/goias.gov.br\/procuradoria\/concursos-e-selecoes\/' target='_blank'>CONCURSOS E PROCESSOS SELETIVOS<\/a><\/li><li><a href='https:\/\/boaspraticas.cnj.jus.br\/pratica\/327' target='_blank'>CEJUSC DA SA\u00daDE<\/a><\/li><li><a href='https:\/\/legisla.casacivil.go.gov.br\/pesquisa_legislacao\/103904\/decreto-9837' target='_blank'>C\u00d3DIGO DE \u00c9TICA<\/a><\/li><li><a href='https:\/\/goias.gov.br\/controladoria' target='_blank'>CONTROLADORIA-GERAL DO ESTADO DE GOI\u00c1S<\/a><\/li><li><a href='https:\/\/goias.gov.br\/governo\/cadastro-de-autoridade\/' target='_blank'>CADASTRO DE AUTORIDADES<\/a><\/li><li><a href='https:\/\/goias.gov.br\/procuradoria\/institucional\/' target='_blank'>COMPET\u00caNCIAS<\/a><\/li><li><a href='https:\/\/goias.gov.br\/procuradoria\/cargos-e-seus-ocupantes\/' target='_blank'>CARGOS E SEUS OCUPANTES<\/a><\/li><li><a href='https:\/\/www.go.gov.br\/servicos\/servicos-por-orgao\/procuradoriageral-do-estado' target='_blank'>CARTA\u00a0DE SERVI\u00c7OS<\/a><\/li><li><a href='https:\/\/goias.gov.br\/procuradoria\/conselho-de-procuradores\/' target='_blank'>CONSELHOS<\/a><\/li><li><a href='https:\/\/goias.gov.br\/procuradoria\/wp-content\/uploads\/sites\/41\/2018\/06\/CadeiadeValordaPGE-507.pdf' target='_blank'>CADEIA DE VALOR<\/a><\/li><li><a href='https:\/\/goias.gov.br\/procuradoria\/convenios-e-transferencias\/' target='_blank'>CONV\u00caNIOS RECEBIDOS<\/a><\/li><li><a href='https:\/\/goias.gov.br\/procuradoria\/termos-de-colaboracao\/' target='_blank'>CONV\u00caNIOS CONCEDIDOS<\/a><\/li><li><a href='https:\/\/www.comprasnet.go.gov.br\/' target='_blank'>COMPRASNET<\/a><\/li><li><a href='https:\/\/www.transparencia.go.gov.br\/wp-content\/uploads\/sites\/2\/painel\/lai.php?painel=contratos_detalhamento&orgao=pge' target='_blank'>CONTRATOS<\/a><\/li><li><a href='https:\/\/www.transparencia.go.gov.br\/wp-content\/uploads\/sites\/2\/painel\/lai.php?painel=contratos_emergenciais&orgao=pge' target='_blank'>CONTRATOS EMERGENCIAIS<\/a><\/li><li><a href='https:\/\/goias.gov.br\/procuradoria\/relacao-de-bens-imoveis-alugados\/' target='_blank'>CONTRATOS DE LOCA\u00c7\u00c3O DE IM\u00d3VEIS<\/a><\/li><li><a href='https:\/\/goias.gov.br\/procuradoria\/informacoes-classificadas-sigilosas\/' target='_blank'>CLASSIFICA\u00c7\u00c3O DAS INFORMA\u00c7\u00d5ES SIGILOSAS<\/a><\/li><li><a href='https:\/\/goias.gov.br\/procuradoria\/consultas-publicas-2\/' target='_blank'>CONSULTAS P\u00daBLICAS<\/a><\/li><\/ul><\/div><div class='sitemap-group'><h3>D<\/h3><ul><li><a href='https:\/\/www.go.gov.br\/servicos\/servico-id\/1031' target='_blank'>D\u00cdVIDA ATIVA - EMITIR CERTID\u00c3O<\/a><\/li><li><a href='https:\/\/www.go.gov.br\/servicos\/servico-id\/1032' target='_blank'>D\u00cdVIDA ATIVA - VALIDAR CERTID\u00c3O<\/a><\/li><li><a href='https:\/\/www.go.gov.br\/servicos\/servico-id\/148' target='_blank'>D\u00cdVIDA ATIVA - EMITIR DARE<\/a><\/li><li><a href='https:\/\/dadosabertos.go.gov.br\/' target='_blank'>DADOS ABERTOS<\/a><\/li><li><a href='https:\/\/www.go.gov.br\/servicos-digitais\/cge\/nova-ouvidoria\/nova-manifestacao\/tela-negativo?orgao=27' target='_blank'>DEN\u00daNCIAS CONTRA CORRUP\u00c7\u00c3O<\/a><\/li><li><a href='http:\/\/diariooficial.abc.go.gov.br\/' target='_blank'>DI\u00c1RIO OFICIAL<\/a><\/li><li><a href='https:\/\/dadosabertos.go.gov.br\/' target='_blank'>DADOS ABERTOS GOI\u00c1S<\/a><\/li><li><a href='https:\/\/app.powerbi.com\/view?r=eyJrIjoiNDc4YmQyNzktMjJkZC00NTEzLTk1ZWMtZTA0MzRiNTE2NzY0IiwidCI6IjY3ZmQ0MzFjLWIyYWQtNDg2Ny04MWJjLWQ3NTYyMjBiNTZkNCJ9' target='_blank'>D\u00cdVIDA ATIVA<\/a><\/li><li><a href='https:\/\/goias.gov.br\/procuradoria\/doacoes\/' target='_blank'>DOA\u00c7\u00d5ES<\/a><\/li><li><a href='https:\/\/www.transparencia.go.gov.br\/wp-content\/uploads\/sites\/2\/painel\/lai.php?painel=diarias&orgao=pge' target='_blank'>DI\u00c1RIAS<\/a><\/li><li><a href='https:\/\/dadosabertos.go.gov.br\/organization\/procuradoria-geral-do-estado-de-goias' target='_blank'>DADOS ABERTOS\u00a0GOI\u00c1S<\/a><\/li><\/ul><\/div><div class='sitemap-group'><h3>E<\/h3><ul><li><a href='https:\/\/outlook.office.com' target='_blank'>E-MAIL CORPORATIVO<\/a><\/li><li><a href='https:\/\/goias.gov.br\/procuradoria\/editais\/' target='_blank'>EDITAIS<\/a><\/li><li><a href='https:\/\/www.go.gov.br\/servicos-digitais\/cge\/nova-ouvidoria\/pedido-informacao-publica?orgao=27&tipo_manifestacao=7' target='_blank'>E-SIC<\/a><\/li><li><a href='https:\/\/www.go.gov.br\/servicos-digitais\/cge\/nova-ouvidoria\/pedido-informacao-publica?orgao=27&tipo_manifestacao=7' target='_blank'>E-SIC - SERVI\u00c7O ELETR\u00d4NICO DE INFORMA\u00c7\u00c3O AO CIDAD\u00c3O<\/a><\/li><li><a href='https:\/\/www.go.gov.br\/' target='_blank'>EXPRESSO GOI\u00c1S<\/a><\/li><li><a href='https:\/\/portal.go.gov.br\/' target='_blank'>EXPRESSO APLICA\u00c7\u00d5ES<\/a><\/li><li><a href='https:\/\/www.go.gov.br\/' target='_blank'>EXPRESSO SERVIDOR<\/a><\/li><li><a href='https:\/\/goias.gov.br\/escoladegoverno\/' target='_blank'>ESCOLA DE GOVERNO<\/a><\/li><li><a href='https:\/\/goias.gov.br\/administracao\/procuradoria-geral-do-estado-dados-gerais\/' target='_blank'>ESTRUTURA ORGANIZACIONAL<\/a><\/li><li><a href='https:\/\/goias.gov.br\/procuradoria\/canais-de-atendimento\/' target='_blank'>ENDERE\u00c7OS, TELEFONES, E-MAILS E HOR\u00c1RIOS DE ATENDIMENTO<\/a><\/li><li><a href='https:\/\/www.transparencia.go.gov.br\/wp-content\/uploads\/sites\/2\/painel\/lai.php?painel=empenhos&orgao=pge' target='_blank'>EMPENHOS E PAGAMENTOS:  PGE<\/a><\/li><li><a href='https:\/\/www.transparencia.go.gov.br\/wp-content\/uploads\/sites\/2\/painel\/lai.php?painel=empenhos&orgao=pge_funproge' target='_blank'>EMPENHOS E PAGAMENTOS:  FUNPROGE<\/a><\/li><li><a href='https:\/\/www.transparencia.go.gov.br\/wp-content\/uploads\/sites\/2\/painel\/lai.php?painel=execucao_orcamentaria_visao_geral&orgao=pge' target='_blank'>EXECU\u00c7\u00c3O OR\u00c7AMENT\u00c1RIA:  PGE<\/a><\/li><li><a href='https:\/\/www.transparencia.go.gov.br\/wp-content\/uploads\/sites\/2\/painel\/lai.php?painel=execucao_orcamentaria_visao_geral&orgao=pge_funproge' target='_blank'>EXECU\u00c7\u00c3O OR\u00c7AMENT\u00c1RIA:  FUNPROGE<\/a><\/li><li><a href='https:\/\/goias.gov.br\/procuradoria\/emendas-parlamentares-estaduais\/' target='_blank'>EMENDAS PARLAMENTARES ESTADUAIS<\/a><\/li><li><a href='https:\/\/goias.gov.br\/procuradoria\/emendas-parlamentares-federais\/' target='_blank'>EMENDAS PARLAMENTARES FEDERAIS<\/a><\/li><li><a href='https:\/\/www.go.gov.br\/servicos-digitais\/cge\/nova-ouvidoria\/nova-manifestacao?orgao=27' target='_blank'>E-SIC ELETR\u00d4NICO<\/a><\/li><li><a href='https:\/\/goias.gov.br\/procuradoria\/lei-geral-de-protecao-de-dados-2\/' target='_blank'>ENCARREGADO PELO TRATAMENTO DOS DADOS PESSOAIS<\/a><\/li><\/ul><\/div><div class='sitemap-group'><h3>F<\/h3><ul><li><a href='https:\/\/goias.gov.br\/procuradoria\/fale-conosco\/' target='_blank'>FALE CONOSCO<\/a><\/li><li><a href='https:\/\/www.transparencia.go.gov.br\/wp-content\/uploads\/sites\/2\/painel\/lai.php?painel=folha_de_pagamento_salarios_de_servidores_ativos&orgao=pge' target='_blank'>FOLHA DE PAGAMENTO<\/a><\/li><li><a href='http:\/\/www.transparencia.go.gov.br\/lai.php?painel=execucao_orcamentaria_visao_geral&orgao=pge_funproge' target='_blank'>1451 (FUNDO DE REAPARELHAMENTO E MANUTEN\u00c7\u00c3O DA PROCURADORIA-GERAL DO ESTADO DE GOI\u00c1S - FUNPROGE)<\/a><\/li><\/ul><\/div><div class='sitemap-group'><h3>G<\/h3><ul><li><a href='https:\/\/goias.gov.br\/procuradoria\/gestao-de-pessoas\/' target='_blank'>GEST\u00c3O DE PESSOAS<\/a><\/li><li><a href='https:\/\/www.gov.br\/' target='_blank'>GOVERNO FEDERAL<\/a><\/li><li><a href='https:\/\/transparencia.go.gov.br\/' target='_blank'>GOI\u00c1S TRANSPAR\u00caNCIA<\/a><\/li><li><a href='https:\/\/www.transparencia.go.gov.br\/wp-content\/uploads\/sites\/2\/painel\/lai.php?painel=gastos_governamentais&orgao=pge' target='_blank'>GASTOS GOVERNAMENTAIS:  PGE<\/a><\/li><li><a href='https:\/\/www.transparencia.go.gov.br\/wp-content\/uploads\/sites\/2\/painel\/lai.php?painel=gastos_governamentais&orgao=pge_funproge' target='_blank'>GASTOS GOVERNAMENTAIS:  FUNPROGE<\/a><\/li><li><a href='https:\/\/www.transparencia.go.gov.br\/wp-content\/uploads\/sites\/2\/painel\/lai.php?painel=publicidade_propaganda&orgao=pge' target='_blank'>GASTOS EM PUBLICIDADE E PROPAGANDA:  PGE<\/a><\/li><li><a href='https:\/\/www.transparencia.go.gov.br\/wp-content\/uploads\/sites\/2\/painel\/lai.php?painel=publicidade_propaganda&orgao=pge_funproge' target='_blank'>GASTOS EM PUBLICIDADE E PROPAGANDA:  FUNPROGE<\/a><\/li><\/ul><\/div><div class='sitemap-group'><h3>H<\/h3><ul><li><a href='https:\/\/goias.gov.br\/procuradoria\/helpdesk-pge\/' target='_blank'>HELPDESK PGE<\/a><\/li><li><a href='https:\/\/goias.gov.br\/procuradoria\/nossa-historia\/' target='_blank'>HIST\u00d3RICO<\/a><\/li><\/ul><\/div><div class='sitemap-group'><h3>I<\/h3><ul><li><a href='https:\/\/goias.gov.br\/procuradoria\/institucional\/' target='_blank'>INSTITUCIONAL<\/a><\/li><li><a href='https:\/\/www.transparencia.go.gov.br\/wp-content\/uploads\/sites\/2\/painel\/lai.php?painel=pda&orgao=pge' target='_blank'>INVENT\u00c1RIO DE DADOS<\/a><\/li><\/ul><\/div><div class='sitemap-group'><h3>J<\/h3><ul><li><a href='https:\/\/goias.gov.br\/procuradoria\/julgamento-de-contas-pelo-tce-go\/' target='_blank'>JULGAMENTO DE CONTAS PELO TCE-GO<\/a><\/li><\/ul><\/div><div class='sitemap-group'><h3>L<\/h3><ul><li><a href='https:\/\/goias.gov.br\/procuradoria\/legislacao\/' target='_blank'>LEGISLA\u00c7\u00c3O<\/a><\/li><li><a href='https:\/\/goias.gov.br\/procuradoria\/lei-geral-de-protecao-de-dados-2\/' target='_blank'>LGPD<\/a><\/li><li><a href='https:\/\/goias.gov.br\/procuradoria\/licitacoes-e-contratacoes-da-pge\/' target='_blank'>LICITA\u00c7\u00d5ES<\/a><\/li><li><a href='https:\/\/goias.gov.br\/procuradoria\/legislacao\/' target='_blank'>LEGISLA\u00c7\u00c3O APLIC\u00c1VEL<\/a><\/li><li><a href='https:\/\/www.transparencia.go.gov.br\/wp-content\/uploads\/sites\/2\/painel\/lai.php?painel=folha_de_pagamento_salarios_de_estagiarios_ativos&orgao=pge' target='_blank'>LISTA DE ESTAGI\u00c1RIOS<\/a><\/li><li><a href='https:\/\/goias.gov.br\/procuradoria\/lista-de-procuradores-do-estado-de-goias\/' target='_blank'>LISTA DE PROCURADORES<\/a><\/li><li><a href='https:\/\/www.transparencia.go.gov.br\/wp-content\/uploads\/sites\/2\/painel\/lai.php?painel=licitacoes_licitacoes_concluidas&orgao=pge' target='_blank'>LICITA\u00c7\u00d5ES - COMPRASNET<\/a><\/li><li><a href='https:\/\/www.transparencia.go.gov.br\/wp-content\/uploads\/sites\/2\/painel\/lai.php?painel=licitacoes_concluidas_sislog&orgao=PGE' target='_blank'>LICITA\u00c7\u00d5ES - SISLOG<\/a><\/li><li><a href='https:\/\/transparencia.go.gov.br\/fornecedores-impedidos\/' target='_blank'>LICITANTES SANCIONADOS ADMINISTRATIVAMENTE<\/a><\/li><li><a href='https:\/\/transparencia.go.gov.br\/orcamento-e-planejamento-pecas\/' target='_blank'>LDO\u00a0\/\u00a0LOA<\/a><\/li><li><a href='https:\/\/legisla.casacivil.go.gov.br\/pesquisa_legislacao\/90142\/lei-18025' target='_blank'>LEI DE ACESSO \u00c0 INFORMA\u00c7\u00c3O ESTADUAL<\/a><\/li><\/ul><\/div><div class='sitemap-group'><h3>M<\/h3><ul><li><a href='https:\/\/www.mpgo.mp.br\/portal\/' target='_blank'>MINIST\u00c9RIO P\u00daBLICO DO ESTADO DE GOI\u00c1S<\/a><\/li><li><a href='https:\/\/goias.gov.br\/procuradoria\/monitoramento-de-programas-projetos-acoes-e-atividades-2\/' target='_blank'>MONITORAMENTO DE PROGRAMAS, PROJETOS, A\u00c7\u00d5ES E ATIVIDADES<\/a><\/li><\/ul><\/div><div class='sitemap-group'><h3>O<\/h3><ul><li><a href='https:\/\/goias.gov.br\/procuradoria\/orientacoes\/' target='_blank'>ORIENTA\u00c7\u00d5ES<\/a><\/li><li><a href='https:\/\/www.go.gov.br\/servicos-digitais\/cge\/nova-ouvidoria?orgao=27' target='_blank'>OUVIDORIA<\/a><\/li><li><a href='https:\/\/www.go.gov.br\/servicos-digitais\/cge\/nova-ouvidoria?orgao=27' target='_blank'>OUVIDORIA SETORIAL (EXPRESSO)<\/a><\/li><li><a href='https:\/\/goias.gov.br\/procuradoria\/ouvidoria-setorial\/' target='_blank'>OUVIDORIA SETORIAL (PRESENCIAL)<\/a><\/li><li><a href='https:\/\/www.transparencia.go.gov.br\/wp-content\/uploads\/sites\/2\/painel\/lai.php?painel=ordem_cronologica_despesas&orgao=pge' target='_blank'>ORDEM CRONOL\u00d3GICA DE PAGAMENTOS:\u00a0 PGE<\/a><\/li><li><a href='https:\/\/www.transparencia.go.gov.br\/wp-content\/uploads\/sites\/2\/painel\/lai.php?painel=ordem_cronologica_despesas&orgao=pge_funproge' target='_blank'>ORDEM CRONOL\u00d3GICA DE PAGAMENTOS:\u00a0 FUNPROGE<\/a><\/li><li><a href='https:\/\/goias.gov.br\/procuradoria\/obras\/' target='_blank'>OBRAS<\/a><\/li><li><a href='https:\/\/goias.gov.br\/procuradoria\/obras-paralisadas\/' target='_blank'>OBRAS PARALISADAS<\/a><\/li><li><a href='https:\/\/goias.gov.br\/procuradoria\/consultas-publicas\/' target='_blank'>OBRAS - AUDI\u00caNCIAS\/CONSULTAS P\u00daBLICAS<\/a><\/li><li><a href='https:\/\/goias.gov.br\/procuradoria\/servico-acesso-a-informacao-pge-2\/' target='_blank'>OUVIDORIA - ATENDIMENTO PRESENCIAL<\/a><\/li><\/ul><\/div><div class='sitemap-group'><h3>P<\/h3><ul><li><a href='https:\/\/transparencia.go.gov.br\/' target='_blank'>PORTAL DA TRANSPAR\u00caNCIA<\/a><\/li><li><a href='https:\/\/goias.gov.br\/controladoria\/programa-de-compliance-publico-do-governo-de-goias\/' target='_blank'>PCP<\/a><\/li><li><a href='https:\/\/goias.gov.br\/procuradoria\/' target='_blank'>PROCURADORIA-GERAL DO ESTADO DE GOI\u00c1S<\/a><\/li><li><a href='https:\/\/goias.gov.br\/procuradoria\/compliance-publico-na-procuradoria-geral-do-estado-de-goias\/' target='_blank'>PROGRAMA DE COMPLIANCE - PCP<\/a><\/li><li><a href='https:\/\/goias.gov.br\/procuradoria\/sobre-a-procuradoria-geral-do-estado-de-goias\/' target='_blank'>PERGUNTAS E RESPOSTAS FREQUENTES<\/a><\/li><li><a href='https:\/\/sislog.go.gov.br\/pca' target='_blank'>PCA - PLANO DE CONTRATA\u00c7\u00d5ES ANUAL<\/a><\/li><li><a href='https:\/\/www.gov.br\/pncp\/pt-br\/acesso-a-informacao\/painel-pncp-em-numeros\/pncp-em-numeros-contratacoes\/pncp-em-numeros-municipio' target='_blank'>PNCP<\/a><\/li><li><a href='https:\/\/goias.gov.br\/procuradoria\/parcerias-com-oscs\/' target='_blank'>PARCERIAS COM OSCS<\/a><\/li><li><a href='https:\/\/goias.gov.br\/procuradoria\/plano-estrategico-institucional\/' target='_blank'>PLANO ESTRAT\u00c9GICO INSTITUCIONAL<\/a><\/li><li><a href='https:\/\/ppa.go.gov.br\/' target='_blank'>PPA<\/a><\/li><li><a href='https:\/\/www.planalto.gov.br\/ccivil_03\/_ato2015-2018\/2018\/lei\/l13709.htm' target='_blank'>POL\u00cdTICA DE PRIVACIDADE E PROTE\u00c7\u00c3O DE DADOS<\/a><\/li><li><a href='https:\/\/app.powerbi.com\/view?r=eyJrIjoiNmRhN2MzZmYtMWZkMi00ODdmLWJhNGQtYTJkODcwNDJlMTU4IiwidCI6IjY3ZmQ0MzFjLWIyYWQtNDg2Ny04MWJjLWQ3NTYyMjBiNTZkNCJ9' target='_blank'>PESQUISAS DE SATISFA\u00c7\u00c3O<\/a><\/li><li><a href='https:\/\/transparencia.go.gov.br\/' target='_blank'>PORTAL GOI\u00c1S TRANSPARENTE<\/a><\/li><li><a href='https:\/\/goias.gov.br\/procuradoria\/wp-content\/uploads\/sites\/41\/2025\/06\/SEI_76222798_Declaracao_22.pdf' target='_blank'>PROJETOS DE PARTICIPA\u00c7\u00c3O SOCIAL<\/a><\/li><li><a href='https:\/\/goias.gov.br\/procuradoria\/wp-content\/uploads\/sites\/41\/2025\/06\/SEI_76224428_Declaracao_23.pdf' target='_blank'>PROJETO DE INOVA\u00c7\u00c3O NO SERVI\u00c7O P\u00daBLICO<\/a><\/li><\/ul><\/div><div class='sitemap-group'><h3>R<\/h3><ul><li><a href='https:\/\/www.go.gov.br\/servicos\/servico-id\/156' target='_blank'>REALIZAR CONCILIA\u00c7\u00c3O, MEDIA\u00c7\u00c3O E ARBITRAGEM<\/a><\/li><li><a href='https:\/\/radardatransparencia.atricon.org.br\/' target='_blank'>RADAR DA TRANSPAR\u00caNCIA<\/a><\/li><li><a href='http:\/\/www.transparencia.go.gov.br\/lai.php?painel=receitas_estaduais&orgao=pge' target='_blank'>RECEITA ESTADUAL -\u00a0 PGE,<\/a><\/li><li><a href='http:\/\/www.transparencia.go.gov.br\/lai.php?painel=receitas_estaduais&orgao=pge_funproge' target='_blank'>RECEITA ESTADUAL -\u00a0 FUNPROGE<\/a><\/li><li><a href='https:\/\/goias.gov.br\/procuradoria\/relacao-de-terceirizados\/' target='_blank'>RELA\u00c7\u00c3O DE TERCEIRIZADOS<\/a><\/li><li><a href='https:\/\/www.transparencia.go.gov.br\/wp-content\/uploads\/sites\/2\/painel\/lai.php?painel=contratos_fiscais_e_gestores&orgao=pge' target='_blank'>RELA\u00c7\u00c3O DOS FISCAIS DOS CONTRATOS<\/a><\/li><li><a href='https:\/\/goias.gov.br\/procuradoria\/wp-content\/uploads\/sites\/41\/2025\/05\/SEI_74714852_Declaracao_11.pdf' target='_blank'>RELA\u00c7\u00c3O DE VE\u00cdCULOS<\/a><\/li><li><a href='https:\/\/goias.gov.br\/procuradoria\/relatorio-de-gestao-ou-atividades\/' target='_blank'>RELAT\u00d3RIO DE GEST\u00c3O OU ATIVIDADES<\/a><\/li><li><a href='https:\/\/transparencia.go.gov.br\/gestao-fiscal-e-governamental-rgf\/' target='_blank'>RGF<\/a><\/li><li><a href='https:\/\/transparencia.go.gov.br\/rreo\/' target='_blank'>RREO<\/a><\/li><li><a href='https:\/\/www.ouvidoriageral.go.gov.br\/api\/relatorio_gestao.php?tipo=7&orgao=27' target='_blank'>RELAT\u00d3RIOS DE PEDIDOS DE ACESSO \u00c0 INFORMA\u00c7\u00c3O<\/a><\/li><li><a href='https:\/\/goias.gov.br\/procuradoria\/relatorio-de-gestao-de-ouvidoria-pge\/' target='_blank'>RELAT\u00d3RIO DE GEST\u00c3O DE OUVIDORIA<\/a><\/li><\/ul><\/div><div class='sitemap-group'><h3>S<\/h3><ul><li><a href='https:\/\/goias.gov.br\/administracao\/siga-eng\/' target='_blank'>SIGA<\/a><\/li><li><a href='https:\/\/www.go.gov.br\/unidadesvaptvupt' target='_blank'>SIC - SERVI\u00c7O DE INFORMA\u00c7\u00c3O AO CIDAD\u00c3O<\/a><\/li><li><a href='https:\/\/sei.go.gov.br\/sei\/modulos\/goias\/login-sei\/MdGoiasLoginSEI.php?acao=md_goias_login_SEI&sigla_orgao_sistema=GOVERNADORIA&sigla_sistema=SEI&infra_url=L3NlaS8=' target='_blank'>SEI GOVERNADORIA<\/a><\/li><li><a href='https:\/\/sislog.go.gov.br\/' target='_blank'>SISLOG<\/a><\/li><li><a href='https:\/\/www.go.gov.br\/servicos-digitais\/vapt-vupt\/unidades-e-filas\/unidades' target='_blank'>SIC F\u00cdSICO - UNIDADES DO VAPT VUPT<\/a><\/li><\/ul><\/div><div class='sitemap-group'><h3>T<\/h3><ul><li><a href='http:\/\/www.tjgo.jus.br\/' target='_blank'>TRIBUNAL DE JUSTI\u00c7A DO ESTADO DE GOI\u00c1S<\/a><\/li><li><a href='https:\/\/goias.gov.br\/procuradoria\/camara-de-conciliacao-mediacao-e-arbitragem-da-administracao-estadual-ccma\/' target='_blank'>TERMOS DE ACORDO, ADITIVOS E OUTROS\u00a0- CCMA<\/a><\/li><\/ul><\/div><div class='sitemap-group'><h3>V<\/h3><ul><li><a href='https:\/\/www.apeg.org.br\/comite-gestor-honorarios' target='_blank'>VALORES APURADOS - HONOR\u00c1RIOS<\/a><\/li><\/ul><\/div><\/div>\n","protected":false},"excerpt":{"rendered":"","protected":false},"author":7,"featured_media":0,"parent":0,"menu_order":0,"comment_status":"closed","ping_status":"closed","template":"","meta":{"footnotes":""},"class_list":["post-8685","page","type-page","status-publish","hentry"],"rttpg_featured_image_url":null,"rttpg_author":{"display_name":"gustavogoncalves","author_link":"https:\/\/goias.gov.br\/procuradoria\/author\/gustavogoncalves\/"},"rttpg_comment":0,"rttpg_category":null,"rttpg_excerpt":null,"_links":{"self":[{"href":"https:\/\/goias.gov.br\/procuradoria\/wp-json\/wp\/v2\/pages\/8685","targetHints":{"allow":["GET"]}}],"collection":[{"href":"https:\/\/goias.gov.br\/procuradoria\/wp-json\/wp\/v2\/pages"}],"about":[{"href":"https:\/\/goias.gov.br\/procuradoria\/wp-json\/wp\/v2\/types\/page"}],"author":[{"embeddable":true,"href":"https:\/\/goias.gov.br\/procuradoria\/wp-json\/wp\/v2\/users\/7"}],"replies":[{"embeddable":true,"href":"https:\/\/goias.gov.br\/procuradoria\/wp-json\/wp\/v2\/comments?post=8685"}],"version-history":[{"count":2,"href":"https:\/\/goias.gov.br\/procuradoria\/wp-json\/wp\/v2\/pages\/8685\/revisions"}],"predecessor-version":[{"id":11848,"href":"https:\/\/goias.gov.br\/procuradoria\/wp-json\/wp\/v2\/pages\/8685\/revisions\/11848"}],"wp:attachment":[{"href":"https:\/\/goias.gov.br\/procuradoria\/wp-json\/wp\/v2\/media?parent=8685"}],"curies":[{"name":"wp","href":"https:\/\/api.w.org\/{rel}","templated":true}]}}