

{"id":8680,"date":"2023-12-15T10:46:34","date_gmt":"2023-12-15T13:46:34","guid":{"rendered":"https:\/\/siteshom.goias.gov.br\/procuradoria\/?page_id=8680"},"modified":"2026-03-24T15:20:06","modified_gmt":"2026-03-24T18:20:06","slug":"home","status":"publish","type":"page","link":"https:\/\/goias.gov.br\/procuradoria\/","title":{"rendered":"Home"},"content":{"rendered":"\t\t<div data-elementor-type=\"wp-page\" data-elementor-id=\"8680\" class=\"elementor elementor-8680\">\n\t\t\t\t<div class=\"elementor-element elementor-element-257903a e-flex e-con-boxed e-con e-parent\" data-id=\"257903a\" data-element_type=\"container\" data-e-type=\"container\">\n\t\t\t\t\t<div class=\"e-con-inner\">\n\t\t\t\t<div class=\"elementor-element elementor-element-7db784e elementor-widget elementor-widget-heading\" data-id=\"7db784e\" data-element_type=\"widget\" data-e-type=\"widget\" data-widget_type=\"heading.default\">\n\t\t\t\t\t<h2 class=\"elementor-heading-title elementor-size-default\">Em Destaque<\/h2>\t\t\t\t<\/div>\n\t\t\t\t\t<\/div>\n\t\t\t\t<\/div>\n\t\t<div class=\"elementor-element elementor-element-8c93b2c news-destaque-grid e-flex e-con-boxed e-con e-parent\" data-id=\"8c93b2c\" data-element_type=\"container\" data-e-type=\"container\" id=\"g-grid-news\">\n\t\t\t\t\t<div class=\"e-con-inner\">\n\t\t\t\t<div class=\"elementor-element elementor-element-80e13cc elementor-widget elementor-widget-shortcode\" data-id=\"80e13cc\" data-element_type=\"widget\" data-e-type=\"widget\" data-widget_type=\"shortcode.default\">\n\t\t\t\t\t\t\t<div class=\"elementor-shortcode\"><style type='text\/css' media='all'>#rt-tpg-container-3003349656 .rt-holder .rt-woo-info .price{color:#0367bf;}body .rt-tpg-container .rt-tpg-isotope-buttons .selected,\n\t\t\t\t\t#rt-tpg-container-3003349656 .layout12 .rt-holder:hover .rt-detail,\n\t\t\t\t\t#rt-tpg-container-3003349656 .isotope8 .rt-holder:hover .rt-detail,\n\t\t\t\t\t#rt-tpg-container-3003349656 .carousel8 .rt-holder:hover .rt-detail,\n\t\t\t\t\t#rt-tpg-container-3003349656 .layout13 .rt-holder .overlay .post-info,\n\t\t\t\t\t#rt-tpg-container-3003349656 .isotope9 .rt-holder .overlay .post-info,\n\t\t\t\t\t#rt-tpg-container-3003349656.rt-tpg-container .layout4 .rt-holder .rt-detail,\n\t\t\t\t\t.rt-modal-3003349656 .md-content,\n\t\t\t\t\t.rt-modal-3003349656 .md-content > .rt-md-content-holder .rt-md-content,\n\t\t\t\t\t.rt-popup-wrap-3003349656.rt-popup-wrap .rt-popup-navigation-wrap,\n\t\t\t\t\t#rt-tpg-container-3003349656 .carousel9 .rt-holder .overlay .post-info{background-color:#0367bf;}#rt-tpg-container-3003349656 .layout5 .rt-holder .overlay, #rt-tpg-container-3003349656 .isotope2 .rt-holder .overlay, #rt-tpg-container-3003349656 .carousel2 .rt-holder .overlay,#rt-tpg-container-3003349656 .layout15 .rt-holder h3, #rt-tpg-container-3003349656 .isotope11 .rt-holder h3, #rt-tpg-container-3003349656 .carousel11 .rt-holder h3, #rt-tpg-container-3003349656 .layout16 .rt-holder h3,\n\t\t\t\t\t#rt-tpg-container-3003349656 .isotope12 .rt-holder h3, #rt-tpg-container-3003349656 .carousel12 .rt-holder h3 {background-color:rgba(3,103,191,0.8);}#rt-tpg-container-3003349656 .read-more a{border-radius:px;}#rt-tpg-container-3003349656 .rt-img-holder img.rt-img-responsive,#rt-tpg-container-3003349656 .rt-img-holder,\n\t\t\t\t\t#rt-tpg-container-3003349656 .rt-post-overlay .post-img,\n\t\t\t\t\t#rt-tpg-container-3003349656 .post-sm .post-img,\n\t\t\t\t\t#rt-tpg-container-3003349656 .rt-post-grid .post-img,\n\t\t\t\t\t#rt-tpg-container-3003349656 .post-img img {border-radius:px;}<\/style><div class='rt-container-fluid rt-tpg-container tpg-shortcode-main-wrapper three-destaque' id='rt-tpg-container-3003349656'   data-layout='layout1' data-grid-style='even' data-desktop-col='3'  data-tab-col='2'  data-mobile-col='1' data-sc-id='17496'><div data-title='Loading ...' class='rt-row rt-content-loader   layout1 tpg-even '><div class=\"rt-col-md-4 rt-col-sm-6 rt-col-xs-12 even-grid-item rt-grid-item\" data-id=\"160344\"><div class=\"rt-holder\"><div class=\"rt-img-holder\"><a data-id=\"160344\" class=\"\" href=\"https:\/\/goias.gov.br\/procuradoria\/pge-go-reforca-seu-quadro-institucional-com-a-posse-de-dois-novos-procuradores\/\"><img fetchpriority=\"high\" decoding=\"async\" width=\"2560\" height=\"1921\" src=\"https:\/\/goias.gov.br\/procuradoria\/wp-content\/uploads\/sites\/41\/2026\/05\/WhatsApp-Image-2026-05-11-at-14.52.04-1.jpeg\" class=\"rt-img-responsive \" alt=\"\" \/><\/a><\/div><div class='rt-detail'><h3 class=\"entry-title\"><a data-id=\"160344\" class=\"\" href=\"https:\/\/goias.gov.br\/procuradoria\/pge-go-reforca-seu-quadro-institucional-com-a-posse-de-dois-novos-procuradores\/\">PGE-GO refor\u00e7a seu quadro institucional com a posse de dois novos procuradores<\/a><\/h3><div class='post-meta-user  '><span class='date'>11 de maio de 2026<\/span><\/div><\/div><\/div><\/div><div class=\"rt-col-md-4 rt-col-sm-6 rt-col-xs-12 even-grid-item rt-grid-item\" data-id=\"159963\"><div class=\"rt-holder\"><div class=\"rt-img-holder\"><a data-id=\"159963\" class=\"\" href=\"https:\/\/goias.gov.br\/procuradoria\/no-stf-pge-go-defende-royalties-do-petroleo-como-instrumento-de-equilibrio-federativo\/\"><img decoding=\"async\" width=\"1600\" height=\"904\" src=\"https:\/\/goias.gov.br\/procuradoria\/wp-content\/uploads\/sites\/41\/2026\/05\/WhatsApp-Image-2026-05-07-at-09.42.57.jpeg\" class=\"rt-img-responsive \" alt=\"\" \/><\/a><\/div><div class='rt-detail'><h3 class=\"entry-title\"><a data-id=\"159963\" class=\"\" href=\"https:\/\/goias.gov.br\/procuradoria\/no-stf-pge-go-defende-royalties-do-petroleo-como-instrumento-de-equilibrio-federativo\/\">No STF, PGE-GO defende royalties do petr\u00f3leo como instrumento de equil\u00edbrio federativo<\/a><\/h3><div class='post-meta-user  '><span class='date'>7 de maio de 2026<\/span><\/div><\/div><\/div><\/div><div class=\"rt-col-md-4 rt-col-sm-6 rt-col-xs-12 even-grid-item rt-grid-item\" data-id=\"141882\"><div class=\"rt-holder\"><div class=\"rt-img-holder\"><a data-id=\"141882\" class=\"\" href=\"https:\/\/goias.gov.br\/procuradoria\/saiba-como-regularizar-suas-dividas-tributarias-pelo-quita-goias-virtualmente\/\"><img decoding=\"async\" width=\"1600\" height=\"800\" src=\"https:\/\/goias.gov.br\/procuradoria\/wp-content\/uploads\/sites\/41\/2026\/02\/WhatsApp-Image-2026-02-10-at-10.53.55.jpeg\" class=\"rt-img-responsive \" alt=\"\" \/><\/a><\/div><div class='rt-detail'><h3 class=\"entry-title\"><a data-id=\"141882\" class=\"\" href=\"https:\/\/goias.gov.br\/procuradoria\/saiba-como-regularizar-suas-dividas-tributarias-pelo-quita-goias-virtualmente\/\">Saiba como regularizar suas d\u00edvidas tribut\u00e1rias pelo Quita Goi\u00e1s virtualmente<\/a><\/h3><div class='post-meta-user  '><span class='date'>10 de fevereiro de 2026<\/span><\/div><\/div><\/div><\/div><\/div><\/div><\/div>\n\t\t\t\t\t\t<\/div>\n\t\t\t\t\t<\/div>\n\t\t\t\t<\/div>\n\t\t<div class=\"elementor-element elementor-element-47f14c5 e-flex e-con-boxed e-con e-parent\" data-id=\"47f14c5\" data-element_type=\"container\" data-e-type=\"container\">\n\t\t\t\t\t<div class=\"e-con-inner\">\n\t\t\t\t<div class=\"elementor-element elementor-element-4614d3e elementor-widget elementor-widget-heading\" data-id=\"4614d3e\" data-element_type=\"widget\" data-e-type=\"widget\" data-widget_type=\"heading.default\">\n\t\t\t\t\t<h2 class=\"elementor-heading-title elementor-size-default\">Nossos servi\u00e7os<\/h2>\t\t\t\t<\/div>\n\t\t\t\t\t<\/div>\n\t\t\t\t<\/div>\n\t\t<div class=\"elementor-element elementor-element-33b417d e-con-full e-flex e-con e-parent\" data-id=\"33b417d\" data-element_type=\"container\" data-e-type=\"container\">\n\t\t<div class=\"elementor-element elementor-element-6398835 e-con-full e-flex e-con e-child\" data-id=\"6398835\" data-element_type=\"container\" data-e-type=\"container\" data-settings=\"{&quot;background_background&quot;:&quot;classic&quot;}\">\n\t\t\t\t<div class=\"elementor-element elementor-element-f2da73c elementor-widget elementor-widget-image\" data-id=\"f2da73c\" data-element_type=\"widget\" data-e-type=\"widget\" data-widget_type=\"image.default\">\n\t\t\t\t\t\t\t\t\t\t\t\t<figure class=\"wp-caption\">\n\t\t\t\t\t\t\t\t\t\t\t<a href=\"https:\/\/goias.gov.br\/procuradoria\/chamado-eleitoral\/\" target=\"_blank\">\n\t\t\t\t\t\t\t<img decoding=\"async\" src=\"https:\/\/goias.gov.br\/procuradoria\/wp-content\/uploads\/sites\/41\/elementor\/thumbs\/eleitoral-rkzauo0vbzrf8euce13eukwyzorvp4nf3u39443fey.png\" title=\"eleitoral\" alt=\"eleitoral\" loading=\"lazy\" \/>\t\t\t\t\t\t\t\t<\/a>\n\t\t\t\t\t\t\t\t\t\t\t<figcaption class=\"widget-image-caption wp-caption-text\">Eleitoral<\/figcaption>\n\t\t\t\t\t\t\t\t\t\t<\/figure>\n\t\t\t\t\t\t\t\t\t<\/div>\n\t\t\t\t<\/div>\n\t\t<div class=\"elementor-element elementor-element-3de809f e-con-full e-flex e-con e-child\" data-id=\"3de809f\" data-element_type=\"container\" data-e-type=\"container\" data-settings=\"{&quot;background_background&quot;:&quot;classic&quot;}\">\n\t\t\t\t<div class=\"elementor-element elementor-element-3b67e6a elementor-widget elementor-widget-image\" data-id=\"3b67e6a\" data-element_type=\"widget\" data-e-type=\"widget\" data-widget_type=\"image.default\">\n\t\t\t\t\t\t\t\t\t\t\t\t<figure class=\"wp-caption\">\n\t\t\t\t\t\t\t\t\t\t\t<a href=\"https:\/\/goias.gov.br\/procuradoria\/quita-goias-transacao-tributaria\/\" target=\"_blank\">\n\t\t\t\t\t\t\t<img decoding=\"async\" src=\"https:\/\/goias.gov.br\/procuradoria\/wp-content\/uploads\/sites\/41\/2025\/10\/QUITA-GOIAS-2.png\" title=\"\" alt=\"\" loading=\"lazy\" \/>\t\t\t\t\t\t\t\t<\/a>\n\t\t\t\t\t\t\t\t\t\t\t<figcaption class=\"widget-image-caption wp-caption-text\">Quita Goi\u00e1s - Transa\u00e7\u00e3o Tribut\u00e1ria<\/figcaption>\n\t\t\t\t\t\t\t\t\t\t<\/figure>\n\t\t\t\t\t\t\t\t\t<\/div>\n\t\t\t\t<\/div>\n\t\t<div class=\"elementor-element elementor-element-b28e9f6 e-con-full e-flex e-con e-child\" data-id=\"b28e9f6\" data-element_type=\"container\" data-e-type=\"container\" data-settings=\"{&quot;background_background&quot;:&quot;classic&quot;}\">\n\t\t\t\t<div class=\"elementor-element elementor-element-6639e7e elementor-widget elementor-widget-image\" data-id=\"6639e7e\" data-element_type=\"widget\" data-e-type=\"widget\" data-widget_type=\"image.default\">\n\t\t\t\t\t\t\t\t\t\t\t\t<figure class=\"wp-caption\">\n\t\t\t\t\t\t\t\t\t\t\t<a href=\"https:\/\/goias.gov.br\/procuradoria\/conciliacao\/\" target=\"_blank\">\n\t\t\t\t\t\t\t<img decoding=\"async\" src=\"https:\/\/goias.gov.br\/procuradoria\/wp-content\/uploads\/sites\/41\/2024\/08\/handshake.png\" title=\"\" alt=\"\" loading=\"lazy\" \/>\t\t\t\t\t\t\t\t<\/a>\n\t\t\t\t\t\t\t\t\t\t\t<figcaption class=\"widget-image-caption wp-caption-text\">Concilia\u00e7\u00e3o<\/figcaption>\n\t\t\t\t\t\t\t\t\t\t<\/figure>\n\t\t\t\t\t\t\t\t\t<\/div>\n\t\t\t\t<\/div>\n\t\t<div class=\"elementor-element elementor-element-668c9e5 e-con-full e-flex e-con e-child\" data-id=\"668c9e5\" data-element_type=\"container\" data-e-type=\"container\" data-settings=\"{&quot;background_background&quot;:&quot;classic&quot;}\">\n\t\t\t\t<div class=\"elementor-element elementor-element-b87b226 elementor-widget elementor-widget-image\" data-id=\"b87b226\" data-element_type=\"widget\" data-e-type=\"widget\" data-widget_type=\"image.default\">\n\t\t\t\t\t\t\t\t\t\t\t\t<figure class=\"wp-caption\">\n\t\t\t\t\t\t\t\t\t\t\t<a href=\"https:\/\/goias.gov.br\/procuradoria\/divida-ativa\/\" target=\"_blank\">\n\t\t\t\t\t\t\t<img decoding=\"async\" src=\"https:\/\/goias.gov.br\/procuradoria\/wp-content\/uploads\/sites\/41\/2024\/08\/display-chart-up-circle-dollar.png\" title=\"\" alt=\"\" loading=\"lazy\" \/>\t\t\t\t\t\t\t\t<\/a>\n\t\t\t\t\t\t\t\t\t\t\t<figcaption class=\"widget-image-caption wp-caption-text\">D\u00edvida Ativa - N\u00e3o Tribut\u00e1ria<\/figcaption>\n\t\t\t\t\t\t\t\t\t\t<\/figure>\n\t\t\t\t\t\t\t\t\t<\/div>\n\t\t\t\t<\/div>\n\t\t<div class=\"elementor-element elementor-element-cb72b30 e-con-full e-flex e-con e-child\" data-id=\"cb72b30\" data-element_type=\"container\" data-e-type=\"container\" data-settings=\"{&quot;background_background&quot;:&quot;classic&quot;}\">\n\t\t\t\t<div class=\"elementor-element elementor-element-2616d42 elementor-widget elementor-widget-image\" data-id=\"2616d42\" data-element_type=\"widget\" data-e-type=\"widget\" data-widget_type=\"image.default\">\n\t\t\t\t\t\t\t\t\t\t\t\t<figure class=\"wp-caption\">\n\t\t\t\t\t\t\t\t\t\t\t<a href=\"https:\/\/goias.gov.br\/procuradoria\/compensacao-de-precatorios\/%20\" target=\"_blank\">\n\t\t\t\t\t\t\t<img decoding=\"async\" src=\"https:\/\/goias.gov.br\/procuradoria\/wp-content\/uploads\/sites\/41\/2024\/08\/hand-holding-circle-dollar.png\" title=\"\" alt=\"\" loading=\"lazy\" \/>\t\t\t\t\t\t\t\t<\/a>\n\t\t\t\t\t\t\t\t\t\t\t<figcaption class=\"widget-image-caption wp-caption-text\">Precat\u00f3rios<\/figcaption>\n\t\t\t\t\t\t\t\t\t\t<\/figure>\n\t\t\t\t\t\t\t\t\t<\/div>\n\t\t\t\t<\/div>\n\t\t<div class=\"elementor-element elementor-element-9674238 e-con-full e-flex e-con e-child\" data-id=\"9674238\" data-element_type=\"container\" data-e-type=\"container\" data-settings=\"{&quot;background_background&quot;:&quot;classic&quot;}\">\n\t\t\t\t<div class=\"elementor-element elementor-element-3eac681 elementor-widget elementor-widget-image\" data-id=\"3eac681\" data-element_type=\"widget\" data-e-type=\"widget\" data-widget_type=\"image.default\">\n\t\t\t\t\t\t\t\t\t\t\t\t\t\t\t\t<a href=\"https:\/\/servicos.procuradoria.go.gov.br\/\" target=\"_blank\">\n\t\t\t\t\t\t\t<img decoding=\"async\" src=\"https:\/\/goias.gov.br\/procuradoria\/wp-content\/uploads\/sites\/41\/2024\/09\/Sgi-integra_ESCURO.png\" title=\"\" alt=\"\" loading=\"lazy\" \/>\t\t\t\t\t\t\t\t<\/a>\n\t\t\t\t\t\t\t\t\t\t\t\t\t\t\t<\/div>\n\t\t\t\t<\/div>\n\t\t<div class=\"elementor-element elementor-element-d68a359 e-con-full e-flex e-con e-child\" data-id=\"d68a359\" data-element_type=\"container\" data-e-type=\"container\" data-settings=\"{&quot;background_background&quot;:&quot;classic&quot;}\">\n\t\t\t\t<div class=\"elementor-element elementor-element-a633dfd elementor-widget elementor-widget-image\" data-id=\"a633dfd\" data-element_type=\"widget\" data-e-type=\"widget\" data-widget_type=\"image.default\">\n\t\t\t\t\t\t\t\t\t\t\t\t<figure class=\"wp-caption\">\n\t\t\t\t\t\t\t\t\t\t\t<a href=\"https:\/\/goias.gov.br\/procuradoria\/atuacao\/\" target=\"_blank\">\n\t\t\t\t\t\t\t<img decoding=\"async\" src=\"https:\/\/goias.gov.br\/procuradoria\/wp-content\/uploads\/sites\/41\/2024\/08\/memo-circle-check.png\" title=\"\" alt=\"\" loading=\"lazy\" \/>\t\t\t\t\t\t\t\t<\/a>\n\t\t\t\t\t\t\t\t\t\t\t<figcaption class=\"widget-image-caption wp-caption-text\">Atua\u00e7\u00e3o<\/figcaption>\n\t\t\t\t\t\t\t\t\t\t<\/figure>\n\t\t\t\t\t\t\t\t\t<\/div>\n\t\t\t\t<\/div>\n\t\t<div class=\"elementor-element elementor-element-6706d13 e-con-full e-flex e-con e-child\" data-id=\"6706d13\" data-element_type=\"container\" data-e-type=\"container\" data-settings=\"{&quot;background_background&quot;:&quot;classic&quot;}\">\n\t\t\t\t<div class=\"elementor-element elementor-element-c664ae1 elementor-widget elementor-widget-image\" data-id=\"c664ae1\" data-element_type=\"widget\" data-e-type=\"widget\" data-widget_type=\"image.default\">\n\t\t\t\t\t\t\t\t\t\t\t\t<figure class=\"wp-caption\">\n\t\t\t\t\t\t\t\t\t\t\t<a href=\"https:\/\/goias.gov.br\/procuradoria\/cejur\/\" target=\"_blank\">\n\t\t\t\t\t\t\t<img decoding=\"async\" src=\"https:\/\/goias.gov.br\/procuradoria\/wp-content\/uploads\/sites\/41\/2024\/08\/books.png\" title=\"\" alt=\"\" loading=\"lazy\" \/>\t\t\t\t\t\t\t\t<\/a>\n\t\t\t\t\t\t\t\t\t\t\t<figcaption class=\"widget-image-caption wp-caption-text\">CEJUR<\/figcaption>\n\t\t\t\t\t\t\t\t\t\t<\/figure>\n\t\t\t\t\t\t\t\t\t<\/div>\n\t\t\t\t<\/div>\n\t\t\t\t<\/div>\n\t\t<div class=\"elementor-element elementor-element-716c346 e-flex e-con-boxed e-con e-parent\" data-id=\"716c346\" data-element_type=\"container\" data-e-type=\"container\">\n\t\t\t\t\t<div class=\"e-con-inner\">\n\t\t\t\t<div class=\"elementor-element elementor-element-ead722a elementor-widget elementor-widget-shortcode\" data-id=\"ead722a\" data-element_type=\"widget\" data-e-type=\"widget\" data-widget_type=\"shortcode.default\">\n\t\t\t\t\t\t\t<div class=\"elementor-shortcode\"><div style=\"display:flex;align-items:center;margin-bottom:-23px;\"><h2 style=\"margin-right:10px;\">Acesso r\u00e1pido a servi\u00e7os<\/h2><a href=\"http:\/\/expresso.go.gov.br\/\" target=\"_blank\" rel=\"noopener\"><img decoding=\"async\" src=\"\/wp-content\/themes\/g5_padrao-institucional-2023\/images\/expresso.png\" alt=\"Expresso GO\"><\/a><\/div><div style='background-color:#EDF9FA;border-bottom:5px solid #E1F0F7;padding:20px;border-radius:10px;'><div class='api-card-container' style='justify-content:flex-start!important;'><a class='api-card api-link'\n            style='background:#fff;padding:20px;color:#333;border-radius:18px;border:.5px solid #cdc9cc;transition:all .3s;'\n            href='https:\/\/www.go.gov.br\/servicos\/servico\/emitir-certidao-negativapositiva-de-debitos-da-divida-ativa-nao-tributaria' target=\"_blank\" rel=\"noopener\"\n            onmouseover=\"this.style.borderColor='#9b59b6';this.style.background='radial-gradient(circle at top center, rgba(155,89,182,0.2) 0%, rgba(155,89,182,0.08) 15%, #fff 40%)';\"\n            onmouseout =\"this.style.borderColor='#cdc9cc';this.style.background='#fff';\"><div class='icon-container' style='text-align:center;margin-bottom:8px;margin-top:8px;'><i class='fa-solid fa-file-plus-minus fa-fw' style='font-size:38px;color:#9b59b6;' aria-hidden='true'><\/i><\/div><h3 style='text-align:center;color:#333;margin-bottom:20px;font-size:13px;line-height:1.3;'>Emitir CERTID\u00c3O NEGATIVA\/POSITIVA de D\u00e9bitos da D\u00edvida Ativa N\u00e3o Tribut\u00e1ria<\/h3><\/a><a class='api-card api-link'\n            style='background:#fff;padding:20px;color:#333;border-radius:18px;border:.5px solid #cdc9cc;transition:all .3s;'\n            href='https:\/\/www.go.gov.br\/servicos\/servico\/validar-certidao-negativapositiva-de-debitos-da-divida-ativa-nao-tributaria' target=\"_blank\" rel=\"noopener\"\n            onmouseover=\"this.style.borderColor='#9b59b6';this.style.background='radial-gradient(circle at top center, rgba(155,89,182,0.2) 0%, rgba(155,89,182,0.08) 15%, #fff 40%)';\"\n            onmouseout =\"this.style.borderColor='#cdc9cc';this.style.background='#fff';\"><div class='icon-container' style='text-align:center;margin-bottom:8px;margin-top:8px;'><i class='fa-solid fa-file-circle-check fa-fw' style='font-size:38px;color:#9b59b6;' aria-hidden='true'><\/i><\/div><h3 style='text-align:center;color:#333;margin-bottom:20px;font-size:13px;line-height:1.3;'>Validar CERTID\u00c3O NEGATIVA\/POSITIVA de d\u00e9bitos da D\u00edvida Ativa N\u00e3o Tribut\u00e1ria<\/h3><\/a><a class='api-card api-link'\n            style='background:#fff;padding:20px;color:#333;border-radius:18px;border:.5px solid #cdc9cc;transition:all .3s;'\n            href='https:\/\/www.go.gov.br\/servicos\/servico\/emitir-documento-de-arrecadacao-de-receitas-estaduais-dare-para-pagamento-de-divida-ativa-nao-tributaria' target=\"_blank\" rel=\"noopener\"\n            onmouseover=\"this.style.borderColor='#147471';this.style.background='radial-gradient(circle at top center, rgba(20,116,113,0.2) 0%, rgba(20,116,113,0.08) 15%, #fff 40%)';\"\n            onmouseout =\"this.style.borderColor='#cdc9cc';this.style.background='#fff';\"><div class='icon-container' style='text-align:center;margin-bottom:8px;margin-top:8px;'><i class='fa-solid fa-scale-balanced fa-fw' style='font-size:38px;color:#147471;' aria-hidden='true'><\/i><\/div><h3 style='text-align:center;color:#333;margin-bottom:20px;font-size:13px;line-height:1.3;'>Emitir Documento de Arrecada\u00e7\u00e3o de Receitas Estaduais (DARE) para pagamento de d\u00edvida ativa n\u00e3o tribut\u00e1ria<\/h3><\/a><a class='api-card api-link'\n            style='background:#fff;padding:20px;color:#333;border-radius:18px;border:.5px solid #cdc9cc;transition:all .3s;'\n            href='https:\/\/www.go.gov.br\/servicos\/servico\/realizar-conciliacao-mediacao-e-arbitragem' target=\"_blank\" rel=\"noopener\"\n            onmouseover=\"this.style.borderColor='#147471';this.style.background='radial-gradient(circle at top center, rgba(20,116,113,0.2) 0%, rgba(20,116,113,0.08) 15%, #fff 40%)';\"\n            onmouseout =\"this.style.borderColor='#cdc9cc';this.style.background='#fff';\"><div class='icon-container' style='text-align:center;margin-bottom:8px;margin-top:8px;'><i class='fa-solid fa-scale-balanced fa-fw' style='font-size:38px;color:#147471;' aria-hidden='true'><\/i><\/div><h3 style='text-align:center;color:#333;margin-bottom:20px;font-size:13px;line-height:1.3;'>Realizar concilia\u00e7\u00e3o, media\u00e7\u00e3o e arbitragem<\/h3><\/a><a class='api-card api-link'\n            style='background:#fff;padding:20px;color:#333;border-radius:18px;border:.5px solid #cdc9cc;transition:all .3s;'\n            href='https:\/\/www.go.gov.br\/servicos\/servico\/solicitar-transacao-tributaria--quita-goias' target=\"_blank\" rel=\"noopener\"\n            onmouseover=\"this.style.borderColor='#228696';this.style.background='radial-gradient(circle at top center, rgba(34,134,150,0.2) 0%, rgba(34,134,150,0.08) 15%, #fff 40%)';\"\n            onmouseout =\"this.style.borderColor='#cdc9cc';this.style.background='#fff';\"><div class='icon-container' style='text-align:center;margin-bottom:8px;margin-top:8px;'><i class='fa-solid fa-calculator fa-fw' style='font-size:38px;color:#228696;' aria-hidden='true'><\/i><\/div><h3 style='text-align:center;color:#333;margin-bottom:20px;font-size:13px;line-height:1.3;'>Solicitar Transa\u00e7\u00e3o Tribut\u00e1ria - QUITA GOI\u00c1S<\/h3><\/a><\/div><div style='text-align:center;margin-top:20px;'>\n                 <h4 style='margin:6px 0 10px 0;font-size:16px;color:#333;'><\/h4>\n                 <a href='https:\/\/www.go.gov.br\/servicos\/servicos-por-orgao\/procuradoriageral-do-estado' class='all-services' style='display:inline-block;padding:10px 16px;border-radius:10px;background:#0f50a8;color:#fff;text-decoration:none;'>Ver Todos os Servi\u00e7os<\/a>\n               <\/div><\/div><script>\n(function(){\n  function run(){\n    try{\n      if(window.FontAwesome && window.FontAwesome.dom && typeof window.FontAwesome.dom.i2svg==='function'){\n        var conts = document.querySelectorAll('.api-card-container');\n        if(conts.length){\n          conts.forEach(function(c){\n            \/\/ converte somente duotone; s\u00f3lidos continuam via CSS\n            window.FontAwesome.dom.i2svg({ node:c, selector: 'i.fa-duotone' });\n          });\n        }\n        return true;\n      }\n    }catch(e){}\n    return false;\n  }\n  if(!run()){\n    var t=0,id=setInterval(function(){ if(run()||++t>30) clearInterval(id); },150);\n  }\n})();\n<\/script><\/div>\n\t\t\t\t\t\t<\/div>\n\t\t\t\t\t<\/div>\n\t\t\t\t<\/div>\n\t\t\t\t<\/div>\n\t\t","protected":false},"excerpt":{"rendered":"<p>Em Destaque Nossos servi\u00e7os Eleitoral Quita Goi\u00e1s &#8211; Transa\u00e7\u00e3o Tribut\u00e1ria Concilia\u00e7\u00e3o D\u00edvida Ativa &#8211; N\u00e3o Tribut\u00e1ria Precat\u00f3rios Atua\u00e7\u00e3o CEJUR<\/p>\n","protected":false},"author":7,"featured_media":0,"parent":0,"menu_order":0,"comment_status":"closed","ping_status":"closed","template":"elementor_header_footer","meta":{"footnotes":""},"class_list":["post-8680","page","type-page","status-publish","hentry"],"rttpg_featured_image_url":null,"rttpg_author":{"display_name":"gustavogoncalves","author_link":"https:\/\/goias.gov.br\/procuradoria\/author\/gustavogoncalves\/"},"rttpg_comment":0,"rttpg_category":"","rttpg_excerpt":"Em Destaque Nossos servi\u00e7os Eleitoral Quita Goi\u00e1s &#8211; Transa\u00e7\u00e3o Tribut\u00e1ria Concilia\u00e7\u00e3o D\u00edvida Ativa &#8211; N\u00e3o Tribut\u00e1ria Precat\u00f3rios Atua\u00e7\u00e3o CEJUR","_links":{"self":[{"href":"https:\/\/goias.gov.br\/procuradoria\/wp-json\/wp\/v2\/pages\/8680","targetHints":{"allow":["GET"]}}],"collection":[{"href":"https:\/\/goias.gov.br\/procuradoria\/wp-json\/wp\/v2\/pages"}],"about":[{"href":"https:\/\/goias.gov.br\/procuradoria\/wp-json\/wp\/v2\/types\/page"}],"author":[{"embeddable":true,"href":"https:\/\/goias.gov.br\/procuradoria\/wp-json\/wp\/v2\/users\/7"}],"replies":[{"embeddable":true,"href":"https:\/\/goias.gov.br\/procuradoria\/wp-json\/wp\/v2\/comments?post=8680"}],"version-history":[{"count":2,"href":"https:\/\/goias.gov.br\/procuradoria\/wp-json\/wp\/v2\/pages\/8680\/revisions"}],"predecessor-version":[{"id":150219,"href":"https:\/\/goias.gov.br\/procuradoria\/wp-json\/wp\/v2\/pages\/8680\/revisions\/150219"}],"wp:attachment":[{"href":"https:\/\/goias.gov.br\/procuradoria\/wp-json\/wp\/v2\/media?parent=8680"}],"curies":[{"name":"wp","href":"https:\/\/api.w.org\/{rel}","templated":true}]}}