

{"id":31076,"date":"2024-10-04T14:30:13","date_gmt":"2024-10-04T17:30:13","guid":{"rendered":"https:\/\/goias.gov.br\/procuradoria\/?page_id=31076"},"modified":"2025-01-24T09:03:55","modified_gmt":"2025-01-24T12:03:55","slug":"ouvidoria-setorial","status":"publish","type":"page","link":"https:\/\/goias.gov.br\/procuradoria\/ouvidoria-setorial\/","title":{"rendered":"Ouvidoria Setorial"},"content":{"rendered":"\n<h4 class=\"wp-block-heading\"><span style=\"color: #008000;\">Atendimento Presencial<\/span><\/h4>\n\n\n\n<p>Ouvidora Setorial: <strong>ARIADNE COSTA DE MOURA BARBOSA<\/strong><\/p>\n\n\n\n<div class=\"wp-block-group\"><div class=\"wp-block-group__inner-container is-layout-constrained wp-block-group-is-layout-constrained\">\n<p style=\"background: white; font-variant-ligatures: normal; font-variant-caps: normal; orphans: 2; text-align: start; widows: 2; -webkit-text-stroke-width: 0px; text-decoration-thickness: initial; text-decoration-style: initial; text-decoration-color: initial; word-spacing: 0px;\"><span style=\"color: #666666;\">Endere\u00e7o: Rua 02, esq. com Av. Rep\u00fablica do L\u00edbano, n\u00ba 1.693 Qd. D-2 Lts. 20\/26\/28, Mezanino. Edif\u00edcio Republic Tower, Setor Oeste, Goi\u00e2nia-GO, CEP: 74.115-120<br \/>Hor\u00e1rio de Atendimento: 07h \u00e0s 11h e das 13h \u00e0s 17h<br \/>E-mail:\u00a0<a href=\"mailto:ouvidoria@pge.go.gov.br\" target=\"_blank\" rel=\"noopener\"><span style=\"color: #0064b6;\">ouvidoria@pge.go.gov.br<\/span><\/a><br \/>Telefone: (62)\u00a03252-8599<br \/>Portaria n\u00ba 633\/2024<\/span><\/p>\n<\/div><\/div>\n","protected":false},"excerpt":{"rendered":"<p>Atendimento Presencial Ouvidora Setorial: ARIADNE COSTA DE MOURA BARBOSA Endere\u00e7o: Rua 02, esq. com Av. Rep\u00fablica do L\u00edbano, n\u00ba 1.693 Qd. D-2 Lts. 20\/26\/28, Mezanino. Edif\u00edcio Republic Tower, Setor Oeste, Goi\u00e2nia-GO, CEP: 74.115-120Hor\u00e1rio de Atendimento: 07h \u00e0s 11h e das 13h \u00e0s 17hE-mail:\u00a0ouvidoria@pge.go.gov.brTelefone: (62)\u00a03252-8599Portaria n\u00ba 633\/2024<\/p>\n","protected":false},"author":62,"featured_media":0,"parent":0,"menu_order":0,"comment_status":"closed","ping_status":"closed","template":"","meta":{"footnotes":""},"class_list":["post-31076","page","type-page","status-publish","hentry"],"rttpg_featured_image_url":null,"rttpg_author":{"display_name":"italoreis","author_link":"https:\/\/goias.gov.br\/procuradoria\/author\/italoreis\/"},"rttpg_comment":0,"rttpg_category":null,"rttpg_excerpt":"Atendimento Presencial Ouvidora Setorial: ARIADNE COSTA DE MOURA BARBOSA Endere\u00e7o: Rua 02, esq. com Av. Rep\u00fablica do L\u00edbano, n\u00ba 1.693 Qd. D-2 Lts. 20\/26\/28, Mezanino. Edif\u00edcio Republic Tower, Setor Oeste, Goi\u00e2nia-GO, CEP: 74.115-120Hor\u00e1rio de Atendimento: 07h \u00e0s 11h e das 13h \u00e0s 17hE-mail:\u00a0ouvidoria@pge.go.gov.brTelefone: (62)\u00a03252-8599Portaria n\u00ba 633\/2024","_links":{"self":[{"href":"https:\/\/goias.gov.br\/procuradoria\/wp-json\/wp\/v2\/pages\/31076","targetHints":{"allow":["GET"]}}],"collection":[{"href":"https:\/\/goias.gov.br\/procuradoria\/wp-json\/wp\/v2\/pages"}],"about":[{"href":"https:\/\/goias.gov.br\/procuradoria\/wp-json\/wp\/v2\/types\/page"}],"author":[{"embeddable":true,"href":"https:\/\/goias.gov.br\/procuradoria\/wp-json\/wp\/v2\/users\/62"}],"replies":[{"embeddable":true,"href":"https:\/\/goias.gov.br\/procuradoria\/wp-json\/wp\/v2\/comments?post=31076"}],"version-history":[{"count":2,"href":"https:\/\/goias.gov.br\/procuradoria\/wp-json\/wp\/v2\/pages\/31076\/revisions"}],"predecessor-version":[{"id":45618,"href":"https:\/\/goias.gov.br\/procuradoria\/wp-json\/wp\/v2\/pages\/31076\/revisions\/45618"}],"wp:attachment":[{"href":"https:\/\/goias.gov.br\/procuradoria\/wp-json\/wp\/v2\/media?parent=31076"}],"curies":[{"name":"wp","href":"https:\/\/api.w.org\/{rel}","templated":true}]}}