

{"id":17574,"date":"2024-08-09T14:48:42","date_gmt":"2024-08-09T17:48:42","guid":{"rendered":"https:\/\/goias.gov.br\/procuradoria\/?page_id=17574"},"modified":"2026-02-27T14:31:33","modified_gmt":"2026-02-27T17:31:33","slug":"cejur","status":"publish","type":"page","link":"https:\/\/goias.gov.br\/procuradoria\/cejur\/","title":{"rendered":"CEJUR"},"content":{"rendered":"\t\t<div data-elementor-type=\"wp-page\" data-elementor-id=\"17574\" class=\"elementor elementor-17574\">\n\t\t\t\t<div class=\"elementor-element elementor-element-d08a960 e-flex e-con-boxed e-con e-parent\" data-id=\"d08a960\" data-element_type=\"container\" data-e-type=\"container\">\n\t\t\t\t\t<div class=\"e-con-inner\">\n\t\t<div class=\"elementor-element elementor-element-b96a0fe e-con-full e-flex e-con e-child\" data-id=\"b96a0fe\" data-element_type=\"container\" data-e-type=\"container\">\n\t\t\t\t<div class=\"elementor-element elementor-element-182a529 elementor-widget elementor-widget-image\" data-id=\"182a529\" data-element_type=\"widget\" data-e-type=\"widget\" data-widget_type=\"image.default\">\n\t\t\t\t\t\t\t\t\t\t\t\t\t\t\t<img decoding=\"async\" src=\"https:\/\/goias.gov.br\/procuradoria\/wp-content\/uploads\/sites\/41\/2024\/08\/books.png\" title=\"\" alt=\"\" loading=\"lazy\" \/>\t\t\t\t\t\t\t\t\t\t\t\t\t\t\t<\/div>\n\t\t\t\t<\/div>\n\t\t<div class=\"elementor-element elementor-element-e973706 e-con-full e-flex e-con e-child\" data-id=\"e973706\" data-element_type=\"container\" data-e-type=\"container\">\n\t\t\t\t<div class=\"elementor-element elementor-element-aff2ce3 elementor-widget elementor-widget-text-editor\" data-id=\"aff2ce3\" data-element_type=\"widget\" data-e-type=\"widget\" data-widget_type=\"text-editor.default\">\n\t\t\t\t\t\t\t\t\t<p><a href=\"https:\/\/goias.gov.br\/procuradoria\/centro-de-estudos\/\">O que \u00e9<\/a><\/p><p><a href=\"https:\/\/goias.gov.br\/procuradoria\/concursos-e-selecoes\/\">Processos seletivos<\/a><\/p><p><a href=\"https:\/\/goias.gov.br\/procuradoria\/pge-go-promove-o-7o-ciclo-do-programa-de-estudos-dirigidos\/\">Programa de Estudos Dirigidos<\/a><\/p><p><a href=\"https:\/\/goias.gov.br\/procuradoria\/biblioteca-digital\/\">Biblioteca Digital<\/a><\/p><p>Conv\u00eanio &#8211; Est\u00e1gio de P\u00f3s-Gradua\u00e7\u00e3o em Direito<\/p><ul><li><span style=\"font-size: 12pt;\"><a href=\"https:\/\/goias.gov.br\/procuradoria\/wp-content\/uploads\/sites\/41\/2026\/02\/CONVENIO-b9b-7-1-1.pdf\">Institui\u00e7\u00f5es conveniadas<\/a><\/span><\/li><li><span style=\"font-size: 12pt;\"><a href=\"https:\/\/goias.gov.br\/procuradoria\/convenios-para-estagio-de-pos-graduacao-na-pge-podem-ser-firmados-por-instituicoes-de-ensino-a-qualquer-tempo\/\">Como firmar conv\u00eanio<\/a><\/span><\/li><\/ul>\t\t\t\t\t\t\t\t<\/div>\n\t\t\t\t<\/div>\n\t\t\t\t\t<\/div>\n\t\t\t\t<\/div>\n\t\t\t\t<\/div>\n\t\t","protected":false},"excerpt":{"rendered":"<p>O que \u00e9 Processos seletivos Programa de Estudos Dirigidos Biblioteca Digital Conv\u00eanio &#8211; Est\u00e1gio de P\u00f3s-Gradua\u00e7\u00e3o em Direito Institui\u00e7\u00f5es conveniadas Como firmar conv\u00eanio<\/p>\n","protected":false},"author":1,"featured_media":0,"parent":0,"menu_order":0,"comment_status":"closed","ping_status":"closed","template":"","meta":{"footnotes":""},"class_list":["post-17574","page","type-page","status-publish","hentry"],"rttpg_featured_image_url":null,"rttpg_author":{"display_name":"wagner.viana","author_link":"https:\/\/goias.gov.br\/procuradoria\/author\/wagner-viana\/"},"rttpg_comment":0,"rttpg_category":null,"rttpg_excerpt":"O que \u00e9 Processos seletivos Programa de Estudos Dirigidos Biblioteca Digital Conv\u00eanio &#8211; Est\u00e1gio de P\u00f3s-Gradua\u00e7\u00e3o em Direito Institui\u00e7\u00f5es conveniadas Como firmar conv\u00eanio","_links":{"self":[{"href":"https:\/\/goias.gov.br\/procuradoria\/wp-json\/wp\/v2\/pages\/17574","targetHints":{"allow":["GET"]}}],"collection":[{"href":"https:\/\/goias.gov.br\/procuradoria\/wp-json\/wp\/v2\/pages"}],"about":[{"href":"https:\/\/goias.gov.br\/procuradoria\/wp-json\/wp\/v2\/types\/page"}],"author":[{"embeddable":true,"href":"https:\/\/goias.gov.br\/procuradoria\/wp-json\/wp\/v2\/users\/1"}],"replies":[{"embeddable":true,"href":"https:\/\/goias.gov.br\/procuradoria\/wp-json\/wp\/v2\/comments?post=17574"}],"version-history":[{"count":2,"href":"https:\/\/goias.gov.br\/procuradoria\/wp-json\/wp\/v2\/pages\/17574\/revisions"}],"predecessor-version":[{"id":144562,"href":"https:\/\/goias.gov.br\/procuradoria\/wp-json\/wp\/v2\/pages\/17574\/revisions\/144562"}],"wp:attachment":[{"href":"https:\/\/goias.gov.br\/procuradoria\/wp-json\/wp\/v2\/media?parent=17574"}],"curies":[{"name":"wp","href":"https:\/\/api.w.org\/{rel}","templated":true}]}}