

{"id":17572,"date":"2024-08-09T14:48:26","date_gmt":"2024-08-09T17:48:26","guid":{"rendered":"https:\/\/goias.gov.br\/procuradoria\/?page_id=17572"},"modified":"2026-02-02T14:08:42","modified_gmt":"2026-02-02T17:08:42","slug":"divida-ativa","status":"publish","type":"page","link":"https:\/\/goias.gov.br\/procuradoria\/divida-ativa\/","title":{"rendered":"D\u00cdVIDA ATIVA"},"content":{"rendered":"\t\t<div data-elementor-type=\"wp-page\" data-elementor-id=\"17572\" class=\"elementor elementor-17572\">\n\t\t\t\t<div class=\"elementor-element elementor-element-b5a86d6 e-flex e-con-boxed e-con e-parent\" data-id=\"b5a86d6\" data-element_type=\"container\" data-e-type=\"container\">\n\t\t\t\t\t<div class=\"e-con-inner\">\n\t\t<div class=\"elementor-element elementor-element-2746896 e-con-full e-flex e-con e-child\" data-id=\"2746896\" data-element_type=\"container\" data-e-type=\"container\">\n\t\t\t\t<div class=\"elementor-element elementor-element-8fa16c4 elementor-widget elementor-widget-image\" data-id=\"8fa16c4\" data-element_type=\"widget\" data-e-type=\"widget\" data-widget_type=\"image.default\">\n\t\t\t\t\t\t\t\t\t\t\t\t\t\t\t<img decoding=\"async\" src=\"https:\/\/goias.gov.br\/procuradoria\/wp-content\/uploads\/sites\/41\/2024\/08\/display-chart-up-circle-dollar.png\" title=\"\" alt=\"\" loading=\"lazy\" \/>\t\t\t\t\t\t\t\t\t\t\t\t\t\t\t<\/div>\n\t\t\t\t<\/div>\n\t\t<div class=\"elementor-element elementor-element-9ff7824 e-con-full e-flex e-con e-child\" data-id=\"9ff7824\" data-element_type=\"container\" data-e-type=\"container\">\n\t\t\t\t<div class=\"elementor-element elementor-element-4160b79 elementor-widget elementor-widget-text-editor\" data-id=\"4160b79\" data-element_type=\"widget\" data-e-type=\"widget\" data-widget_type=\"text-editor.default\">\n\t\t\t\t\t\t\t\t\t<p><a href=\"https:\/\/goias.gov.br\/procuradoria\/inscricao-em-divida-ativa-pela-procuradoria-geral-do-estado-de-goias-e-protesto-de-dividas-ativas\/\">O que \u00e9<\/a><\/p><p><a href=\"https:\/\/www.go.gov.br\/servicos\/servico-id\/1031\">Emitir certid\u00e3o negativa\/positiva de d\u00e9bitos da d\u00edvida ativa n\u00e3o tribut\u00e1ria<\/a><\/p><p><a href=\"https:\/\/www.go.gov.br\/servicos\/servico-id\/1032\">Validar certid\u00e3o negativa\/positiva de d\u00e9bitos da d\u00edvida ativa n\u00e3o tribut\u00e1ria<\/a><\/p><p><a href=\"https:\/\/www.go.gov.br\/servicos\/servico-id\/148\">Emitir documento de arrecada\u00e7\u00e3o de receitas Estaduais (DARE) para pagamentos de d\u00edvida ativa n\u00e3o tribut\u00e1ria<\/a><\/p><p><a href=\"https:\/\/www.go.gov.br\/novo-servico-de-agendamento\/novo\" data-wplink-edit=\"true\">Agendamento de Atendimento Presencial<\/a><\/p>\t\t\t\t\t\t\t\t<\/div>\n\t\t\t\t<\/div>\n\t\t\t\t\t<\/div>\n\t\t\t\t<\/div>\n\t\t\t\t<\/div>\n\t\t","protected":false},"excerpt":{"rendered":"<p>O que \u00e9 Emitir certid\u00e3o negativa\/positiva de d\u00e9bitos da d\u00edvida ativa n\u00e3o tribut\u00e1ria Validar certid\u00e3o negativa\/positiva de d\u00e9bitos da d\u00edvida ativa n\u00e3o tribut\u00e1ria Emitir documento de arrecada\u00e7\u00e3o de receitas Estaduais (DARE) para pagamentos de d\u00edvida ativa n\u00e3o tribut\u00e1ria Agendamento de Atendimento Presencial<\/p>\n","protected":false},"author":1,"featured_media":0,"parent":0,"menu_order":0,"comment_status":"closed","ping_status":"closed","template":"","meta":{"footnotes":""},"class_list":["post-17572","page","type-page","status-publish","hentry"],"rttpg_featured_image_url":null,"rttpg_author":{"display_name":"wagner.viana","author_link":"https:\/\/goias.gov.br\/procuradoria\/author\/wagner-viana\/"},"rttpg_comment":0,"rttpg_category":null,"rttpg_excerpt":"O que \u00e9 Emitir certid\u00e3o negativa\/positiva de d\u00e9bitos da d\u00edvida ativa n\u00e3o tribut\u00e1ria Validar certid\u00e3o negativa\/positiva de d\u00e9bitos da d\u00edvida ativa n\u00e3o tribut\u00e1ria Emitir documento de arrecada\u00e7\u00e3o de receitas Estaduais (DARE) para pagamentos de d\u00edvida ativa n\u00e3o tribut\u00e1ria Agendamento de Atendimento Presencial","_links":{"self":[{"href":"https:\/\/goias.gov.br\/procuradoria\/wp-json\/wp\/v2\/pages\/17572","targetHints":{"allow":["GET"]}}],"collection":[{"href":"https:\/\/goias.gov.br\/procuradoria\/wp-json\/wp\/v2\/pages"}],"about":[{"href":"https:\/\/goias.gov.br\/procuradoria\/wp-json\/wp\/v2\/types\/page"}],"author":[{"embeddable":true,"href":"https:\/\/goias.gov.br\/procuradoria\/wp-json\/wp\/v2\/users\/1"}],"replies":[{"embeddable":true,"href":"https:\/\/goias.gov.br\/procuradoria\/wp-json\/wp\/v2\/comments?post=17572"}],"version-history":[{"count":3,"href":"https:\/\/goias.gov.br\/procuradoria\/wp-json\/wp\/v2\/pages\/17572\/revisions"}],"predecessor-version":[{"id":138804,"href":"https:\/\/goias.gov.br\/procuradoria\/wp-json\/wp\/v2\/pages\/17572\/revisions\/138804"}],"wp:attachment":[{"href":"https:\/\/goias.gov.br\/procuradoria\/wp-json\/wp\/v2\/media?parent=17572"}],"curies":[{"name":"wp","href":"https:\/\/api.w.org\/{rel}","templated":true}]}}