

{"id":17571,"date":"2024-08-09T14:48:17","date_gmt":"2024-08-09T17:48:17","guid":{"rendered":"https:\/\/goias.gov.br\/procuradoria\/?page_id=17571"},"modified":"2026-02-02T14:52:40","modified_gmt":"2026-02-02T17:52:40","slug":"conciliacao","status":"publish","type":"page","link":"https:\/\/goias.gov.br\/procuradoria\/conciliacao\/","title":{"rendered":"CONCILIA\u00c7\u00c3O"},"content":{"rendered":"\t\t<div data-elementor-type=\"wp-page\" data-elementor-id=\"17571\" class=\"elementor elementor-17571\">\n\t\t\t\t<div class=\"elementor-element elementor-element-cf1960d e-flex e-con-boxed e-con e-parent\" data-id=\"cf1960d\" data-element_type=\"container\" data-e-type=\"container\">\n\t\t\t\t\t<div class=\"e-con-inner\">\n\t\t<div class=\"elementor-element elementor-element-d5362d0 e-con-full e-flex e-con e-child\" data-id=\"d5362d0\" data-element_type=\"container\" data-e-type=\"container\">\n\t\t\t\t<div class=\"elementor-element elementor-element-5f08ca9 elementor-widget elementor-widget-image\" data-id=\"5f08ca9\" data-element_type=\"widget\" data-e-type=\"widget\" data-widget_type=\"image.default\">\n\t\t\t\t\t\t\t\t\t\t\t\t\t\t\t<img decoding=\"async\" src=\"https:\/\/goias.gov.br\/procuradoria\/wp-content\/uploads\/sites\/41\/2024\/08\/handshake.png\" title=\"\" alt=\"\" loading=\"lazy\" \/>\t\t\t\t\t\t\t\t\t\t\t\t\t\t\t<\/div>\n\t\t\t\t<\/div>\n\t\t<div class=\"elementor-element elementor-element-91a2140 e-con-full e-flex e-con e-child\" data-id=\"91a2140\" data-element_type=\"container\" data-e-type=\"container\">\n\t\t\t\t<div class=\"elementor-element elementor-element-d5f418b elementor-widget elementor-widget-text-editor\" data-id=\"d5f418b\" data-element_type=\"widget\" data-e-type=\"widget\" data-widget_type=\"text-editor.default\">\n\t\t\t\t\t\t\t\t\t<p><a href=\"https:\/\/goias.gov.br\/procuradoria\/conheca-as-orientacoes-juridicas-da-pge\/\"> Legisla\u00e7\u00e3o, Termos de Acordo e Resolu\u00e7\u00f5es<\/a><\/p><p><a href=\"https:\/\/www.go.gov.br\/servicos\/servico\/realizar-conciliacao-mediacao-e-arbitragem\">Realiza\u00e7\u00e3o de Concilia\u00e7\u00e3o e Media\u00e7\u00e3o<\/a><\/p>\t\t\t\t\t\t\t\t<\/div>\n\t\t\t\t<\/div>\n\t\t\t\t\t<\/div>\n\t\t\t\t<\/div>\n\t\t\t\t<\/div>\n\t\t","protected":false},"excerpt":{"rendered":"<p>Legisla\u00e7\u00e3o, Termos de Acordo e Resolu\u00e7\u00f5es Realiza\u00e7\u00e3o de Concilia\u00e7\u00e3o e Media\u00e7\u00e3o<\/p>\n","protected":false},"author":1,"featured_media":0,"parent":0,"menu_order":0,"comment_status":"closed","ping_status":"closed","template":"","meta":{"footnotes":""},"class_list":["post-17571","page","type-page","status-publish","hentry"],"rttpg_featured_image_url":null,"rttpg_author":{"display_name":"wagner.viana","author_link":"https:\/\/goias.gov.br\/procuradoria\/author\/wagner-viana\/"},"rttpg_comment":0,"rttpg_category":null,"rttpg_excerpt":"Legisla\u00e7\u00e3o, Termos de Acordo e Resolu\u00e7\u00f5es Realiza\u00e7\u00e3o de Concilia\u00e7\u00e3o e Media\u00e7\u00e3o","_links":{"self":[{"href":"https:\/\/goias.gov.br\/procuradoria\/wp-json\/wp\/v2\/pages\/17571","targetHints":{"allow":["GET"]}}],"collection":[{"href":"https:\/\/goias.gov.br\/procuradoria\/wp-json\/wp\/v2\/pages"}],"about":[{"href":"https:\/\/goias.gov.br\/procuradoria\/wp-json\/wp\/v2\/types\/page"}],"author":[{"embeddable":true,"href":"https:\/\/goias.gov.br\/procuradoria\/wp-json\/wp\/v2\/users\/1"}],"replies":[{"embeddable":true,"href":"https:\/\/goias.gov.br\/procuradoria\/wp-json\/wp\/v2\/comments?post=17571"}],"version-history":[{"count":3,"href":"https:\/\/goias.gov.br\/procuradoria\/wp-json\/wp\/v2\/pages\/17571\/revisions"}],"predecessor-version":[{"id":139122,"href":"https:\/\/goias.gov.br\/procuradoria\/wp-json\/wp\/v2\/pages\/17571\/revisions\/139122"}],"wp:attachment":[{"href":"https:\/\/goias.gov.br\/procuradoria\/wp-json\/wp\/v2\/media?parent=17571"}],"curies":[{"name":"wp","href":"https:\/\/api.w.org\/{rel}","templated":true}]}}