

{"id":10479,"date":"2024-06-07T15:22:19","date_gmt":"2024-06-07T18:22:19","guid":{"rendered":"https:\/\/goias.gov.br\/procuradoria\/?page_id=10479"},"modified":"2025-06-25T19:18:17","modified_gmt":"2025-06-25T22:18:17","slug":"procuradorias-regionais","status":"publish","type":"page","link":"https:\/\/goias.gov.br\/procuradoria\/procuradorias-regionais\/","title":{"rendered":"Procuradorias Regionais"},"content":{"rendered":"\n<h4><span style=\"color: #008000;\">Procuradoria na Capital Federal<\/span><\/h4>\n<p>Procurador-Chefe: <strong>DR. L\u00c1ZARO REIS PINHEIRO DA SILVA<\/strong><br \/>Quadra 06 do SHS, Conjunto A, Bloco A, 2\u00ba andar, sala 203, Edif\u00edcio Brasil XXI \u2013 Bras\u00edlia\/DF \u2013 CEP: 70.322-915<br \/>E-mail: <a href=\"mailto:lazaro.psilva@pge.go.gov.br\">lazaro.psilva@pge.go.gov.br<\/a><br \/>Telefone: (61) 3325-2721<br \/>Unidade SEI: 10820<\/p>\n<h4><span style=\"color: #008000;\">Procuradoria <\/span><span style=\"color: #008000;\">Regional de An\u00e1polis<\/span><\/h4>\n<p>Procurador-Coordenador: <strong>DR. ALDDIE ANDERSON D&#8217;LIMA<\/strong><br \/>Av. Sen. Jos\u00e9 Louren\u00e7o Dias, esq. com rua Jean Jaques \u2013 An\u00e1polis\/GO \u2013 CEP: 75.020-010<br \/>E-mail:\u00a0<a href=\"mailto:alddie.alima@pge.go.gov.br\">alddie.alima@pge.go.gov.br<\/a><br \/>Telefone: (62) 3321-9210<br \/>Unidade SEI: 09407<\/p>\n<h4><span style=\"color: #008000;\">Procuradoria\u00a0<\/span><span style=\"color: #008000;\">Regional de Catal\u00e3o<\/span><\/h4>\n<p>Procurador-Coordenador: <strong>DR. FLAVIO DOURADO GABALDO<\/strong><br \/>Av. Dr. Lamartine Pinto de Avelar, n\u00ba 500, Vila Chaud \u2013 Catal\u00e3o\/GO \u2013 CEP: 75.704-020<br \/>E-mail:\u00a0<a href=\"mailto:flavio.gabaldo@pge.go.gov.br\">flavio.gabaldo@pge.go.gov.br<\/a><br \/>Telefone: (64) 3221-1500 \/ 1501<br \/>Unidade SEI: 09625<\/p>\n<h4><span style=\"color: #008000;\">Procuradoria\u00a0<\/span><span style=\"color: #008000;\">Regional de Goi\u00e1s<\/span><\/h4>\n<p>Procurador-Coordenador: <strong>DR. IAN PEDRO DE ALVARENGA FERREIRA<\/strong><br \/>Pra\u00e7a Doutor Tasso de Camargo, SN, Centro \u2013 Goi\u00e1s\/GO \u2013\u00a0 CEP: 76.600-000<br \/>E-mail: <a href=\"mailto:ian.ferreira@pge.go.gov.br\">ian.ferreira@pge.go.gov.br<\/a><br \/>Telefone: (62) 3371-7800<br \/>Unidade SEI: 09414<\/p>\n<h4><span style=\"color: #008000;\">Procuradoria <\/span><span style=\"color: #008000;\">Regional de Formosa<\/span><\/h4>\n<p>Procurador-Coordenador: <strong>DR. ALEXANDRE SCARPONI CRUZ<\/strong><br \/>Av. Bras\u00edlia, n\u00ba 2009 B, Formozinha \u2013 Formosa\/GO \u2013 CEP: 73.813-010<br \/>E-mail:\u00a0<a href=\"mailto:alexandre-sc@pge.go.gov.br\">alexandre-sc@pge.go.gov.br<\/a><br \/>Telefone: (61) 3642-9119<br \/>Unidade SEI: 09408<\/p>\n<h4><span style=\"color: #008000;\">Procuradoria\u00a0<\/span><span style=\"color: #008000;\">Regional de Itumbiara<\/span><\/h4>\n<p>Procurador-Coordenador: <strong>DR. FERNANDO C\u00c9SAR PAULA RODRIGUES<\/strong><br \/>Rua Lad\u00e1rio C. de Paula, n\u00b0 204 B., Alto da B. Vista \u2013 Itumbiara\/GO \u2013 CEP: 75.510-410<br \/>E-mail: <a href=\"mailto:fernando-cpr@pge.go.gov.br\">fernando-cpr@pge.go.gov.br<\/a><br \/>Telefone: (64) 3294-0411<br \/>Unidade SEI: 09408<\/p>\n<h4><span style=\"color: #008000;\">Procuradoria\u00a0<\/span><span style=\"color: #008000;\">Regional de Porangatu<\/span><\/h4>\n<p>Procuradora-Coordenadora:<strong> DRA. ARIANA GARRETT ALC\u00c2NTARA<\/strong><br \/>Rua 01, Chac. 56, Setor Leste \u2013 Porangatu\/GO \u2013 CEP: 76.550-000<br \/>E-mail:\u00a0<a href=\"mailto:ariana-ga@pge.go.gov.br\">ariana-ga@pge.go.gov.br<\/a><br \/>Telefone: (62) 3363-9525<br \/>Unidade SEI: 09409<\/p>\n","protected":false},"excerpt":{"rendered":"<p>Procuradoria na Capital Federal Procurador-Chefe: DR. L\u00c1ZARO REIS PINHEIRO DA SILVAQuadra 06 do SHS, Conjunto A, Bloco A, 2\u00ba andar, sala 203, Edif\u00edcio Brasil XXI \u2013 Bras\u00edlia\/DF \u2013 CEP: 70.322-915E-mail: lazaro.psilva@pge.go.gov.brTelefone: (61) 3325-2721Unidade SEI: 10820 Procuradoria Regional de An\u00e1polis Procurador-Coordenador: DR. ALDDIE ANDERSON D&#8217;LIMAAv. Sen. Jos\u00e9 Louren\u00e7o Dias, esq. com rua Jean Jaques \u2013 An\u00e1polis\/GO [&hellip;]<\/p>\n","protected":false},"author":62,"featured_media":0,"parent":0,"menu_order":0,"comment_status":"closed","ping_status":"closed","template":"","meta":{"footnotes":""},"class_list":["post-10479","page","type-page","status-publish","hentry"],"rttpg_featured_image_url":null,"rttpg_author":{"display_name":"italoreis","author_link":"https:\/\/goias.gov.br\/procuradoria\/author\/italoreis\/"},"rttpg_comment":0,"rttpg_category":null,"rttpg_excerpt":"Procuradoria na Capital Federal Procurador-Chefe: DR. L\u00c1ZARO REIS PINHEIRO DA SILVAQuadra 06 do SHS, Conjunto A, Bloco A, 2\u00ba andar, sala 203, Edif\u00edcio Brasil XXI \u2013 Bras\u00edlia\/DF \u2013 CEP: 70.322-915E-mail: lazaro.psilva@pge.go.gov.brTelefone: (61) 3325-2721Unidade SEI: 10820 Procuradoria Regional de An\u00e1polis Procurador-Coordenador: DR. ALDDIE ANDERSON D&#8217;LIMAAv. Sen. Jos\u00e9 Louren\u00e7o Dias, esq. com rua Jean Jaques \u2013 An\u00e1polis\/GO&hellip;","_links":{"self":[{"href":"https:\/\/goias.gov.br\/procuradoria\/wp-json\/wp\/v2\/pages\/10479","targetHints":{"allow":["GET"]}}],"collection":[{"href":"https:\/\/goias.gov.br\/procuradoria\/wp-json\/wp\/v2\/pages"}],"about":[{"href":"https:\/\/goias.gov.br\/procuradoria\/wp-json\/wp\/v2\/types\/page"}],"author":[{"embeddable":true,"href":"https:\/\/goias.gov.br\/procuradoria\/wp-json\/wp\/v2\/users\/62"}],"replies":[{"embeddable":true,"href":"https:\/\/goias.gov.br\/procuradoria\/wp-json\/wp\/v2\/comments?post=10479"}],"version-history":[{"count":3,"href":"https:\/\/goias.gov.br\/procuradoria\/wp-json\/wp\/v2\/pages\/10479\/revisions"}],"predecessor-version":[{"id":84230,"href":"https:\/\/goias.gov.br\/procuradoria\/wp-json\/wp\/v2\/pages\/10479\/revisions\/84230"}],"wp:attachment":[{"href":"https:\/\/goias.gov.br\/procuradoria\/wp-json\/wp\/v2\/media?parent=10479"}],"curies":[{"name":"wp","href":"https:\/\/api.w.org\/{rel}","templated":true}]}}