

{"id":10477,"date":"2024-06-07T15:14:45","date_gmt":"2024-06-07T18:14:45","guid":{"rendered":"https:\/\/goias.gov.br\/procuradoria\/?page_id=10477"},"modified":"2025-10-10T09:21:19","modified_gmt":"2025-10-10T12:21:19","slug":"procuradorias-setoriais","status":"publish","type":"page","link":"https:\/\/goias.gov.br\/procuradoria\/procuradorias-setoriais\/","title":{"rendered":"Procuradorias Setoriais"},"content":{"rendered":"\n<h4 class=\"wp-block-heading\">Secretaria-Geral de Governo&nbsp;<\/h4>\n\n\n\n<p>Procurador-Chefe:&nbsp;<strong>DR.<\/strong>&nbsp;<strong>DANIEL GARCIA DE OLIVEIRA<br><\/strong>Pra\u00e7a Dr. Pedro Ludovico Teixeira, n. 332<br>Setor Central \u2013 Goi\u00e2nia\/GO \u2013 CEP. 74083-010<br>E-mail:&nbsp;<a href=\"mailto:daniel-go@pge.go.gov.br\">daniel-go@pge.go.gov.br<\/a><br>Telefone: (62) 3201-5050<br>Unidade SEI: 18410<\/p>\n\n\n\n<p>Ger\u00eancia de Processos Administrativos<\/p>\n\n\n\n<p>Gerente: DR. ANT\u00d4NIO MESCOLIN NETO<br>Pra\u00e7a Dr. Pedro Ludovico Teixeira, n. 332<br>Setor Central \u2013 Goi\u00e2nia\/GO \u2013 CEP. 74083-010<br>E-mail:&nbsp;<a href=\"https:\/\/goias.gov.br\/procuradoria\/cargos-e-seus-ocupantes\/antonio.mescolin@pge.go.gov.br\">antonio.mescolin@pge.go.gov.br<\/a><br>Telefone: (62) 3201-5050<br>Unidade SEI: 18410<\/p>\n\n\n\n<h4 class=\"wp-block-heading\">Universidade Estadual de Goi\u00e1s<\/h4>\n\n\n\n<p>Procurador-Chefe:&nbsp;<strong>DR.<\/strong>&nbsp;<strong>MARCELO CARLOS MAIA PINTO&nbsp;<\/strong><br>BR 153 Quadra Area KM 99<br>Zona Rural \u2013 An\u00e1polis\/GO \u2013 CEP. 75132-903<br>E-mail:&nbsp;<a href=\"mailto:marcelo-cmp@pge.go.gov.br\">marcelo-cmp@pge.go.gov.br<\/a><br>Telefone: (62) 3328-1192<br>Unidade SEI: 06211<\/p>\n\n\n\n<h4 class=\"wp-block-heading\">Secretaria de Estado da Casa Civil<\/h4>\n\n\n\n<p>Procurador-Chefe:&nbsp;<strong>DR. RODRIGO DE CARVALHO CURVO&nbsp;<\/strong><br>Rua 82, n\u00b0400, Pal\u00e1cio Pedro Ludovico Teixeira, 8\u00b0 andar<br>Setor Sul \u2013 Goi\u00e2nia\/GO \u2013 CEP:74015-908<br>E-mail:&nbsp;<a href=\"mailto:rodrigo.curvo@pge.go.gov.br\">rodrigo.curvo@pge.go.gov.br<\/a><br>Telefone: (62) 3201-5862<br>Unidade SEI: 12317<\/p>\n\n\n\n<h4 class=\"wp-block-heading\">Secretaria de Estado de Rela\u00e7\u00f5es Institucionais&nbsp;<\/h4>\n\n\n\n<p>Procurador-Chefe:&nbsp;<strong>DR. CESAR AUGUSTO DIAS ROSA<\/strong><br>Rua 82, n\u00b0400, Pal\u00e1cio Pedro Ludovico Teixeira, 8\u00b0 andar<br>Setor Sul \u2013 Goi\u00e2nia\/GO \u2013 CEP: 74015-908<br>E-mail: <a href=\"https:\/\/goias.gov.br\/procuradoria\/cargos-e-seus-ocupantes\/cesar.adrosa@pge.go.gov.br\">cesar.adrosa@pge.go.gov.br<\/a><br>Telefone: (62) 3201-5758<br>Unidade SEI: 12543<\/p>\n\n\n\n<h4 class=\"wp-block-heading\">Vice-Governadoria&nbsp;<\/h4>\n\n\n\n<p>Procurador-Chefe:&nbsp;<strong>DR. BRUNO MORAES FARIA MONTEIRO BELEM<\/strong><br>Rua 82, n\u00b0400, Pal\u00e1cio Pedro Ludovico Teixeira, 3\u00b0 andar<br>Setor Sul \u2013 Goi\u00e2nia\/GO \u2013 CEP: 74015-908<br>E-mail:&nbsp;<a href=\"mailto:bruno.belem@pge.go.gov.br\">bruno.belem@pge.go.gov.br<\/a><br>Telefone: (62) 3201-5420<br>Unidade SEI: 14509<\/p>\n\n\n\n<h4 class=\"wp-block-heading\">Controladoria-Geral do Estado<\/h4>\n\n\n\n<p>Procurador-Chefe:\u00a0<strong>DR.<\/strong>\u00a0<strong>DANIEL BOAVENTURA FRAN\u00c7A<br><\/strong>Rua 82, n\u00b0400, Pal\u00e1cio Pedro Ludovico Teixeira, 3\u00b0 andar<br>Setor Sul \u2013 Goi\u00e2nia\/GO \u2013 CEP:74015-908<br>E-mail:\u00a0<a href=\"mailto:glauco-hmf@pge.go.gov.br\"><a href=\"mailto:daniel.franca@pge.go.gov.br\">daniel.franca@pge.go.gov.br<\/a><\/a><br>Telefone: (62) 3201-5383<br>Unidade SEI: 5463<\/p>\n\n\n\n<h4 class=\"wp-block-heading\">Secretaria de Estado da Administra\u00e7\u00e3o<\/h4>\n\n\n\n<p>Procurador-Chefe:&nbsp;<strong>DR.<\/strong>&nbsp;<strong>RODRIGO CUNHA CHUEIRI&nbsp;<\/strong><br>Rua 82, n\u00b0400, Pal\u00e1cio Pedro Ludovico Teixeira, 7\u00b0 andar<br>Setor Sul \u2013 Goi\u00e2nia\/GO \u2013 CEP: 74015-908<br>E-mail:&nbsp;<a href=\"mailto:rodrigo.cchueiri@pge.go.gov.br\">rodrigo.cchueiri@pge.go.gov.br<\/a><br>Telefone: (62) 3201-5778<br>Unidade SEI: 12100<\/p>\n\n\n\n<p>Ger\u00eancia de Processos Administrativos da Procuradoria Setorial<\/p>\n\n\n\n<p>Gerente:&nbsp;<strong>DR.<\/strong>&nbsp;<strong>ARNALDO RAGGI J\u00daNIOR<\/strong><br>Rua 82, n\u00b0400, Pal\u00e1cio Pedro Ludovico Teixeira, 7\u00b0 andar<br>Setor Sul \u2013 Goi\u00e2nia\/GO \u2013 CEP: 74015-908<br>E-mail:&nbsp;<a href=\"mailto:arnaldo.araggi@pge.go.gov.br\">arnaldo.araggi@pge.go.gov.br<\/a><br>Telefone: (62) 3201-5778<br>Unidade SEI: 12100<\/p>\n\n\n\n<h4 class=\"wp-block-heading\">Ag\u00eancia Goiana de Regula\u00e7\u00e3o, Controle e Fiscaliza\u00e7\u00e3o de Servi\u00e7os P\u00fablicos<\/h4>\n\n\n\n<p>Procuradora-Chefe:&nbsp;<strong><strong>DR. GUSTAVO HENRIQUE MARANH\u00c3O LIMA<\/strong><br><\/strong>Edif\u00edcio Visconde de Mau\u00e1 \u2013 Avenida Goi\u00e1s, n. 305<br>Setor Central \u2013 Goi\u00e2nia\/GO<br>E-mail: <a href=\"https:\/\/goias.gov.br\/procuradoria\/cargos-e-seus-ocupantes\/gustavo.mlima@pge.go.gov.br\">gustavo.mlima@pge.go.gov.br&nbsp;<\/a><br>Telefone: (62) 3226-6400<br>Unidade SEI: 06066<\/p>\n\n\n\n<h4 class=\"wp-block-heading\">Goi\u00e1s Previd\u00eancia<\/h4>\n\n\n\n<p>Procuradora-Chefe:&nbsp;<strong>DRA.<\/strong>&nbsp;<strong>BRUNA RODRIGUES TANN\u00daS TINOCO<\/strong><br>Avenida 1\u00ba Radial Quadra. F , n. 586<br>Setor Pedro Ludovico \u2013&nbsp; Goi\u00e2nia\/GO \u2013 CEP. 74820-300<br>E-mail:&nbsp;<a href=\"mailto:bruna-rt@pge.go.gov.br\">bruna-rt@pge.go.gov.br<\/a><br>Telefone: (62) 3201-7838<br>Unidade SEI: 11684<\/p>\n\n\n\n<p>Ger\u00eancia de An\u00e1lise de Inatividade<\/p>\n\n\n\n<p>Gerente:&nbsp;<strong>DRA.<\/strong>&nbsp;<strong>CYNTHIA DAYSE ROSA NOGUEIRA&nbsp;<\/strong><br>Avenida 1\u00ba Radial Quadra. F , n. 586<br>Setor Pedro Ludovico \u2013&nbsp; Goi\u00e2nia\/GO \u2013 CEP. 74820-300<br>E-mail:&nbsp;<a href=\"mailto:cynthia.rnogueira@pge.go.gov.br\">cynthia.rnogueira@pge.go.gov.br<\/a><br>Telefone: (62) 3201-7851<br>Unidade SEI: 15893<\/p>\n\n\n\n<p>Ger\u00eancia do Contencioso da Procuradoria Setorial<\/p>\n\n\n\n<p>Gerente:&nbsp;<strong>DRA.<\/strong>&nbsp;<strong>VIVIANE MACEDO SOUSA NOGUEIRA<br><\/strong>Avenida 1\u00ba Radial Quadra. F , n. 586<br>Setor Pedro Ludovico \u2013&nbsp; Goi\u00e2nia\/GO \u2013 CEP. 74820-300<br>E-mail:&nbsp;<a href=\"mailto:viviane.nogueira@pge.go.gov.br\">viviane.nogueira@pge.go.gov.br<\/a><br>Telefone: (62) 3201-7838<br>Unidade SEI: 21048<\/p>\n\n\n\n<p>Ger\u00eancia de Processos Administrativos da Procuradoria Setorial<\/p>\n\n\n\n<p>Gerente:&nbsp;<strong>DRA.<\/strong>&nbsp;<strong>ALINY NUNES TERRA MIRANDA<br><\/strong>Avenida 1\u00ba Radial Quadra. F , n. 586<br>Setor Pedro Ludovico \u2013 CEP. 74820-300 \u2013&nbsp; Goi\u00e2nia\/GO<br>E-mail:&nbsp;<a href=\"mailto:aline.terra@pge.go.gov.br\">aline.terra@pge.go.gov.br<\/a><br>Telefone: (62) 3201-7838<br>Unidade SEI: 21047<\/p>\n\n\n\n<h4 class=\"wp-block-heading\">Secretaria de Estado de Comunica\u00e7\u00e3o&nbsp;<\/h4>\n\n\n\n<p>Procuradora-Chefe:&nbsp;<strong>DRA. KELLY DE OLIVEIRA SOUZA<\/strong><br>Pra\u00e7a Dr. Pedro Ludovico Teixeira, n. 332<br>Setor Central \u2013 Goi\u00e2nia\/GO \u2013 CEP. 74083-010<br>E-mail:&nbsp;<a href=\"mailto:kelly-os@pge.go.gov.br\">kelly-os@pge.go.gov.br<\/a><br>Telefone: (62) 3201-5916<br>Unidade SEI: 17701<\/p>\n\n\n\n<h4 class=\"wp-block-heading\">Ag\u00eancia Brasil Central&nbsp;<\/h4>\n\n\n\n<p>Procuradora-Chefe:<strong>\u00a0<strong>DR. ROG\u00c9RIO RIBEIRO SOARES<\/strong><br><\/strong>Avenida SC 1, n. 299 \u2013 Parque Santa Cruz \u2013 Goi\u00e2nia\/GO<br>E-mail:\u00a0<a href=\"mailto:claudia-rcp@pge.go.gov.br\"><a href=\"https:\/\/goias.gov.br\/procuradoria\/cargos-e-seus-ocupantes\/rogerio.soares@pge.go.gov.br\">rogerio.soares@pge.go.gov.br<\/a><\/a><br>Telefone: (62) 3201-7615<br>Unidade SEI: 05921<\/p>\n\n\n\n<h4 class=\"wp-block-heading\">Secretaria de Estado de Cultura&nbsp;<\/h4>\n\n\n\n<p>Procuradora-Chefe:&nbsp;<strong>DRA. VALESKA DE OLIVEIRA FRAZ\u00c3O<\/strong><br>Pra\u00e7a Dr. Pedro Ludovico Teixeira, n. 332<br>Setor Central \u2013 Goi\u00e2nia\/GO \u2013 CEP. 74083-010<br>E-mail:&nbsp;<a href=\"mailto:valeska-of@pge.go.gov.br\">valeska-of@pge.go.gov.br<\/a><br>Telefone: (62) 3201-4633<br>Unidade SEI: 17675<\/p>\n\n\n\n<h4 class=\"wp-block-heading\">Secretaria de Estado de Economia&nbsp;<\/h4>\n\n\n\n<p>Procurador-Chefe:&nbsp;<strong>DR.<\/strong>&nbsp;<strong>RODRIGO DE LUQUI ALMEIDA SILVA<br><\/strong>Avenida Vereador Jos\u00e9 Monteiro, n. 2233<br>Nova Vila \u2013 Goi\u00e2nia\/GO<br>E-mail:&nbsp;<a href=\"mailto:rodrigo-das@pge.go.gov.br\">rodrigo-das@pge.go.gov.br<\/a><br>Telefone: (62) 3269-2610<br>Unidade SEI: 10868<\/p>\n\n\n\n<p>Ger\u00eancia de Processos Administrativos da Procuradoria Setorial<\/p>\n\n\n\n<p>Gerente:&nbsp;<strong>DRA.<\/strong>&nbsp;<strong>CLAUDIA PIMENTA FIGUEREDO<\/strong><br>Avenida Vereador Jos\u00e9 Monteiro, n. 2233<br>Nova Vila \u2013 Goi\u00e2nia\/GO<br>E-mail:&nbsp;<a href=\"mailto:claudia.figueiredo@pge.go.gov.br\">claudia.figueiredo@pge.go.gov.br<\/a><br>Telefone: (62) 3269-2347<br>Unidade SEI: 210024<\/p>\n\n\n\n<h4 class=\"wp-block-heading\">Secretaria de Estado da Educa\u00e7\u00e3o&nbsp;&nbsp;<\/h4>\n\n\n\n<p>Procurador-Chefe:&nbsp;<strong>DR. OBERDAN HUMBERTO RODRIGUES VALLE<br><\/strong>Av. Quinta avenida, Quadra 71, n. 212<br>Setor Leste Vila Nova \u2013 Goi\u00e2nia\/GO<br>E-mail:&nbsp;<a href=\"mailto:oberdan.valle@pge.go.gov.br\">oberdan.valle@pge.go.gov.br<\/a><br>Telefone: (62) 3220-9689<br>SEI: 05719<\/p>\n\n\n\n<p>Ger\u00eancia do Contencioso Especial da Procuradoria Setorial<\/p>\n\n\n\n<p>Gerente:&nbsp;<strong>DR.<\/strong>&nbsp;<strong>J\u00d4NATAS CARDOSO CAVALCANTE<\/strong><br>Av. Quinta avenida, quadra 71 n\u00famero 212<br>Setor Leste Vila Nova \u2013 Goi\u00e2nia\/GO<br>E-mail:<a href=\"mailto:jonatas.cardoso@pge.go.gov.br\">&nbsp;jonatas.cardoso@pge.go.gov.br<\/a><br>Telefone: (62) 3220-9514<br>Unidade SEI: 16083<\/p>\n\n\n\n<p>Ger\u00eancia do Contencioso Ordin\u00e1rio da Procuradoria Setorial<\/p>\n\n\n\n<p>Gerente:&nbsp;<strong>DR.<\/strong>&nbsp;<strong>GILVAN ABREU MACIEL<br><\/strong>Av. Quinta Avenida, Quadra 71, n. 212<br>Setor Leste Vila Nova \u2013 Goi\u00e2nia\/GO<br>E-mail:&nbsp;<a href=\"mailto:gilvan.maciel@pge.go.gov.br\">gilvan.maciel@pge.go.gov.br<\/a><br>Telefone: (62) 3220-9514<br>Unidade SEI: 16082<\/p>\n\n\n\n<h4 class=\"wp-block-heading\">Secretaria de Estado da Infraestrutura&nbsp;<\/h4>\n\n\n\n<p>Procurador-chefe:&nbsp;<strong>DR. JULIO GOMES<\/strong><br>Rua Governador Jose Ludovico de Almeida, n. 20<br>Conjunto Cai\u00e7ara \u2013 Goi\u00e2nia\/GO \u2013 CEP: 74775-013<br>E-mail:&nbsp;<a href=\"mailto:julio.gomes@goias.gov.br\">julio.gomes@goias.gov.br<\/a><br>Telefone: (62) 3201-5401<br>Unidade SEI: 20943<\/p>\n\n\n\n<h4 class=\"wp-block-heading\">Ag\u00eancia Goiana de Infraestrutura e Transportes&nbsp;<\/h4>\n\n\n\n<p>Procurador-chefe:&nbsp;<strong>DR.<\/strong>&nbsp;<strong>YURI MATHEUS ARAUJO MATOS<br><\/strong>Rua Governador Jose Ludovico de Almeida, n. 20<br>Conjunto Cai\u00e7ara \u2013 Goi\u00e2nia\/GO \u2013 CEP: 74775-013<br>E-mail:&nbsp;<a href=\"mailto:yuri.matos@pge.go.gov.br\">yuri.matos@pge.go.gov.br<\/a><br>Telefone: (62) 3265-4030 \/(62) 3265-4374<br>Unidade SEI: 06108<\/p>\n\n\n\n<p>Ger\u00eancia de Processos Administrativos da Procuradoria Setorial<\/p>\n\n\n\n<p>Procurador-Gerente: <strong>DR.<\/strong> <strong>GABRIEL LOPES ALFREDIQUE ALVES<br><\/strong>Rua Governador Jose Ludovico de Almeida, n. 20<br>Conjunto Cai\u00e7ara \u2013 Goi\u00e2nia\/GO \u2013 CEP. 74775-013<br>E-mail: <a href=\"mailto:gabriel.lopesalves@pge.go.gov.br\">gabriel.lopesalves@pge.go.gov.br<\/a><br>Telefone: (62) 3265-4043<br>Unidade SEI: 18198<\/p>\n\n\n\n<p>Ger\u00eancia de Contencioso da Procuradoria Setorial<\/p>\n\n\n\n<p>Procurador-Gerente: <strong>DR.<\/strong> <strong>BERNARDO SOARES SANTOS<br><\/strong>Rua Governador Jose Ludovico de Almeida, n. 20<br>Conjunto Cai\u00e7ara \u2013 Goi\u00e2nia\/GO \u2013 CEP. 74775-013<br>E-mail:&nbsp;<a href=\"mailto:daniel-wsd@pge.go.gov.br\">bernardo.ssantos@pge.go.gov.br<\/a><br>Telefone: (62) 3265-4043<br>Unidade SEI: 20194<\/p>\n\n\n\n<p>Ger\u00eancia de An\u00e1lises de Licita\u00e7\u00f5es e Contratos da Procuradoria Setorial<\/p>\n\n\n\n<p>Procurador-Gerente: <strong>DR.<\/strong> <strong>FAHAD RAMDE OTOCH UCHOA<br><\/strong>Rua Governador Jose Ludovico de Almeida, n. 20<br>Conjunto Cai\u00e7ara \u2013 Goi\u00e2nia\/GO \u2013 CEP. 74775-013<br>E-mail: <a href=\"mailto:fahad.uchoa@goias.gov.br\">fahad.uchoa@goias.gov.br<\/a><br>Telefone: (62)\u00a03265-4043<br>Unidade SEI:\u00a023506<\/p>\n\n\n\n<h4 class=\"wp-block-heading\">Secretaria de Estado da Retomada<\/h4>\n\n\n\n<p>Procurador-Chefe:\u00a0<strong>DR. GUILHERME RIBEIRO VALADARES DO AMARAL<br><\/strong>Pal\u00e1cio Pedro Ludovico Teixeira \u2013 Rua 82, n\u00ba 400, 2\u00ba andar<br>Setor Central<br>E-mail:\u00a0<a href=\"mailto:rogerio-rs@pge.go.gov.br\"><a href=\"https:\/\/goias.gov.br\/procuradoria\/cargos-e-seus-ocupantes\/guilherme.amaral@pge.go.gov.br\">guilherme.amaral@pge.go.gov.br<\/a><\/a><br>Telefone: (62) 3201-5221<br>Unidade SEI: 19227<\/p>\n\n\n\n<h4 class=\"wp-block-heading\">Secretaria de Estado da Sa\u00fade<\/h4>\n\n\n\n<p>Procurador-chefe:&nbsp;<strong>DR. ANT\u00d4NIO FL\u00c1VIO DE OLIVEIRA<\/strong><br>Rua SC1 n\u00b0299, Parque Santa Cruz \u2013 Goi\u00e2nia\/GO \u2013 CEP: 74860-270<br>E-mail:&nbsp;<a href=\"mailto:antonio-fo@pge.go.gov.br\">antonio-fo@pge.go.gov.br<\/a><br>Telefone: (62) 3201-3737<br>Unidade SEI: 05071<\/p>\n\n\n\n<p>Ger\u00eancia de Processos Administrativos da Procuradoria Setorial<\/p>\n\n\n\n<p>Gerente:&nbsp;<strong>DRA.<\/strong>&nbsp;<strong>CAROLINA CORREIA CAMPELO<\/strong><br>Rua SC1 n\u00b0299, Parque Santa Cruz \u2013 Goi\u00e2nia\/GO \u2013 CEP: 74860-270<br>E-mail:&nbsp;<a href=\"mailto:carolina.campelo@pge.go.gov.br\">carolina.campelo@pge.go.gov.br<\/a><br>Telefone: (62) 3201-3737<br>Unidade SEI: 21269<\/p>\n\n\n\n<h4 class=\"wp-block-heading\">Secretaria de Estado da Seguran\u00e7a P\u00fablica&nbsp;<\/h4>\n\n\n\n<p>Procurador-chefe:&nbsp;<strong>DR.<\/strong>&nbsp;<strong>PAULO ANDRE TEIXEIRA HURBANO<\/strong><br>Avenida Anhanguera n\u00b0 7364<br>Setor dos Aerovi\u00e1rios \u2013 Goi\u00e2nia\/GO \u2013 CEP: 74435-300<br>Telefone: (62)&nbsp;3201-1017 \/ 3201-1415 \/ 4840<br>E-mail:&nbsp;paulo-ath@pge.go.gov.br SEI: 06323<\/p>\n\n\n\n<p>Ger\u00eancia Jur\u00eddica de Defesa do Consumidor<br>Procurador-chefe:&nbsp;<strong>DR.&nbsp;<\/strong><strong>DAVID TARGINO FALCAO FARIAS<br><\/strong>Rua 8 n\u00ba 242 , Setor Central \u2013 Goi\u00e2nia\/ GO \u2013 CEP: 74013-030<br>E-mail:&nbsp;<a href=\"mailto:david.farias@pge.go.gov.br\">david.farias@pge.go.gov.br<\/a><br>Telefone: (62) 3201-7156\/(62) 3201-7143<br>Unidade SEI: 15365<\/p>\n\n\n\n<p>Ger\u00eancia de Processos Administrativos e do Contencioso<\/p>\n\n\n\n<p>Gerente:&nbsp;<strong>DR.<\/strong>&nbsp;<strong>FILIPE SPENSER DOWSLEY&nbsp;<\/strong><br>Avenida Anhanguera n\u00b07364<br>Setor dos Aerovi\u00e1rios \u2013 Goi\u00e2nia\/ GO \u2013 CEP: 74435-300<br>E-mail:&nbsp;<a href=\"mailto:filipe.dowsley@pge.go.gov.br\">filipe.dowsley@pge.go.gov.br<\/a><br>Telefone: (62) 3201-4840\/(62) 3201-1415\/(62) 3201-1014<br>Unidade SEI: 15364<\/p>\n\n\n\n<h4 class=\"wp-block-heading\">Diretoria-Geral de Administra\u00e7\u00e3o Penitenci\u00e1ria&nbsp;&nbsp;<\/h4>\n\n\n\n<p>Diretor:&nbsp;<strong>DR.<\/strong>&nbsp;<strong>YURI ALEXANDER NOGUEIRA GOMES NASCIMENTO<\/strong><br>Rua 201, n\u00ba 430<br>Setor Leste Vila Nova \u2013 Goi\u00e2nia\/GO \u2013&nbsp; CEP: 74140-110-300<br>E-mail:&nbsp;<a href=\"mailto:yuri.gnascimento@dgap.go.gov.br\">yuri.gnascimento@dgap.go.gov.br<\/a><br>Telefone: (62) 3201-3345<br>Unidade SEI: 16467<\/p>\n\n\n\n<h4 class=\"wp-block-heading\">Departamento Estadual de Tr\u00e2nsito<\/h4>\n\n\n\n<p>Procurador-chefe:&nbsp;<strong>DR.<\/strong>&nbsp;<strong>ANT\u00d4NIO VITAL ALVES DA SILVA<br><\/strong>Avenida Atilio Correa Lima S\/N<br>Cidade Jardim \u2013 Goi\u00e2nia\/GO \u2013 CEP. 74425-901<br>E-mail:<a href=\"mailto:antoniovital.silva@pge.go.gov.br\">&nbsp;antoniovital.silva@pge.go.gov.br<\/a><br>Telefone: (62) 3272-8480<br>Unidade SEI: 05001<\/p>\n\n\n\n<p>Ger\u00eancia do Contencioso da Procuradoria Setorial<\/p>\n\n\n\n<p>Gerente:&nbsp;<strong>DRA.<\/strong>&nbsp;<strong>DANIELLA KALLYNNE DE OLIVEIRA GARCIA<br><\/strong>Avenida Atilio Correa Lima S\/N<br>Cidade Jardim \u2013 Goi\u00e2nia\/GO \u2013 CEP. 74425-901<br>E-mail:&nbsp;<a href=\"mailto:daniella.orgarcia@detran.go.gov.br\">daniella.orgarcia@detran.go.gov.br<\/a><br>Telefone: (62) 3272-8118 \/8010<br>SEI: 20991<\/p>\n\n\n\n<p>Ger\u00eancia de Processos Administrativos da Procuradoria Setorial<\/p>\n\n\n\n<p>Gerente:&nbsp;<strong>DR.<\/strong>&nbsp;<strong>RODRIGO GANEM<br><\/strong>Avenida Atilio Correa Lima S\/N<br>Cidade Jardim \u2013 Goi\u00e2nia\/GO \u2013 CEP. 74425-901<br>E-mail:&nbsp;<a href=\"mailto:rodrigo.ganem@pge.go.gov.br\">rodrigo.ganem@pge.go.gov.br<\/a><br>Telefone: (62) 3272-8010<br>Unidade SEI: 20990<\/p>\n\n\n\n<h4 class=\"wp-block-heading\">Secretaria de Estado de Agricultura, Pecu\u00e1ria e Abastecimento<\/h4>\n\n\n\n<p>Procurador-Chefe:&nbsp;<strong>DR.<\/strong>&nbsp;<strong>ALERTE MARTINS DE JESUS<\/strong><br>Rua 256, n. 52<br>Setor Leste Universit\u00e1rio \u2013 Goi\u00e2nia\/GO \u2013 CEP. 74610-200<br>Telefone: (62) 3201-8940\/8941<br>E-mail:&nbsp;<a href=\"mailto:alerte.mjesus@pge.go.gov.br\">alerte.mjesus@pge.go.gov.br<\/a><br>Unidade SEI: 17651<\/p>\n\n\n\n<h4 class=\"wp-block-heading\">Ag\u00eancia Goiana de Assist\u00eancia T\u00e9cnica, Extens\u00e3o Rural e Pesquisa Agropecu\u00e1ria<\/h4>\n\n\n\n<p>Procurador-Chefe:&nbsp;<strong>DR.<\/strong>&nbsp;<strong>WELBER FERREIRA DA FONSECA<br><\/strong>Rodovia R-2, Quadra \u00c1rea, Lote AR-3<br>Campus Samambaia \u2013 Goi\u00e2nia\/GO \u2013 CEP: 74690-631<br>E-mail:&nbsp;<a href=\"mailto:welber-ff@pge.go.gov.br\">welber-ff@pge.go.gov.br<\/a><br>Telefone: (62) 3201-1584<br>Unidade SEI: 12445<\/p>\n\n\n\n<h4 class=\"wp-block-heading\">Ag\u00eancia Goiana de Defesa Agropecu\u00e1ria&nbsp;<\/h4>\n\n\n\n<p>Procurador-Chefe:&nbsp;<strong>DR.<\/strong>&nbsp;<strong>FELIPE RIBEIRO MOURA BATISTA<br><\/strong>Avenida Quarta Radial, Quadra 60 Lotes 1\/2<br>Setor Pedro Luduvico \u2013 Goi\u00e2nia\/GO \u2013 CEP. 74830-130<br>E-mail:&nbsp;<a href=\"mailto:fellipe.batista@pge.go.gov.br\">fellipe.batista@pge.go.gov.br<\/a><br>Telefone: (62) 3201-3530<br>Unidade SEI: 06226<\/p>\n\n\n\n<h4 class=\"wp-block-heading\">Secretaria de Estado Ci\u00eancia Tecnologia e Inova\u00e7\u00e3o&nbsp;<\/h4>\n\n\n\n<p>Procurador-Chefe:&nbsp;<strong>DR.&nbsp;<\/strong><strong>TOMAZ AQUINO DA SILVA JUNIOR<\/strong><br>Pal\u00e1cio Pedro Ludovico Teixeira \u2013 Rua 82, n\u00ba 400, 2\u00ba andar<br>Setor Central \u2013 Goi\u00e2nia\/GO<br>E-mail:&nbsp;<a href=\"mailto:tomaz.silva@pge.go.gov.br\">tomaz.silva@pge.go.gov.br<\/a><br>Telefone: (62) 3269-3144<br>Unidade SEI: 14364<\/p>\n\n\n\n<h4 class=\"wp-block-heading\">Funda\u00e7\u00e3o de Amparo \u00e0 Pesquisa do Estado de Goi\u00e1s<\/h4>\n\n\n\n<p>Procurador-Chefe:&nbsp;<strong>DR.<\/strong>&nbsp;<strong>FREDERICO ANTUNES COSTA TORMIN<\/strong><br>Rua Dona Maria Joana, n. 150<br>Setor Sul \u2013 Goi\u00e2nia\/GO \u2013 74083-140<br>E-mail:&nbsp;<a href=\"mailto:frederico.ctormin@goias.gov.br\">frederico.ctormin@goias.gov.br<\/a><br>Telefone: (62) 3201-8081<br>Unidade SEI: 10989<\/p>\n\n\n\n<h4 class=\"wp-block-heading\">Secretaria de Estado de Desenvolvimento Social&nbsp;<\/h4>\n\n\n\n<p>Procurador-Chefe:&nbsp;<strong>DR. CARLOS AUGUSTO SARDINHA TAVARES JUNIOR<br><\/strong>Pra\u00e7a Dr. Pedro Ludovico Teixeira, n. 332<br>Setor Central \u2013 Goi\u00e2nia\/GO \u2013 CEP. 74083-010<br>E-mail:&nbsp;<a href=\"mailto:carlos-astj@pge.go.gov.br\">carlos-astj@pge.go.gov.br<\/a><br>Telefone: (62) 3201-1900<br>Unidade SEI: 10728<\/p>\n\n\n\n<h4 class=\"wp-block-heading\">Secretaria de Estado de Esporte e Lazer&nbsp;<\/h4>\n\n\n\n<p>Procuradora-Chefe:&nbsp;<strong>DRA.<\/strong>&nbsp;<strong>M\u00c1RCIA OLIVEIRA ALVES DA MOTA<br><\/strong>Avenida Fued Jos\u00e9 Seba, n. 1170<br>Jardim Goi\u00e1s \u2013 Goi\u00e2nia\/GO \u2013 CEP: 74805-100<br>E-mail:&nbsp;<a href=\"mailto:marcia-oam@pge.go.gov.br\">marcia-oam@pge.go.gov.br<\/a><br>Telefone: (62) 3201-7080<br>Unidade SEI: 17584<\/p>\n\n\n\n<h4 class=\"wp-block-heading\">Secretaria de Estado de Ind\u00fastria, Com\u00e9rcio e Servi\u00e7os&nbsp;<\/h4>\n\n\n\n<p>Procurador-Chefe:&nbsp;<strong>DR<\/strong>.&nbsp;<strong>GUSTAVO LELIS SOUZA SILVA&nbsp;<\/strong><br>Rua 82, n\u00b0400, Pal\u00e1cio Pedro Ludovico Teixeira, 5\u00b0 andar<br>Setor Sul \u2013 Goi\u00e2nia\/GO \u2013 CEP: 74015-908<br>E-mail:&nbsp;<a href=\"mailto:gustavo.ssilva@goias.gov.br\">gustavo.ssilva@goias.gov.br<\/a><br>Telefone: (62) 3201-5447 \/ 5433<br>Unidade SEI: 06323<\/p>\n\n\n\n<h4 class=\"wp-block-heading\">Ag\u00eancia Estadual de Turismo<\/h4>\n\n\n\n<p>Procuradora-Chefe:&nbsp;<strong>DRA.<\/strong>&nbsp;<strong>ANDREIA DE ARAUJO INACIO ADOURIAN&nbsp;<\/strong><br>Rua 30, S\/N \u2013 Setor Central \u2013 Goi\u00e2nia\/GO<br>E-mail:&nbsp;<a href=\"mailto:andreia-aia@pge.go.gov.br\">andreia-aia@pge.go.gov.br<\/a><br>Telefone: (62) 3201-8100<br>Unidade SEI: 02986<\/p>\n\n\n\n<h4 class=\"wp-block-heading\">Junta Comercial do Estado de Goi\u00e1s&nbsp;<\/h4>\n\n\n\n<p>Procuradora-Geral:&nbsp;<strong>DRA. MARIANNA DE SOUZA SILVEIRA<\/strong><br>Edif\u00edcio Euro Working concept, Rua Jo\u00e3o de Abreu, n. 116<br>Setor Oeste \u2013 Goi\u00e2nia\/GO \u2013 CEP. 74120-110<br>E-mail:&nbsp;<a href=\"mailto:marianna.silveira@pge.go.gov.br\">marianna.silveira@pge.go.gov.br<\/a><br>Telefone: (62) 3252-9200<br>SEI: 10969<\/p>\n\n\n\n<h4 class=\"wp-block-heading\">Secretaria de Estado de Meio Ambiente e Desenvolvimento Sustent\u00e1vel&nbsp;<\/h4>\n\n\n\n<p>Procurador-Chefe:&nbsp;<strong>DR. VITOR RODRIGUES SAMPAIO BARBOSA&nbsp;<\/strong><br>Rua 82, n\u00b0400, Pal\u00e1cio Pedro Ludovico Teixeira, 5\u00b0 andar<br>Setor Sul \u2013 Goi\u00e2nia\/GO \u2013 CEP: 74015-908<br>E-mail:&nbsp;<a href=\"mailto:vitor.barbosa@pge.go.gov.br\">vitor.barbosa@pge.go.gov.br<\/a><br>Telefone: (62) 98431-7360<br>Unidade SEI: 06605<\/p>\n\n\n\n<p>Ger\u00eancia do Contencioso Administrativo da Procuradoria Setorial<\/p>\n\n\n\n<p>Gerente:&nbsp;<strong>DR.<\/strong>&nbsp;<strong>MARIA RITA DE FARIA E VASCONCELOS&nbsp;<\/strong><br>Rua 82, n\u00b0400, Pal\u00e1cio Pedro Ludovico Teixeira, 5\u00b0 andar<br>Setor Sul \u2013 Goi\u00e2nia\/ GO \u2013 CEP: 74015-908<br>E-mail:&nbsp;<a href=\"mailto:maria.vasconcellos@goias.gov.br\">maria.vasconcellos@goias.gov.br<\/a><br>Telefone: (62) 3201-5285\/(62) 3201-5286<br>Unidade SEI: 17204<\/p>\n\n\n\n<h4 class=\"wp-block-heading\">Secretaria de Estado do Entorno do Distrito Federal de Goi\u00e1s&nbsp;<\/h4>\n\n\n\n<p>Procurador-Chefe:&nbsp;<strong>DRA<\/strong>.&nbsp;<strong>NATALIA FURTADO MAIA&nbsp;<\/strong><br>Setor de Administra\u00e7\u00e3o Federal Sul Q2<br>Bras\u00edlia\/ DF \u2013&nbsp; CEP: 70297-400<br>E-mail:&nbsp;<a href=\"mailto:natalia.fmaia@pge.go.gov.br\">natalia.fmaia@pge.go.gov.br<\/a><br>Telefone: (62) 994725889<br>Unidade SEI: 17675<\/p>\n\n\n\n<h4 class=\"wp-block-heading\">Secretaria de Estado da Casa Militar&nbsp;<\/h4>\n\n\n\n<p>Procurador-Chefe:&nbsp;<strong>DR<\/strong>.&nbsp;<strong>JADER MIRANDA DE ALMEIDA&nbsp;<\/strong><br>Rua 82, n\u00b0400, Pal\u00e1cio Pedro Ludovico Teixeira, 5\u00b0 andar<br>Setor Sul \u2013 Goi\u00e2nia\/GO \u2013 CEP: 74015-908<br>E-mail:&nbsp;<a href=\"mailto:jader.almeida@pge.go.gov.br\">jader.almeida@pge.go.gov.br<\/a><br>Telefone: (62) 3524-2020 \/ (62) 3216-9753<br>Unidade SEI: 18427<\/p>\n\n\n\n<h4 class=\"wp-block-heading\">Tribunal de Contas dos Munic\u00edpios do Estado de Goi\u00e1s&nbsp;<\/h4>\n\n\n\n<p>Procurador-Chefe:&nbsp;<strong>DR.&nbsp;<\/strong><strong>MARCELO BORGES PROTO DE OLIVEIRA&nbsp;<\/strong><br>Rua 68, n\u00b0 727, Setor Central \u2013 Goi\u00e2nia\/GO \u2013 CEP: 74045-140<br>E-mail:&nbsp;<a href=\"mailto:marcelo.proliveira@pge.go.gov.br\">marcelo.proliveira@pge.go.gov.br<\/a><br>Telefone: (62) 3216-6144<br>Unidade SEI: 09524<\/p>\n","protected":false},"excerpt":{"rendered":"<p>Secretaria-Geral de Governo&nbsp; Procurador-Chefe:&nbsp;DR.&nbsp;DANIEL GARCIA DE OLIVEIRAPra\u00e7a Dr. Pedro Ludovico Teixeira, n. 332Setor Central \u2013 Goi\u00e2nia\/GO \u2013 CEP. 74083-010E-mail:&nbsp;daniel-go@pge.go.gov.brTelefone: (62) 3201-5050Unidade SEI: 18410 Ger\u00eancia de Processos Administrativos Gerente: DR. ANT\u00d4NIO MESCOLIN NETOPra\u00e7a Dr. Pedro Ludovico Teixeira, n. 332Setor Central \u2013 Goi\u00e2nia\/GO \u2013 CEP. 74083-010E-mail:&nbsp;antonio.mescolin@pge.go.gov.brTelefone: (62) 3201-5050Unidade SEI: 18410 Universidade Estadual de Goi\u00e1s Procurador-Chefe:&nbsp;DR.&nbsp;MARCELO CARLOS MAIA [&hellip;]<\/p>\n","protected":false},"author":62,"featured_media":0,"parent":0,"menu_order":0,"comment_status":"closed","ping_status":"closed","template":"","meta":{"footnotes":""},"class_list":["post-10477","page","type-page","status-publish","hentry"],"rttpg_featured_image_url":null,"rttpg_author":{"display_name":"italoreis","author_link":"https:\/\/goias.gov.br\/procuradoria\/author\/italoreis\/"},"rttpg_comment":0,"rttpg_category":null,"rttpg_excerpt":"Secretaria-Geral de Governo&nbsp; Procurador-Chefe:&nbsp;DR.&nbsp;DANIEL GARCIA DE OLIVEIRAPra\u00e7a Dr. Pedro Ludovico Teixeira, n. 332Setor Central \u2013 Goi\u00e2nia\/GO \u2013 CEP. 74083-010E-mail:&nbsp;daniel-go@pge.go.gov.brTelefone: (62) 3201-5050Unidade SEI: 18410 Ger\u00eancia de Processos Administrativos Gerente: DR. ANT\u00d4NIO MESCOLIN NETOPra\u00e7a Dr. Pedro Ludovico Teixeira, n. 332Setor Central \u2013 Goi\u00e2nia\/GO \u2013 CEP. 74083-010E-mail:&nbsp;antonio.mescolin@pge.go.gov.brTelefone: (62) 3201-5050Unidade SEI: 18410 Universidade Estadual de Goi\u00e1s Procurador-Chefe:&nbsp;DR.&nbsp;MARCELO CARLOS MAIA&hellip;","_links":{"self":[{"href":"https:\/\/goias.gov.br\/procuradoria\/wp-json\/wp\/v2\/pages\/10477","targetHints":{"allow":["GET"]}}],"collection":[{"href":"https:\/\/goias.gov.br\/procuradoria\/wp-json\/wp\/v2\/pages"}],"about":[{"href":"https:\/\/goias.gov.br\/procuradoria\/wp-json\/wp\/v2\/types\/page"}],"author":[{"embeddable":true,"href":"https:\/\/goias.gov.br\/procuradoria\/wp-json\/wp\/v2\/users\/62"}],"replies":[{"embeddable":true,"href":"https:\/\/goias.gov.br\/procuradoria\/wp-json\/wp\/v2\/comments?post=10477"}],"version-history":[{"count":2,"href":"https:\/\/goias.gov.br\/procuradoria\/wp-json\/wp\/v2\/pages\/10477\/revisions"}],"predecessor-version":[{"id":110663,"href":"https:\/\/goias.gov.br\/procuradoria\/wp-json\/wp\/v2\/pages\/10477\/revisions\/110663"}],"wp:attachment":[{"href":"https:\/\/goias.gov.br\/procuradoria\/wp-json\/wp\/v2\/media?parent=10477"}],"curies":[{"name":"wp","href":"https:\/\/api.w.org\/{rel}","templated":true}]}}