
{"id":77733,"date":"2026-01-05T11:57:37","date_gmt":"2026-01-05T14:57:37","guid":{"rendered":"https:\/\/goias.gov.br\/procon\/?page_id=77733"},"modified":"2026-01-05T14:44:35","modified_gmt":"2026-01-05T17:44:35","slug":"quita-procon-goias","status":"publish","type":"page","link":"https:\/\/goias.gov.br\/procon\/quita-procon-goias\/","title":{"rendered":"Quita Procon Goi\u00e1s"},"content":{"rendered":"<p><strong>1. Conceito e Abrang\u00eancia do Programa<\/strong><\/p>\n<p><strong>1.1 O que \u00e9 o QUITA PROCON-GOI\u00c1S?<\/strong><br \/>\nO QUITA PROCON-GOI\u00c1S \u00e9 um programa, institu\u00eddo pela <strong>Lei n\u00ba 23.854\/2025,<\/strong> que permite a quita\u00e7\u00e3o de <strong>cr\u00e9ditos n\u00e3o tribut\u00e1rios<\/strong> resultantes de multas administrativas aplicadas pelo PROCON-GOI\u00c1S, desde que sejam atendidos os requisitos legais.<\/p>\n<p><strong>1.2 Quais s\u00e3o os benef\u00edcios oferecidos pelo programa?<\/strong><br \/>\nO programa concede dois benef\u00edcios principais:<br \/>\n<strong>Redu\u00e7\u00e3o de 40%<\/strong> sobre o valor principal da multa. <strong>Remiss\u00e3o integral<\/strong> (perd\u00e3o total) dos juros, multa morat\u00f3ria e atualiza\u00e7\u00e3o monet\u00e1ria.<\/p>\n<p><strong>1.3 Quais cr\u00e9ditos podem ser inclu\u00eddos no QUITA PROCON-GOI\u00c1S?<\/strong><br \/>\nO programa abarca, cumulativamente, os <strong>cr\u00e9ditos n\u00e3o tribut\u00e1rios<\/strong> relacionados \u00e0s san\u00e7\u00f5es administrativas de multas aplicadas pelo PROCON-GOI\u00c1S, inscritos ou n\u00e3o inscritos em d\u00edvida ativa, judicializados ou n\u00e3o, cuja decis\u00e3o da primeira inst\u00e2ncia administrativa tenha sido proferida <strong>at\u00e9 31 de dezembro de 2024.<\/strong> Abrange, inclusive, ajuizados em a\u00e7\u00e3o de execu\u00e7\u00e3o fiscal ou judicializados, objeto de a\u00e7\u00e3o anulat\u00f3ria.<\/p>\n<p><strong>1.4 Quem \u00e9 o respons\u00e1vel pelo atendimento de cada tipo de cr\u00e9dito?<\/strong><\/p>\n<p><strong>ATRIBUI\u00c7\u00c3O AO PROCON-GO:<\/strong><br \/>\nCr\u00e9ditos <strong>N\u00e3o Inscritos<\/strong> em D\u00edvida Ativa judicializados ou n\u00e3o (Com dep\u00f3sitos judiciais ou em a\u00e7\u00f5es anulat\u00f3rias).<br \/>\nCr\u00e9ditos inscritos em D\u00edvida Ativa com n.\u00ba PAT <strong>antes de dezembro de 2018<\/strong> (per\u00edodo em que a inscri\u00e7\u00e3o era feita pela Secretaria de Estado da Economia).<\/p>\n<p><strong>ATRIBUI\u00c7\u00c3O \u00c0 PROCURADORIA-GERAL DO ESTADO (PGE):<\/strong><br \/>\nCr\u00e9ditos <strong>inscritos em D\u00edvida Ativa na PGE\/GO a partir de dezembro de 2018, nos termos da Lei n\u00ba 20.233\/2018.<\/strong><\/p>\n<p><strong>1.5 De quem \u00e9 a responsabilidade de identificar os processos a serem quitados?<\/strong><br \/>\nCabe ao interessado prover a identifica\u00e7\u00e3o clara dos <strong>n\u00fameros dos processo<\/strong>s que pretende quitar atrav\u00e9s do QUITA PROCON-GOI\u00c1S.<br \/>\n\u00c9 a partir dessa informa\u00e7\u00e3o que o <strong>PROCON ou a PGE<\/strong> realizar\u00e3o o levantamento do saldo devedor e a aplica\u00e7\u00e3o dos descontos <strong>previstos na Lei n\u00ba 23.854\/2025.<\/strong><\/p>\n<p><strong>2. Formas de Pagamento e Condi\u00e7\u00f5es Especiais<\/strong><\/p>\n<p><strong>2.1 Qual \u00e9 a forma de pagamento principal?<\/strong><br \/>\nO <strong>DARE<\/strong> para pagamento no PROCON-GO \u00e9 emitido pela Ger\u00eancia de Gest\u00e3o de Cr\u00e9ditos.<br \/>\nO <strong>DARE<\/strong> para pagamento na PGE\/GO \u00e9 emitido no sistema e-PGE\/GDA. (parcelamento na PGE n\u00e3o est\u00e1 dispon\u00edvel).<\/p>\n<p><strong>2.2 Qual \u00e9 o prazo para pagamento do DARE?<\/strong><br \/>\nO DARE ter\u00e1 vencimento em 15 (quinze) dias \u00fateis, contados da valida\u00e7\u00e3o da ades\u00e3o. O DARE ser\u00e1 enviado por e-mail ou entregue presencialmente ap\u00f3s a valida\u00e7\u00e3o ades\u00e3o.<\/p>\n<p><strong>2.3 H\u00e1 alguma op\u00e7\u00e3o de parcelamento?<\/strong><br \/>\nSim, para os processos N\u00c3O INSCRITOS em D\u00edvida Ativa atendidos pelo PROCON-GO. Nesta modalidade, <strong>N\u00c3O haver\u00e1 o desconto de 40%<\/strong> sobre o valor principal da multa. O \u00fanico benef\u00edcio mantido \u00e9 a <strong>Remiss\u00e3o total dos juros, da multa morat\u00f3ria e da atualiza\u00e7\u00e3o monet\u00e1ria.<\/strong><\/p>\n<p>Ainda que n\u00e3o inscritos, se <strong>judicializados<\/strong>, n\u00e3o ser\u00e3o objeto do <strong>parcelamento<\/strong>. (\u00a7 2\u00ba Os d\u00e9bitos inscritos ou n\u00e3o em d\u00edvida ativa, todavia em execu\u00e7\u00e3o judicial ou sub judice em virtude de a\u00e7\u00e3o anulat\u00f3ria ou de qualquer outra a\u00e7\u00e3o cab\u00edvel, n\u00e3o ser\u00e3o objeto de parcelamento). O parcelamento \u00e9 feito em duas etapas:<\/p>\n<p><strong>Primeira Parcela (Entrada):<\/strong><br \/>\n<strong>Valor:<\/strong> 40% do saldo devedor (ap\u00f3s a remiss\u00e3o de juros e encargos).<br \/>\n<strong>Prazo:<\/strong> Quita\u00e7\u00e3o em at\u00e9 <strong>15 (quinze) dias<\/strong> ap\u00f3s a valida\u00e7\u00e3o do Termo de Ades\u00e3o e emiss\u00e3o do DARE.<\/p>\n<p><strong>Saldo Restante:<\/strong><br \/>\nDividido em at\u00e9 <strong>9 (nove) parcelas iguais.<\/strong><br \/>\nVencimento: Nos meses seguintes \u00e0 quita\u00e7\u00e3o da primeira parcela.<br \/>\n<strong>Aten\u00e7\u00e3o:<\/strong> O valor de cada parcela restante n\u00e3o pode ser inferior ao<br \/>\nvalor m\u00ednimo previsto no par\u00e1grafo \u00fanico do art. 57 do C\u00f3digo de Defesa do Consumidor (Lei federal n\u00ba 8.078).<\/p>\n<p><strong>3. ADES\u00c3O E OBRIGA\u00c7\u00d5ES DO DEVEDOR<\/strong><br \/>\n<strong>3.1 Como a ades\u00e3o \u00e9 formalizada?<\/strong><br \/>\nA ades\u00e3o \u00e9 formalizada mediante a <strong>assinatura do Termo de Ades\u00e3o,<\/strong> que pode ser realizada de forma <strong>presencial ou digital.<\/strong><\/p>\n<p><strong>3.2 Quem pode assinar o Termo de Ades\u00e3o?<\/strong><\/p>\n<p><strong>Pode assinar o Termo:<\/strong><br \/>\nO <strong>pr\u00f3prio devedor.<\/strong><br \/>\nSeu <strong>representante legal.<\/strong><br \/>\n<strong>Procurador constitu\u00eddo<\/strong> com poderes espec\u00edficos para firmar o acordo.<\/p>\n<p><strong>3.3 A assinatura do Termo de Ades\u00e3o suspende a cobran\u00e7a ou o processo judicial?<\/strong><br \/>\n<strong>N\u00e3o,<\/strong> quando o pagamento for <strong>\u00e0 vista.<\/strong> A exigibilidade ser\u00e1 suspensa apenas nas hip\u00f3teses de parcelamento. A <strong>extin\u00e7\u00e3o de a\u00e7\u00f5es judiciais<\/strong> e a baixa de cobran\u00e7a s\u00f3 ocorrem ap\u00f3s a quita\u00e7\u00e3o integral do d\u00e9bito, <strong>incluindo os hor\u00e1rios devidos<\/strong>).<\/p>\n<p><strong>3.4 O que a assinatura do Termo de Ades\u00e3o implica? <\/strong><\/p>\n<p><strong>Confiss\u00e3o irrevog\u00e1vel e irretrat\u00e1vel <\/strong>da d\u00edvida.<br \/>\n<strong>Desist\u00eancia<\/strong> de recursos administrativos, impugna\u00e7\u00f5es e a\u00e7\u00f5es judiciais relacionadas ao d\u00e9bito.<br \/>\nDeclara\u00e7\u00e3o de <strong>n\u00e3o enquadramento<\/strong> nas hip\u00f3teses impeditivas previstas em lei.<\/p>\n<p><strong>3.5 Posso aderir ao programa se houver processo judicial em andamento?<\/strong><br \/>\n<strong>Sim,<\/strong> mas a ades\u00e3o exige que o devedor <strong>desista da a\u00e7\u00e3o judicial<\/strong> e renuncie ao direito discutido, arque com as <strong>despesas processuais e honor\u00e1rios advocat\u00edcios<\/strong>, quando devidos.<br \/>\n<strong>Comprove nos autos<\/strong> a quita\u00e7\u00e3o integral do d\u00e9bito.<\/p>\n<p><strong>3.6 Tenho um parcelamento ativo (Portaria n\u00ba 297\/2021). Posso aderir ao QUITA PROCON-GOI\u00c1S?<\/strong><br \/>\n<strong>Sim.<\/strong> Ser\u00e1 necess\u00e1rio <strong>solicitar o cancelamento<\/strong> do parcelamento vigente. Os valores j\u00e1 pagos ser\u00e3o amortizados no saldo do d\u00e9bito, permitindo a ades\u00e3o ao QUITA PROCON- GOI\u00c1S com as condi\u00e7\u00f5es de quita\u00e7\u00e3o \u00e0 vista.<\/p>\n<p><strong>4. Rescis\u00e3o e Penalidades<\/strong><\/p>\n<p><strong>4.1 O que acontece se o DARE (\u00e0 vista ou parcelado) n\u00e3o for pago at\u00e9 o vencimento?<\/strong><\/p>\n<p>O n\u00e3o pagamento no prazo implica automaticamente:<br \/>\n<strong>&#8211; Perda de todos os benef\u00edcios do<\/strong> QUITA PROCON-GOI\u00c1S.<br \/>\n<strong>&#8211; Impossibilidade de nova ades\u00e3o<\/strong> ao programa para o mesmo d\u00e9bito.<br \/>\n<strong>&#8211; Retorno da cobran\u00e7a pelo valor integral<\/strong> da d\u00edvida, com todos os encargos legais.<\/p>\n<p><strong>4.2 Se houver d\u00e9bito parcelado, quais s\u00e3o as hip\u00f3teses de perda dos beneficios?<\/strong><\/p>\n<p>Os benef\u00edcios ser\u00e3o perdidos se houver:<br \/>\n&#8211; N\u00e3o pagamento \u00e0 vista (se essa for a modalidade de ades\u00e3o).<br \/>\n&#8211; O n\u00e3o pagamento da parcela de <strong>40% (quarenta por cento)<\/strong> ou de qualquer uma das demais parcelas do parcelamento at\u00e9 o vencimento.<br \/>\n&#8211; Descumprimento das condi\u00e7\u00f5es do Termo de Ades\u00e3o. Identifica\u00e7\u00e3o posterior de impedimentos legais.<\/p>\n<p><strong>4.3 Como ficam os d\u00e9bitos protestados?<\/strong><br \/>\nAs <strong>custas e emolumentos do protesto permanecem sob responsabilidade do devedor<\/strong>, n\u00e3o sendo aplicados os descontos do programa sobre estes valores.<\/p>\n<p>A baixa do protesto ocorrer\u00e1 somente ap\u00f3s:<br \/>\n&#8211; A <strong>quita\u00e7\u00e3o integral<\/strong> do DARE (\u00e0 vista ou parcelado), visto que, em caso de parcelamento, apenas a quita\u00e7\u00e3o do primeiro DARE de 40% n\u00e3o \u00e9 suficiente para a poss\u00edvel baixa do protesto)<br \/>\nO <strong>pagamento das custas<\/strong> ao tabelionato competente.<\/p>\n<p><strong>5. Atendimento e Contato<\/strong><\/p>\n<p><strong>5.1 Onde devo procurar atendimento para processos do PROCON-GO (N\u00e3o Inscritos, judicializados ou n\u00e3o, com dep\u00f3sitos judiciais e a\u00e7\u00f5es anulat\u00f3rias em curso ou com inscri\u00e7\u00e3o em d\u00edvida ativa com n. \u00ba PAT)?<\/strong><\/p>\n<p>O atendimento \u00e9 <strong>exclusivo<\/strong> por:<br \/>\nE-mail: quita.procon@goias.gov.br<br \/>\nPresencial: Sede do PROCON-GO (Rua 8, n\u00ba 242, Edif\u00edcio Torres, Setor Central. Ger\u00eancia de Gest\u00e3o de Cr\u00e9dito, 1\u00ba Andar). Necess\u00e1rio o <strong>agendamento<\/strong> atrav\u00e9s do link: <a href=\"https:\/\/sites.google.com\/view\/quitaprocon-go\" target=\"_blank\" rel=\"noopener\">https:\/\/sites.google.com\/view\/quitaprocon-go<\/a><br \/>\nTelefone: 62 3201-7158 (Apenas informa\u00e7\u00f5es)<\/p>\n<p><strong>5.2 Onde devo procurar atendimento para processos Inscritos em D\u00edvida Ativa na PGE?<\/strong><\/p>\n<p>O atendimento \u00e9 <strong>exclusivo<\/strong> por:<br \/>\nE-mail: quitaprocon.gda@pge.go.gov.br<br \/>\nPresencial: Rua 02, esquina com a Avenida Rep\u00fablica do L\u00edbano, n\u00ba 293, Edif\u00edcio Republic Tower, Setor Oeste, Goi\u00e2nia\/GO, CEP 74.110-130.<br \/>\nNecess\u00e1rio o <strong>agendamento<\/strong> atrav\u00e9s do link: <a href=\"https:\/\/www.go.gov.br\/novo-servico-de-agendamento\/novo\" target=\"_blank\" rel=\"noopener\">https:\/\/www.go.gov.br\/novo-servico-de-agendamento\/novo<\/a><\/p>\n<p><strong>Obs.: <\/strong>Na modalidade PGE, todo o procedimento pode ser realizado de forma remota, incluindo envio de documentos, recebimento e assinatura digital do Termo de Ades\u00e3o.<\/p>\n<p>&nbsp;<\/p>\n","protected":false},"excerpt":{"rendered":"<p>1. Conceito e Abrang\u00eancia do Programa 1.1 O que \u00e9 o QUITA PROCON-GOI\u00c1S? O QUITA PROCON-GOI\u00c1S \u00e9 um programa, institu\u00eddo pela Lei n\u00ba 23.854\/2025, que permite a quita\u00e7\u00e3o de cr\u00e9ditos n\u00e3o tribut\u00e1rios resultantes de multas administrativas aplicadas pelo PROCON-GOI\u00c1S, desde que sejam atendidos os requisitos legais. 1.2 Quais s\u00e3o os benef\u00edcios oferecidos pelo programa? O [&hellip;]<\/p>\n","protected":false},"author":511,"featured_media":0,"parent":0,"menu_order":0,"comment_status":"closed","ping_status":"closed","template":"","meta":{"footnotes":""},"class_list":["post-77733","page","type-page","status-publish","hentry"],"rttpg_featured_image_url":null,"rttpg_author":{"display_name":"welsonsouza","author_link":"https:\/\/goias.gov.br\/procon\/author\/welsonsouza\/"},"rttpg_comment":0,"rttpg_category":null,"rttpg_excerpt":"1. Conceito e Abrang\u00eancia do Programa 1.1 O que \u00e9 o QUITA PROCON-GOI\u00c1S? O QUITA PROCON-GOI\u00c1S \u00e9 um programa, institu\u00eddo pela Lei n\u00ba 23.854\/2025, que permite a quita\u00e7\u00e3o de cr\u00e9ditos n\u00e3o tribut\u00e1rios resultantes de multas administrativas aplicadas pelo PROCON-GOI\u00c1S, desde que sejam atendidos os requisitos legais. 1.2 Quais s\u00e3o os benef\u00edcios oferecidos pelo programa? O&hellip;","_links":{"self":[{"href":"https:\/\/goias.gov.br\/procon\/wp-json\/wp\/v2\/pages\/77733","targetHints":{"allow":["GET"]}}],"collection":[{"href":"https:\/\/goias.gov.br\/procon\/wp-json\/wp\/v2\/pages"}],"about":[{"href":"https:\/\/goias.gov.br\/procon\/wp-json\/wp\/v2\/types\/page"}],"author":[{"embeddable":true,"href":"https:\/\/goias.gov.br\/procon\/wp-json\/wp\/v2\/users\/511"}],"replies":[{"embeddable":true,"href":"https:\/\/goias.gov.br\/procon\/wp-json\/wp\/v2\/comments?post=77733"}],"version-history":[{"count":2,"href":"https:\/\/goias.gov.br\/procon\/wp-json\/wp\/v2\/pages\/77733\/revisions"}],"predecessor-version":[{"id":77737,"href":"https:\/\/goias.gov.br\/procon\/wp-json\/wp\/v2\/pages\/77733\/revisions\/77737"}],"wp:attachment":[{"href":"https:\/\/goias.gov.br\/procon\/wp-json\/wp\/v2\/media?parent=77733"}],"curies":[{"name":"wp","href":"https:\/\/api.w.org\/{rel}","templated":true}]}}