
{"id":69939,"date":"2024-10-08T13:30:18","date_gmt":"2024-10-08T16:30:18","guid":{"rendered":"https:\/\/goias.gov.br\/procon\/?page_id=69939"},"modified":"2024-10-14T12:55:16","modified_gmt":"2024-10-14T15:55:16","slug":"ouvidoria-setorial","status":"publish","type":"page","link":"https:\/\/goias.gov.br\/procon\/ouvidoria-setorial\/","title":{"rendered":"Ouvidoria Setorial"},"content":{"rendered":"<p><strong><span style=\"color: #008000;\">Atendimento Presencial<\/span><\/strong><\/p>\r\n<p>Ouvidor Setorial: <strong>ITALUZY TOLEDO NASCIMENTO<\/strong><\/p>\r\n<!-- \/wp:post-content -->\r\n\r\n<!-- wp:group {\"layout\":{\"type\":\"constrained\"}} -->\r\n<div class=\"wp-block-group\"><!-- wp:tadv\/classic-paragraph -->Endere\u00e7o: Av. Anhanguera, n\u00ba 7.364<br \/>Setor Aerovi\u00e1rio, Goi\u00e2nia-GO, CEP: 74.435-308 <br \/>Hor\u00e1rio de Atendimento: 08h \u00e0s 12h e das 14h \u00e0s 18h <br \/>E-mail: <a href=\"mailto:ouvidoria@ssp.go.gov.br\">ouvidoria@ssp.go.gov.br<\/a> <br \/>Telefone: (62) 3201-1211 \/ (62) 3201-1216 <br \/>Unidade SEI: 06329<\/div><!-- \/wp:tadv\/classic-paragraph -->","protected":false},"excerpt":{"rendered":"<p>Atendimento Presencial Ouvidor Setorial: ITALUZY TOLEDO NASCIMENTO Endere\u00e7o: Av. Anhanguera, n\u00ba 7.364Setor Aerovi\u00e1rio, Goi\u00e2nia-GO, CEP: 74.435-308 Hor\u00e1rio de Atendimento: 08h \u00e0s 12h e das 14h \u00e0s 18h E-mail: ouvidoria@ssp.go.gov.br Telefone: (62) 3201-1211 \/ (62) 3201-1216 Unidade SEI: 06329<\/p>\n","protected":false},"author":62,"featured_media":0,"parent":0,"menu_order":0,"comment_status":"closed","ping_status":"closed","template":"","meta":{"footnotes":""},"class_list":["post-69939","page","type-page","status-publish","hentry"],"rttpg_featured_image_url":null,"rttpg_author":{"display_name":"italoreis","author_link":"https:\/\/goias.gov.br\/procon\/author\/italoreis\/"},"rttpg_comment":0,"rttpg_category":null,"rttpg_excerpt":"Atendimento Presencial Ouvidor Setorial: ITALUZY TOLEDO NASCIMENTO Endere\u00e7o: Av. Anhanguera, n\u00ba 7.364Setor Aerovi\u00e1rio, Goi\u00e2nia-GO, CEP: 74.435-308 Hor\u00e1rio de Atendimento: 08h \u00e0s 12h e das 14h \u00e0s 18h E-mail: ouvidoria@ssp.go.gov.br Telefone: (62) 3201-1211 \/ (62) 3201-1216 Unidade SEI: 06329","_links":{"self":[{"href":"https:\/\/goias.gov.br\/procon\/wp-json\/wp\/v2\/pages\/69939","targetHints":{"allow":["GET"]}}],"collection":[{"href":"https:\/\/goias.gov.br\/procon\/wp-json\/wp\/v2\/pages"}],"about":[{"href":"https:\/\/goias.gov.br\/procon\/wp-json\/wp\/v2\/types\/page"}],"author":[{"embeddable":true,"href":"https:\/\/goias.gov.br\/procon\/wp-json\/wp\/v2\/users\/62"}],"replies":[{"embeddable":true,"href":"https:\/\/goias.gov.br\/procon\/wp-json\/wp\/v2\/comments?post=69939"}],"version-history":[{"count":2,"href":"https:\/\/goias.gov.br\/procon\/wp-json\/wp\/v2\/pages\/69939\/revisions"}],"predecessor-version":[{"id":69948,"href":"https:\/\/goias.gov.br\/procon\/wp-json\/wp\/v2\/pages\/69939\/revisions\/69948"}],"wp:attachment":[{"href":"https:\/\/goias.gov.br\/procon\/wp-json\/wp\/v2\/media?parent=69939"}],"curies":[{"name":"wp","href":"https:\/\/api.w.org\/{rel}","templated":true}]}}