
{"id":65049,"date":"2023-10-25T10:35:57","date_gmt":"2023-10-25T13:35:57","guid":{"rendered":"https:\/\/siteshom.goias.gov.br\/procon\/?page_id=65049"},"modified":"2026-02-24T14:45:16","modified_gmt":"2026-02-24T17:45:16","slug":"consumidor","status":"publish","type":"page","link":"https:\/\/goias.gov.br\/procon\/consumidor\/","title":{"rendered":"Consumidor"},"content":{"rendered":"<h3><strong>CONSULTA DE PROCESSOS DA PLATAFORMA PROGO<\/strong><\/h3>\n<p>Para consulta de processos instaurados a partir de junho de 2025 junto ao sistema PROGO, o acesso ocorre no <strong><u>Portal Expresso<\/u><\/strong> atrav\u00e9s do link <a href=\"https:\/\/www.go.gov.br\/servicos\/servico-id\/1542\">https:\/\/www.go.gov.br\/servicos\/servico-id\/1542<\/a>, clicando em \u2018<strong>Acessar<\/strong>\u2019 e efetuando o login com seu cadastro\/senha do <strong><a href=\"https:\/\/www.gov.br\">Gov.br<\/a><\/strong>. Ap\u00f3s tal login, constar\u00e3o listadas todas as reclama\u00e7\u00f5es em andamento em seu nome junto ao PROCON, bastando clicar no \u00edcone de &#8216;<strong>+<\/strong>&#8216; constante \u00e0 direita da demanda, para verificar seu andamento.<\/p>\n<h3><strong>CONSULTA DE PROCESSOS DA PLATAFORMA PROCONSUMIDOR<\/strong><\/h3>\n<p>Para consulta de processos instaurados no per\u00edodo de julho de 2023 a agosto de 2025 junto ao sistema PROCONSUMIDOR, o acesso se d\u00e1 por meio do link <a href=\"https:\/\/proconsumidor.mj.gov.br\/#\/login\">https:\/\/proconsumidor.mj.gov.br\/#\/login<\/a>. Neste, clique em \u2018<strong>Esqueci minha senha<\/strong>\u2019. Ap\u00f3s, selecione o \u00edcone \u2018<strong>Acesso Consumidor<\/strong>\u2019, informe seu CPF e e-mail, e clique em \u2018<strong>Enviar<\/strong>\u2019 para receber em seu e-mail o link de cadastro \/ recupera\u00e7\u00e3o de senha da plataforma PROCONSUMIDOR.<\/p>\n<h3>CONSULTA DE PROCESSOS DA PLATAFORMA SINDEC<\/h3>\n<p>Para consulta de processos instaurados at\u00e9 julho de 2023 junto ao SINDEC (Sistema Nacional de Informa\u00e7\u00f5es de Defesa do Consumidor), \u00e9 necess\u00e1rio que acesse o link <a href=\"http:\/\/sindec.procon.go.gov.br\/sindecconsulta2\/public\/consumidor\">http:\/\/sindec.procon.go.gov.br\/sindecconsulta2\/public\/consumidor<\/a> e clique no <strong>BOT\u00c3O VERDE<\/strong> (\u2018<strong>Acessar a \u00c1rea do Consumidor<\/strong>\u2019). Ap\u00f3s, clique em \u2018<strong>N\u00e3o possui senha? Crie uma<\/strong>\u2019, informando os dados solicitados pela plataforma (CPF, senha inicial e e-mail) e clicando em \u2018<strong>Cadastrar senha<\/strong>\u2019 para recebimento do e-mail de confirma\u00e7\u00e3o do cadastro.<\/p>\n<p>** O acompanhamento dos procedimentos registrados junto ao PROCON Goi\u00e1s tamb\u00e9m pode ser efetuado <strong>por telefone <\/strong>por meio dos n\u00fameros<strong> 151 (Goi\u00e2nia) ou (62) 3201-7124 (demais localidades).<\/strong><\/p>\n<p>** Para acesso \u00e0<strong> resposta \/ defesa do fornecedor, realizar manifesta\u00e7\u00e3o em seu processo ou obter c\u00f3pia integral do procedimento,<\/strong> dirija-se ao setor de <strong>Protocolo do Procon Goi\u00e1s, <\/strong>na Rua 8, n\u00ba 242 &#8211; Ed. Torres, Mezanino, Centro, Goi\u00e2nia\/GO &#8211; CEP 74.013-030, com documento pessoal ou procura\u00e7\u00e3o caso n\u00e3o seja o titular.<\/p>\n<p>&nbsp;<\/p>\n<p><strong>Coordena\u00e7\u00e3o de Sistemas do PROCON Goi\u00e1s<\/strong><\/p>\n<p>Fone: (62) 3201-2890<\/p>\n<p>E-mail: <a href=\"mailto:sistemas.procon@goias.gov.br\">sistemas.procon@goias.gov.br<\/a><\/p>\n","protected":false},"excerpt":{"rendered":"<p>CONSULTA DE PROCESSOS DA PLATAFORMA PROGO Para consulta de processos instaurados a partir de junho de 2025 junto ao sistema PROGO, o acesso ocorre no Portal Expresso atrav\u00e9s do link https:\/\/www.go.gov.br\/servicos\/servico-id\/1542, clicando em \u2018Acessar\u2019 e efetuando o login com seu cadastro\/senha do Gov.br. Ap\u00f3s tal login, constar\u00e3o listadas todas as reclama\u00e7\u00f5es em andamento em seu [&hellip;]<\/p>\n","protected":false},"author":1,"featured_media":0,"parent":0,"menu_order":0,"comment_status":"closed","ping_status":"closed","template":"","meta":{"footnotes":""},"class_list":["post-65049","page","type-page","status-publish","hentry"],"rttpg_featured_image_url":null,"rttpg_author":{"display_name":"wagner.viana","author_link":"https:\/\/goias.gov.br\/procon\/author\/wagner-viana\/"},"rttpg_comment":0,"rttpg_category":null,"rttpg_excerpt":"CONSULTA DE PROCESSOS DA PLATAFORMA PROGO Para consulta de processos instaurados a partir de junho de 2025 junto ao sistema PROGO, o acesso ocorre no Portal Expresso atrav\u00e9s do link https:\/\/www.go.gov.br\/servicos\/servico-id\/1542, clicando em \u2018Acessar\u2019 e efetuando o login com seu cadastro\/senha do Gov.br. Ap\u00f3s tal login, constar\u00e3o listadas todas as reclama\u00e7\u00f5es em andamento em seu&hellip;","_links":{"self":[{"href":"https:\/\/goias.gov.br\/procon\/wp-json\/wp\/v2\/pages\/65049","targetHints":{"allow":["GET"]}}],"collection":[{"href":"https:\/\/goias.gov.br\/procon\/wp-json\/wp\/v2\/pages"}],"about":[{"href":"https:\/\/goias.gov.br\/procon\/wp-json\/wp\/v2\/types\/page"}],"author":[{"embeddable":true,"href":"https:\/\/goias.gov.br\/procon\/wp-json\/wp\/v2\/users\/1"}],"replies":[{"embeddable":true,"href":"https:\/\/goias.gov.br\/procon\/wp-json\/wp\/v2\/comments?post=65049"}],"version-history":[{"count":2,"href":"https:\/\/goias.gov.br\/procon\/wp-json\/wp\/v2\/pages\/65049\/revisions"}],"predecessor-version":[{"id":81120,"href":"https:\/\/goias.gov.br\/procon\/wp-json\/wp\/v2\/pages\/65049\/revisions\/81120"}],"wp:attachment":[{"href":"https:\/\/goias.gov.br\/procon\/wp-json\/wp\/v2\/media?parent=65049"}],"curies":[{"name":"wp","href":"https:\/\/api.w.org\/{rel}","templated":true}]}}