
{"id":65017,"date":"2023-09-25T14:54:39","date_gmt":"2023-09-25T17:54:39","guid":{"rendered":"https:\/\/siteshom.goias.gov.br\/procon\/?page_id=65017"},"modified":"2026-03-06T15:43:26","modified_gmt":"2026-03-06T18:43:26","slug":"fale-conosco","status":"publish","type":"page","link":"https:\/\/goias.gov.br\/procon\/fale-conosco\/","title":{"rendered":"Fale Conosco"},"content":{"rendered":"\t\t<div data-elementor-type=\"wp-page\" data-elementor-id=\"65017\" class=\"elementor elementor-65017\">\n\t\t\t\t<div class=\"elementor-element elementor-element-9d86c65 e-flex e-con-boxed e-con e-parent\" data-id=\"9d86c65\" data-element_type=\"container\" data-e-type=\"container\">\n\t\t\t\t\t<div class=\"e-con-inner\">\n\t\t<div class=\"elementor-element elementor-element-c8e5bd5 e-con-full e-flex e-con e-child\" data-id=\"c8e5bd5\" data-element_type=\"container\" data-e-type=\"container\">\n\t\t\t\t<div class=\"elementor-element elementor-element-9d6c3d2 elementor-widget elementor-widget-shortcode\" data-id=\"9d6c3d2\" data-element_type=\"widget\" data-e-type=\"widget\" data-widget_type=\"shortcode.default\">\n\t\t\t\t\t\t\t<div class=\"elementor-shortcode\">\n<div class=\"wpcf7 no-js\" id=\"wpcf7-f65016-o1\" lang=\"pt-BR\" dir=\"ltr\" data-wpcf7-id=\"65016\">\n<div class=\"screen-reader-response\"><p role=\"status\" aria-live=\"polite\" aria-atomic=\"true\"><\/p> <ul><\/ul><\/div>\n<form action=\"\/procon\/wp-json\/wp\/v2\/pages\/65017#wpcf7-f65016-o1\" method=\"post\" class=\"wpcf7-form init\" aria-label=\"Formul\u00e1rios de contato\" novalidate=\"novalidate\" data-status=\"init\">\n<fieldset class=\"hidden-fields-container\"><input type=\"hidden\" name=\"_wpcf7\" value=\"65016\" \/><input type=\"hidden\" name=\"_wpcf7_version\" value=\"6.1.5\" \/><input type=\"hidden\" name=\"_wpcf7_locale\" value=\"pt_BR\" \/><input type=\"hidden\" name=\"_wpcf7_unit_tag\" value=\"wpcf7-f65016-o1\" \/><input type=\"hidden\" name=\"_wpcf7_container_post\" value=\"0\" \/><input type=\"hidden\" name=\"_wpcf7_posted_data_hash\" value=\"\" \/>\n<\/fieldset>\n<p><label> Nome*<br \/>\n<span class=\"wpcf7-form-control-wrap\" data-name=\"your-name\"><input size=\"40\" maxlength=\"400\" class=\"wpcf7-form-control wpcf7-text wpcf7-validates-as-required\" autocomplete=\"name\" aria-required=\"true\" aria-invalid=\"false\" value=\"\" type=\"text\" name=\"your-name\" \/><\/span> <\/label>\n<\/p>\n<p><label> E-mail*<br \/>\n<span class=\"wpcf7-form-control-wrap\" data-name=\"your-email\"><input size=\"40\" maxlength=\"400\" class=\"wpcf7-form-control wpcf7-email wpcf7-validates-as-required wpcf7-text wpcf7-validates-as-email\" autocomplete=\"email\" aria-required=\"true\" aria-invalid=\"false\" value=\"\" type=\"email\" name=\"your-email\" \/><\/span> <\/label>\n<\/p>\n<p><label> Assunto*<br \/>\n<span class=\"wpcf7-form-control-wrap\" data-name=\"your-subject\"><input size=\"40\" maxlength=\"400\" class=\"wpcf7-form-control wpcf7-text wpcf7-validates-as-required\" aria-required=\"true\" aria-invalid=\"false\" value=\"\" type=\"text\" name=\"your-subject\" \/><\/span> <\/label>\n<\/p>\n<p><label> Mensagem*<br \/>\n<span class=\"wpcf7-form-control-wrap\" data-name=\"your-message\"><textarea cols=\"40\" rows=\"10\" maxlength=\"2000\" class=\"wpcf7-form-control wpcf7-textarea wpcf7-validates-as-required\" aria-required=\"true\" aria-invalid=\"false\" name=\"your-message\"><\/textarea><\/span> <\/label>\n<\/p>\n<p><input class=\"wpcf7-form-control wpcf7-submit has-spinner\" type=\"submit\" value=\"Enviar\" \/>\n<\/p><div class=\"wpcf7-response-output\" aria-hidden=\"true\"><\/div>\n<\/form>\n<\/div>\n<\/div>\n\t\t\t\t\t\t<\/div>\n\t\t\t\t<\/div>\n\t\t<div class=\"elementor-element elementor-element-bf21ddb e-con-full e-flex e-con e-child\" data-id=\"bf21ddb\" data-element_type=\"container\" data-e-type=\"container\">\n\t\t\t\t<div class=\"elementor-element elementor-element-e3ae057 elementor-widget elementor-widget-shortcode\" data-id=\"e3ae057\" data-element_type=\"widget\" data-e-type=\"widget\" data-widget_type=\"shortcode.default\">\n\t\t\t\t\t\t\t<div class=\"elementor-shortcode\"><div data-post-id=\"67711\" class=\"insert-page insert-page-67711 \"><h4><span style=\"color: #008000\">Superintend\u00eancia de Prote\u00e7\u00e3o aos Direitos do Consumidor<\/span><\/h4>\n<p>Rua 8, n\u00ba 242, Edif\u00edcio Torres, 1\u00ba andar<br \/>\nSetor Central \u2013 Goi\u00e2nia\/GO \u2013 CEP: 74013-030<br \/>\nAtendimento: 08h \u00e0s 17h<\/p>\n<p><strong>Atendimento ao Cidad\u00e3o<\/strong><br \/>\nE-mail: <a href=\"atendimento.procon@goias.gov.br\">atendimento.procon@goias.gov.br<\/a><br \/>\nAtendimento online &#8211; Portal Expresso: <a class=\"\" href=\"http:\/\/www.go.gov.br\/\" target=\"_blank\" rel=\"noopener noreferrer\">www.go.gov.br<\/a><br \/>\nTelefone: (62) 3201-2890<\/p>\n<p><strong>Ouvidoria Setorial<\/strong><br \/>\nE-mail:\u00a0<a href=\"ouvidoria@ssp.go.gov.br\">ouvidoria@ssp.go.gov.br<\/a><\/p>\n<p><strong>Emiss\u00e3o de guia para pagamento de multa<\/strong><\/p>\n<p>E-mail: <a href=\"ggc.procon@goias.gov.br\">ggc.procon@goias.gov.br<\/a><a href=\"ggc.procon@goias.gov.br\">\u00a0<\/a><\/p>\n<p><strong>Imprensa<\/strong><br \/>\nE-mail:\u00a0<a href=\"mailto:%20imprensa@procon.go.gov.br\">imprensa@procon.go.gov.br<\/a><br \/>\nTelefone: (62) 3201-7134<\/p>\n<\/div><\/div>\n\t\t\t\t\t\t<\/div>\n\t\t\t\t<\/div>\n\t\t\t\t\t<\/div>\n\t\t\t\t<\/div>\n\t\t\t\t<\/div>\n\t\t","protected":false},"excerpt":{"rendered":"","protected":false},"author":1,"featured_media":0,"parent":0,"menu_order":0,"comment_status":"closed","ping_status":"closed","template":"","meta":{"footnotes":""},"class_list":["post-65017","page","type-page","status-publish","hentry"],"rttpg_featured_image_url":null,"rttpg_author":{"display_name":"wagner.viana","author_link":"https:\/\/goias.gov.br\/procon\/author\/wagner-viana\/"},"rttpg_comment":0,"rttpg_category":null,"rttpg_excerpt":null,"_links":{"self":[{"href":"https:\/\/goias.gov.br\/procon\/wp-json\/wp\/v2\/pages\/65017","targetHints":{"allow":["GET"]}}],"collection":[{"href":"https:\/\/goias.gov.br\/procon\/wp-json\/wp\/v2\/pages"}],"about":[{"href":"https:\/\/goias.gov.br\/procon\/wp-json\/wp\/v2\/types\/page"}],"author":[{"embeddable":true,"href":"https:\/\/goias.gov.br\/procon\/wp-json\/wp\/v2\/users\/1"}],"replies":[{"embeddable":true,"href":"https:\/\/goias.gov.br\/procon\/wp-json\/wp\/v2\/comments?post=65017"}],"version-history":[{"count":2,"href":"https:\/\/goias.gov.br\/procon\/wp-json\/wp\/v2\/pages\/65017\/revisions"}],"predecessor-version":[{"id":81343,"href":"https:\/\/goias.gov.br\/procon\/wp-json\/wp\/v2\/pages\/65017\/revisions\/81343"}],"wp:attachment":[{"href":"https:\/\/goias.gov.br\/procon\/wp-json\/wp\/v2\/media?parent=65017"}],"curies":[{"name":"wp","href":"https:\/\/api.w.org\/{rel}","templated":true}]}}