
{"id":64996,"date":"2023-09-25T11:07:06","date_gmt":"2023-09-25T14:07:06","guid":{"rendered":"https:\/\/siteshom.goias.gov.br\/procon\/?page_id=64996"},"modified":"2026-03-30T16:29:37","modified_gmt":"2026-03-30T19:29:37","slug":"homepage","status":"publish","type":"page","link":"https:\/\/goias.gov.br\/procon\/","title":{"rendered":"Homepage"},"content":{"rendered":"\t\t<div data-elementor-type=\"wp-page\" data-elementor-id=\"64996\" class=\"elementor elementor-64996\">\n\t\t\t\t<div class=\"elementor-element elementor-element-3f7d55b e-flex e-con-boxed e-con e-parent\" data-id=\"3f7d55b\" data-element_type=\"container\" data-e-type=\"container\">\n\t\t\t\t\t<div class=\"e-con-inner\">\n\t\t\t\t<div class=\"elementor-element elementor-element-b04184d elementor-widget elementor-widget-image\" data-id=\"b04184d\" data-element_type=\"widget\" data-e-type=\"widget\" data-widget_type=\"image.default\">\n\t\t\t\t\t\t\t\t\t\t\t\t\t\t\t\t<a href=\"https:\/\/goias.gov.br\/procon\/quita-procon-goias\/\">\n\t\t\t\t\t\t\t<img fetchpriority=\"high\" decoding=\"async\" width=\"1000\" height=\"400\" src=\"https:\/\/goias.gov.br\/procon\/wp-content\/uploads\/sites\/19\/2026\/01\/quita-procon.jpg\" class=\"attachment-large size-large wp-image-77735\" alt=\"\" srcset=\"https:\/\/goias.gov.br\/procon\/wp-content\/uploads\/sites\/19\/2026\/01\/quita-procon.jpg 1000w, https:\/\/goias.gov.br\/procon\/wp-content\/uploads\/sites\/19\/2026\/01\/quita-procon-300x120.jpg 300w, https:\/\/goias.gov.br\/procon\/wp-content\/uploads\/sites\/19\/2026\/01\/quita-procon-768x307.jpg 768w\" sizes=\"(max-width: 1000px) 100vw, 1000px\" \/>\t\t\t\t\t\t\t\t<\/a>\n\t\t\t\t\t\t\t\t\t\t\t\t\t\t\t<\/div>\n\t\t\t\t\t<\/div>\n\t\t\t\t<\/div>\n\t\t<div class=\"elementor-element elementor-element-845c226 e-flex e-con-boxed e-con e-parent\" data-id=\"845c226\" data-element_type=\"container\" data-e-type=\"container\">\n\t\t\t\t\t<div class=\"e-con-inner\">\n\t\t\t\t<div class=\"elementor-element elementor-element-a9379cb elementor-widget elementor-widget-image\" data-id=\"a9379cb\" data-element_type=\"widget\" data-e-type=\"widget\" data-widget_type=\"image.default\">\n\t\t\t\t\t\t\t\t\t\t\t\t\t\t\t\t<a href=\"https:\/\/goias.gov.br\/procon\/faq\/\">\n\t\t\t\t\t\t\t<img decoding=\"async\" src=\"https:\/\/goias.gov.br\/procon\/wp-content\/uploads\/sites\/19\/2025\/01\/banner_880x120_procon_faq.png\" title=\"\" alt=\"\" loading=\"lazy\" \/>\t\t\t\t\t\t\t\t<\/a>\n\t\t\t\t\t\t\t\t\t\t\t\t\t\t\t<\/div>\n\t\t\t\t\t<\/div>\n\t\t\t\t<\/div>\n\t\t<div class=\"elementor-element elementor-element-b353c15 elementor-hidden-desktop elementor-hidden-tablet elementor-hidden-mobile e-flex e-con-boxed e-con e-parent\" data-id=\"b353c15\" data-element_type=\"container\" data-e-type=\"container\">\n\t\t\t\t\t<div class=\"e-con-inner\">\n\t\t\t\t<div class=\"elementor-element elementor-element-1611862 elementor-widget elementor-widget-image\" data-id=\"1611862\" data-element_type=\"widget\" data-e-type=\"widget\" data-widget_type=\"image.default\">\n\t\t\t\t\t\t\t\t\t\t\t\t\t\t\t\t<a href=\"https:\/\/proconweb.ssp.go.gov.br\/\">\n\t\t\t\t\t\t\t<img decoding=\"async\" src=\"http:\/\/goias.gov.br\/procon\/wp-content\/uploads\/sites\/19\/2023\/11\/denuncias_reclamacoes.png\" title=\"\" alt=\"\" loading=\"lazy\" \/>\t\t\t\t\t\t\t\t<\/a>\n\t\t\t\t\t\t\t\t\t\t\t\t\t\t\t<\/div>\n\t\t\t\t\t<\/div>\n\t\t\t\t<\/div>\n\t\t<div class=\"elementor-element elementor-element-047955c e-flex e-con-boxed e-con e-parent\" data-id=\"047955c\" data-element_type=\"container\" data-e-type=\"container\">\n\t\t\t\t\t<div class=\"e-con-inner\">\n\t\t\t\t<div class=\"elementor-element elementor-element-18665be elementor-widget elementor-widget-image\" data-id=\"18665be\" data-element_type=\"widget\" data-e-type=\"widget\" data-widget_type=\"image.default\">\n\t\t\t\t\t\t\t\t\t\t\t\t\t\t\t\t<a href=\"\/wp-content\/uploads\/sites\/19\/2022\/03\/cartilha_procon_consumidor.pdf\">\n\t\t\t\t\t\t\t<img decoding=\"async\" src=\"http:\/\/goias.gov.br\/procon\/wp-content\/uploads\/sites\/19\/2023\/09\/cartilha_consumidor_consciente.png\" title=\"\" alt=\"\" loading=\"lazy\" \/>\t\t\t\t\t\t\t\t<\/a>\n\t\t\t\t\t\t\t\t\t\t\t\t\t\t\t<\/div>\n\t\t\t\t<div class=\"elementor-element elementor-element-2ad38bb elementor-widget elementor-widget-image\" data-id=\"2ad38bb\" data-element_type=\"widget\" data-e-type=\"widget\" data-widget_type=\"image.default\">\n\t\t\t\t\t\t\t\t\t\t\t\t\t\t\t\t<a href=\"\/wp-content\/uploads\/sites\/19\/2022\/03\/cartilha_procon_fornecedor.pdf\">\n\t\t\t\t\t\t\t<img decoding=\"async\" src=\"http:\/\/goias.gov.br\/procon\/wp-content\/uploads\/sites\/19\/2023\/09\/cartilha_fornecedor_responsavel.png\" title=\"\" alt=\"\" loading=\"lazy\" \/>\t\t\t\t\t\t\t\t<\/a>\n\t\t\t\t\t\t\t\t\t\t\t\t\t\t\t<\/div>\n\t\t\t\t\t<\/div>\n\t\t\t\t<\/div>\n\t\t<div class=\"elementor-element elementor-element-4d07c9e e-flex e-con-boxed e-con e-parent\" data-id=\"4d07c9e\" data-element_type=\"container\" data-e-type=\"container\">\n\t\t\t\t\t<div class=\"e-con-inner\">\n\t\t\t\t<div class=\"elementor-element elementor-element-0fa7d51 elementor-widget elementor-widget-image\" data-id=\"0fa7d51\" data-element_type=\"widget\" data-e-type=\"widget\" data-widget_type=\"image.default\">\n\t\t\t\t\t\t\t\t\t\t\t\t\t\t\t\t<a href=\"\/procon\/folhetos-educativos\">\n\t\t\t\t\t\t\t<img decoding=\"async\" src=\"http:\/\/goias.gov.br\/procon\/wp-content\/uploads\/sites\/19\/2023\/09\/folhetos_educativos.png\" title=\"\" alt=\"\" loading=\"lazy\" \/>\t\t\t\t\t\t\t\t<\/a>\n\t\t\t\t\t\t\t\t\t\t\t\t\t\t\t<\/div>\n\t\t\t\t<div class=\"elementor-element elementor-element-eedc7fe elementor-widget elementor-widget-image\" data-id=\"eedc7fe\" data-element_type=\"widget\" data-e-type=\"widget\" data-widget_type=\"image.default\">\n\t\t\t\t\t\t\t\t\t\t\t\t\t\t\t\t<a href=\"https:\/\/atendchat.claro.com.br\/ClaroChatV2\/?PROCONGO\" target=\"_blank\">\n\t\t\t\t\t\t\t<img decoding=\"async\" src=\"http:\/\/goias.gov.br\/procon\/wp-content\/uploads\/sites\/19\/2023\/11\/canal_atendimento_claro.png\" title=\"\" alt=\"\" loading=\"lazy\" \/>\t\t\t\t\t\t\t\t<\/a>\n\t\t\t\t\t\t\t\t\t\t\t\t\t\t\t<\/div>\n\t\t\t\t\t<\/div>\n\t\t\t\t<\/div>\n\t\t<div class=\"elementor-element elementor-element-ae7a131 e-flex e-con-boxed e-con e-parent\" data-id=\"ae7a131\" data-element_type=\"container\" data-e-type=\"container\">\n\t\t\t\t\t<div class=\"e-con-inner\">\n\t\t\t\t<div class=\"elementor-element elementor-element-0aea7b8 elementor-widget elementor-widget-image\" data-id=\"0aea7b8\" data-element_type=\"widget\" data-e-type=\"widget\" data-widget_type=\"image.default\">\n\t\t\t\t\t\t\t\t\t\t\t\t\t\t\t\t<a href=\"https:\/\/goias.gov.br\/procon\/categoria\/editais-de-notifiacao\/notificacao-de-fornecedor\/\">\n\t\t\t\t\t\t\t<img decoding=\"async\" src=\"http:\/\/goias.gov.br\/procon\/wp-content\/uploads\/sites\/19\/2023\/11\/notificacoes_por_edital_fornecedor.png\" title=\"\" alt=\"\" loading=\"lazy\" \/>\t\t\t\t\t\t\t\t<\/a>\n\t\t\t\t\t\t\t\t\t\t\t\t\t\t\t<\/div>\n\t\t\t\t<div class=\"elementor-element elementor-element-8bdb0b9 elementor-widget elementor-widget-image\" data-id=\"8bdb0b9\" data-element_type=\"widget\" data-e-type=\"widget\" data-widget_type=\"image.default\">\n\t\t\t\t\t\t\t\t\t\t\t\t\t\t\t\t<a href=\"https:\/\/goias.gov.br\/procon\/categoria\/editais-de-notifiacao\/notificacao-de-fornecedor\/\">\n\t\t\t\t\t\t\t<img decoding=\"async\" src=\"http:\/\/goias.gov.br\/procon\/wp-content\/uploads\/sites\/19\/2023\/11\/notificacoes_por_edital_consumidor.png\" title=\"\" alt=\"\" loading=\"lazy\" \/>\t\t\t\t\t\t\t\t<\/a>\n\t\t\t\t\t\t\t\t\t\t\t\t\t\t\t<\/div>\n\t\t\t\t\t<\/div>\n\t\t\t\t<\/div>\n\t\t<div class=\"elementor-element elementor-element-ac68719 e-flex e-con-boxed e-con e-parent\" data-id=\"ac68719\" data-element_type=\"container\" data-e-type=\"container\">\n\t\t\t\t\t<div class=\"e-con-inner\">\n\t\t\t\t<div class=\"elementor-element elementor-element-8c08bbc elementor-widget elementor-widget-image\" data-id=\"8c08bbc\" data-element_type=\"widget\" data-e-type=\"widget\" data-widget_type=\"image.default\">\n\t\t\t\t\t\t\t\t\t\t\t\t\t\t\t\t<a href=\"https:\/\/goias.gov.br\/procon\/categoria\/erratas\/\">\n\t\t\t\t\t\t\t<img decoding=\"async\" src=\"http:\/\/goias.gov.br\/procon\/wp-content\/uploads\/sites\/19\/2023\/11\/erratas.png\" title=\"\" alt=\"\" loading=\"lazy\" \/>\t\t\t\t\t\t\t\t<\/a>\n\t\t\t\t\t\t\t\t\t\t\t\t\t\t\t<\/div>\n\t\t\t\t<div class=\"elementor-element elementor-element-936d12a elementor-widget elementor-widget-image\" data-id=\"936d12a\" data-element_type=\"widget\" data-e-type=\"widget\" data-widget_type=\"image.default\">\n\t\t\t\t\t\t\t\t\t\t\t\t\t\t\t\t<a href=\"https:\/\/goias.gov.br\/procon\/categoria\/recalls\/\">\n\t\t\t\t\t\t\t<img decoding=\"async\" src=\"http:\/\/goias.gov.br\/procon\/wp-content\/uploads\/sites\/19\/2023\/11\/recalls.png\" title=\"\" alt=\"\" loading=\"lazy\" \/>\t\t\t\t\t\t\t\t<\/a>\n\t\t\t\t\t\t\t\t\t\t\t\t\t\t\t<\/div>\n\t\t\t\t\t<\/div>\n\t\t\t\t<\/div>\n\t\t<div class=\"elementor-element elementor-element-e520576 e-flex e-con-boxed e-con e-parent\" data-id=\"e520576\" data-element_type=\"container\" data-e-type=\"container\">\n\t\t\t\t\t<div class=\"e-con-inner\">\n\t\t<div class=\"elementor-element elementor-element-c5fbc80 e-con-full e-flex e-con e-child\" data-id=\"c5fbc80\" data-element_type=\"container\" data-e-type=\"container\">\n\t\t\t\t<div class=\"elementor-element elementor-element-4603f64 elementor-widget elementor-widget-text-editor\" data-id=\"4603f64\" data-element_type=\"widget\" data-e-type=\"widget\" data-widget_type=\"text-editor.default\">\n\t\t\t\t\t\t\t\t\t<div class=\"feature-icontitle-left wppb-clearfix\"><h3 class=\"wppb-feature-box-title\"><span style=\"font-size: 18pt; color: #009f3b;\">Dicas ao Consumidor<\/span><\/h3><\/div>\t\t\t\t\t\t\t\t<\/div>\n\t\t\t\t<div class=\"elementor-element elementor-element-77f8520 elementor-widget elementor-widget-shortcode\" data-id=\"77f8520\" data-element_type=\"widget\" data-e-type=\"widget\" data-widget_type=\"shortcode.default\">\n\t\t\t\t\t\t\t<div class=\"elementor-shortcode\"><style type='text\/css' media='all'>#rt-tpg-container-1382496559 .rt-holder .rt-woo-info .price{color:#0367bf;}body .rt-tpg-container .rt-tpg-isotope-buttons .selected,\n\t\t\t\t\t#rt-tpg-container-1382496559 .layout12 .rt-holder:hover .rt-detail,\n\t\t\t\t\t#rt-tpg-container-1382496559 .isotope8 .rt-holder:hover .rt-detail,\n\t\t\t\t\t#rt-tpg-container-1382496559 .carousel8 .rt-holder:hover .rt-detail,\n\t\t\t\t\t#rt-tpg-container-1382496559 .layout13 .rt-holder .overlay .post-info,\n\t\t\t\t\t#rt-tpg-container-1382496559 .isotope9 .rt-holder .overlay .post-info,\n\t\t\t\t\t#rt-tpg-container-1382496559.rt-tpg-container .layout4 .rt-holder .rt-detail,\n\t\t\t\t\t.rt-modal-1382496559 .md-content,\n\t\t\t\t\t.rt-modal-1382496559 .md-content > .rt-md-content-holder .rt-md-content,\n\t\t\t\t\t.rt-popup-wrap-1382496559.rt-popup-wrap .rt-popup-navigation-wrap,\n\t\t\t\t\t#rt-tpg-container-1382496559 .carousel9 .rt-holder .overlay .post-info{background-color:#0367bf;}#rt-tpg-container-1382496559 .layout5 .rt-holder .overlay, #rt-tpg-container-1382496559 .isotope2 .rt-holder .overlay, #rt-tpg-container-1382496559 .carousel2 .rt-holder .overlay,#rt-tpg-container-1382496559 .layout15 .rt-holder h3, #rt-tpg-container-1382496559 .isotope11 .rt-holder h3, #rt-tpg-container-1382496559 .carousel11 .rt-holder h3, #rt-tpg-container-1382496559 .layout16 .rt-holder h3,\n\t\t\t\t\t#rt-tpg-container-1382496559 .isotope12 .rt-holder h3, #rt-tpg-container-1382496559 .carousel12 .rt-holder h3 {background-color:rgba(3,103,191,0.8);}#rt-tpg-container-1382496559 .read-more a{border-radius:px;}#rt-tpg-container-1382496559 .rt-img-holder img.rt-img-responsive,#rt-tpg-container-1382496559 .rt-img-holder,\n\t\t\t\t\t#rt-tpg-container-1382496559 .rt-post-overlay .post-img,\n\t\t\t\t\t#rt-tpg-container-1382496559 .post-sm .post-img,\n\t\t\t\t\t#rt-tpg-container-1382496559 .rt-post-grid .post-img,\n\t\t\t\t\t#rt-tpg-container-1382496559 .post-img img {border-radius:px;}#rt-tpg-container-1382496559 .layout2 .rt-holder h2.entry-title,\n\t\t\t\t\t#rt-tpg-container-1382496559 .layout2 .rt-holder h3.entry-title,\n\t\t\t\t\t#rt-tpg-container-1382496559 .layout2 .rt-holder h4.entry-title,\n\t\t\t\t\t#rt-tpg-container-1382496559 .layout2 .rt-holder h2.entry-title a,\n\t\t\t\t\t#rt-tpg-container-1382496559 .layout2 .rt-holder h3.entry-title a,\n\t\t\t\t\t#rt-tpg-container-1382496559 .layout2 .rt-holder h4.entry-title a,\n\t\t\t\t\t#rt-tpg-container-1382496559 .rt-holder .rt-woo-info h2 a,\n\t\t\t\t\t#rt-tpg-container-1382496559 .rt-holder .rt-woo-info h3 a,\n\t\t\t\t\t#rt-tpg-container-1382496559 .rt-holder .rt-woo-info h4 a,\n\t\t\t\t\t#rt-tpg-container-1382496559 .post-content .post-title,\n\t\t\t\t\t#rt-tpg-container-1382496559 .rt-post-grid .post-title,\n\t\t\t\t\t#rt-tpg-container-1382496559 .rt-post-grid .post-title a,\n\t\t\t\t\t#rt-tpg-container-1382496559 .post-content .post-title a,\n\t\t\t\t\t#rt-tpg-container-1382496559 .rt-holder .rt-woo-info h2,\n\t\t\t\t\t#rt-tpg-container-1382496559 .rt-holder .rt-woo-info h3,\n\t\t\t\t\t#rt-tpg-container-1382496559 .rt-holder .rt-woo-info h4{font-size:16px;line-height:26px;}#rt-tpg-container-1382496559 .post-grid-lg-style-1 .post-title,\n\t\t\t\t\t\t#rt-tpg-container-1382496559 .post-grid-lg-style-1 .post-title a,\n\t\t\t\t\t\t#rt-tpg-container-1382496559 .big-layout .post-title,\n\t\t\t\t\t\t#rt-tpg-container-1382496559 .big-layout .post-title a,\n\t\t\t\t\t\t#rt-tpg-container-1382496559 .post-grid-lg-style-1 .post-title,\n\t\t\t\t\t\t#rt-tpg-container-1382496559 .post-grid-lg-style-1 .post-title a {font-size:24px;line-height:34px;}<\/style><div class='rt-container-fluid rt-tpg-container tpg-shortcode-main-wrapper ' id='rt-tpg-container-1382496559'   data-layout='layout2' data-grid-style='even' data-desktop-col='1'  data-tab-col='1'  data-mobile-col='1' data-sc-id='65036'><div data-title='Loading ...' class='rt-row rt-content-loader   layout2 tpg-even '><div class=\"rt-col-md-12 rt-col-sm-12 rt-col-xs-12 even-grid-item rt-grid-item\" data-id=\"81862\"><div class=\"rt-holder\"><div class=\"rt-row\"><div class='rt-col-xs-12'><div class='rt-detail'><h3 class=\"entry-title\"><a data-id=\"81862\" class=\"\" href=\"https:\/\/goias.gov.br\/procon\/dia-mundial-do-autismo-procon-goias-orienta-sobre-direito-dos-autistas-2\/\">Dia Mundial do Autismo: Procon Goi\u00e1s orienta sobre direito dos autistas<\/a><\/h3><\/div><\/div><\/div><\/div><\/div><div class=\"rt-col-md-12 rt-col-sm-12 rt-col-xs-12 even-grid-item rt-grid-item\" data-id=\"81616\"><div class=\"rt-holder\"><div class=\"rt-row\"><div class='rt-col-xs-12'><div class='rt-detail'><h3 class=\"entry-title\"><a data-id=\"81616\" class=\"\" href=\"https:\/\/goias.gov.br\/procon\/dia-do-consumidor-reforca-importancia-da-informacao-e-da-transparencia-nas-relacoes-de-consumo\/\">Dia do Consumidor refor\u00e7a import\u00e2ncia da informa\u00e7\u00e3o e da transpar\u00eancia nas rela\u00e7\u00f5es de consumo<\/a><\/h3><\/div><\/div><\/div><\/div><\/div><div class=\"rt-col-md-12 rt-col-sm-12 rt-col-xs-12 even-grid-item rt-grid-item\" data-id=\"71687\"><div class=\"rt-holder\"><div class=\"rt-row\"><div class='rt-col-xs-12'><div class='rt-detail'><h3 class=\"entry-title\"><a data-id=\"71687\" class=\"\" href=\"https:\/\/goias.gov.br\/procon\/pix-por-aproximacao-comeca-a-valer-a-partir-desta-sexta-feira-28\/\">Pix por aproxima\u00e7\u00e3o come\u00e7a a valer a partir desta sexta-feira, 28<\/a><\/h3><\/div><\/div><\/div><\/div><\/div><div class=\"rt-col-md-12 rt-col-sm-12 rt-col-xs-12 even-grid-item rt-grid-item\" data-id=\"71632\"><div class=\"rt-holder\"><div class=\"rt-row\"><div class='rt-col-xs-12'><div class='rt-detail'><h3 class=\"entry-title\"><a data-id=\"71632\" class=\"\" href=\"https:\/\/goias.gov.br\/procon\/repelente-procon-goias-encontra-variacao-de-mais-de-138-no-preco-do-produto\/\">Repelente: Procon Goi\u00e1s encontra varia\u00e7\u00e3o de mais de 138% no pre\u00e7o do produto<\/a><\/h3><\/div><\/div><\/div><\/div><\/div><\/div><\/div><\/div>\n\t\t\t\t\t\t<\/div>\n\t\t\t\t<\/div>\n\t\t<div class=\"elementor-element elementor-element-43eac1d e-con-full e-flex e-con e-child\" data-id=\"43eac1d\" data-element_type=\"container\" data-e-type=\"container\">\n\t\t\t\t<div class=\"elementor-element elementor-element-9b29684 elementor-widget elementor-widget-text-editor\" data-id=\"9b29684\" data-element_type=\"widget\" data-e-type=\"widget\" data-widget_type=\"text-editor.default\">\n\t\t\t\t\t\t\t\t\t<div class=\"feature-icontitle-left wppb-clearfix\"><h3 class=\"wppb-feature-box-title\"><span style=\"font-size: 18pt; color: #009f3b;\">Legisla\u00e7\u00e3o<\/span><\/h3><\/div>\t\t\t\t\t\t\t\t<\/div>\n\t\t\t\t<div class=\"elementor-element elementor-element-4b86823 elementor-widget elementor-widget-shortcode\" data-id=\"4b86823\" data-element_type=\"widget\" data-e-type=\"widget\" data-widget_type=\"shortcode.default\">\n\t\t\t\t\t\t\t<div class=\"elementor-shortcode\">\n<style type='text\/css' media='all'>#rt-tpg-container-4160527019 .rt-holder .rt-woo-info .price{color:#0367bf;}body .rt-tpg-container .rt-tpg-isotope-buttons .selected,\n\t\t\t\t\t#rt-tpg-container-4160527019 .layout12 .rt-holder:hover .rt-detail,\n\t\t\t\t\t#rt-tpg-container-4160527019 .isotope8 .rt-holder:hover .rt-detail,\n\t\t\t\t\t#rt-tpg-container-4160527019 .carousel8 .rt-holder:hover .rt-detail,\n\t\t\t\t\t#rt-tpg-container-4160527019 .layout13 .rt-holder .overlay .post-info,\n\t\t\t\t\t#rt-tpg-container-4160527019 .isotope9 .rt-holder .overlay .post-info,\n\t\t\t\t\t#rt-tpg-container-4160527019.rt-tpg-container .layout4 .rt-holder .rt-detail,\n\t\t\t\t\t.rt-modal-4160527019 .md-content,\n\t\t\t\t\t.rt-modal-4160527019 .md-content > .rt-md-content-holder .rt-md-content,\n\t\t\t\t\t.rt-popup-wrap-4160527019.rt-popup-wrap .rt-popup-navigation-wrap,\n\t\t\t\t\t#rt-tpg-container-4160527019 .carousel9 .rt-holder .overlay .post-info{background-color:#0367bf;}#rt-tpg-container-4160527019 .layout5 .rt-holder .overlay, #rt-tpg-container-4160527019 .isotope2 .rt-holder .overlay, #rt-tpg-container-4160527019 .carousel2 .rt-holder .overlay,#rt-tpg-container-4160527019 .layout15 .rt-holder h3, #rt-tpg-container-4160527019 .isotope11 .rt-holder h3, #rt-tpg-container-4160527019 .carousel11 .rt-holder h3, #rt-tpg-container-4160527019 .layout16 .rt-holder h3,\n\t\t\t\t\t#rt-tpg-container-4160527019 .isotope12 .rt-holder h3, #rt-tpg-container-4160527019 .carousel12 .rt-holder h3 {background-color:rgba(3,103,191,0.8);}#rt-tpg-container-4160527019 .read-more a{border-radius:px;}#rt-tpg-container-4160527019 .rt-img-holder img.rt-img-responsive,#rt-tpg-container-4160527019 .rt-img-holder,\n\t\t\t\t\t#rt-tpg-container-4160527019 .rt-post-overlay .post-img,\n\t\t\t\t\t#rt-tpg-container-4160527019 .post-sm .post-img,\n\t\t\t\t\t#rt-tpg-container-4160527019 .rt-post-grid .post-img,\n\t\t\t\t\t#rt-tpg-container-4160527019 .post-img img {border-radius:px;}#rt-tpg-container-4160527019 .layout2 .rt-holder h2.entry-title,\n\t\t\t\t\t#rt-tpg-container-4160527019 .layout2 .rt-holder h3.entry-title,\n\t\t\t\t\t#rt-tpg-container-4160527019 .layout2 .rt-holder h4.entry-title,\n\t\t\t\t\t#rt-tpg-container-4160527019 .layout2 .rt-holder h2.entry-title a,\n\t\t\t\t\t#rt-tpg-container-4160527019 .layout2 .rt-holder h3.entry-title a,\n\t\t\t\t\t#rt-tpg-container-4160527019 .layout2 .rt-holder h4.entry-title a,\n\t\t\t\t\t#rt-tpg-container-4160527019 .rt-holder .rt-woo-info h2 a,\n\t\t\t\t\t#rt-tpg-container-4160527019 .rt-holder .rt-woo-info h3 a,\n\t\t\t\t\t#rt-tpg-container-4160527019 .rt-holder .rt-woo-info h4 a,\n\t\t\t\t\t#rt-tpg-container-4160527019 .post-content .post-title,\n\t\t\t\t\t#rt-tpg-container-4160527019 .rt-post-grid .post-title,\n\t\t\t\t\t#rt-tpg-container-4160527019 .rt-post-grid .post-title a,\n\t\t\t\t\t#rt-tpg-container-4160527019 .post-content .post-title a,\n\t\t\t\t\t#rt-tpg-container-4160527019 .rt-holder .rt-woo-info h2,\n\t\t\t\t\t#rt-tpg-container-4160527019 .rt-holder .rt-woo-info h3,\n\t\t\t\t\t#rt-tpg-container-4160527019 .rt-holder .rt-woo-info h4{font-size:16px;line-height:26px;}#rt-tpg-container-4160527019 .post-grid-lg-style-1 .post-title,\n\t\t\t\t\t\t#rt-tpg-container-4160527019 .post-grid-lg-style-1 .post-title a,\n\t\t\t\t\t\t#rt-tpg-container-4160527019 .big-layout .post-title,\n\t\t\t\t\t\t#rt-tpg-container-4160527019 .big-layout .post-title a,\n\t\t\t\t\t\t#rt-tpg-container-4160527019 .post-grid-lg-style-1 .post-title,\n\t\t\t\t\t\t#rt-tpg-container-4160527019 .post-grid-lg-style-1 .post-title a {font-size:24px;line-height:34px;}<\/style><div class='rt-container-fluid rt-tpg-container tpg-shortcode-main-wrapper ' id='rt-tpg-container-4160527019'   data-layout='layout2' data-grid-style='even' data-desktop-col='1'  data-tab-col='1'  data-mobile-col='1' data-sc-id='65039'><div data-title='Loading ...' class='rt-row rt-content-loader   layout2 tpg-even '><div class=\"rt-col-md-12 rt-col-sm-12 rt-col-xs-12 even-grid-item rt-grid-item\" data-id=\"75193\"><div class=\"rt-holder\"><div class=\"rt-row\"><div class='rt-col-xs-12'><div class='rt-detail'><h3 class=\"entry-title\"><a data-id=\"75193\" class=\"\" href=\"https:\/\/goias.gov.br\/procon\/portaria-no-10-2025\/\">Portaria n\u00ba 10\/2025<\/a><\/h3><\/div><\/div><\/div><\/div><\/div><div class=\"rt-col-md-12 rt-col-sm-12 rt-col-xs-12 even-grid-item rt-grid-item\" data-id=\"72755\"><div class=\"rt-holder\"><div class=\"rt-row\"><div class='rt-col-xs-12'><div class='rt-detail'><h3 class=\"entry-title\"><a data-id=\"72755\" class=\"\" href=\"https:\/\/goias.gov.br\/procon\/portaria-no-9-2025\/\">Portaria n\u00ba 9\/2025<\/a><\/h3><\/div><\/div><\/div><\/div><\/div><div class=\"rt-col-md-12 rt-col-sm-12 rt-col-xs-12 even-grid-item rt-grid-item\" data-id=\"72739\"><div class=\"rt-holder\"><div class=\"rt-row\"><div class='rt-col-xs-12'><div class='rt-detail'><h3 class=\"entry-title\"><a data-id=\"72739\" class=\"\" href=\"https:\/\/goias.gov.br\/procon\/portaria-07-2025\/\">Portaria n\u00ba 07\/2025<\/a><\/h3><\/div><\/div><\/div><\/div><\/div><div class=\"rt-col-md-12 rt-col-sm-12 rt-col-xs-12 even-grid-item rt-grid-item\" data-id=\"72751\"><div class=\"rt-holder\"><div class=\"rt-row\"><div class='rt-col-xs-12'><div class='rt-detail'><h3 class=\"entry-title\"><a data-id=\"72751\" class=\"\" href=\"https:\/\/goias.gov.br\/procon\/portaria-no-08-2025\/\">Portaria n\u00ba 08\/2025<\/a><\/h3><\/div><\/div><\/div><\/div><\/div><div class=\"rt-col-md-12 rt-col-sm-12 rt-col-xs-12 even-grid-item rt-grid-item\" data-id=\"72686\"><div class=\"rt-holder\"><div class=\"rt-row\"><div class='rt-col-xs-12'><div class='rt-detail'><h3 class=\"entry-title\"><a data-id=\"72686\" class=\"\" href=\"https:\/\/goias.gov.br\/procon\/portaria-n-203-ssp-go\/\">Portaria n\u00b0 203 SSP-GO<\/a><\/h3><\/div><\/div><\/div><\/div><\/div><div class=\"rt-col-md-12 rt-col-sm-12 rt-col-xs-12 even-grid-item rt-grid-item\" data-id=\"71676\"><div class=\"rt-holder\"><div class=\"rt-row\"><div class='rt-col-xs-12'><div class='rt-detail'><h3 class=\"entry-title\"><a data-id=\"71676\" class=\"\" href=\"https:\/\/goias.gov.br\/procon\/portaria-no-06-2025\/\">Portaria n\u00ba 06\/2025<\/a><\/h3><\/div><\/div><\/div><\/div><\/div><div class=\"rt-col-md-12 rt-col-sm-12 rt-col-xs-12 even-grid-item rt-grid-item\" data-id=\"70491\"><div class=\"rt-holder\"><div class=\"rt-row\"><div class='rt-col-xs-12'><div class='rt-detail'><h3 class=\"entry-title\"><a data-id=\"70491\" class=\"\" href=\"https:\/\/goias.gov.br\/procon\/portaria-no-05-2024\/\">Portaria n\u00ba 05\/2024<\/a><\/h3><\/div><\/div><\/div><\/div><\/div><div class=\"rt-col-md-12 rt-col-sm-12 rt-col-xs-12 even-grid-item rt-grid-item\" data-id=\"69989\"><div class=\"rt-holder\"><div class=\"rt-row\"><div class='rt-col-xs-12'><div class='rt-detail'><h3 class=\"entry-title\"><a data-id=\"69989\" class=\"\" href=\"https:\/\/goias.gov.br\/procon\/portaria-no-04-2024-de-23-de-outubro-de-2024\/\">Portaria n\u00ba 04\/2024<\/a><\/h3><\/div><\/div><\/div><\/div><\/div><div class=\"rt-col-md-12 rt-col-sm-12 rt-col-xs-12 even-grid-item rt-grid-item\" data-id=\"67878\"><div class=\"rt-holder\"><div class=\"rt-row\"><div class='rt-col-xs-12'><div class='rt-detail'><h3 class=\"entry-title\"><a data-id=\"67878\" class=\"\" href=\"https:\/\/goias.gov.br\/procon\/portaria-no-03-2024\/\">Portaria n\u00ba 03\/2024<\/a><\/h3><\/div><\/div><\/div><\/div><\/div><\/div><\/div><\/div>\n\t\t\t\t\t\t<\/div>\n\t\t\t\t<\/div>\n\t\t\t\t\t<\/div>\n\t\t\t\t<\/div>\n\t\t\t\t<\/div>\n\t\t","protected":false},"excerpt":{"rendered":"<p>Dicas ao Consumidor Legisla\u00e7\u00e3o<\/p>\n","protected":false},"author":1,"featured_media":0,"parent":0,"menu_order":0,"comment_status":"closed","ping_status":"closed","template":"elementor_header_footer","meta":{"footnotes":""},"class_list":["post-64996","page","type-page","status-publish","hentry"],"rttpg_featured_image_url":null,"rttpg_author":{"display_name":"wagner.viana","author_link":"https:\/\/goias.gov.br\/procon\/author\/wagner-viana\/"},"rttpg_comment":0,"rttpg_category":"","rttpg_excerpt":"Dicas ao Consumidor Legisla\u00e7\u00e3o","_links":{"self":[{"href":"https:\/\/goias.gov.br\/procon\/wp-json\/wp\/v2\/pages\/64996","targetHints":{"allow":["GET"]}}],"collection":[{"href":"https:\/\/goias.gov.br\/procon\/wp-json\/wp\/v2\/pages"}],"about":[{"href":"https:\/\/goias.gov.br\/procon\/wp-json\/wp\/v2\/types\/page"}],"author":[{"embeddable":true,"href":"https:\/\/goias.gov.br\/procon\/wp-json\/wp\/v2\/users\/1"}],"replies":[{"embeddable":true,"href":"https:\/\/goias.gov.br\/procon\/wp-json\/wp\/v2\/comments?post=64996"}],"version-history":[{"count":2,"href":"https:\/\/goias.gov.br\/procon\/wp-json\/wp\/v2\/pages\/64996\/revisions"}],"predecessor-version":[{"id":81666,"href":"https:\/\/goias.gov.br\/procon\/wp-json\/wp\/v2\/pages\/64996\/revisions\/81666"}],"wp:attachment":[{"href":"https:\/\/goias.gov.br\/procon\/wp-json\/wp\/v2\/media?parent=64996"}],"curies":[{"name":"wp","href":"https:\/\/api.w.org\/{rel}","templated":true}]}}