
{"id":64994,"date":"2023-09-25T10:42:37","date_gmt":"2023-09-25T13:42:37","guid":{"rendered":"https:\/\/siteshom.goias.gov.br\/procon\/?page_id=64994"},"modified":"2024-07-09T04:16:32","modified_gmt":"2024-07-09T07:16:32","slug":"mapa-do-site","status":"publish","type":"page","link":"https:\/\/goias.gov.br\/procon\/mapa-do-site\/","title":{"rendered":"Mapa do Site"},"content":{"rendered":"<div id=\"custom-sitemap\" class=\"sitemap-container\"><div class='sitemap-group'><h3>A<\/h3><ul><li><a href='https:\/\/goias.gov.br\/procon\/categoria\/legislacao\/acoes-civis-publicas\/' target='_blank'>A\u00c7\u00d5ES CIVIS P\u00daBLICAS<\/a><\/li><li><a href='https:\/\/goias.gov.br\/procon\/categoria\/artigos-doutrinarios\/' target='_blank'>ARTIGOS DOUTRIN\u00c1RIOS<\/a><\/li><li><a href='https:\/\/goias.gov.br\/seguranca\/acesso-a-informacao\/' target='_blank'>ACESSO \u00c0 INFORMA\u00c7\u00c3O<\/a><\/li><li><a href='https:\/\/portal.al.go.leg.br\/' target='_blank'>ASSEMBLEIA LEGISLATIVA DO ESTADO DE GOI\u00c1S<\/a><\/li><li><a href='https:\/\/goias.gov.br\/seguranca\/acesso-a-informacao\/agenda' target='_blank'>AGENDA DE AUTORIDADES<\/a><\/li><\/ul><\/div><div class='sitemap-group'><h3>C<\/h3><ul><li><a href='https:\/\/www.go.gov.br\/servicos\/servicos-por-orgao\/secretaria-de-estado-da-seguranca-publica' target='_blank'>CARTA DE SERVI\u00c7OS<\/a><\/li><li><a href='https:\/\/goias.gov.br\/procon\/consumidor\/' target='_blank'>CONSUMIDOR<\/a><\/li><li><a href='https:\/\/goias.gov.br\/procon\/categoria\/legislacao\/circulares\/' target='_blank'>CIRCULARES<\/a><\/li><li><a href='https:\/\/goias.gov.br\/procon\/como-proceder-realizar-uma-reclamacao-junto-ao-procon\/' target='_blank'>COMO RECLAMAR?<\/a><\/li><li><a href='https:\/\/legisla.casacivil.go.gov.br\/pesquisa_legislacao\/103904\/decreto-9837' target='_blank'>C\u00d3DIGO DE \u00c9TICA<\/a><\/li><li><a href='https:\/\/goias.gov.br\/controladoria' target='_blank'>CONTROLADORIA-GERAL DO ESTADO DE GOI\u00c1S<\/a><\/li><li><a href='https:\/\/goias.gov.br\/governo\/cadastro-de-autoridade\/' target='_blank'>CADASTRO DE AUTORIDADES<\/a><\/li><\/ul><\/div><div class='sitemap-group'><h3>D<\/h3><ul><li><a href='https:\/\/goias.gov.br\/procon\/categoria\/legislacao\/decretos\/' target='_blank'>DECRETOS<\/a><\/li><li><a href='https:\/\/dadosabertos.go.gov.br\/' target='_blank'>DADOS ABERTOS<\/a><\/li><li><a href='https:\/\/www.go.gov.br\/servicos-digitais\/cge\/nova-ouvidoria\/nova-manifestacao\/tela-negativo?orgao=34' target='_blank'>DEN\u00daNCIAS CONTRA CORRUP\u00c7\u00c3O<\/a><\/li><li><a href='http:\/\/diariooficial.abc.go.gov.br\/' target='_blank'>DI\u00c1RIO OFICIAL<\/a><\/li><li><a href='https:\/\/dadosabertos.go.gov.br\/' target='_blank'>DADOS ABERTOS GOI\u00c1S<\/a><\/li><\/ul><\/div><div class='sitemap-group'><h3>E<\/h3><ul><li><a href='https:\/\/goias.gov.br\/procon\/categoria\/editais-de-notifiacao\/' target='_blank'>EDITAIS DE NOTIFICA\u00c7\u00c3O<\/a><\/li><li><a href='' target='_blank'>ERRATAS E RECALLS<\/a><\/li><li><a href='https:\/\/goias.gov.br\/procon\/categoria\/erratas\/' target='_blank'>ERRATAS<\/a><\/li><li><a href='\/procon\/categoria\/editais-do-cadin\/' target='_blank'>EDITAIS DO CADIN<\/a><\/li><li><a href='https:\/\/www.gov.br\/mj\/pt-br\/assuntos\/seus-direitos\/consumidor\/escola-nacional-endc' target='_blank'>ESCOLA ESTADUAL DE DEFESA DO CONSUMIDOR<\/a><\/li><li><a href='https:\/\/www.go.gov.br\/servicos-digitais\/cge\/nova-ouvidoria\/pedido-informacao-publica?orgao=34&tipo_manifestacao=7' target='_blank'>E-SIC<\/a><\/li><li><a href='https:\/\/www.go.gov.br\/servicos-digitais\/cge\/nova-ouvidoria\/nova-manifestacao?orgao=34&tipo_manifestacao=7' target='_blank'>E-SIC - SERVI\u00c7O ELETR\u00d4NICO DE INFORMA\u00c7\u00c3O AO CIDAD\u00c3O<\/a><\/li><li><a href='https:\/\/www.go.gov.br\/' target='_blank'>EXPRESSO GOI\u00c1S<\/a><\/li><li><a href='https:\/\/portal.go.gov.br\/' target='_blank'>EXPRESSO APLICA\u00c7\u00d5ES<\/a><\/li><li><a href='https:\/\/www.go.gov.br\/' target='_blank'>EXPRESSO SERVIDOR<\/a><\/li><li><a href='https:\/\/goias.gov.br\/escoladegoverno\/' target='_blank'>ESCOLA DE GOVERNO<\/a><\/li><\/ul><\/div><div class='sitemap-group'><h3>F<\/h3><ul><li><a href='https:\/\/goias.gov.br\/procon\/fornecedor' target='_blank'>FORNECEDOR<\/a><\/li><li><a href='https:\/\/goias.gov.br\/procon\/fale-conosco\/' target='_blank'>FALE CONOSCO<\/a><\/li><\/ul><\/div><div class='sitemap-group'><h3>G<\/h3><ul><li><a href='https:\/\/www.gov.br\/' target='_blank'>GOVERNO FEDERAL<\/a><\/li><li><a href='http:\/\/www.transparencia.go.gov.br' target='_blank'>GOI\u00c1S TRANSPAR\u00caNCIA<\/a><\/li><\/ul><\/div><div class='sitemap-group'><h3>I<\/h3><ul><li><a href='https:\/\/goias.gov.br\/procon\/institucional\/' target='_blank'>INSTITUCIONAL<\/a><\/li><li><a href='https:\/\/goias.gov.br\/procon\/categoria\/servicos\/informativos-servicos\/' target='_blank'>INFORMATIVOS<\/a><\/li><\/ul><\/div><div class='sitemap-group'><h3>L<\/h3><ul><li><a href='https:\/\/goias.gov.br\/procon\/categoria\/legislacao\/' target='_blank'>LEGISLA\u00c7\u00c3O<\/a><\/li><li><a href='https:\/\/goias.gov.br\/procon\/categoria\/legislacao\/legislacao-estadual\/' target='_blank'>LEGISLA\u00c7\u00c3O ESTADUAL<\/a><\/li><li><a href='https:\/\/goias.gov.br\/procon\/categoria\/legislacao\/legislacao-federal\/' target='_blank'>LEGISLA\u00c7\u00c3O FEDERAL<\/a><\/li><li><a href='https:\/\/goias.gov.br\/procon\/categoria\/legislacao\/legislacao-municipal\/' target='_blank'>LEGISLA\u00c7\u00c3O MUNICIPAL<\/a><\/li><li><a href='https:\/\/goias.gov.br\/procon\/a-lei-geral-de-protecao-de-dados-pessoais-entra-em-vigor-nesta-sexta-feira\/' target='_blank'>LGPD<\/a><\/li><\/ul><\/div><div class='sitemap-group'><h3>M<\/h3><ul><li><a href='https:\/\/goias.gov.br\/procon\/categoria\/materiais-educativos\/' target='_blank'>MATERIAL EDUCATIVO<\/a><\/li><li><a href='https:\/\/www.mpgo.mp.br\/portal\/' target='_blank'>MINIST\u00c9RIO P\u00daBLICO DO ESTADO DE GOI\u00c1S<\/a><\/li><\/ul><\/div><div class='sitemap-group'><h3>N<\/h3><ul><li><a href='https:\/\/goias.gov.br\/procon\/categoria\/legislacao\/notas-tecnicas\/' target='_blank'>NOTAS T\u00c9CNICAS<\/a><\/li><li><a href='https:\/\/goias.gov.br\/procon\/naas\/' target='_blank'>N\u00daCLEO DE APOIO E ATENDIMENTO AOS SUPERENDIVIDADOS<\/a><\/li><\/ul><\/div><div class='sitemap-group'><h3>O<\/h3><ul><li><a href='https:\/\/www.go.gov.br\/servicos-digitais\/cge\/nova-ouvidoria?orgao=34' target='_blank'>OUVIDORIA<\/a><\/li><li><a href='https:\/\/www.go.gov.br\/servicos-digitais\/cge\/nova-ouvidoria?orgao=34' target='_blank'>OUVIDORIA SETORIAL (EXPRESSO)<\/a><\/li><li><a href='https:\/\/goias.gov.br\/procon\/ouvidoria-setorial\/' target='_blank'>OUVIDORIA SETORIAL (PRESENCIAL)<\/a><\/li><\/ul><\/div><div class='sitemap-group'><h3>P<\/h3><ul><li><a href='https:\/\/goias.gov.br\/procon\/categoria\/legislacao\/portarias\/' target='_blank'>PORTARIAS<\/a><\/li><li><a href='https:\/\/proconweb.ssp.go.gov.br\/' target='_blank'>PROCON WEB<\/a><\/li><li><a href='\/procon\/procurando-a-justica\/' target='_blank'>PROCURANDO A JUSTI\u00c7A<\/a><\/li><li><a href='https:\/\/goias.gov.br\/procon\/categoria\/pesquisas\/' target='_blank'>PESQUISAS<\/a><\/li><li><a href='https:\/\/transparencia.go.gov.br\/' target='_blank'>PORTAL DA TRANSPAR\u00caNCIA<\/a><\/li><li><a href='https:\/\/goias.gov.br\/controladoria\/programa-de-compliance-publico-do-governo-de-goias\/' target='_blank'>PCD<\/a><\/li><li><a href='https:\/\/goias.gov.br\/procuradoria\/' target='_blank'>PROCURADORIA-GERAL DO ESTADO DE GOI\u00c1S<\/a><\/li><\/ul><\/div><div class='sitemap-group'><h3>R<\/h3><ul><li><a href='https:\/\/goias.gov.br\/procon\/categoria\/recalls\/' target='_blank'>RECALLS<\/a><\/li><li><a href='https:\/\/goias.gov.br\/procon\/categoria\/legislacao\/resolucoes\/' target='_blank'>RESOLU\u00c7\u00d5ES<\/a><\/li><li><a href='https:\/\/goias.gov.br\/procon\/categoria\/ranking-de-reclamacoes\/' target='_blank'>RANKING DE RECLAMA\u00c7\u00d5ES<\/a><\/li><li><a href='https:\/\/radardatransparencia.atricon.org.br\/' target='_blank'>RADAR DA TRANSPAR\u00caNCIA<\/a><\/li><\/ul><\/div><div class='sitemap-group'><h3>S<\/h3><ul><li><a href='' target='_blank'>SERVI\u00c7OS<\/a><\/li><li><a href='\/procon\/certidao-de-violacao-aos-direitos-do-consumidor-cvdc\/' target='_blank'>SOLICITA\u00c7\u00c3O DE CERTID\u00c3O<\/a><\/li><li><a href='https:\/\/goias.gov.br\/administracao\/siga-eng\/' target='_blank'>SIGA<\/a><\/li><li><a href='https:\/\/www.go.gov.br\/unidadesvaptvupt' target='_blank'>SIC - SERVI\u00c7O DE INFORMA\u00c7\u00c3O AO CIDAD\u00c3O<\/a><\/li><li><a href='https:\/\/sei.go.gov.br\/sei\/modulos\/goias\/login-sei\/MdGoiasLoginSEI.php?acao=md_goias_login_SEI&sigla_orgao_sistema=GOVERNADORIA&sigla_sistema=SEI&infra_url=L3NlaS8=' target='_blank'>SEI GOVERNADORIA<\/a><\/li><\/ul><\/div><div class='sitemap-group'><h3>T<\/h3><ul><li><a href='https:\/\/www.tjgo.jus.br\/' target='_blank'>TRIBUNAL DE JUSTI\u00c7A DO ESTADO DE GOI\u00c1S<\/a><\/li><\/ul><\/div><div class='sitemap-group'><h3>V<\/h3><ul><li><a href='https:\/\/goias.gov.br\/procon\/categoria\/videos\/' target='_blank'>V\u00cdDEOS<\/a><\/li><\/ul><\/div><\/div>\n","protected":false},"excerpt":{"rendered":"","protected":false},"author":1,"featured_media":0,"parent":0,"menu_order":0,"comment_status":"closed","ping_status":"closed","template":"","meta":{"footnotes":""},"class_list":["post-64994","page","type-page","status-publish","hentry"],"rttpg_featured_image_url":null,"rttpg_author":{"display_name":"wagner.viana","author_link":"https:\/\/goias.gov.br\/procon\/author\/wagner-viana\/"},"rttpg_comment":0,"rttpg_category":null,"rttpg_excerpt":null,"_links":{"self":[{"href":"https:\/\/goias.gov.br\/procon\/wp-json\/wp\/v2\/pages\/64994","targetHints":{"allow":["GET"]}}],"collection":[{"href":"https:\/\/goias.gov.br\/procon\/wp-json\/wp\/v2\/pages"}],"about":[{"href":"https:\/\/goias.gov.br\/procon\/wp-json\/wp\/v2\/types\/page"}],"author":[{"embeddable":true,"href":"https:\/\/goias.gov.br\/procon\/wp-json\/wp\/v2\/users\/1"}],"replies":[{"embeddable":true,"href":"https:\/\/goias.gov.br\/procon\/wp-json\/wp\/v2\/comments?post=64994"}],"version-history":[{"count":2,"href":"https:\/\/goias.gov.br\/procon\/wp-json\/wp\/v2\/pages\/64994\/revisions"}],"predecessor-version":[{"id":67852,"href":"https:\/\/goias.gov.br\/procon\/wp-json\/wp\/v2\/pages\/64994\/revisions\/67852"}],"wp:attachment":[{"href":"https:\/\/goias.gov.br\/procon\/wp-json\/wp\/v2\/media?parent=64994"}],"curies":[{"name":"wp","href":"https:\/\/api.w.org\/{rel}","templated":true}]}}