
{"id":61192,"date":"2022-06-23T08:43:20","date_gmt":"2022-06-23T11:43:20","guid":{"rendered":"https:\/\/www.procon.go.gov.br\/?page_id=61192"},"modified":"2026-02-10T12:57:34","modified_gmt":"2026-02-10T15:57:34","slug":"cargos-e-seus-ocupantes","status":"publish","type":"page","link":"https:\/\/goias.gov.br\/procon\/cargos-e-seus-ocupantes\/","title":{"rendered":"Cargos e seus ocupantes"},"content":{"rendered":"<h4><span style=\"color: #008000\">Secret\u00e1rio de Seguran\u00e7a P\u00fablica<\/span><\/h4>\n<p>Secret\u00e1rio: <strong>RENATO BRUM DOS SANTOS<\/strong><br \/>\nAv. Anhanguera, 7364, Setor dos Aerovi\u00e1rios<br \/>\nSetor dos Aerovi\u00e1rios &#8211; Goi\u00e2nia\/GO \u2013 CEP: 74435-300<br \/>\nE-mail: gabinetesspgo@sspj.go.gov.br<br \/>\nTeleFone: (62) 3201-1049\/1050<br \/>\nUnidade SEI: 02880<\/p>\n<h4><span style=\"color: #008000\">Superintend\u00eancia de Prote\u00e7\u00e3o aos Direitos do Consumidor<\/span><\/h4>\n<p>Superintendente: <strong>MARCO AUR\u00c9LIO DE SENE PALMERSTON XAVIER<\/strong><br \/>\nRua 8, n\u00ba 242, Edif\u00edcio Torres, 1\u00ba andar<br \/>\nSetor Central &#8211; Goi\u00e2nia\/GO &#8211; CEP: 74013-030<br \/>\nE-mail: superintendencia.procon@goias.gov.br<br \/>\nFone: (62) 3201-7128 \/ (62) 3201-7112<br \/>\nUnidade SEI: 09666<\/p>\n<p>Gerente de Atendimento ao Consumidor<\/p>\n<p>Gerente: <strong>MARCOS SENA D\u2019ABREU CORDEIRO<\/strong><br \/>\nRua 8, n\u00ba 242, Edif\u00edcio Torres, 1\u00ba andar<br \/>\nSetor Central &#8211; Goi\u00e2nia\/GO &#8211; CEP: 74013-030<br \/>\nE-mail: atendimento.procon@goias.gov.br<br \/>\nFone: (62) 3201-2895<br \/>\nUnidade SEI: 09717<\/p>\n<p>Gerente de Pesquisa e\u00a0C\u00e1lculo<\/p>\n<p>Gerente: <strong>JOS\u00c9 FLORINDO J\u00daNIOR<\/strong><br \/>\nRua 8, n\u00ba 242, Edif\u00edcio Torres, 1\u00ba andar<br \/>\nSetor Central &#8211; Goi\u00e2nia\/GO &#8211; CEP: 74013-030<br \/>\nE-mail: gepec.procon@goias.gov.br<br \/>\nFone: (62) 3201-7139<br \/>\nUnidade SEI: 09715<\/p>\n<p>Gerente do Contencioso Administrativo<\/p>\n<p>Gerente: <strong>LET\u00cdCIA ARA\u00daJO DOS SANTOS<\/strong><br \/>\nRua 8, n\u00ba 242, Edif\u00edcio Torres, 1\u00ba andar<br \/>\nSetor Central &#8211; Goi\u00e2nia\/GO &#8211; CEP: 74013-030<br \/>\nE-mail: contencioso.procon@goias.gov.br<br \/>\nFone: (62) 3201-7156<br \/>\nUnidade SEI: 14497<\/p>\n<p>Gerente de Gest\u00e3o de Cr\u00e9ditos<\/p>\n<p>Gerente: <strong>WANDERSON C\u00c9SAR DE MORAIS<\/strong><br \/>\nRua 8, n\u00ba 242, Edif\u00edcio Torres, 1\u00ba andar<br \/>\nSetor Central &#8211; Goi\u00e2nia\/GO &#8211; CEP: 74013-030<br \/>\nE-mail: ggc.procon@goias.gov.br<br \/>\nFone e whatsapp: (62) 3201-7158<br \/>\nUnidade SEI: 10605<\/p>\n<p>Gerente de Fiscaliza\u00e7\u00e3o<\/p>\n<p>Gerente: <strong>ANTONISIO ROSA TEIXEIRA<\/strong><br \/>\nRua 8, n\u00ba 242, Edif\u00edcio Torres, 1\u00ba andar<br \/>\nSetor Central &#8211; Goi\u00e2nia\/GO &#8211; CEP: 74013-030<br \/>\nE-mail: fiscalizacao.procon@goias.gov.br<br \/>\nFone: (62) 3201-7138<br \/>\nUnidade SEI: 09714<\/p>\n<p>Gerente Jur\u00eddico de Defesa do Consumidor<\/p>\n<p>Gerente: <strong>DAVID TARGINO FALC\u00c3O FARIAS<\/strong><br \/>\nRua 8, n\u00ba 242, Edif\u00edcio Torres, 1\u00ba andar<br \/>\nSetor Central &#8211; Goi\u00e2nia\/GO &#8211; CEP: 74013-030<br \/>\nE-mail: pge@procon.go.gov.br<br \/>\nFone: (62) 3201-7113<br \/>\nUnidade SEI: 15365<\/p>\n<p>Comunica\u00e7\u00e3o Setorial<\/p>\n<p>Assessora:<strong> LUTIANE PORTILHO GAMA<\/strong><br \/>\nRua 8, n\u00ba 242, Edif\u00edcio Torres, 1\u00ba andar<br \/>\nSetor Central &#8211; Goi\u00e2nia\/GO &#8211; CEP: 74013-030<br \/>\nE-mail: imprensa@procon.go.gov.br<br \/>\nFone: (62) 3201-7134<br \/>\nUnidade SEI: 16403<\/p>\n","protected":false},"excerpt":{"rendered":"<p>Secret\u00e1rio de Seguran\u00e7a P\u00fablica Secret\u00e1rio: RENATO BRUM DOS SANTOS Av. Anhanguera, 7364, Setor dos Aerovi\u00e1rios Setor dos Aerovi\u00e1rios &#8211; Goi\u00e2nia\/GO \u2013 CEP: 74435-300 E-mail: gabinetesspgo@sspj.go.gov.br TeleFone: (62) 3201-1049\/1050 Unidade SEI: 02880 Superintend\u00eancia de Prote\u00e7\u00e3o aos Direitos do Consumidor Superintendente: MARCO AUR\u00c9LIO DE SENE PALMERSTON XAVIER Rua 8, n\u00ba 242, Edif\u00edcio Torres, 1\u00ba andar Setor Central [&hellip;]<\/p>\n","protected":false},"author":2,"featured_media":0,"parent":0,"menu_order":0,"comment_status":"closed","ping_status":"closed","template":"","meta":{"footnotes":""},"class_list":["post-61192","page","type-page","status-publish","hentry"],"rttpg_featured_image_url":null,"rttpg_author":{"display_name":"rogerioduarte","author_link":"https:\/\/goias.gov.br\/procon\/author\/rogerioduarte\/"},"rttpg_comment":0,"rttpg_category":null,"rttpg_excerpt":"Secret\u00e1rio de Seguran\u00e7a P\u00fablica Secret\u00e1rio: RENATO BRUM DOS SANTOS Av. Anhanguera, 7364, Setor dos Aerovi\u00e1rios Setor dos Aerovi\u00e1rios &#8211; Goi\u00e2nia\/GO \u2013 CEP: 74435-300 E-mail: gabinetesspgo@sspj.go.gov.br TeleFone: (62) 3201-1049\/1050 Unidade SEI: 02880 Superintend\u00eancia de Prote\u00e7\u00e3o aos Direitos do Consumidor Superintendente: MARCO AUR\u00c9LIO DE SENE PALMERSTON XAVIER Rua 8, n\u00ba 242, Edif\u00edcio Torres, 1\u00ba andar Setor Central&hellip;","_links":{"self":[{"href":"https:\/\/goias.gov.br\/procon\/wp-json\/wp\/v2\/pages\/61192","targetHints":{"allow":["GET"]}}],"collection":[{"href":"https:\/\/goias.gov.br\/procon\/wp-json\/wp\/v2\/pages"}],"about":[{"href":"https:\/\/goias.gov.br\/procon\/wp-json\/wp\/v2\/types\/page"}],"author":[{"embeddable":true,"href":"https:\/\/goias.gov.br\/procon\/wp-json\/wp\/v2\/users\/2"}],"replies":[{"embeddable":true,"href":"https:\/\/goias.gov.br\/procon\/wp-json\/wp\/v2\/comments?post=61192"}],"version-history":[{"count":4,"href":"https:\/\/goias.gov.br\/procon\/wp-json\/wp\/v2\/pages\/61192\/revisions"}],"predecessor-version":[{"id":81102,"href":"https:\/\/goias.gov.br\/procon\/wp-json\/wp\/v2\/pages\/61192\/revisions\/81102"}],"wp:attachment":[{"href":"https:\/\/goias.gov.br\/procon\/wp-json\/wp\/v2\/media?parent=61192"}],"curies":[{"name":"wp","href":"https:\/\/api.w.org\/{rel}","templated":true}]}}