
{"id":33685,"date":"2017-10-25T15:04:30","date_gmt":"2017-10-25T17:04:30","guid":{"rendered":"http:\/\/www.procon.go.gov.br\/?page_id=33614"},"modified":"2023-05-25T17:13:19","modified_gmt":"2023-05-25T20:13:19","slug":"superintendencia-de-protecao-aos-direitos-do-consumidor","status":"publish","type":"page","link":"https:\/\/goias.gov.br\/procon\/superintendencia-de-protecao-aos-direitos-do-consumidor\/","title":{"rendered":"Procon"},"content":{"rendered":"","protected":false},"excerpt":{"rendered":"<p>Superintend\u00eancia de Prote\u00e7\u00e3o aos Direitos do Consumidor<\/p>\n","protected":false},"author":2,"featured_media":0,"parent":0,"menu_order":0,"comment_status":"closed","ping_status":"closed","template":"","meta":{"footnotes":""},"class_list":["post-33685","page","type-page","status-publish","hentry"],"rttpg_featured_image_url":null,"rttpg_author":{"display_name":"rogerioduarte","author_link":"https:\/\/goias.gov.br\/procon\/author\/rogerioduarte\/"},"rttpg_comment":0,"rttpg_category":null,"rttpg_excerpt":"Superintend\u00eancia de Prote\u00e7\u00e3o aos Direitos do Consumidor","_links":{"self":[{"href":"https:\/\/goias.gov.br\/procon\/wp-json\/wp\/v2\/pages\/33685","targetHints":{"allow":["GET"]}}],"collection":[{"href":"https:\/\/goias.gov.br\/procon\/wp-json\/wp\/v2\/pages"}],"about":[{"href":"https:\/\/goias.gov.br\/procon\/wp-json\/wp\/v2\/types\/page"}],"author":[{"embeddable":true,"href":"https:\/\/goias.gov.br\/procon\/wp-json\/wp\/v2\/users\/2"}],"replies":[{"embeddable":true,"href":"https:\/\/goias.gov.br\/procon\/wp-json\/wp\/v2\/comments?post=33685"}],"version-history":[{"count":1,"href":"https:\/\/goias.gov.br\/procon\/wp-json\/wp\/v2\/pages\/33685\/revisions"}],"predecessor-version":[{"id":62799,"href":"https:\/\/goias.gov.br\/procon\/wp-json\/wp\/v2\/pages\/33685\/revisions\/62799"}],"wp:attachment":[{"href":"https:\/\/goias.gov.br\/procon\/wp-json\/wp\/v2\/media?parent=33685"}],"curies":[{"name":"wp","href":"https:\/\/api.w.org\/{rel}","templated":true}]}}