
{"id":20729,"date":"2015-10-20T12:01:22","date_gmt":"2015-10-20T14:01:22","guid":{"rendered":"http:\/\/www.procon.go.gov.br\/?page_id=20729"},"modified":"2025-11-27T14:55:59","modified_gmt":"2025-11-27T17:55:59","slug":"disque-denuncia-procon","status":"publish","type":"page","link":"https:\/\/goias.gov.br\/procon\/disque-denuncia-procon\/","title":{"rendered":"Disque Den\u00fancia"},"content":{"rendered":"<h3>Para orienta\u00e7\u00f5es e den\u00fancias via telefone: <span style=\"color: #cc0000\"><span style=\"color: #ff0000\">disque 151 ou<\/span>\u00a0<\/span><span style=\"color: #ff0000\">(62) 3201-7124\u00a0<\/span><\/h3>\n<p>O atendimento telef\u00f4nico <strong>fone 151<\/strong> est\u00e1 dispon\u00edvel para orienta\u00e7\u00f5es de consumo e den\u00fancias, de segunda a sexta-feira, exceto feriados e pontos facultativos, das 8h \u00e0s 17h.<\/p>\n<p>A liga\u00e7\u00e3o \u00e9 tarifada conforme\u00a0operadora telef\u00f4nica do consumidor e restrita ao munic\u00edpio de Goi\u00e2nia.<\/p>\n<p>Para consumidores com defici\u00eancia auditiva, a consulta poder\u00e1 ser feita de forma online no Portal Expresso. <strong><a href=\"https:\/\/www.go.gov.br\/\" target=\"_blank\" rel=\"noopener\">Clique aqui<\/a> <\/strong>para acessar a plataforma.<\/p>\n<hr \/>\n<h3><i class=\"icon-envelope\"><\/i>\u00a0Para realizar uma Den\u00fancia An\u00f4nima, <span style=\"color: #cc0000\"><a title=\"Den\u00fancia An\u00f4nima\" href=\"https:\/\/www.go.gov.br\/servicos\/servico\/registrar-denuncia-junto-ao-procon\" target=\"_blank\" rel=\"noopener\"><span style=\"color: #cc0000;text-decoration: none !important\">clique aqui<\/span><\/a><\/span><\/h3>\n","protected":false},"excerpt":{"rendered":"<p>Para orienta\u00e7\u00f5es e den\u00fancias via telefone: disque 151 ou\u00a0(62) 3201-7124\u00a0 O atendimento telef\u00f4nico fone 151 est\u00e1 dispon\u00edvel para orienta\u00e7\u00f5es de consumo e den\u00fancias, de segunda a sexta-feira, exceto feriados e pontos facultativos, das 8h \u00e0s 17h. A liga\u00e7\u00e3o \u00e9 tarifada conforme\u00a0operadora telef\u00f4nica do consumidor e restrita ao munic\u00edpio de Goi\u00e2nia. Para consumidores com defici\u00eancia auditiva, [&hellip;]<\/p>\n","protected":false},"author":2,"featured_media":0,"parent":0,"menu_order":0,"comment_status":"closed","ping_status":"closed","template":"","meta":{"footnotes":""},"class_list":["post-20729","page","type-page","status-publish","hentry"],"rttpg_featured_image_url":null,"rttpg_author":{"display_name":"rogerioduarte","author_link":"https:\/\/goias.gov.br\/procon\/author\/rogerioduarte\/"},"rttpg_comment":0,"rttpg_category":null,"rttpg_excerpt":"Para orienta\u00e7\u00f5es e den\u00fancias via telefone: disque 151 ou\u00a0(62) 3201-7124\u00a0 O atendimento telef\u00f4nico fone 151 est\u00e1 dispon\u00edvel para orienta\u00e7\u00f5es de consumo e den\u00fancias, de segunda a sexta-feira, exceto feriados e pontos facultativos, das 8h \u00e0s 17h. A liga\u00e7\u00e3o \u00e9 tarifada conforme\u00a0operadora telef\u00f4nica do consumidor e restrita ao munic\u00edpio de Goi\u00e2nia. Para consumidores com defici\u00eancia auditiva,&hellip;","_links":{"self":[{"href":"https:\/\/goias.gov.br\/procon\/wp-json\/wp\/v2\/pages\/20729","targetHints":{"allow":["GET"]}}],"collection":[{"href":"https:\/\/goias.gov.br\/procon\/wp-json\/wp\/v2\/pages"}],"about":[{"href":"https:\/\/goias.gov.br\/procon\/wp-json\/wp\/v2\/types\/page"}],"author":[{"embeddable":true,"href":"https:\/\/goias.gov.br\/procon\/wp-json\/wp\/v2\/users\/2"}],"replies":[{"embeddable":true,"href":"https:\/\/goias.gov.br\/procon\/wp-json\/wp\/v2\/comments?post=20729"}],"version-history":[{"count":2,"href":"https:\/\/goias.gov.br\/procon\/wp-json\/wp\/v2\/pages\/20729\/revisions"}],"predecessor-version":[{"id":77681,"href":"https:\/\/goias.gov.br\/procon\/wp-json\/wp\/v2\/pages\/20729\/revisions\/77681"}],"wp:attachment":[{"href":"https:\/\/goias.gov.br\/procon\/wp-json\/wp\/v2\/media?parent=20729"}],"curies":[{"name":"wp","href":"https:\/\/api.w.org\/{rel}","templated":true}]}}