
{"id":196,"date":"2011-09-19T14:59:03","date_gmt":"2011-09-19T17:59:03","guid":{"rendered":"http:\/\/teste.procon.go.gov.br\/?page_id=196"},"modified":"2025-04-11T16:13:45","modified_gmt":"2025-04-11T19:13:45","slug":"municipais","status":"publish","type":"page","link":"https:\/\/goias.gov.br\/procon\/enderecos\/municipais\/","title":{"rendered":"PROCONS Municipais"},"content":{"rendered":"<p><strong>Procon Municipal de \u00c1guas Lindas de Goi\u00e1s<\/strong><br \/>\nDirigente: Alvina Concei\u00e7\u00e3o Soares de Oliveira<br \/>\nEndere\u00e7o: Qd. 08, Lt. 28\/29, Camping Club. CEP 72.914-123<br \/>\nTelefones: (61) 3616-1133<br \/>\nE-mail: proconaguaslindasgo@gmail.com<\/p>\n<p><strong>Procon Municipal de Alto Horizonte<\/strong><br \/>\nDirigente: Karla Heid Gon\u00e7alves Pereira<br \/>\nEndere\u00e7o: Av. Maracan\u00e3, qd 15, lt. 01, Centro. CEP 76.560-000<br \/>\nTelefones: (621) 3383-3100<br \/>\nE-mail: proconaltohorizonte@gmail.com<\/p>\n<p><strong>Procon Municipal de Aparecida de Goi\u00e2nia<\/strong><br \/>\nDirigente: Adebalde Marinho Resende<br \/>\nEndere\u00e7o: Av. das Na\u00e7\u00f5es, qd 10, lt 04. Bairro Vera Cruz, Pr\u00e9dio da antiga Genarc. CEP 74.970-190<br \/>\nTelefones: (62) 3545-6501<br \/>\nE-mail: procon@aparecida.go.gov.br<\/p>\n<p><strong>Procon Municipal de An\u00e1polis<\/strong><br \/>\nDirigente: Wilson Xavier de Velasco Filho<br \/>\nEndere\u00e7o: Rua Estrela do Sul esq. Belo Horizonte, n\u00ba 275, Vila Jussara. CEP 75.025-070.<br \/>\nTelefones:\u00a0(62) 3902-2028<br \/>\nE-mail:\u00a0procon@anapolis.go.gov.br<\/p>\n<p><strong>Procon Municipal de\u00a0<b>Bom Jesus (fechado)<\/b><\/strong><br \/>\nDirigente:<br \/>\nEndere\u00e7o:\u00a0Rua 1 esq. Av. Goi\u00e1s, n\u00ba 190, Centro. CEP 75.570-000<br \/>\nTelefones:\u00a0(64) 3608-6092\/6093<br \/>\nE-mail: proconmunicipal88@gmail.com<\/p>\n<p><strong>Procon Municipal de Buriti Alegre (fechado)<\/strong><br \/>\nDirigente:<br \/>\nEndere\u00e7o: Rua 24 de junho, s\/n, Vapt-Vupt, Centro. CEP 75.660-000<br \/>\nTelefones: (64) 3444-9924<br \/>\nE-mail:<\/p>\n<p><strong>Procon Municipal de Caldas Novas<\/strong><br \/>\nDirigente: Alexandre Marcelino Ramos<br \/>\nEndere\u00e7o: Av. Ant\u00f4nio Sanches Fernandes, qd. 05, lt. 05, Est\u00e2ncia Itagua\u00ed I. CEP 75.690-000<br \/>\nTelefones: (64) 3454-6820<br \/>\nE-mail: procon@caldasnovas.go.gov.br<\/p>\n<p><strong>Procon Municipal de Catal\u00e3o<\/strong><br \/>\nDirigente: An\u00edsio Pereira<br \/>\nEndere\u00e7o: Rua Major Paulino, n\u00ba 228, Bairro Nossa Senhora de F\u00e1tima, CEP\u00a0 75.709-220<br \/>\nTelefones: (64) 3442-6242<br \/>\nE-mail: procon@catalao.go.gov.br<\/p>\n<p><strong>Procon Municipal de Crix\u00e1s<\/strong><br \/>\nDirigente: Jo\u00e3o Manoel Neves Cardoso<br \/>\nEndere\u00e7o: Rua Prud\u00eancio Ferreira, n\u00ba 06, Anexo Administrativo II, Centro. CEP 76.510-000<br \/>\nTelefones: (62) 3365-1952<br \/>\nE-mail: procon@crixas.go.gov.br<\/p>\n<p><strong>Procon Municipal de Formosa<\/strong><br \/>\nDiretor: Jair Flores da Silva<br \/>\nEndere\u00e7o: Av. Valeriano de Castro, n\u00ba 1131, Setor Nordeste. CEP 73.807-180<br \/>\nTelefones: (61) 3981-1235<br \/>\nE-mail: procon@formosa.go.gov.br<\/p>\n<p><strong>Procon Municipal de Goian\u00e9sia<\/strong><br \/>\nDiretor: Adriana Concei\u00e7\u00e3o de Faria<br \/>\nEndere\u00e7o: Rua 33, n\u00ba 453, Pa\u00e7o Municipal, Setor Sul. CEP 76.380-000.<br \/>\nTelefones: (62) 3389-9428<br \/>\nE-mail: procon@goianesia.go.gov.br<\/p>\n<p><strong>Procon Municipal de Goi\u00e2nia<\/strong><br \/>\nDirigente: Gustavo Cruvinel<br \/>\nEndere\u00e7o: Av. Tocantins, n\u00ba 191, Qd 17, Lt 27, Centro. CEP 74.015-010<br \/>\nTelefones: (62) 3524-2942<br \/>\nE-mail: procongoiania@goiania.go.gov.br<\/p>\n<p><strong>Procon Municipal de Goiatuba<\/strong><br \/>\nDirigente: Vagner Braz Parreira<br \/>\nEndere\u00e7o: Rua Rio Branco, n\u00ba 1595. Vila Bet\u00e2nia. CEP 75.600-000<br \/>\nTelefones: (64) 3495-0094\/1961<br \/>\nE-mail: procongoiatuba@hotmail.com<\/p>\n<p><strong>Procon Municipal de Inhumas<\/strong><br \/>\nDirigente: Welington Rodrigues dos Santos<br \/>\nEndere\u00e7o: Rua dos Alpes, qd 240, lt 06. Setor Nipo Brasileiro. CEP 75.407-052<br \/>\nTelefones: (62) 3514-8588<br \/>\nE-mail: procon@inhumas.go.gov.br<\/p>\n<p><strong>Procon Municipal de Ipameri<\/strong><br \/>\nDirigente: Maaic de Souza Silva<br \/>\nEndere\u00e7o: Av. Prof. Boaventura, qd. 08, lt. 01, Cond Vapt-Vupt, Vila Baiochi. CEP 75.780-000<br \/>\nTelefone: (64) 3491-6045 \/ Fax: (64) 3491-6000 Ramal: 256<br \/>\nE-mail: proconipameri@hotmail.com<\/p>\n<p><strong>Procon Municipal de Itabera\u00ed (fechado)<\/strong><br \/>\nDirigente:<br \/>\nEndere\u00e7o: Av. Ana Primo, n\u00ba 521, qd. B, lt. 11, Vila Presidente Roosvelt. CEP 76.630-000<br \/>\nTelefones: (62) 3375-2248 \/ 3150<br \/>\nE-mail: proconitaberai@hotmail.com<\/p>\n<p><strong>Procon Municipal de Itumbiara<\/strong><br \/>\nDiretor: Alessandro Paula Zanin<br \/>\nEndere\u00e7o: Av. Porto Nacional, n\u00ba 495, Bairro Planalto. CEP 75.528-122<br \/>\nTelefones: (64) 3432-1215<br \/>\nE-mail: procon@itumbiara.go.gov.br<\/p>\n<p><strong>Procon Municipal de Jaragu\u00e1<\/strong><br \/>\nDirigente: Charlene Gon\u00e7alves Ramos Magalh\u00e3es<br \/>\nEndere\u00e7o: Rua Jo\u00e3o Pedro de Oliveira, Qd. 02, Lt. 09, Setor Aeroporto II. 76.330-000<br \/>\nTelefones: (62) 3326-6040\/2574<br \/>\nE-mail: procon@jaragua.go.gov.br<\/p>\n<p><strong>Procon Municipal de Jata\u00ed<\/strong><br \/>\nDirigente: Oriston de Souza Cardoso<br \/>\nEndere\u00e7o: Rua Leopoldo de Bulh\u00f5es, n\u00ba 640, Vila Santa Maria. CEP 75.800-140<br \/>\nTelefones: (64) 3632-4035\/4015<br \/>\nE-mail: procon@jatai.go.gov.br<\/p>\n<p><strong>Procon Municipal de Luzi\u00e2nia<\/strong><br \/>\nDiretor: M\u00e1rio Henrique Vieira Caixeta<br \/>\nEndere\u00e7o: Av. Jos\u00e9 Vieira Primo, n\u00ba 04, Centro. CEP 72.800-020<br \/>\nTelefones: (61) 3906-3255<br \/>\nE-mail: proconluzianiagoias@gmail.com<\/p>\n<p><strong>Procon Municipal de Mineiros<\/strong><br \/>\nDiretor:<br \/>\nEndere\u00e7o: Pra\u00e7a Dep. Jos\u00e9 Alves de Assis, n\u00ba 23, Centro. CEP 75.830-000<br \/>\nTelefones: (64) 3661-0085<br \/>\nE-mail: procon@mineiros.go.gov.br<\/p>\n<p><strong>Procon Municipal de Morrinhos<\/strong><br \/>\nDirigente: Ant\u00f4nio Batista Carvalho J\u00fanior<br \/>\nEndere\u00e7o: Rua Bar\u00e3o do Rio Branco, n\u00ba 886, Centro, Unidade Vapt-Vupt. CEP 75.650-000<br \/>\nTelefones: (64) 3417-2038<br \/>\nE-mail: proconmorrinhos@hotmail.com<\/p>\n<p><strong>Procon Municipal de Ner\u00f3polis<\/strong><br \/>\nDirigente: Ricardo Xavier Nunes<br \/>\nEndere\u00e7o: Pra\u00e7a Ant\u00f4nio Dutra, n\u00ba 01, Pr\u00e9dio da Prefeitura, Centro. CEP 75.460-000<br \/>\nTelefones: (62) 3513-3298\/1307<br \/>\nE-mail: procon@neropolis.go.gov.br<\/p>\n<p><strong>Procon Municipal de Niquel\u00e2ndia (fechado)<\/strong><br \/>\nDiretor:<br \/>\nEndere\u00e7o: Av. Goi\u00e1s, qd H, lt 05, Centro. CEP 76.420-000<br \/>\nTelefones: (62) 3959-7075\/1924<br \/>\nE-mail:<\/p>\n<p><strong>Procon Municipal de Pires do Rio<\/strong><br \/>\nDiretor:<br \/>\nEndere\u00e7o: Pra\u00e7a Francisco Felipe Machado (pra\u00e7a da Biblioteca), n\u00ba 37, Centro. CEP 75.200-000<br \/>\nTelefones: (64) 3461-4019\/4081<br \/>\nE-mails: procon@piresdorio.go.gov.br<\/p>\n<p><strong>Procon Municipal de Planaltina de Goi\u00e1s (fechado)<\/strong><br \/>\nDiretor:<br \/>\nEndere\u00e7o: Pra\u00e7a Jurandir Camilo Boaventura, s\/n, Centro. CEP 75.750-005<br \/>\nTelefones: (61) 3637-4510 \/ 3639-1940<br \/>\nE-mails:<\/p>\n<p><strong>Procon Municipal de Quirin\u00f3polis<\/strong><br \/>\nDiretor: Deuseny Ferreira de Freitas<br \/>\nEndere\u00e7o: Rua Domingos Jacinto da Luz, n\u00ba 183, Centro Social Manuel de Lima, CEP 75.860-000<br \/>\nTelefones: (64) 3615-9100<br \/>\nE-mail: proconquirinopolis@gmail.com<\/p>\n<p><strong>Procon Municipal de Rio Verde<\/strong><br \/>\nDiretor: Ana Carolina Martins Vieira da Silva<br \/>\nEndere\u00e7o: Rua Costa Gomes, n\u00ba 829, Centro. CEP 75.905-623<br \/>\nTelefones: (64) 3602-8600<br \/>\nE-mail: procon@rioverde.go.gov.br<\/p>\n<p><strong>Procon Municipal de Santo Ant\u00f4nio do Descoberto<\/strong><br \/>\nDiretor: Leiziany Cordeiro Diniz<br \/>\nEndere\u00e7o: Qd. 50, Lts. 02\/03 (ao lado Igreja Matriz), Centro. CEP 72.900-306<br \/>\nTelefones: (61) 9.8622-1392<br \/>\nE-mail: procon@santoantoniododescoberto.go.gov.br<\/p>\n<p><strong>Procon Municipal de S\u00e3o Miguel do Araguaia<\/strong><br \/>\nDiretor: Paulo Marcelo Albino Fernandes<br \/>\nEndere\u00e7o: Rua 5, qd 29, lt 11, Centro. CEP 76.590-000<br \/>\nTelefones: (62) 3364-2699<br \/>\nE-mail: procon@prefsma.com.br<\/p>\n<p><strong>Procon Municipal de Senador Canedo<\/strong><br \/>\nSuperintendente: Marcus Fellipe Gon\u00e7alves Barbosa<br \/>\nEndere\u00e7o: Av. Dom Emanuel, n\u00ba 1737, Centro, Senador Canedo, CEP 75250-000<br \/>\nTelefones: (62) 3275-9989<br \/>\nE-mail: procon@senadorcanedo.go.gov.br<\/p>\n<p><strong>Procon Municipal de Trindade<\/strong><br \/>\nDiretora: Fl\u00e1via Firminia de Carvalho<br \/>\nEndere\u00e7o: Rua Mois\u00e9s Batista, n\u00ba 172, Centro. \u00a0CEP 75.388-708<br \/>\nTelefones: (62) 3506\u20137098<br \/>\nE-mail: procon@trindade.go.gov.br<\/p>\n<p><strong>Procon Municipal de Urua\u00e7\u00fa<\/strong><br \/>\nDiretor: Bruno Henrique Vasconcelos<br \/>\nEndere\u00e7o: Rua Adelino Fernandes de Carvalho, n\u00ba 59, Centro. CEP 76.400-000<br \/>\nTelefones: (62) 3357-5100<br \/>\nE-mail: proconuruacu@hotmail.com<\/p>\n<p><strong>Procon Municipal de Valpara\u00edso de Goi\u00e1s<\/strong><br \/>\nDiretor: Venerando\u00a0Arantes Ferreira<br \/>\nEndere\u00e7o: Rua 03, qd. 07, lt. B, Galp\u00e3o 04, Pq Rio Branco. CEP\u00a0 72.870-055<br \/>\nTelefones: (61) 3627-7531<br \/>\nE-mail: atendimentoproconvalparaiso@gmail.com<\/p>\n<p>&nbsp;<\/p>\n","protected":false},"excerpt":{"rendered":"<p>Procon Municipal de \u00c1guas Lindas de Goi\u00e1s Dirigente: Alvina Concei\u00e7\u00e3o Soares de Oliveira Endere\u00e7o: Qd. 08, Lt. 28\/29, Camping Club. CEP 72.914-123 Telefones: (61) 3616-1133 E-mail: proconaguaslindasgo@gmail.com Procon Municipal de Alto Horizonte Dirigente: Karla Heid Gon\u00e7alves Pereira Endere\u00e7o: Av. Maracan\u00e3, qd 15, lt. 01, Centro. CEP 76.560-000 Telefones: (621) 3383-3100 E-mail: proconaltohorizonte@gmail.com Procon Municipal de [&hellip;]<\/p>\n","protected":false},"author":2,"featured_media":0,"parent":184,"menu_order":0,"comment_status":"closed","ping_status":"closed","template":"","meta":{"footnotes":""},"class_list":["post-196","page","type-page","status-publish","hentry"],"rttpg_featured_image_url":null,"rttpg_author":{"display_name":"rogerioduarte","author_link":"https:\/\/goias.gov.br\/procon\/author\/rogerioduarte\/"},"rttpg_comment":0,"rttpg_category":null,"rttpg_excerpt":"Procon Municipal de \u00c1guas Lindas de Goi\u00e1s Dirigente: Alvina Concei\u00e7\u00e3o Soares de Oliveira Endere\u00e7o: Qd. 08, Lt. 28\/29, Camping Club. CEP 72.914-123 Telefones: (61) 3616-1133 E-mail: proconaguaslindasgo@gmail.com Procon Municipal de Alto Horizonte Dirigente: Karla Heid Gon\u00e7alves Pereira Endere\u00e7o: Av. Maracan\u00e3, qd 15, lt. 01, Centro. CEP 76.560-000 Telefones: (621) 3383-3100 E-mail: proconaltohorizonte@gmail.com Procon Municipal de&hellip;","_links":{"self":[{"href":"https:\/\/goias.gov.br\/procon\/wp-json\/wp\/v2\/pages\/196","targetHints":{"allow":["GET"]}}],"collection":[{"href":"https:\/\/goias.gov.br\/procon\/wp-json\/wp\/v2\/pages"}],"about":[{"href":"https:\/\/goias.gov.br\/procon\/wp-json\/wp\/v2\/types\/page"}],"author":[{"embeddable":true,"href":"https:\/\/goias.gov.br\/procon\/wp-json\/wp\/v2\/users\/2"}],"replies":[{"embeddable":true,"href":"https:\/\/goias.gov.br\/procon\/wp-json\/wp\/v2\/comments?post=196"}],"version-history":[{"count":2,"href":"https:\/\/goias.gov.br\/procon\/wp-json\/wp\/v2\/pages\/196\/revisions"}],"predecessor-version":[{"id":72691,"href":"https:\/\/goias.gov.br\/procon\/wp-json\/wp\/v2\/pages\/196\/revisions\/72691"}],"up":[{"embeddable":true,"href":"https:\/\/goias.gov.br\/procon\/wp-json\/wp\/v2\/pages\/184"}],"wp:attachment":[{"href":"https:\/\/goias.gov.br\/procon\/wp-json\/wp\/v2\/media?parent=196"}],"curies":[{"name":"wp","href":"https:\/\/api.w.org\/{rel}","templated":true}]}}