
{"id":191,"date":"2011-09-19T14:41:20","date_gmt":"2011-09-19T17:41:20","guid":{"rendered":"http:\/\/teste.procon.go.gov.br\/?page_id=191"},"modified":"2022-12-02T08:58:22","modified_gmt":"2022-12-02T11:58:22","slug":"vapt-vupts","status":"publish","type":"page","link":"https:\/\/goias.gov.br\/procon\/enderecos\/vapt-vupts\/","title":{"rendered":"Postos de Atendimento Vapt Vupt &#8211; PROCON Goi\u00e1s"},"content":{"rendered":"<h4>ATEN\u00c7\u00c3O:<\/h4>\n<p>As unidades de atendimento Vapt Vupt n\u00e3o atendem por telefone, o atendimento \u00e9 exclusivamente presencial. Para reclama\u00e7\u00f5es e den\u00fancias, \u00a0acesse o <a href=\"https:\/\/proconweb.ssp.go.gov.br\/#\/\" target=\"_blank\" rel=\"noopener\">PROCON WEB<\/a> ou por meio do <strong>Disque-Den\u00fancia, Fone 151 (capital) ou (62) 3201-7124 (interior).<\/strong><\/p>\n<p>Informamos que a gest\u00e3o das Unidades Fixas de Atendimento Vapt Vupt \u00e9 de responsabilidade da Superintend\u00eancia de Vapt Vupt da Secretaria de Administra\u00e7\u00e3o (Sead) e da coordena\u00e7\u00e3o\u00a0de cada unidade de atendimento, portanto o atendimento do Procon Goi\u00e1s nessas Unidades Fixas\u00a0pode ser suspenso dependendo da capacidade de atendimento di\u00e1ria da unidade.<\/p>\n<p>Para consulta a endere\u00e7os\u00a0 e hor\u00e1rios de atendimento das\u00a0 Unidades de Atendimento Vapt Vupt que atendem PROCON, acesse o Portal de Servi\u00e7os do Vapt Vupt Digital em tempo real\u00a0<strong><a href=\"http:\/\/www.vaptvupt.go.gov.br\/orgao\/procon\" target=\"_blank\" rel=\"noopener\">clicando aqui.<\/a><\/strong><\/p>\n<p>&nbsp;<\/p>\n","protected":false},"excerpt":{"rendered":"<p>ATEN\u00c7\u00c3O: As unidades de atendimento Vapt Vupt n\u00e3o atendem por telefone, o atendimento \u00e9 exclusivamente presencial. Para reclama\u00e7\u00f5es e den\u00fancias, \u00a0acesse o PROCON WEB ou por meio do Disque-Den\u00fancia, Fone 151 (capital) ou (62) 3201-7124 (interior). Informamos que a gest\u00e3o das Unidades Fixas de Atendimento Vapt Vupt \u00e9 de responsabilidade da Superintend\u00eancia de Vapt Vupt [&hellip;]<\/p>\n","protected":false},"author":2,"featured_media":0,"parent":184,"menu_order":0,"comment_status":"closed","ping_status":"closed","template":"","meta":{"footnotes":""},"class_list":["post-191","page","type-page","status-publish","hentry"],"rttpg_featured_image_url":null,"rttpg_author":{"display_name":"rogerioduarte","author_link":"https:\/\/goias.gov.br\/procon\/author\/rogerioduarte\/"},"rttpg_comment":0,"rttpg_category":null,"rttpg_excerpt":"ATEN\u00c7\u00c3O: As unidades de atendimento Vapt Vupt n\u00e3o atendem por telefone, o atendimento \u00e9 exclusivamente presencial. Para reclama\u00e7\u00f5es e den\u00fancias, \u00a0acesse o PROCON WEB ou por meio do Disque-Den\u00fancia, Fone 151 (capital) ou (62) 3201-7124 (interior). Informamos que a gest\u00e3o das Unidades Fixas de Atendimento Vapt Vupt \u00e9 de responsabilidade da Superintend\u00eancia de Vapt Vupt&hellip;","_links":{"self":[{"href":"https:\/\/goias.gov.br\/procon\/wp-json\/wp\/v2\/pages\/191","targetHints":{"allow":["GET"]}}],"collection":[{"href":"https:\/\/goias.gov.br\/procon\/wp-json\/wp\/v2\/pages"}],"about":[{"href":"https:\/\/goias.gov.br\/procon\/wp-json\/wp\/v2\/types\/page"}],"author":[{"embeddable":true,"href":"https:\/\/goias.gov.br\/procon\/wp-json\/wp\/v2\/users\/2"}],"replies":[{"embeddable":true,"href":"https:\/\/goias.gov.br\/procon\/wp-json\/wp\/v2\/comments?post=191"}],"version-history":[{"count":3,"href":"https:\/\/goias.gov.br\/procon\/wp-json\/wp\/v2\/pages\/191\/revisions"}],"predecessor-version":[{"id":62806,"href":"https:\/\/goias.gov.br\/procon\/wp-json\/wp\/v2\/pages\/191\/revisions\/62806"}],"up":[{"embeddable":true,"href":"https:\/\/goias.gov.br\/procon\/wp-json\/wp\/v2\/pages\/184"}],"wp:attachment":[{"href":"https:\/\/goias.gov.br\/procon\/wp-json\/wp\/v2\/media?parent=191"}],"curies":[{"name":"wp","href":"https:\/\/api.w.org\/{rel}","templated":true}]}}