
{"id":181,"date":"2011-09-19T14:29:56","date_gmt":"2011-09-19T17:29:56","guid":{"rendered":"http:\/\/teste.procon.go.gov.br\/?page_id=181"},"modified":"2022-12-01T15:59:33","modified_gmt":"2022-12-01T18:59:33","slug":"outros-sites","status":"publish","type":"page","link":"https:\/\/goias.gov.br\/procon\/outros-sites\/","title":{"rendered":"Links de Servi\u00e7os"},"content":{"rendered":"<p><i class=\"icon-external-link\"><\/i> <a href=\"http:\/\/www.ssp.go.gov.br\/ouvidoria\" target=\"_blank\" rel=\"noopener\">181: Disque-Den\u00fancias da Ouvidoria Geral de Pol\u00edcia do Estado de Goi\u00e1s<\/a><br \/>\n<i class=\"icon-external-link\"><\/i> <a href=\"http:\/\/www.donasdecasa.com.br\/\" target=\"_blank\" rel=\"noopener\">ADC: Associa\u00e7\u00e3o das Donas de Casa do Estado de Goi\u00e1s<\/a><br \/>\n<i class=\"icon-external-link\"><\/i> <a href=\"http:\/\/www.agr.go.gov.br\/\" target=\"_blank\" rel=\"noopener\">AGR: Ag\u00eancia Goiana de Regula\u00e7\u00e3o, Controle e Fiscaliza\u00e7\u00e3o de \u00d3rg\u00e3os P\u00fablicos<\/a><br \/>\n<i class=\"icon-external-link\"><\/i> <a href=\"http:\/\/www.anatel.gov.br\/\" target=\"_blank\" rel=\"noopener\">ANATEL: Ag\u00eancia Nacional de Telecomunica\u00e7\u00f5es<\/a><br \/>\n<i class=\"icon-external-link\"><\/i> <a href=\"http:\/\/www.anvisa.gov.br\/\" target=\"_blank\" rel=\"noopener\">ANVISA: Ag\u00eancia Nacional de Vigil\u00e2ncia Sanit\u00e1ria<\/a><br \/>\n<i class=\"icon-external-link\"><\/i> <a href=\"http:\/\/www.ans.gov.br\/\" target=\"_blank\" rel=\"noopener\">ANS: Ag\u00eancia Nacional de Sa\u00fade<\/a><br \/>\n<i class=\"icon-external-link\"><\/i> <a href=\"http:\/\/www.anvisa.gov.br\/cidadao\/index.htm\" target=\"_blank\" rel=\"noopener\">ANVISA: Ag\u00eancia Nacional da Vigil\u00e2ncia Sanit\u00e1ria\u00a0<\/a><a style=\"line-height: 1.5em;\" href=\"http:\/\/www.bc.gov.br\/\" target=\"_blank\" rel=\"noopener\"><br \/>\n<\/a><\/p>\n","protected":false},"excerpt":{"rendered":"<p>181: Disque-Den\u00fancias da Ouvidoria Geral de Pol\u00edcia do Estado de Goi\u00e1s ADC: Associa\u00e7\u00e3o das Donas de Casa do Estado de Goi\u00e1s AGR: Ag\u00eancia Goiana de Regula\u00e7\u00e3o, Controle e Fiscaliza\u00e7\u00e3o de \u00d3rg\u00e3os P\u00fablicos ANATEL: Ag\u00eancia Nacional de Telecomunica\u00e7\u00f5es ANVISA: Ag\u00eancia Nacional de Vigil\u00e2ncia Sanit\u00e1ria ANS: Ag\u00eancia Nacional de Sa\u00fade ANVISA: Ag\u00eancia Nacional da Vigil\u00e2ncia Sanit\u00e1ria\u00a0<\/p>\n","protected":false},"author":2,"featured_media":0,"parent":0,"menu_order":0,"comment_status":"closed","ping_status":"closed","template":"","meta":{"footnotes":""},"class_list":["post-181","page","type-page","status-publish","hentry"],"rttpg_featured_image_url":null,"rttpg_author":{"display_name":"rogerioduarte","author_link":"https:\/\/goias.gov.br\/procon\/author\/rogerioduarte\/"},"rttpg_comment":0,"rttpg_category":null,"rttpg_excerpt":"181: Disque-Den\u00fancias da Ouvidoria Geral de Pol\u00edcia do Estado de Goi\u00e1s ADC: Associa\u00e7\u00e3o das Donas de Casa do Estado de Goi\u00e1s AGR: Ag\u00eancia Goiana de Regula\u00e7\u00e3o, Controle e Fiscaliza\u00e7\u00e3o de \u00d3rg\u00e3os P\u00fablicos ANATEL: Ag\u00eancia Nacional de Telecomunica\u00e7\u00f5es ANVISA: Ag\u00eancia Nacional de Vigil\u00e2ncia Sanit\u00e1ria ANS: Ag\u00eancia Nacional de Sa\u00fade ANVISA: Ag\u00eancia Nacional da Vigil\u00e2ncia Sanit\u00e1ria\u00a0","_links":{"self":[{"href":"https:\/\/goias.gov.br\/procon\/wp-json\/wp\/v2\/pages\/181","targetHints":{"allow":["GET"]}}],"collection":[{"href":"https:\/\/goias.gov.br\/procon\/wp-json\/wp\/v2\/pages"}],"about":[{"href":"https:\/\/goias.gov.br\/procon\/wp-json\/wp\/v2\/types\/page"}],"author":[{"embeddable":true,"href":"https:\/\/goias.gov.br\/procon\/wp-json\/wp\/v2\/users\/2"}],"replies":[{"embeddable":true,"href":"https:\/\/goias.gov.br\/procon\/wp-json\/wp\/v2\/comments?post=181"}],"version-history":[{"count":0,"href":"https:\/\/goias.gov.br\/procon\/wp-json\/wp\/v2\/pages\/181\/revisions"}],"wp:attachment":[{"href":"https:\/\/goias.gov.br\/procon\/wp-json\/wp\/v2\/media?parent=181"}],"curies":[{"name":"wp","href":"https:\/\/api.w.org\/{rel}","templated":true}]}}