


{"id":77118,"date":"2024-04-05T16:59:08","date_gmt":"2024-04-05T19:59:08","guid":{"rendered":"https:\/\/goias.gov.br\/policiamilitar\/?page_id=77118"},"modified":"2025-08-12T15:16:07","modified_gmt":"2025-08-12T18:16:07","slug":"pregoes","status":"publish","type":"page","link":"https:\/\/goias.gov.br\/policiamilitar\/pregoes\/","title":{"rendered":"Preg\u00f5es"},"content":{"rendered":"<style type='text\/css' media='all'>#rt-tpg-container-4016404985 .rt-holder .rt-woo-info .price{color:#0367bf;}body .rt-tpg-container .rt-tpg-isotope-buttons .selected,\n\t\t\t\t\t#rt-tpg-container-4016404985 .layout12 .rt-holder:hover .rt-detail,\n\t\t\t\t\t#rt-tpg-container-4016404985 .isotope8 .rt-holder:hover .rt-detail,\n\t\t\t\t\t#rt-tpg-container-4016404985 .carousel8 .rt-holder:hover .rt-detail,\n\t\t\t\t\t#rt-tpg-container-4016404985 .layout13 .rt-holder .overlay .post-info,\n\t\t\t\t\t#rt-tpg-container-4016404985 .isotope9 .rt-holder .overlay .post-info,\n\t\t\t\t\t#rt-tpg-container-4016404985.rt-tpg-container .layout4 .rt-holder .rt-detail,\n\t\t\t\t\t.rt-modal-4016404985 .md-content,\n\t\t\t\t\t.rt-modal-4016404985 .md-content > .rt-md-content-holder .rt-md-content,\n\t\t\t\t\t.rt-popup-wrap-4016404985.rt-popup-wrap .rt-popup-navigation-wrap,\n\t\t\t\t\t#rt-tpg-container-4016404985 .carousel9 .rt-holder .overlay .post-info{background-color:#0367bf;}#rt-tpg-container-4016404985 .layout5 .rt-holder .overlay, #rt-tpg-container-4016404985 .isotope2 .rt-holder .overlay, #rt-tpg-container-4016404985 .carousel2 .rt-holder .overlay,#rt-tpg-container-4016404985 .layout15 .rt-holder h3, #rt-tpg-container-4016404985 .isotope11 .rt-holder h3, #rt-tpg-container-4016404985 .carousel11 .rt-holder h3, #rt-tpg-container-4016404985 .layout16 .rt-holder h3,\n\t\t\t\t\t#rt-tpg-container-4016404985 .isotope12 .rt-holder h3, #rt-tpg-container-4016404985 .carousel12 .rt-holder h3 {background-color:rgba(3,103,191,0.8);}#rt-tpg-container-4016404985 .read-more a{border-radius:px;}#rt-tpg-container-4016404985.rt-tpg-container {padding:10px;}#rt-tpg-container-4016404985 .rt-img-holder img.rt-img-responsive,#rt-tpg-container-4016404985 .rt-img-holder,\n\t\t\t\t\t#rt-tpg-container-4016404985 .rt-post-overlay .post-img,\n\t\t\t\t\t#rt-tpg-container-4016404985 .post-sm .post-img,\n\t\t\t\t\t#rt-tpg-container-4016404985 .rt-post-grid .post-img,\n\t\t\t\t\t#rt-tpg-container-4016404985 .post-img img {border-radius:px;}<\/style><div class='rt-container-fluid rt-tpg-container tpg-shortcode-main-wrapper ' id='rt-tpg-container-4016404985'   data-layout='layout2' data-grid-style='even' data-desktop-col='1'  data-tab-col='1'  data-mobile-col='1' data-sc-id='214843'><div data-title='Loading ...' class='rt-row rt-content-loader   layout2 tpg-even '><div class=\"rt-col-md-12 rt-col-sm-12 rt-col-xs-12 even-grid-item rt-grid-item img_zoom_out\" data-id=\"248003\"><div class=\"rt-holder\"><div class=\"rt-row\"><div class='rt-col-sm-2 rt-col-xs-12 '><div class=\"rt-img-holder\"><a data-id='248003' class='' href='https:\/\/goias.gov.br\/policiamilitar\/termo-de-julgamento-e-homologacao-do-pregao-eletronico-no-022-2025-pmgo\/'><img fetchpriority=\"high\" decoding=\"async\" width=\"800\" height=\"525\" src=\"https:\/\/goias.gov.br\/policiamilitar\/wp-content\/uploads\/sites\/67\/2026\/01\/Termo-de-Homologacao.jpg\" class=\"rt-img-responsive \" alt=\"\" \/><\/a><\/div><\/div><div class='rt-col-sm-10 rt-col-xs-12 '><div class='rt-detail'><h3 class=\"entry-title\"><a data-id=\"248003\" class=\"\" href=\"https:\/\/goias.gov.br\/policiamilitar\/termo-de-julgamento-e-homologacao-do-pregao-eletronico-no-022-2025-pmgo\/\">Termo de Julgamento e Homologa\u00e7\u00e3o do Preg\u00e3o Eletr\u00f4nico n\u00ba 022-2025-PMGO<\/a><\/h3><div class='post-meta-user '><span class='date-meta'><i class='far fa-calendar-alt '><\/i>12 de janeiro de 2026<\/span><\/div><\/div><\/div><\/div><\/div><\/div><div class=\"rt-col-md-12 rt-col-sm-12 rt-col-xs-12 even-grid-item rt-grid-item img_zoom_out\" data-id=\"247580\"><div class=\"rt-holder\"><div class=\"rt-row\"><div class='rt-col-sm-2 rt-col-xs-12 '><div class=\"rt-img-holder\"><a data-id='247580' class='' href='https:\/\/goias.gov.br\/policiamilitar\/termo-de-julgamento-e-homologacao-do-pregao-eletronico-no-024-2025-pmgo\/'><img decoding=\"async\" width=\"800\" height=\"525\" src=\"https:\/\/goias.gov.br\/policiamilitar\/wp-content\/uploads\/sites\/67\/2025\/12\/Termo-de-Homologacao.jpg\" class=\"rt-img-responsive \" alt=\"\" \/><\/a><\/div><\/div><div class='rt-col-sm-10 rt-col-xs-12 '><div class='rt-detail'><h3 class=\"entry-title\"><a data-id=\"247580\" class=\"\" href=\"https:\/\/goias.gov.br\/policiamilitar\/termo-de-julgamento-e-homologacao-do-pregao-eletronico-no-024-2025-pmgo\/\">Termo de Julgamento e Homologa\u00e7\u00e3o do Preg\u00e3o Eletr\u00f4nico n\u00ba 024-2025-PMGO<\/a><\/h3><div class='post-meta-user '><span class='date-meta'><i class='far fa-calendar-alt '><\/i>29 de dezembro de 2025<\/span><\/div><\/div><\/div><\/div><\/div><\/div><div class=\"rt-col-md-12 rt-col-sm-12 rt-col-xs-12 even-grid-item rt-grid-item img_zoom_out\" data-id=\"247399\"><div class=\"rt-holder\"><div class=\"rt-row\"><div class='rt-col-sm-2 rt-col-xs-12 '><div class=\"rt-img-holder\"><a data-id='247399' class='' href='https:\/\/goias.gov.br\/policiamilitar\/termo-de-julgamento-e-homologacao-do-pregao-eletronico-no-025-2025-pmgo\/'><img decoding=\"async\" width=\"879\" height=\"578\" src=\"https:\/\/goias.gov.br\/policiamilitar\/wp-content\/uploads\/sites\/67\/2025\/12\/Termo-de-Homologacao-1.png\" class=\"rt-img-responsive \" alt=\"\" \/><\/a><\/div><\/div><div class='rt-col-sm-10 rt-col-xs-12 '><div class='rt-detail'><h3 class=\"entry-title\"><a data-id=\"247399\" class=\"\" href=\"https:\/\/goias.gov.br\/policiamilitar\/termo-de-julgamento-e-homologacao-do-pregao-eletronico-no-025-2025-pmgo\/\">Termo de Julgamento e Homologa\u00e7\u00e3o do Preg\u00e3o Eletr\u00f4nico n\u00ba 025-2025-PMGO<\/a><\/h3><div class='post-meta-user '><span class='date-meta'><i class='far fa-calendar-alt '><\/i>23 de dezembro de 2025<\/span><\/div><\/div><\/div><\/div><\/div><\/div><div class=\"rt-col-md-12 rt-col-sm-12 rt-col-xs-12 even-grid-item rt-grid-item img_zoom_out\" data-id=\"247328\"><div class=\"rt-holder\"><div class=\"rt-row\"><div class='rt-col-sm-2 rt-col-xs-12 '><div class=\"rt-img-holder\"><a data-id='247328' class='' href='https:\/\/goias.gov.br\/policiamilitar\/termo-de-julgamento-e-homologacao-do-pregao-eletronico-no-023-2025-pmgo\/'><img loading=\"lazy\" decoding=\"async\" width=\"879\" height=\"578\" src=\"https:\/\/goias.gov.br\/policiamilitar\/wp-content\/uploads\/sites\/67\/2025\/12\/Termo-de-Homologacao.png\" class=\"rt-img-responsive \" alt=\"\" \/><\/a><\/div><\/div><div class='rt-col-sm-10 rt-col-xs-12 '><div class='rt-detail'><h3 class=\"entry-title\"><a data-id=\"247328\" class=\"\" href=\"https:\/\/goias.gov.br\/policiamilitar\/termo-de-julgamento-e-homologacao-do-pregao-eletronico-no-023-2025-pmgo\/\">Termo de Julgamento e Homologa\u00e7\u00e3o do Preg\u00e3o Eletr\u00f4nico n\u00ba 023\/2025\/PMGO<\/a><\/h3><div class='post-meta-user '><span class='date-meta'><i class='far fa-calendar-alt '><\/i>22 de dezembro de 2025<\/span><\/div><\/div><\/div><\/div><\/div><\/div><div class=\"rt-col-md-12 rt-col-sm-12 rt-col-xs-12 even-grid-item rt-grid-item img_zoom_out\" data-id=\"246778\"><div class=\"rt-holder\"><div class=\"rt-row\"><div class='rt-col-sm-2 rt-col-xs-12 '><div class=\"rt-img-holder\"><a data-id='246778' class='' href='https:\/\/goias.gov.br\/policiamilitar\/termo-de-julgamento-e-homologacao-da-concorrencia-n-o-007-2025-pmgo\/'><img loading=\"lazy\" decoding=\"async\" width=\"800\" height=\"525\" src=\"https:\/\/goias.gov.br\/policiamilitar\/wp-content\/uploads\/sites\/67\/2025\/10\/termo-de-julgamento-e-homologacao-do-pregao-eletronico-n-o-0132025-pmgo.jpg\" class=\"rt-img-responsive \" alt=\"\" \/><\/a><\/div><\/div><div class='rt-col-sm-10 rt-col-xs-12 '><div class='rt-detail'><h3 class=\"entry-title\"><a data-id=\"246778\" class=\"\" href=\"https:\/\/goias.gov.br\/policiamilitar\/termo-de-julgamento-e-homologacao-da-concorrencia-n-o-007-2025-pmgo\/\">TERMO DE JULGAMENTO E HOMOLOGA\u00c7\u00c3O DA CONCORR\u00caNCIA N.\u00ba 007\/2025-PMGO<\/a><\/h3><div class='post-meta-user '><span class='date-meta'><i class='far fa-calendar-alt '><\/i>18 de dezembro de 2025<\/span><\/div><\/div><\/div><\/div><\/div><\/div><div class=\"rt-col-md-12 rt-col-sm-12 rt-col-xs-12 even-grid-item rt-grid-item img_zoom_out\" data-id=\"243421\"><div class=\"rt-holder\"><div class=\"rt-row\"><div class='rt-col-sm-2 rt-col-xs-12 '><div class=\"rt-img-holder\"><a data-id='243421' class='' href='https:\/\/goias.gov.br\/policiamilitar\/aviso-de-licitacao-pregao-eletronico-no-024-2025-pmgo\/'><img loading=\"lazy\" decoding=\"async\" width=\"1200\" height=\"642\" src=\"https:\/\/goias.gov.br\/policiamilitar\/wp-content\/uploads\/sites\/67\/2025\/12\/Copia-de-modelo-site-23-1.png\" class=\"rt-img-responsive \" alt=\"\" \/><\/a><\/div><\/div><div class='rt-col-sm-10 rt-col-xs-12 '><div class='rt-detail'><h3 class=\"entry-title\"><a data-id=\"243421\" class=\"\" href=\"https:\/\/goias.gov.br\/policiamilitar\/aviso-de-licitacao-pregao-eletronico-no-024-2025-pmgo\/\">AVISO DE LICITA\u00c7\u00c3O &#8211; PREG\u00c3O ELETR\u00d4NICO N\u00ba 025\/2025-PMGO<\/a><\/h3><div class='post-meta-user '><span class='date-meta'><i class='far fa-calendar-alt '><\/i>11 de dezembro de 2025<\/span><\/div><\/div><\/div><\/div><\/div><\/div><\/div><div class='rt-pagination-wrap' data-total-pages='23' data-posts-per-page='6' data-type='pagination'  ><div class=\"rt-pagination\" ><ul class=\"pagination-list\"><li class=\"active\"><span>1<\/span><\/li><li><a data-paged='2' href='https:\/\/goias.gov.br\/policiamilitar\/wp-json\/wp\/v2\/pages\/77118\/page\/2\/'>2<\/a><\/li><li><a data-paged='3' href='https:\/\/goias.gov.br\/policiamilitar\/wp-json\/wp\/v2\/pages\/77118\/page\/3\/'>3<\/a><\/li><li><a data-paged='4' href='https:\/\/goias.gov.br\/policiamilitar\/wp-json\/wp\/v2\/pages\/77118\/page\/4\/'>4<\/a><\/li><li><a data-paged='5' href='https:\/\/goias.gov.br\/policiamilitar\/wp-json\/wp\/v2\/pages\/77118\/page\/5\/'>5<\/a><\/li><li><a data-paged='2' href=\"https:\/\/goias.gov.br\/policiamilitar\/wp-json\/wp\/v2\/pages\/77118\/page\/2\/\"  aria-label='Next'>&rsaquo;<\/a><\/li><li><a data-paged='23' href='https:\/\/goias.gov.br\/policiamilitar\/wp-json\/wp\/v2\/pages\/77118\/page\/23\/' aria-label='Last'>&raquo;<\/a><\/li><\/ul><\/div><\/div><\/div>\n","protected":false},"excerpt":{"rendered":"","protected":false},"author":2,"featured_media":0,"parent":0,"menu_order":0,"comment_status":"closed","ping_status":"closed","template":"","meta":{"footnotes":""},"class_list":["post-77118","page","type-page","status-publish","hentry"],"rttpg_featured_image_url":null,"rttpg_author":{"display_name":"rogerioduarte","author_link":"https:\/\/goias.gov.br\/policiamilitar\/author\/rogerioduarte\/"},"rttpg_comment":0,"rttpg_category":"","rttpg_excerpt":null,"_links":{"self":[{"href":"https:\/\/goias.gov.br\/policiamilitar\/wp-json\/wp\/v2\/pages\/77118","targetHints":{"allow":["GET"]}}],"collection":[{"href":"https:\/\/goias.gov.br\/policiamilitar\/wp-json\/wp\/v2\/pages"}],"about":[{"href":"https:\/\/goias.gov.br\/policiamilitar\/wp-json\/wp\/v2\/types\/page"}],"author":[{"embeddable":true,"href":"https:\/\/goias.gov.br\/policiamilitar\/wp-json\/wp\/v2\/users\/2"}],"replies":[{"embeddable":true,"href":"https:\/\/goias.gov.br\/policiamilitar\/wp-json\/wp\/v2\/comments?post=77118"}],"version-history":[{"count":2,"href":"https:\/\/goias.gov.br\/policiamilitar\/wp-json\/wp\/v2\/pages\/77118\/revisions"}],"predecessor-version":[{"id":214861,"href":"https:\/\/goias.gov.br\/policiamilitar\/wp-json\/wp\/v2\/pages\/77118\/revisions\/214861"}],"wp:attachment":[{"href":"https:\/\/goias.gov.br\/policiamilitar\/wp-json\/wp\/v2\/media?parent=77118"}],"curies":[{"name":"wp","href":"https:\/\/api.w.org\/{rel}","templated":true}]}}