


{"id":69981,"date":"2023-09-29T15:51:17","date_gmt":"2023-09-29T18:51:17","guid":{"rendered":"https:\/\/goias.gov.br\/policiamilitar\/?page_id=69981"},"modified":"2026-02-27T17:55:01","modified_gmt":"2026-02-27T20:55:01","slug":"conselhos","status":"publish","type":"page","link":"https:\/\/goias.gov.br\/policiamilitar\/acesso-a-informacao__trashed\/conselhos\/","title":{"rendered":"Conselhos"},"content":{"rendered":"<p><a title=\"In\u00edcio\" href=\"https:\/\/goias.gov.br\/policiamilitar\/\" rel=\"home\">In\u00edcio<\/a><br \/>\nAtualizado em: 27\/02\/2026<\/p>\n<p>A Pol\u00edcia Militar do Estado de Goi\u00e1s declara que, at\u00e9 a presente data, n\u00e3o possui em sua estrutura organizacional, nenhum Conselho atualmente\u00a0em\u00a0atividade.<\/p>\n","protected":false},"excerpt":{"rendered":"<p>In\u00edcio Atualizado em: 27\/02\/2026 A Pol\u00edcia Militar do Estado de Goi\u00e1s declara que, at\u00e9 a presente data, n\u00e3o possui em sua estrutura organizacional, nenhum Conselho atualmente\u00a0em\u00a0atividade.<\/p>\n","protected":false},"author":2,"featured_media":0,"parent":1132,"menu_order":0,"comment_status":"closed","ping_status":"closed","template":"elementor_header_footer","meta":{"footnotes":""},"class_list":["post-69981","page","type-page","status-publish","hentry"],"rttpg_featured_image_url":null,"rttpg_author":{"display_name":"rogerioduarte","author_link":"https:\/\/goias.gov.br\/policiamilitar\/author\/rogerioduarte\/"},"rttpg_comment":0,"rttpg_category":null,"rttpg_excerpt":"In\u00edcio Atualizado em: 27\/02\/2026 A Pol\u00edcia Militar do Estado de Goi\u00e1s declara que, at\u00e9 a presente data, n\u00e3o possui em sua estrutura organizacional, nenhum Conselho atualmente\u00a0em\u00a0atividade.","_links":{"self":[{"href":"https:\/\/goias.gov.br\/policiamilitar\/wp-json\/wp\/v2\/pages\/69981","targetHints":{"allow":["GET"]}}],"collection":[{"href":"https:\/\/goias.gov.br\/policiamilitar\/wp-json\/wp\/v2\/pages"}],"about":[{"href":"https:\/\/goias.gov.br\/policiamilitar\/wp-json\/wp\/v2\/types\/page"}],"author":[{"embeddable":true,"href":"https:\/\/goias.gov.br\/policiamilitar\/wp-json\/wp\/v2\/users\/2"}],"replies":[{"embeddable":true,"href":"https:\/\/goias.gov.br\/policiamilitar\/wp-json\/wp\/v2\/comments?post=69981"}],"version-history":[{"count":3,"href":"https:\/\/goias.gov.br\/policiamilitar\/wp-json\/wp\/v2\/pages\/69981\/revisions"}],"predecessor-version":[{"id":253529,"href":"https:\/\/goias.gov.br\/policiamilitar\/wp-json\/wp\/v2\/pages\/69981\/revisions\/253529"}],"up":[{"embeddable":true,"href":"https:\/\/goias.gov.br\/policiamilitar\/wp-json\/wp\/v2\/pages\/1132"}],"wp:attachment":[{"href":"https:\/\/goias.gov.br\/policiamilitar\/wp-json\/wp\/v2\/media?parent=69981"}],"curies":[{"name":"wp","href":"https:\/\/api.w.org\/{rel}","templated":true}]}}