

{"id":69794,"date":"2023-09-28T15:08:35","date_gmt":"2023-09-28T18:08:35","guid":{"rendered":"https:\/\/goias.gov.br\/policiamilitar\/?page_id=69794"},"modified":"2023-09-28T15:10:02","modified_gmt":"2023-09-28T18:10:02","slug":"convenios","status":"publish","type":"page","link":"https:\/\/goias.gov.br\/policiamilitar\/convenios\/","title":{"rendered":"Conv\u00eanios"},"content":{"rendered":"\t\t<div data-elementor-type=\"wp-page\" data-elementor-id=\"69794\" class=\"elementor elementor-69794\">\n\t\t\t\t<div class=\"elementor-element elementor-element-5e1af14 e-flex e-con-boxed e-con e-parent\" data-id=\"5e1af14\" data-element_type=\"container\" data-e-type=\"container\">\n\t\t\t\t\t<div class=\"e-con-inner\">\n\t\t\t\t<div class=\"elementor-element elementor-element-9bd432d elementor-widget elementor-widget-text-editor\" data-id=\"9bd432d\" data-element_type=\"widget\" data-e-type=\"widget\" data-widget_type=\"text-editor.default\">\n\t\t\t\t\t\t\t\t\t<ul><li><a role=\"link\" href=\"https:\/\/goias.gov.br\/policiamilitar\/wp-content\/uploads\/2023\/01\/planilha-ajustes-encerrados.pdf\" target=\"_blank\" rel=\"noopener\">Conv\u00eanios com outras entidades 2019-2020<\/a><\/li><li><a role=\"link\" href=\"https:\/\/goias.gov.br\/policiamilitar\/wp-content\/uploads\/2023\/01\/convenios-em-execucao-2021e-2022.pdf\" target=\"_blank\" rel=\"noopener\">Conv\u00eanios com outras entidades 2021-2022<\/a><\/li><li><a role=\"link\" href=\"https:\/\/goias.gov.br\/policiamilitar\/wp-content\/uploads\/2023\/09\/convenios-com-outras-enidades-2023.pdf\" target=\"_blank\" rel=\"noopener\">Conv\u00eanios com outras entidades 2023<\/a><\/li><li>\u00a0<\/li><\/ul>\t\t\t\t\t\t\t\t<\/div>\n\t\t\t\t\t<\/div>\n\t\t\t\t<\/div>\n\t\t\t\t<\/div>\n\t\t","protected":false},"excerpt":{"rendered":"<p>Conv\u00eanios com outras entidades 2019-2020 Conv\u00eanios com outras entidades 2021-2022 Conv\u00eanios com outras entidades 2023 \u00a0<\/p>\n","protected":false},"author":2,"featured_media":0,"parent":0,"menu_order":0,"comment_status":"closed","ping_status":"closed","template":"","meta":{"footnotes":""},"class_list":["post-69794","page","type-page","status-publish","hentry"],"rttpg_featured_image_url":null,"rttpg_author":{"display_name":"rogerioduarte","author_link":"https:\/\/goias.gov.br\/policiamilitar\/author\/rogerioduarte\/"},"rttpg_comment":0,"rttpg_category":null,"rttpg_excerpt":"Conv\u00eanios com outras entidades 2019-2020 Conv\u00eanios com outras entidades 2021-2022 Conv\u00eanios com outras entidades 2023 \u00a0","_links":{"self":[{"href":"https:\/\/goias.gov.br\/policiamilitar\/wp-json\/wp\/v2\/pages\/69794","targetHints":{"allow":["GET"]}}],"collection":[{"href":"https:\/\/goias.gov.br\/policiamilitar\/wp-json\/wp\/v2\/pages"}],"about":[{"href":"https:\/\/goias.gov.br\/policiamilitar\/wp-json\/wp\/v2\/types\/page"}],"author":[{"embeddable":true,"href":"https:\/\/goias.gov.br\/policiamilitar\/wp-json\/wp\/v2\/users\/2"}],"replies":[{"embeddable":true,"href":"https:\/\/goias.gov.br\/policiamilitar\/wp-json\/wp\/v2\/comments?post=69794"}],"version-history":[{"count":4,"href":"https:\/\/goias.gov.br\/policiamilitar\/wp-json\/wp\/v2\/pages\/69794\/revisions"}],"predecessor-version":[{"id":69798,"href":"https:\/\/goias.gov.br\/policiamilitar\/wp-json\/wp\/v2\/pages\/69794\/revisions\/69798"}],"wp:attachment":[{"href":"https:\/\/goias.gov.br\/policiamilitar\/wp-json\/wp\/v2\/media?parent=69794"}],"curies":[{"name":"wp","href":"https:\/\/api.w.org\/{rel}","templated":true}]}}