

{"id":68918,"date":"2023-09-18T15:55:32","date_gmt":"2023-09-18T18:55:32","guid":{"rendered":"https:\/\/goias.gov.br\/policiamilitar\/?page_id=68918"},"modified":"2025-05-22T17:35:23","modified_gmt":"2025-05-22T20:35:23","slug":"projetos-de-participacao-social","status":"publish","type":"page","link":"https:\/\/goias.gov.br\/policiamilitar\/projetos-de-participacao-social\/","title":{"rendered":"Projetos de Participa\u00e7\u00e3o Social"},"content":{"rendered":"<p><img fetchpriority=\"high\" decoding=\"async\" width=\"736\" height=\"993\" src=\"https:\/\/goias.gov.br\/policiamilitar\/wp-content\/uploads\/sites\/67\/2025\/05\/projetos-de-participacao-social.jpg\" alt=\"\" srcset=\"https:\/\/goias.gov.br\/policiamilitar\/wp-content\/uploads\/sites\/67\/2025\/05\/projetos-de-participacao-social.jpg 736w, https:\/\/goias.gov.br\/policiamilitar\/wp-content\/uploads\/sites\/67\/2025\/05\/projetos-de-participacao-social-593x800.jpg 593w\" sizes=\"(max-width: 736px) 100vw, 736px\" \/>\t\t\t\t\t\t\t\t\t\t\t\t\t<\/p>\n<p style=\"text-align: justify;\">O Programa Educacional de Resist\u00eancia \u00e0s Drogas \u2013 PROERD &#8211; \u00e9 a vers\u00e3o brasileira DO PROGRAMA NORTE-AMERICANO Drug Abuse Resistance Education \u2013 D.A.R.E., surgido em 1983. No Brasil o programa foi implantado em 1992 e hoje conta com 04 cursos: Proerd para educa\u00e7\u00e3o infantil e anos iniciais, Proerd para 5\u00ba ano e 7\u00ba ano do Ensino fundamental e Curso Proerd para Pais. O programa possui como material did\u00e1tico o \u201cLivro do estudante\u201d, \u201clivro dos Pais\u201d e o \u201cManual do Instrutor\u201d auxiliando os respectivos cursando e os Policiais Proerd no desenvolvimento das li\u00e7\u00f5es. O programa consiste em uma a\u00e7\u00e3o conjunta entre o policial Militar devidamente capacitado, chamado Policial PROERD, professores, estudantes, pais e comunidade, no sentido de prevenir o uso indevido de drogas e a viol\u00eancia entre estudantes, bem como ajud\u00e1-los a reconhecer as press\u00f5es e as influ\u00eancias di\u00e1rias que contribuem ao uso de drogas e \u00e0 pr\u00e1tica de viol\u00eancia, desenvolvendo habilidades para resisti-las. O PROERD \u00e9 mais um fator de prote\u00e7\u00e3o desenvolvido pela pol\u00edcia Militar para a valoriza\u00e7\u00e3o da vida, contribuindo, assim, para o fortalecimento da cultura de paz e a constru\u00e7\u00e3o de uma sociedade mais saud\u00e1vel e feliz.<\/p>\n<p>Para mais informa\u00e7\u00f5es:<br \/>CENTRO DE POL\u00cdCIA COMUNIT\u00c1RIA &#8211; CPCOM<br \/>Comandante: Tenente Coronel QOPM NEILA de Castro Alves<br \/>Endere\u00e7o: Av. Leopoldo de Bulh\u00f5es, esquina com Rua 1007, \u00c1rea 1, Setor Pedro Ludovico, Goi\u00e2nia-GO &#8211; CEP: 74.820-060.<br \/>E-mail: proerdgo@pm.go.gov.br<br \/>Telefone: (62)3201-3568<br \/>Celular:\u00a0(62)99930-8575<\/p>\n<p><a href=\"https:\/\/goias.gov.br\/policiamilitar\/wp-content\/uploads\/sites\/67\/2024\/05\/projetos-de-participacao-social-2024sei-governadoria-60564980-resposta.pdf\">Projetos de Participa\u00e7\u00e3o Social<\/a><\/p>\n","protected":false},"excerpt":{"rendered":"<p>O Programa Educacional de Resist\u00eancia \u00e0s Drogas \u2013 PROERD &#8211; \u00e9 a vers\u00e3o brasileira DO PROGRAMA NORTE-AMERICANO Drug Abuse Resistance Education \u2013 D.A.R.E., surgido em 1983. No Brasil o programa foi implantado em 1992 e hoje conta com 04 cursos: Proerd para educa\u00e7\u00e3o infantil e anos iniciais, Proerd para 5\u00ba ano e 7\u00ba ano do [&hellip;]<\/p>\n","protected":false},"author":2,"featured_media":0,"parent":0,"menu_order":0,"comment_status":"closed","ping_status":"closed","template":"","meta":{"footnotes":""},"class_list":["post-68918","page","type-page","status-publish","hentry"],"rttpg_featured_image_url":null,"rttpg_author":{"display_name":"rogerioduarte","author_link":"https:\/\/goias.gov.br\/policiamilitar\/author\/rogerioduarte\/"},"rttpg_comment":0,"rttpg_category":null,"rttpg_excerpt":"O Programa Educacional de Resist\u00eancia \u00e0s Drogas \u2013 PROERD &#8211; \u00e9 a vers\u00e3o brasileira DO PROGRAMA NORTE-AMERICANO Drug Abuse Resistance Education \u2013 D.A.R.E., surgido em 1983. No Brasil o programa foi implantado em 1992 e hoje conta com 04 cursos: Proerd para educa\u00e7\u00e3o infantil e anos iniciais, Proerd para 5\u00ba ano e 7\u00ba ano do&hellip;","_links":{"self":[{"href":"https:\/\/goias.gov.br\/policiamilitar\/wp-json\/wp\/v2\/pages\/68918","targetHints":{"allow":["GET"]}}],"collection":[{"href":"https:\/\/goias.gov.br\/policiamilitar\/wp-json\/wp\/v2\/pages"}],"about":[{"href":"https:\/\/goias.gov.br\/policiamilitar\/wp-json\/wp\/v2\/types\/page"}],"author":[{"embeddable":true,"href":"https:\/\/goias.gov.br\/policiamilitar\/wp-json\/wp\/v2\/users\/2"}],"replies":[{"embeddable":true,"href":"https:\/\/goias.gov.br\/policiamilitar\/wp-json\/wp\/v2\/comments?post=68918"}],"version-history":[{"count":19,"href":"https:\/\/goias.gov.br\/policiamilitar\/wp-json\/wp\/v2\/pages\/68918\/revisions"}],"predecessor-version":[{"id":91383,"href":"https:\/\/goias.gov.br\/policiamilitar\/wp-json\/wp\/v2\/pages\/68918\/revisions\/91383"}],"wp:attachment":[{"href":"https:\/\/goias.gov.br\/policiamilitar\/wp-json\/wp\/v2\/media?parent=68918"}],"curies":[{"name":"wp","href":"https:\/\/api.w.org\/{rel}","templated":true}]}}