

{"id":54463,"date":"2023-02-01T14:36:37","date_gmt":"2023-02-01T17:36:37","guid":{"rendered":"https:\/\/goias.gov.br\/policiamilitar\/?page_id=54463"},"modified":"2025-06-12T17:17:39","modified_gmt":"2025-06-12T20:17:39","slug":"lgpd","status":"publish","type":"page","link":"https:\/\/goias.gov.br\/policiamilitar\/lgpd\/","title":{"rendered":"Lei Geral de Prote\u00e7\u00e3o de Dados"},"content":{"rendered":"<p><strong>Lei Geral de Prote\u00e7\u00e3o de Dados<\/strong><\/p>\n<p>O Encarregado \u00e9 a pessoa indicada pelo controlador e operador para atuar como canal de comunica\u00e7\u00e3o entre o controlador, os titulares dos dados e a Autoridade Nacional de Prote\u00e7\u00e3o de Dados (ANPD) <a href=\"https:\/\/www.planalto.gov.br\/ccivil_03\/_ato2015-2018\/2018\/lei\/l13709.htm\" target=\"_blank\" rel=\"noopener\">(art. 5\u00b0, VIII, Lei n\u00ba 13.709\/2018 \u2013 LGPD)<\/a>.<\/p>\n<p><strong>Encarregados pelo Tratamento de Dados Pessoais da Pol\u00edcia Militar do Estado de Goi\u00e1s:<\/strong><\/p>\n<p>Coronel PM Maximiliano de Souza Fernandes<br \/>\nLota\u00e7\u00e3o: Chefe da 2\u00aa Se\u00e7\u00e3o do Estado-Maior Estrat\u00e9gico (PM\/2)<br \/>\nTelefone: (62) 3201-4171<br \/>\nE-mail: pm2@pm.go.gov.br<\/p>\n<p><a href=\"https:\/\/goias.gov.br\/policiamilitar\/wp-content\/uploads\/sites\/67\/2024\/08\/port.-n--18755-de-15.08.24---designa-encarregados-pelo-tratamento-de-dados-pessoais-no-ambito-da-pmgo.pdf\">Portaria n\u00ba 18.755, de 16 de agosto de 2024.<\/a><\/p>\n<p>Estes e-mails n\u00e3o substituem os demais canais de atendimento regulares do Governo de Goi\u00e1s e n\u00e3o deve ser utilizado para o exerc\u00edcio de Direitos dos Titulares, os quais est\u00e3o acess\u00edveis pelo <a href=\"https:\/\/www.go.gov.br\/servicos-digitais\/cge\/nova-ouvidoria\/pedido-informacao-publica\">Portal Expresso.<\/a><\/p>\n<p>Endere\u00e7os:<br \/>\n2\u00aa SE\u00c7\u00c3O DO ESTADO-MAIOR ESTRAT\u00c9GICO &#8211; PM\/2<br \/>\nAv. Contorno, 879 \u2013 St. Central, Goi\u00e2nia \u2013 GO, CEP: 74063-340<br \/>\nAtendimento: 08h \u00e0s 12h e 14h \u00e0s 18h.<\/p>\n<p>Previs\u00e3o legal<\/p>\n<p>Artigo 41, \u00a71\u00ba, LGPD<\/p>\n<p>\u201cA identidade e as informa\u00e7\u00f5es de contato do encarregado dever\u00e3o ser divulgadas publicamente, de forma clara e objetiva, preferencialmente no s\u00edtio eletr\u00f4nico do controlador.\u201d<\/p>\n<p>Atribui\u00e7\u00f5es<\/p>\n<p>Artigo 41, \u00a72\u00ba, LGPD<\/p>\n<p>\u2013 aceitar reclama\u00e7\u00f5es e comunica\u00e7\u00f5es dos titulares, prestar esclarecimentos e adotar provid\u00eancias;<br \/>\n\u2013 receber comunica\u00e7\u00f5es da autoridade nacional e adotar provid\u00eancias;<br \/>\n\u2013 orientar os funcion\u00e1rios e os contratados da entidade a respeito das pr\u00e1ticas a serem tomadas em rela\u00e7\u00e3o \u00e0 prote\u00e7\u00e3o de dados pessoais; e<br \/>\n\u2013 executar as demais atribui\u00e7\u00f5es determinadas pelo controlador ou estabelecidas em normas\u00a0complementares.<\/p>\n","protected":false},"excerpt":{"rendered":"<p>Lei Geral de Prote\u00e7\u00e3o de Dados O Encarregado \u00e9 a pessoa indicada pelo controlador e operador para atuar como canal de comunica\u00e7\u00e3o entre o controlador, os titulares dos dados e a Autoridade Nacional de Prote\u00e7\u00e3o de Dados (ANPD) (art. 5\u00b0, VIII, Lei n\u00ba 13.709\/2018 \u2013 LGPD). Encarregados pelo Tratamento de Dados Pessoais da Pol\u00edcia Militar [&hellip;]<\/p>\n","protected":false},"author":3,"featured_media":0,"parent":0,"menu_order":0,"comment_status":"closed","ping_status":"closed","template":"","meta":{"footnotes":""},"class_list":["post-54463","page","type-page","status-publish","hentry"],"rttpg_featured_image_url":null,"rttpg_author":{"display_name":"joanaredator","author_link":"https:\/\/goias.gov.br\/policiamilitar\/author\/joanaredator\/"},"rttpg_comment":0,"rttpg_category":null,"rttpg_excerpt":"Lei Geral de Prote\u00e7\u00e3o de Dados O Encarregado \u00e9 a pessoa indicada pelo controlador e operador para atuar como canal de comunica\u00e7\u00e3o entre o controlador, os titulares dos dados e a Autoridade Nacional de Prote\u00e7\u00e3o de Dados (ANPD) (art. 5\u00b0, VIII, Lei n\u00ba 13.709\/2018 \u2013 LGPD). Encarregados pelo Tratamento de Dados Pessoais da Pol\u00edcia Militar&hellip;","_links":{"self":[{"href":"https:\/\/goias.gov.br\/policiamilitar\/wp-json\/wp\/v2\/pages\/54463","targetHints":{"allow":["GET"]}}],"collection":[{"href":"https:\/\/goias.gov.br\/policiamilitar\/wp-json\/wp\/v2\/pages"}],"about":[{"href":"https:\/\/goias.gov.br\/policiamilitar\/wp-json\/wp\/v2\/types\/page"}],"author":[{"embeddable":true,"href":"https:\/\/goias.gov.br\/policiamilitar\/wp-json\/wp\/v2\/users\/3"}],"replies":[{"embeddable":true,"href":"https:\/\/goias.gov.br\/policiamilitar\/wp-json\/wp\/v2\/comments?post=54463"}],"version-history":[{"count":8,"href":"https:\/\/goias.gov.br\/policiamilitar\/wp-json\/wp\/v2\/pages\/54463\/revisions"}],"predecessor-version":[{"id":92100,"href":"https:\/\/goias.gov.br\/policiamilitar\/wp-json\/wp\/v2\/pages\/54463\/revisions\/92100"}],"wp:attachment":[{"href":"https:\/\/goias.gov.br\/policiamilitar\/wp-json\/wp\/v2\/media?parent=54463"}],"curies":[{"name":"wp","href":"https:\/\/api.w.org\/{rel}","templated":true}]}}