

{"id":53625,"date":"2023-01-15T16:39:53","date_gmt":"2023-01-15T19:39:53","guid":{"rendered":"https:\/\/goias.gov.br\/policiamilitar\/?page_id=53625"},"modified":"2023-07-10T09:08:00","modified_gmt":"2023-07-10T12:08:00","slug":"pesquisa","status":"publish","type":"page","link":"https:\/\/goias.gov.br\/policiamilitar\/pesquisa\/","title":{"rendered":"Pesquisa"},"content":{"rendered":"<style>\/*! elementor - v3.11.1 - 15-02-2023 *\/\n.elementor-widget-image{text-align:center}.elementor-widget-image a{display:inline-block}.elementor-widget-image a img[src$=\".svg\"]{width:48px}.elementor-widget-image img{vertical-align:middle;display:inline-block}<\/style>\n<p>\t\t\t\t\t\t\t\t\t\t\t\t\t<a href=\"https:\/\/goias.gov.br\/policiamilitar\/\"><br \/>\n\t\t\t\t\t\t\t<img loading=\"lazy\" decoding=\"async\" width=\"617\" height=\"159\" src=\"https:\/\/goias.gov.br\/policiamilitar\/wp-content\/uploads\/sites\/67\/2020\/01\/logopmgo.png\" alt=\"\" loading=\"lazy\" srcset=\"https:\/\/goias.gov.br\/policiamilitar\/wp-content\/uploads\/sites\/67\/2020\/01\/logopmgo.png 617w, https:\/\/goias.gov.br\/policiamilitar\/wp-content\/uploads\/sites\/67\/2020\/01\/logopmgo-300x77.png 300w\" sizes=\"auto, (max-width: 617px) 100vw, 617px\" \/>\t\t\t\t\t\t\t\t<\/a><\/p>\n<style>\/*! elementor - v3.11.1 - 15-02-2023 *\/\n.elementor-heading-title{padding:0;margin:0;line-height:1}.elementor-widget-heading .elementor-heading-title[class*=elementor-size-]>a{color:inherit;font-size:inherit;line-height:inherit}.elementor-widget-heading .elementor-heading-title.elementor-size-small{font-size:15px}.elementor-widget-heading .elementor-heading-title.elementor-size-medium{font-size:19px}.elementor-widget-heading .elementor-heading-title.elementor-size-large{font-size:29px}.elementor-widget-heading .elementor-heading-title.elementor-size-xl{font-size:39px}.elementor-widget-heading .elementor-heading-title.elementor-size-xxl{font-size:59px}<\/style>\n<h2>Pesquisar<\/h2>\n<form method=\"get\" action=\"https:\/\/goias.gov.br\/policiamilitar\/\" role=\"search\" target=\"\">\n\t\t\t\t\t\t<input type=\"search\" placeholder=\"Pesquisar ...\" value=\"\" name=\"s\" autocomplete=\"off\" \/><br \/>\n\t\t\t<input type=\"hidden\" value=\"{&quot;search_source&quot;:&quot;post&quot;,&quot;search_taxonomy&quot;:&quot;category&quot;,&quot;results_order_by&quot;:&quot;relevance&quot;,&quot;results_order&quot;:&quot;asc&quot;}\" name=\"jet_ajax_search_settings\" \/><br \/>\n\t\t\t\t\t\t\t<input type=\"hidden\" value=\"post\" name=\"post_type\" \/><br \/>\n\t\t<select  name=\"jet_ajax_search_categories\" data-placeholder=\"Todas as categorias\" id='jet_ajax_search_categories_7564d41' class='jet-ajax-search__categories-select' ><option value='0' selected='selected'>Todas as categorias<\/option><option value=\"47\">Conv\u00eanios<\/option><option value=\"13\">Cultura de Seguran\u00e7a<\/option><option value=\"56\">Extrato de Aditivo Contratual<\/option><option value=\"145\">Extrato de Portaria de Gestor<\/option><option value=\"43\">Legisla\u00e7\u00f5es e Portarias<\/option><option value=\"44\">&nbsp;&nbsp;&nbsp;Decretos<\/option><option value=\"54\">&nbsp;&nbsp;&nbsp;Instru\u00e7\u00e3o de Servi\u00e7o<\/option><option value=\"46\">&nbsp;&nbsp;&nbsp;Leis<\/option><option value=\"55\">Nota \u00e0 imprensa<\/option><option value=\"1\">Not\u00edcias<\/option><option value=\"37\">&nbsp;&nbsp;&nbsp;Cursos e Concursos<\/option><option value=\"17\">&nbsp;&nbsp;&nbsp;Licita\u00e7\u00f5es<\/option><option value=\"52\">&nbsp;&nbsp;&nbsp;&nbsp;&nbsp;&nbsp;Extrato de Apostila<\/option><option value=\"7\">&nbsp;&nbsp;&nbsp;TV PMGO<\/option><option value=\"15\">Not\u00edcias em Destaque<\/option><option value=\"45\">Portarias<\/option><\/select><br \/>\n\t\t\t<i><br \/>\n\t\t\t\t<svg xmlns=\"http:\/\/www.w3.org\/2000\/svg\" shape-rendering=\"geometricPrecision\" text-rendering=\"geometricPrecision\" image-rendering=\"optimizeQuality\" fill-rule=\"evenodd\" clip-rule=\"evenodd\" viewBox=\"0 0 512 336.36\"><path fill-rule=\"nonzero\" d=\"M42.47.01 469.5 0C492.96 0 512 19.04 512 42.5c0 11.07-4.23 21.15-11.17 28.72L294.18 320.97c-14.93 18.06-41.7 20.58-59.76 5.65-1.8-1.49-3.46-3.12-4.97-4.83L10.43 70.39C-4.97 52.71-3.1 25.86 14.58 10.47 22.63 3.46 32.57.02 42.47.01z\"\/><\/svg><br \/>\n\t\t\t<\/i><br \/>\n\t<\/form>\n<p><button> Resultados<\/button><\/p>\n","protected":false},"excerpt":{"rendered":"<p>Pesquisar Todas as categoriasConv\u00eaniosCultura de Seguran\u00e7aExtrato de Aditivo ContratualExtrato de Portaria de GestorLegisla\u00e7\u00f5es e Portarias&nbsp;&nbsp;&nbsp;Decretos&nbsp;&nbsp;&nbsp;Instru\u00e7\u00e3o de Servi\u00e7o&nbsp;&nbsp;&nbsp;LeisNota \u00e0 imprensaNot\u00edcias&nbsp;&nbsp;&nbsp;Cursos e Concursos&nbsp;&nbsp;&nbsp;Licita\u00e7\u00f5es&nbsp;&nbsp;&nbsp;&nbsp;&nbsp;&nbsp;Extrato de Apostila&nbsp;&nbsp;&nbsp;TV PMGONot\u00edcias em DestaquePortarias Resultados<\/p>\n","protected":false},"author":2,"featured_media":0,"parent":0,"menu_order":0,"comment_status":"closed","ping_status":"closed","template":"","meta":{"footnotes":""},"class_list":["post-53625","page","type-page","status-publish","hentry"],"rttpg_featured_image_url":null,"rttpg_author":{"display_name":"rogerioduarte","author_link":"https:\/\/goias.gov.br\/policiamilitar\/author\/rogerioduarte\/"},"rttpg_comment":0,"rttpg_category":null,"rttpg_excerpt":"Pesquisar Todas as categoriasConv\u00eaniosCultura de Seguran\u00e7aExtrato de Aditivo ContratualExtrato de Portaria de GestorLegisla\u00e7\u00f5es e Portarias&nbsp;&nbsp;&nbsp;Decretos&nbsp;&nbsp;&nbsp;Instru\u00e7\u00e3o de Servi\u00e7o&nbsp;&nbsp;&nbsp;LeisNota \u00e0 imprensaNot\u00edcias&nbsp;&nbsp;&nbsp;Cursos e Concursos&nbsp;&nbsp;&nbsp;Licita\u00e7\u00f5es&nbsp;&nbsp;&nbsp;&nbsp;&nbsp;&nbsp;Extrato de Apostila&nbsp;&nbsp;&nbsp;TV PMGONot\u00edcias em DestaquePortarias Resultados","_links":{"self":[{"href":"https:\/\/goias.gov.br\/policiamilitar\/wp-json\/wp\/v2\/pages\/53625","targetHints":{"allow":["GET"]}}],"collection":[{"href":"https:\/\/goias.gov.br\/policiamilitar\/wp-json\/wp\/v2\/pages"}],"about":[{"href":"https:\/\/goias.gov.br\/policiamilitar\/wp-json\/wp\/v2\/types\/page"}],"author":[{"embeddable":true,"href":"https:\/\/goias.gov.br\/policiamilitar\/wp-json\/wp\/v2\/users\/2"}],"replies":[{"embeddable":true,"href":"https:\/\/goias.gov.br\/policiamilitar\/wp-json\/wp\/v2\/comments?post=53625"}],"version-history":[{"count":22,"href":"https:\/\/goias.gov.br\/policiamilitar\/wp-json\/wp\/v2\/pages\/53625\/revisions"}],"predecessor-version":[{"id":65033,"href":"https:\/\/goias.gov.br\/policiamilitar\/wp-json\/wp\/v2\/pages\/53625\/revisions\/65033"}],"wp:attachment":[{"href":"https:\/\/goias.gov.br\/policiamilitar\/wp-json\/wp\/v2\/media?parent=53625"}],"curies":[{"name":"wp","href":"https:\/\/api.w.org\/{rel}","templated":true}]}}