

{"id":53548,"date":"2023-01-14T19:40:13","date_gmt":"2023-01-14T22:40:13","guid":{"rendered":"https:\/\/goias.gov.br\/policiamilitar\/?page_id=53548"},"modified":"2025-08-19T11:36:44","modified_gmt":"2025-08-19T14:36:44","slug":"acesso-a-informacao-ip","status":"publish","type":"page","link":"https:\/\/goias.gov.br\/policiamilitar\/acesso-a-informacao-ip\/","title":{"rendered":"Acesso a Informa\u00e7\u00e3o"},"content":{"rendered":"<p><a title=\"In\u00edcio\" href=\"https:\/\/goias.gov.br\/policiamilitar\/\" rel=\"home\">In\u00edcio<\/a><\/p>\n<style>\/*! elementor - v3.11.1 - 15-02-2023 *\/<br \/>\n.elementor-heading-title{padding:0;margin:0;line-height:1}.elementor-widget-heading .elementor-heading-title[class*=elementor-size-]>a{color:inherit;font-size:inherit;line-height:inherit}.elementor-widget-heading .elementor-heading-title.elementor-size-small{font-size:15px}.elementor-widget-heading .elementor-heading-title.elementor-size-medium{font-size:19px}.elementor-widget-heading .elementor-heading-title.elementor-size-large{font-size:29px}.elementor-widget-heading .elementor-heading-title.elementor-size-xl{font-size:39px}.elementor-widget-heading .elementor-heading-title.elementor-size-xxl{font-size:59px}<\/style>\n<h2>Acesso \u00e0 Informa\u00e7\u00e3o<\/h2>\n<p>Atualizado em: 22\/02\/2023<\/p>\n<p>Esta se\u00e7\u00e3o permite ao cidad\u00e3o acessar as informa\u00e7\u00f5es produzidas e\/ou custodiadas pela \u202f<strong>Controladoria-Geral do Estado de Goi\u00e1s- CGE<\/strong>,\u202fgarantindo o direito constitucional de acesso \u00e0 informa\u00e7\u00e3o, regulamentado pela\u00a0Lei Federal n\u00ba 12.527\/2011, e, em \u00e2mbito estadual, pela \u202f<a href=\"http:\/\/www.gabinetecivil.goias.gov.br\/leis_ordinarias\/2013\/lei_18025.htm\" target=\"_blank\" rel=\"noreferrer noopener\">Lei n\u00ba 18.025\/2013<\/a>\u00a0e pelo Decreto n\u00ba\u00a0<a href=\"http:\/\/www.gabinetecivil.go.gov.br\/pagina_decretos.php?id=11363\" target=\"_blank\" rel=\"noreferrer noopener\">7.904\/2013<\/a>. Al\u00e9m dessas normas, outras leis trataram da transpar\u00eancia e s\u00e3o contempladas nesta se\u00e7\u00e3o, como a\u00a0<a href=\"http:\/\/www.gabinetecivil.go.gov.br\/pagina_leis.php?id=13297\">Lei n\u00ba 18.846\/2015<\/a>.<\/p>\n<p>Informa\u00e7\u00f5es Gerais PMGO<\/p>\n<ul>\n<li><a role=\"link\" href=\"https:\/\/www.administracao.go.gov.br\/?option=com_content&amp;view=article&amp;id=19807\" target=\"_blank\" rel=\"noopener\">Estrutura Organizacional<\/a><\/li>\n<li><a role=\"link\" href=\"https:\/\/goias.gov.br\/policiamilitar\/competencias\" target=\"_blank\" rel=\"noopener\">Compet\u00eancias<\/a><\/li>\n<li><a role=\"link\" href=\"https:\/\/goias.gov.br\/policiamilitar\/legislacao-aplicavel\" target=\"_blank\" rel=\"noopener\">Legisla\u00e7\u00e3o Aplic\u00e1vel<\/a><\/li>\n<li><a role=\"link\" href=\"https:\/\/sispmgo.pm.go.gov.br\/articulacao.php\" target=\"_blank\" rel=\"noopener\">Cargos e seus ocupantes<\/a><\/li>\n<li><a role=\"link\" href=\"https:\/\/goias.gov.br\/policiamilitar\/agenda-de-autoridades\" target=\"_blank\" rel=\"noopener\">Agenda das Autoridades<\/a><\/li>\n<li><a role=\"link\" href=\"https:\/\/sispmgo.pm.go.gov.br\/articulacao.php\" target=\"_blank\" rel=\"noopener\">Telefones, Endere\u00e7os e hor\u00e1rios de atendimento<\/a><\/li>\n<li><a role=\"link\" href=\"https:\/\/www.go.gov.br\/servicos\/servicos-por-orgao\/policia-militar-do-estado-de-goias\" target=\"_blank\" rel=\"noopener\">Carta de Servi\u00e7os ao Usu\u00e1rio<\/a><\/li>\n<li><a role=\"link\" href=\"https:\/\/goias.gov.br\/policiamilitar\/historia\" target=\"_blank\" rel=\"noopener\">Hist\u00f3ria<\/a><\/li>\n<\/ul>\n<p>Servi\u00e7o de Informa\u00e7\u00e3o ao Cidad\u00e3o (SIC)<\/p>\n<ul>\n<li><a role=\"link\" href=\"http:\/\/www.vaptvupt.go.gov.br\/unidades\" target=\"_blank\" rel=\"noopener\">Atendimento Presencial \u2013 Unidades do Vapt Vupt Dispon\u00edveis<\/a><\/li>\n<li><a role=\"link\" href=\"https:\/\/goias.gov.br\/policiamilitar\/ouvidoria\" target=\"_blank\" rel=\"noopener\">Atendimento Presencial \u2013 Ouvidoria da PMGO<\/a><\/li>\n<li><a role=\"link\" href=\"http:\/\/www.cge.go.gov.br\/ouvidoria\/frm_manifestacao.php?orgao=34&amp;tipo_manifestacao=7\" target=\"_blank\" rel=\"noopener\">Atendimento Eletr\u00f4nico \u2013 Fa\u00e7a seu pedido de acesso \u00e0 informa\u00e7\u00e3o<\/a><\/li>\n<li><a role=\"link\" href=\"https:\/\/goias.gov.br\/policiamilitar\/autoridade-de-monitoramento-da-aplicacao-da-lei\" target=\"_blank\" rel=\"noopener\">Autoridade de Monitoramento de Aplica\u00e7\u00e3o da Lei<\/a><\/li>\n<li><a role=\"link\" href=\"https:\/\/goias.gov.br\/policiamilitar\/classificacao-das-informacoes-sigilosas\" target=\"_blank\" rel=\"noopener\">Classifica\u00e7\u00e3o das informa\u00e7\u00f5es sigilosas<\/a><\/li>\n<li><a role=\"link\" href=\"http:\/\/www.cge.go.gov.br\/ouvidoria\/relatorioGeral.php?tipoManifestacao=7&amp;orgaoEntidade=34\" target=\"_blank\" rel=\"noopener\">Relat\u00f3rios Estat\u00edsticos de pedidos de acesso \u00e0 informa\u00e7\u00e3o<\/a><\/li>\n<li><a role=\"link\" href=\"https:\/\/goias.gov.br\/policiamilitar\/corregedoria\" target=\"_blank\" rel=\"noopener\">Corregedoria<\/a><\/li>\n<li><a role=\"link\" href=\"http:\/\/pm.go.gov.demo\/oacesso-informacao\/lais-recebidas-atendidas-e-indeferidas\/\" target=\"_blank\" rel=\"noopener\">LAI\u2019s \u2013 Recebidas, atendidas e indeferidas<\/a><\/li>\n<li><a role=\"link\" href=\"https:\/\/www.go.gov.br\/servicos-digitais\/cge\/nova-ouvidoria\/pedido-informacao-publica?orgao=34&amp;tipo_manifestacao=7\" target=\"_blank\" rel=\"noopener\">Reclama\u00e7\u00f5es<\/a><\/li>\n<li><a role=\"link\" href=\"http:\/\/pm.go.gov.br\/acesso-informacao\/relatorio-de-ouvidoria\/\" target=\"_blank\" rel=\"noopener\">Relat\u00f3rio de Ouvidoria<\/a><\/li>\n<\/ul>\n<p>Perguntas e Respostas Frequentes da Sociedade<\/p>\n<ul>\n<li><a role=\"link\" href=\"https:\/\/goias.gov.br\/policiamilitar\/acesso-a-informacao\/ingresso-na-policia-militar-de-goias\" target=\"_blank\" rel=\"noopener\">Sobre o ingresso na PMGO<\/a><\/li>\n<li><a role=\"link\" href=\"https:\/\/goias.gov.br\/policiamilitar\/acesso-a-informacao\/como-faco-para-matricular-meu-filho-no-colegio-militar\" target=\"_blank\" rel=\"noopener\">Sobre a matr\u00edcula no col\u00e9gio militar<\/a><\/li>\n<li><a role=\"link\" href=\"https:\/\/goias.gov.br\/policiamilitar\/acesso-a-informacao\/a-rotam-faz-parte-da-pmgo\" target=\"_blank\" rel=\"noopener\">Sobre a ROTAM<\/a><\/li>\n<\/ul>\n<p>Or\u00e7amento PMGO<\/p>\n<ul>\n<li><a role=\"link\" href=\"http:\/\/www.transparencia.go.gov.br\/lai.php?painel=execucao_orcamentaria_visao_geral&amp;orgao=pm_go\" target=\"_blank\" rel=\"noopener\">Execu\u00e7\u00e3o Or\u00e7ament\u00e1ria PMGO<\/a><\/li>\n<li><a role=\"link\" href=\"http:\/\/www.transparencia.go.gov.br\/lai.php?painel=execucao_orcamentaria_visao_geral&amp;orgao=pm_go_freap\" target=\"_blank\" rel=\"noopener\">Execu\u00e7\u00e3o Or\u00e7ament\u00e1ria \u2013 Fundos \u2013 Fundo de Reaparelhamento e Aperfei\u00e7oamento da PMGO \u2013 Freap\/PM<\/a><\/li>\n<li><a role=\"link\" href=\"https:\/\/goias.gov.br\/policiamilitar\/acesso-informacao\/bens-moveis\/\" target=\"_blank\" rel=\"noopener\">Bens M\u00f3veis<\/a><\/li>\n<li><a role=\"link\" href=\"http:\/\/pm.go.gov.demo\/oacesso-informacao\/relacao-de-veiculos\/\" target=\"_blank\" rel=\"noopener\">Rela\u00e7\u00e3o de Ve\u00edculos<\/a><\/li>\n<li><a role=\"link\" href=\"https:\/\/goias.gov.br\/policiamilitar\/acesso-a-informacao\/bens-imoveis\" target=\"_blank\" rel=\"noopener\">Bens Im\u00f3veis<\/a><\/li>\n<li><a role=\"link\" href=\"https:\/\/legisla.casacivil.go.gov.br\/pesquisa_legislacao\/103301\/lei-20821\" target=\"_blank\" rel=\"noopener\">Lei Diretrizes Or\u00e7ament\u00e1rias (LDO) 2021<\/a><\/li>\n<li><a role=\"link\" href=\"https:\/\/legisla.casacivil.go.gov.br\/pesquisa_legislacao\/104223\/lei-21064\" target=\"_blank\" rel=\"noopener\">Lei Diretrizes Or\u00e7ament\u00e1rias (LDO) 2022<\/a><\/li>\n<li><a role=\"link\" href=\"https:\/\/legisla.casacivil.go.gov.br\/pesquisa_legislacao\/104764\/lei-21232\" target=\"_blank\" rel=\"noopener\">Lei Or\u00e7ament\u00e1ria Anual (LOA) 2022<\/a><\/li>\n<li><a role=\"link\" href=\"http:\/\/www.transparencia.go.gov.br\/portaldatransparencia\/planejamento-e-orcamento\/pecas-do-orcamento\" target=\"_blank\" rel=\"noopener\">Or\u00e7amento Geral do Estado<\/a><\/li>\n<li><a role=\"link\" href=\"https:\/\/www.economia.go.gov.br\/planejamento\/plano-plurianual.html\" target=\"_blank\" rel=\"noopener\">Plano Plurianual (PPA)<\/a><\/li>\n<\/ul>\n<p>Receitas PMGO<\/p>\n<ul>\n<li><a role=\"link\" href=\"https:\/\/goias.gov.br\/policiamilitar\/acesso-a-informacao\/receita-prevista-realizada\" target=\"_blank\" rel=\"noopener\">Receita Prevista\/Realizada<\/a><\/li>\n<\/ul>\n<p>Despesas PMGO<\/p>\n<ul>\n<li>Despesas:\u00a0<a role=\"link\" href=\"http:\/\/www.transparencia.go.gov.br\/lai.php?painel=gastos_governamentais&amp;orgao=pm_go\" target=\"_blank\" rel=\"noopener\">PMGO,<\/a>\u00a0<a role=\"link\" href=\"http:\/\/www.transparencia.go.gov.br\/lai.php?painel=gastos_governamentais&amp;orgao=pm_go_freap\" target=\"_blank\" rel=\"noopener\">FUNDOS<\/a><\/li>\n<li>Empenhos:\u00a0<a role=\"link\" href=\"http:\/\/www.transparencia.go.gov.br\/lai.php?painel=empenhos&amp;orgao=pm_go\" target=\"_blank\" rel=\"noopener\">PMGO,<\/a>\u00a0<a role=\"link\" href=\"http:\/\/www.transparencia.go.gov.br\/lai.php?painel=empenhos&amp;orgao=pm_go_freap\" target=\"_blank\" rel=\"noopener\">FUNDOS<\/a><\/li>\n<li>Restos \u00e0 pagar:\u00a0<a role=\"link\" href=\"http:\/\/www.transparencia.go.gov.br\/lai.php?painel=execucao_orcamentaria_restos_a_pagar&amp;orgao=pm_go\" target=\"_blank\" rel=\"noopener\">PMGO,<\/a>\u00a0<a role=\"link\" href=\"http:\/\/www.transparencia.go.gov.br\/lai.php?painel=execucao_orcamentaria_restos_a_pagar&amp;orgao=pm_go_freap\" target=\"_blank\" rel=\"noopener\">FUNDOS<\/a><\/li>\n<li>Gastos com Publicidade e Propaganda:\u00a0<a role=\"link\" href=\"http:\/\/www.transparencia.go.gov.br\/lai.php?painel=publicidade_propaganda&amp;orgao=pm_go\" target=\"_blank\" rel=\"noopener\">PMGO,<\/a>\u00a0<a role=\"link\" href=\"http:\/\/www.transparencia.go.gov.br\/lai.php?painel=publicidade_propaganda&amp;orgao=pm_go_freap\" target=\"_blank\" rel=\"noopener\">FUNDOS<\/a><\/li>\n<li>Ordem Cronol\u00f3gica de Pagamentos:\u00a0<a role=\"link\" href=\"http:\/\/www.transparencia.go.gov.br\/lai.php?painel=ordem_cronologica_despesas&amp;orgao=pm_go\" target=\"_blank\" rel=\"noopener\">PMGO<\/a>,\u00a0<a role=\"link\" href=\"http:\/\/www.transparencia.go.gov.br\/lai.php?painel=ordem_cronologica_despesas&amp;orgao=pm_go_freap\" target=\"_blank\" rel=\"noopener\">FUNDOS<\/a><\/li>\n<\/ul>\n<p>Programas, Projetos, A\u00e7\u00f5es, Obras e Atividades da PMGO<\/p>\n<ul>\n<li><a role=\"link\" href=\"http:\/\/www.transparencia.go.gov.br\/portaldatransparencia\/planejamento-e-orcamento\/programas-e-acoes\" target=\"_blank\" rel=\"noopener\">Acompanhamento dos Programas e A\u00e7\u00f5es<\/a><\/li>\n<\/ul>\n<p>Licita\u00e7\u00f5es\/Contratos PMGO<\/p>\n<ul>\n<li><a role=\"link\" href=\"http:\/\/www.transparencia.go.gov.br\/lai.php?painel=licitacoes_licitacoes_em_andamento&amp;orgao=pm_go\" target=\"_blank\" rel=\"noopener\">Licita\u00e7\u00f5es em Andamento<\/a><\/li>\n<li><a role=\"link\" href=\"http:\/\/www.transparencia.go.gov.br\/lai.php?painel=licitacoes_licitacoes_concluidas&amp;orgao=pm_go\" target=\"_blank\" rel=\"noopener\">Licita\u00e7\u00f5es Conclu\u00eddas<\/a><\/li>\n<li><a role=\"link\" href=\"http:\/\/www.transparencia.go.gov.br\/lai.php?painel=contratos_detalhamento&amp;orgao=pm_go\" target=\"_blank\" rel=\"noopener\">Contratos<\/a><\/li>\n<li><a role=\"link\" href=\"https:\/\/goias.gov.br\/policiamilitar\/acesso-a-informacao\/contratos-de-locacao-de-bens-imoveis\" target=\"_blank\" rel=\"noopener\">Contratos de Loca\u00e7\u00e3o de Bens Im\u00f3veis<\/a><\/li>\n<li><a role=\"link\" href=\"https:\/\/goias.gov.br\/policiamilitar\/acesso-a-informacao\/obras-paralisadas\" target=\"_blank\" rel=\"noopener\">Rela\u00e7\u00e3o de obras paralisadas<\/a><\/li>\n<li><a role=\"link\" href=\"https:\/\/www.comprasnet.go.gov.br\/\" target=\"_blank\" rel=\"noopener\">ComprasNet<\/a><\/li>\n<li><a role=\"link\" href=\"https:\/\/goias.gov.br\/policiamilitar\/acesso-a-informacao\/adesao-a-ata-de-registro-de-precos-e-anexos\/\" target=\"_blank\" rel=\"noopener\">Ades\u00e3o a Ata de Registro de Pre\u00e7o<\/a><\/li>\n<li><a role=\"link\" href=\"https:\/\/goias.gov.br\/policiamilitar\/acesso-a-informacao\/aquisicoes-com-inexigibilidade-de-licitacao\" target=\"_blank\" rel=\"noopener\">Inexigibilidade de licita\u00e7\u00e3o<\/a><\/li>\n<li><a role=\"link\" href=\"https:\/\/goias.gov.br\/policiamilitar\/acesso-a-informacao\/compra-direta-dispensa-de-licitacao\/\" target=\"_blank\" rel=\"noopener\">Compra direta (Dispensa de Licita\u00e7\u00e3o)<\/a><\/li>\n<\/ul>\n<p>Termos\/Acordos\/Conv\u00eanios e Parcerias PMGO<\/p>\n<ul>\n<li><a role=\"link\" href=\"http:\/\/www.transparencia.go.gov.br\/portaldatransparencia\/convenios-e-repasses\/convenios\" target=\"_blank\" rel=\"noopener\">Conv\u00eanios<\/a><\/li>\n<li><a role=\"link\" href=\"https:\/\/goias.gov.br\/policiamilitar\/wp-content\/uploads\/sites\/67\/2023\/01\/planilha-ajustes-encerrados.pdf\" target=\"_blank\" rel=\"noopener\">Conv\u00eanios com outras entidades 2019-2020<\/a><\/li>\n<li><a role=\"link\" href=\"https:\/\/goias.gov.br\/policiamilitar\/wp-content\/uploads\/sites\/67\/2023\/01\/convenios-em-execucao-2021e-2022.pdf\" target=\"_blank\" rel=\"noopener\">Conv\u00eanios com outras entidades 2021-2022<\/a><\/li>\n<li><a role=\"link\" href=\"https:\/\/goias.gov.br\/policiamilitar\/acesso-a-informacao\/termos-de-colaboracao-termos-de-fomento-acordos-de-cooperacao\/\" target=\"_blank\" rel=\"noopener\">Termos de Colabora\u00e7\u00e3o, Termos de Fomento, Acordos de Coopera\u00e7\u00e3o<\/a><\/li>\n<\/ul>\n<p>Pessoal PMGO<\/p>\n<ul>\n<li><a role=\"link\" href=\"http:\/\/www.transparencia.go.gov.br\/lai.php?painel=folha_de_pagamento_salarios_de_servidores_ativos&amp;orgao=pm_go\" target=\"_blank\" rel=\"noopener\">Servidores (Ativos)<\/a><\/li>\n<li><a role=\"link\" href=\"http:\/\/www.transparencia.go.gov.br\/lai.php?painel=folha_de_pagamento_salarios_de_servidores_inativos&amp;orgao=pm_go\" target=\"_blank\" rel=\"noopener\">Pensionistas\/Aposentados (Inativos)<\/a><\/li>\n<li><a role=\"link\" href=\"http:\/\/www.transparencia.go.gov.br\/lai.php?painel=folha_de_pagamento_cargos_por_orgaos&amp;orgao=pm_go\" target=\"_blank\" rel=\"noopener\">Quantitativos de Cargos<\/a><\/li>\n<li><a role=\"link\" href=\"http:\/\/www.transparencia.go.gov.br\/lai.php?painel=diarias&amp;orgao=pm_go\" target=\"_blank\" rel=\"noopener\">Di\u00e1rias<\/a><\/li>\n<\/ul>\n<p>Presta\u00e7\u00e3o de Contas Governo de Goi\u00e1s<\/p>\n<ul>\n<li><a role=\"link\" href=\"http:\/\/www.transparencia.go.gov.br\/portaldatransparencia\/demonstrativos-fiscais\/gestao-fiscal\" target=\"_blank\" rel=\"noopener\">Lei de Responsabilidade Fiscal (LRF) \u2013 Relat\u00f3rios<\/a><\/li>\n<li><a role=\"link\" href=\"http:\/\/www.transparencia.go.gov.br\/portaldatransparencia\/demonstrativos-fiscais\/audiencias-publicas\" target=\"_blank\" rel=\"noopener\">Audi\u00eancias P\u00fablicas<\/a><\/li>\n<li><a role=\"link\" href=\"https:\/\/scgi.economia.go.gov.br\/scgi\/#!\/\" target=\"_blank\" rel=\"noopener\">Balan\u00e7os Cont\u00e1beis<\/a><\/li>\n<li><a role=\"link\" href=\"http:\/\/www.transparencia.go.gov.br\/portaldatransparencia\/demonstrativos-fiscais\/acoes-e-programas-dos-orgaos-e-entidades\" target=\"_blank\" rel=\"noopener\">Relat\u00f3rio de Gest\u00e3o<\/a><\/li>\n<\/ul>\n<p>Dados Abertos do Governo de Goi\u00e1s<\/p>\n<ul>\n<li><a role=\"link\" href=\"http:\/\/www.transparencia.go.gov.br\/portaldatransparencia\/institucional\/dados-abertos\" target=\"_blank\" rel=\"noopener\">Dados Abertos<\/a><\/li>\n<li><a role=\"link\" href=\"http:\/\/www.transparencia.go.gov.br\/\" target=\"_blank\" rel=\"noopener\">Portal da Transpar\u00eancia<\/a><\/li>\n<\/ul>\n","protected":false},"excerpt":{"rendered":"<p>In\u00edcio Acesso \u00e0 Informa\u00e7\u00e3o Atualizado em: 22\/02\/2023 Esta se\u00e7\u00e3o permite ao cidad\u00e3o acessar as informa\u00e7\u00f5es produzidas e\/ou custodiadas pela \u202fControladoria-Geral do Estado de Goi\u00e1s- CGE,\u202fgarantindo o direito constitucional de acesso \u00e0 informa\u00e7\u00e3o, regulamentado pela\u00a0Lei Federal n\u00ba 12.527\/2011, e, em \u00e2mbito estadual, pela \u202fLei n\u00ba 18.025\/2013\u00a0e pelo Decreto n\u00ba\u00a07.904\/2013. Al\u00e9m dessas normas, outras leis trataram da [&hellip;]<\/p>\n","protected":false},"author":2,"featured_media":0,"parent":0,"menu_order":0,"comment_status":"closed","ping_status":"closed","template":"","meta":{"footnotes":""},"class_list":["post-53548","page","type-page","status-publish","hentry"],"rttpg_featured_image_url":null,"rttpg_author":{"display_name":"rogerioduarte","author_link":"https:\/\/goias.gov.br\/policiamilitar\/author\/rogerioduarte\/"},"rttpg_comment":0,"rttpg_category":null,"rttpg_excerpt":"In\u00edcio Acesso \u00e0 Informa\u00e7\u00e3o Atualizado em: 22\/02\/2023 Esta se\u00e7\u00e3o permite ao cidad\u00e3o acessar as informa\u00e7\u00f5es produzidas e\/ou custodiadas pela \u202fControladoria-Geral do Estado de Goi\u00e1s- CGE,\u202fgarantindo o direito constitucional de acesso \u00e0 informa\u00e7\u00e3o, regulamentado pela\u00a0Lei Federal n\u00ba 12.527\/2011, e, em \u00e2mbito estadual, pela \u202fLei n\u00ba 18.025\/2013\u00a0e pelo Decreto n\u00ba\u00a07.904\/2013. Al\u00e9m dessas normas, outras leis trataram da&hellip;","_links":{"self":[{"href":"https:\/\/goias.gov.br\/policiamilitar\/wp-json\/wp\/v2\/pages\/53548","targetHints":{"allow":["GET"]}}],"collection":[{"href":"https:\/\/goias.gov.br\/policiamilitar\/wp-json\/wp\/v2\/pages"}],"about":[{"href":"https:\/\/goias.gov.br\/policiamilitar\/wp-json\/wp\/v2\/types\/page"}],"author":[{"embeddable":true,"href":"https:\/\/goias.gov.br\/policiamilitar\/wp-json\/wp\/v2\/users\/2"}],"replies":[{"embeddable":true,"href":"https:\/\/goias.gov.br\/policiamilitar\/wp-json\/wp\/v2\/comments?post=53548"}],"version-history":[{"count":2,"href":"https:\/\/goias.gov.br\/policiamilitar\/wp-json\/wp\/v2\/pages\/53548\/revisions"}],"predecessor-version":[{"id":218473,"href":"https:\/\/goias.gov.br\/policiamilitar\/wp-json\/wp\/v2\/pages\/53548\/revisions\/218473"}],"wp:attachment":[{"href":"https:\/\/goias.gov.br\/policiamilitar\/wp-json\/wp\/v2\/media?parent=53548"}],"curies":[{"name":"wp","href":"https:\/\/api.w.org\/{rel}","templated":true}]}}