

{"id":53011,"date":"2023-01-12T15:36:05","date_gmt":"2023-01-12T18:36:05","guid":{"rendered":"https:\/\/goias.gov.br\/policiamilitar\/?page_id=53011"},"modified":"2025-08-12T14:07:52","modified_gmt":"2025-08-12T17:07:52","slug":"instrucao-de-servicos","status":"publish","type":"page","link":"https:\/\/goias.gov.br\/policiamilitar\/instrucao-de-servicos\/","title":{"rendered":"Instru\u00e7\u00e3o de Servi\u00e7os"},"content":{"rendered":"\t\t<div data-elementor-type=\"wp-page\" data-elementor-id=\"53011\" class=\"elementor elementor-53011\">\n\t\t\t\t<div class=\"elementor-element elementor-element-35eaf6a e-flex e-con-boxed e-con e-parent\" data-id=\"35eaf6a\" data-element_type=\"container\" data-e-type=\"container\">\n\t\t\t\t\t<div class=\"e-con-inner\">\n\t\t\t\t<div class=\"elementor-element elementor-element-2be73c2 elementor-widget elementor-widget-shortcode\" data-id=\"2be73c2\" data-element_type=\"widget\" data-e-type=\"widget\" data-widget_type=\"shortcode.default\">\n\t\t\t\t\t\t\t<div class=\"elementor-shortcode\"><style type='text\/css' media='all'>#rt-tpg-container-1029001886 .rt-holder .rt-woo-info .price{color:#0367bf;}body .rt-tpg-container .rt-tpg-isotope-buttons .selected,\n\t\t\t\t\t#rt-tpg-container-1029001886 .layout12 .rt-holder:hover .rt-detail,\n\t\t\t\t\t#rt-tpg-container-1029001886 .isotope8 .rt-holder:hover .rt-detail,\n\t\t\t\t\t#rt-tpg-container-1029001886 .carousel8 .rt-holder:hover .rt-detail,\n\t\t\t\t\t#rt-tpg-container-1029001886 .layout13 .rt-holder .overlay .post-info,\n\t\t\t\t\t#rt-tpg-container-1029001886 .isotope9 .rt-holder .overlay .post-info,\n\t\t\t\t\t#rt-tpg-container-1029001886.rt-tpg-container .layout4 .rt-holder .rt-detail,\n\t\t\t\t\t.rt-modal-1029001886 .md-content,\n\t\t\t\t\t.rt-modal-1029001886 .md-content > .rt-md-content-holder .rt-md-content,\n\t\t\t\t\t.rt-popup-wrap-1029001886.rt-popup-wrap .rt-popup-navigation-wrap,\n\t\t\t\t\t#rt-tpg-container-1029001886 .carousel9 .rt-holder .overlay .post-info{background-color:#0367bf;}#rt-tpg-container-1029001886 .layout5 .rt-holder .overlay, #rt-tpg-container-1029001886 .isotope2 .rt-holder .overlay, #rt-tpg-container-1029001886 .carousel2 .rt-holder .overlay,#rt-tpg-container-1029001886 .layout15 .rt-holder h3, #rt-tpg-container-1029001886 .isotope11 .rt-holder h3, #rt-tpg-container-1029001886 .carousel11 .rt-holder h3, #rt-tpg-container-1029001886 .layout16 .rt-holder h3,\n\t\t\t\t\t#rt-tpg-container-1029001886 .isotope12 .rt-holder h3, #rt-tpg-container-1029001886 .carousel12 .rt-holder h3 {background-color:rgba(3,103,191,0.8);}#rt-tpg-container-1029001886 .read-more a{border-radius:px;}#rt-tpg-container-1029001886 .rt-img-holder img.rt-img-responsive,#rt-tpg-container-1029001886 .rt-img-holder,\n\t\t\t\t\t#rt-tpg-container-1029001886 .rt-post-overlay .post-img,\n\t\t\t\t\t#rt-tpg-container-1029001886 .post-sm .post-img,\n\t\t\t\t\t#rt-tpg-container-1029001886 .rt-post-grid .post-img,\n\t\t\t\t\t#rt-tpg-container-1029001886 .post-img img {border-radius:px;}<\/style><div class='rt-container-fluid rt-tpg-container tpg-shortcode-main-wrapper ' id='rt-tpg-container-1029001886'   data-layout='layout1' data-grid-style='even' data-desktop-col='3'  data-tab-col='2'  data-mobile-col='1' data-sc-id='214467'><div data-title='Loading ...' class='rt-row rt-content-loader   layout1 tpg-even '><div class=\"rt-col-md-4 rt-col-sm-6 rt-col-xs-12 even-grid-item rt-grid-item\" data-id=\"63690\"><div class=\"rt-holder\"><div class='rt-detail'><h3 class=\"entry-title\"><a data-id=\"63690\" class=\"\" href=\"https:\/\/goias.gov.br\/policiamilitar\/instrucao-de-servico-is-3-pm-regimento-de-ensino-da-policia-militar-do-estado-de-goias-3a-edicao\/\">Instru\u00e7\u00e3o de Servi\u00e7o &#8211; IS-3-PM &#8211; Regimento de Ensino da Pol\u00edcia Militar do Estado de Goi\u00e1s &#8211; 3\u00aa Edi\u00e7\u00e3o.<\/a><\/h3><div class='post-meta-user  '><span class='date'><i class='far fa-calendar-alt '><\/i>22 de junho de 2023<\/span><\/div><div class='tpg-excerpt'>Instru\u00e7\u00e3o de Servi\u00e7o &#8211; IS-3-PM &#8211; Regimento de Ensino da Pol\u00edcia Militar do Estado de...<\/div><\/div><\/div><\/div><div class=\"rt-col-md-4 rt-col-sm-6 rt-col-xs-12 even-grid-item rt-grid-item\" data-id=\"63687\"><div class=\"rt-holder\"><div class='rt-detail'><h3 class=\"entry-title\"><a data-id=\"63687\" class=\"\" href=\"https:\/\/goias.gov.br\/policiamilitar\/instrucao-de-servico-is-2-pm-estabelece-normas-para-a-producao-identificacao-e-publicacao-dos-atos-normativos-de-competencia-do-comandante-geral-2a-edicao\/\">Instru\u00e7\u00e3o de Servi\u00e7o &#8211; IS-2-PM &#8211; Estabelece normas para a produ\u00e7\u00e3o, identifica\u00e7\u00e3o e publica\u00e7\u00e3o dos atos normativos de compet\u00eancia do Comandante-Geral &#8211; 2\u00aa Edi\u00e7\u00e3o.<\/a><\/h3><div class='post-meta-user  '><span class='date'><i class='far fa-calendar-alt '><\/i>23 de junho de 2023<\/span><\/div><div class='tpg-excerpt'>Instru\u00e7\u00e3o de Servi\u00e7o &#8211; IS-2-PM &#8211; Estabelece normas para a produ\u00e7\u00e3o, identifica\u00e7\u00e3o e publica\u00e7\u00e3o dos...<\/div><\/div><\/div><\/div><div class=\"rt-col-md-4 rt-col-sm-6 rt-col-xs-12 even-grid-item rt-grid-item\" data-id=\"63675\"><div class=\"rt-holder\"><div class='rt-detail'><h3 class=\"entry-title\"><a data-id=\"63675\" class=\"\" href=\"https:\/\/goias.gov.br\/policiamilitar\/instrucao-de-servico-is-1-pm-manual-de-padronizacao-dos-modelos-de-documentos-3a-edicao\/\">Instru\u00e7\u00e3o de Servi\u00e7o &#8211; IS-1-PM &#8211; Manual de padroniza\u00e7\u00e3o dos modelos de documentos &#8211; 3\u00aa Edi\u00e7\u00e3o<\/a><\/h3><div class='post-meta-user  '><span class='date'><i class='far fa-calendar-alt '><\/i>24 de junho de 2023<\/span><\/div><div class='tpg-excerpt'>Instru\u00e7\u00e3o de Servi\u00e7o &#8211; IS-1-PM &#8211; Manual de padronizac\u00e3o dos modelos de documentos &#8211; 3\u00aa...<\/div><\/div><\/div><\/div><\/div><\/div><\/div>\n\t\t\t\t\t\t<\/div>\n\t\t\t\t\t<\/div>\n\t\t\t\t<\/div>\n\t\t\t\t<\/div>\n\t\t","protected":false},"excerpt":{"rendered":"","protected":false},"author":2,"featured_media":0,"parent":0,"menu_order":0,"comment_status":"closed","ping_status":"closed","template":"","meta":{"footnotes":""},"class_list":["post-53011","page","type-page","status-publish","hentry"],"rttpg_featured_image_url":null,"rttpg_author":{"display_name":"rogerioduarte","author_link":"https:\/\/goias.gov.br\/policiamilitar\/author\/rogerioduarte\/"},"rttpg_comment":0,"rttpg_category":"","rttpg_excerpt":null,"_links":{"self":[{"href":"https:\/\/goias.gov.br\/policiamilitar\/wp-json\/wp\/v2\/pages\/53011","targetHints":{"allow":["GET"]}}],"collection":[{"href":"https:\/\/goias.gov.br\/policiamilitar\/wp-json\/wp\/v2\/pages"}],"about":[{"href":"https:\/\/goias.gov.br\/policiamilitar\/wp-json\/wp\/v2\/types\/page"}],"author":[{"embeddable":true,"href":"https:\/\/goias.gov.br\/policiamilitar\/wp-json\/wp\/v2\/users\/2"}],"replies":[{"embeddable":true,"href":"https:\/\/goias.gov.br\/policiamilitar\/wp-json\/wp\/v2\/comments?post=53011"}],"version-history":[{"count":2,"href":"https:\/\/goias.gov.br\/policiamilitar\/wp-json\/wp\/v2\/pages\/53011\/revisions"}],"predecessor-version":[{"id":214495,"href":"https:\/\/goias.gov.br\/policiamilitar\/wp-json\/wp\/v2\/pages\/53011\/revisions\/214495"}],"wp:attachment":[{"href":"https:\/\/goias.gov.br\/policiamilitar\/wp-json\/wp\/v2\/media?parent=53011"}],"curies":[{"name":"wp","href":"https:\/\/api.w.org\/{rel}","templated":true}]}}