

{"id":52996,"date":"2023-01-12T15:32:41","date_gmt":"2023-01-12T18:32:41","guid":{"rendered":"https:\/\/goias.gov.br\/policiamilitar\/?page_id=52996"},"modified":"2025-08-11T08:34:33","modified_gmt":"2025-08-11T11:34:33","slug":"decretos-2","status":"publish","type":"page","link":"https:\/\/goias.gov.br\/policiamilitar\/decretos-2\/","title":{"rendered":"Decretos"},"content":{"rendered":"<p><a title=\"In\u00edcio\" href=\"https:\/\/goias.gov.br\/policiamilitar\/\" rel=\"home\">In\u00edcio<\/a><\/p>\n<p><style>\/*! elementor - v3.10.0 - 09-01-2023 *\/<br \/>\n.elementor-heading-title{padding:0;margin:0;line-height:1}.elementor-widget-heading .elementor-heading-title[class*=elementor-size-]>a{color:inherit;font-size:inherit;line-height:inherit}.elementor-widget-heading .elementor-heading-title.elementor-size-small{font-size:15px}.elementor-widget-heading .elementor-heading-title.elementor-size-medium{font-size:19px}.elementor-widget-heading .elementor-heading-title.elementor-size-large{font-size:29px}.elementor-widget-heading .elementor-heading-title.elementor-size-xl{font-size:39px}.elementor-widget-heading .elementor-heading-title.elementor-size-xxl{font-size:59px}<\/style><\/p>\n<h4><a href=\"https:\/\/goias.gov.br\/policiamilitar\/legislacoes-e-portarias\/decretos\/prestacao-de-contas-anual-referente-ao-convenio-no-026-2021-pm\" target=\"\" rel=\"noopener\">PRESTA\u00c7\u00c3O DE CONTAS ANUAL REFERENTE AO CONV\u00caNIO N\u00ba 026\/2021 &#8211; PM<\/a><\/h4>\n<p>PRESTA\u00c7\u00c3O DE CONTAS ANUAL REFERENTE AO CONV\u00caNIO N\u00ba 026\/2021 \u2013 PM Presta\u00e7\u00e3o de contas referente ao Conv\u00eanio n\u00ba 026\/2021-PM, celebrado\u2026<\/p>\n<h4><a href=\"https:\/\/goias.gov.br\/policiamilitar\/legislacoes-e-portarias\/decretos\/decretos\" target=\"\" rel=\"noopener\">Decretos<\/a><\/h4>\n<p>DECRETO N\u00ba 8.896,\u00a0 DE 17 DE FEVEREIRO DE 2017 \u2013 Aprova o Regulamento de Uniformes da Pol\u00edcia Militar do Estado\u2026<\/p>\n\n\n<p><\/p>\n","protected":false},"excerpt":{"rendered":"<p>In\u00edcio PRESTA\u00c7\u00c3O DE CONTAS ANUAL REFERENTE AO CONV\u00caNIO N\u00ba 026\/2021 &#8211; PM PRESTA\u00c7\u00c3O DE CONTAS ANUAL REFERENTE AO CONV\u00caNIO N\u00ba 026\/2021 \u2013 PM Presta\u00e7\u00e3o de contas referente ao Conv\u00eanio n\u00ba 026\/2021-PM, celebrado\u2026 Decretos DECRETO N\u00ba 8.896,\u00a0 DE 17 DE FEVEREIRO DE 2017 \u2013 Aprova o Regulamento de Uniformes da Pol\u00edcia Militar do Estado\u2026<\/p>\n","protected":false},"author":2,"featured_media":0,"parent":0,"menu_order":0,"comment_status":"closed","ping_status":"closed","template":"","meta":{"footnotes":""},"class_list":["post-52996","page","type-page","status-publish","hentry"],"rttpg_featured_image_url":null,"rttpg_author":{"display_name":"rogerioduarte","author_link":"https:\/\/goias.gov.br\/policiamilitar\/author\/rogerioduarte\/"},"rttpg_comment":0,"rttpg_category":null,"rttpg_excerpt":"In\u00edcio PRESTA\u00c7\u00c3O DE CONTAS ANUAL REFERENTE AO CONV\u00caNIO N\u00ba 026\/2021 &#8211; PM PRESTA\u00c7\u00c3O DE CONTAS ANUAL REFERENTE AO CONV\u00caNIO N\u00ba 026\/2021 \u2013 PM Presta\u00e7\u00e3o de contas referente ao Conv\u00eanio n\u00ba 026\/2021-PM, celebrado\u2026 Decretos DECRETO N\u00ba 8.896,\u00a0 DE 17 DE FEVEREIRO DE 2017 \u2013 Aprova o Regulamento de Uniformes da Pol\u00edcia Militar do Estado\u2026","_links":{"self":[{"href":"https:\/\/goias.gov.br\/policiamilitar\/wp-json\/wp\/v2\/pages\/52996","targetHints":{"allow":["GET"]}}],"collection":[{"href":"https:\/\/goias.gov.br\/policiamilitar\/wp-json\/wp\/v2\/pages"}],"about":[{"href":"https:\/\/goias.gov.br\/policiamilitar\/wp-json\/wp\/v2\/types\/page"}],"author":[{"embeddable":true,"href":"https:\/\/goias.gov.br\/policiamilitar\/wp-json\/wp\/v2\/users\/2"}],"replies":[{"embeddable":true,"href":"https:\/\/goias.gov.br\/policiamilitar\/wp-json\/wp\/v2\/comments?post=52996"}],"version-history":[{"count":3,"href":"https:\/\/goias.gov.br\/policiamilitar\/wp-json\/wp\/v2\/pages\/52996\/revisions"}],"predecessor-version":[{"id":212632,"href":"https:\/\/goias.gov.br\/policiamilitar\/wp-json\/wp\/v2\/pages\/52996\/revisions\/212632"}],"wp:attachment":[{"href":"https:\/\/goias.gov.br\/policiamilitar\/wp-json\/wp\/v2\/media?parent=52996"}],"curies":[{"name":"wp","href":"https:\/\/api.w.org\/{rel}","templated":true}]}}