

{"id":52975,"date":"2023-01-12T15:28:49","date_gmt":"2023-01-12T18:28:49","guid":{"rendered":"https:\/\/goias.gov.br\/policiamilitar\/?page_id=52975"},"modified":"2025-08-12T14:30:40","modified_gmt":"2025-08-12T17:30:40","slug":"convenios-2","status":"publish","type":"page","link":"https:\/\/goias.gov.br\/policiamilitar\/convenios-2\/","title":{"rendered":"Conv\u00eanios"},"content":{"rendered":"<style type='text\/css' media='all'>#rt-tpg-container-3231064289 .rt-holder .rt-woo-info .price{color:#0367bf;}body .rt-tpg-container .rt-tpg-isotope-buttons .selected,\n\t\t\t\t\t#rt-tpg-container-3231064289 .layout12 .rt-holder:hover .rt-detail,\n\t\t\t\t\t#rt-tpg-container-3231064289 .isotope8 .rt-holder:hover .rt-detail,\n\t\t\t\t\t#rt-tpg-container-3231064289 .carousel8 .rt-holder:hover .rt-detail,\n\t\t\t\t\t#rt-tpg-container-3231064289 .layout13 .rt-holder .overlay .post-info,\n\t\t\t\t\t#rt-tpg-container-3231064289 .isotope9 .rt-holder .overlay .post-info,\n\t\t\t\t\t#rt-tpg-container-3231064289.rt-tpg-container .layout4 .rt-holder .rt-detail,\n\t\t\t\t\t.rt-modal-3231064289 .md-content,\n\t\t\t\t\t.rt-modal-3231064289 .md-content > .rt-md-content-holder .rt-md-content,\n\t\t\t\t\t.rt-popup-wrap-3231064289.rt-popup-wrap .rt-popup-navigation-wrap,\n\t\t\t\t\t#rt-tpg-container-3231064289 .carousel9 .rt-holder .overlay .post-info{background-color:#0367bf;}#rt-tpg-container-3231064289 .layout5 .rt-holder .overlay, #rt-tpg-container-3231064289 .isotope2 .rt-holder .overlay, #rt-tpg-container-3231064289 .carousel2 .rt-holder .overlay,#rt-tpg-container-3231064289 .layout15 .rt-holder h3, #rt-tpg-container-3231064289 .isotope11 .rt-holder h3, #rt-tpg-container-3231064289 .carousel11 .rt-holder h3, #rt-tpg-container-3231064289 .layout16 .rt-holder h3,\n\t\t\t\t\t#rt-tpg-container-3231064289 .isotope12 .rt-holder h3, #rt-tpg-container-3231064289 .carousel12 .rt-holder h3 {background-color:rgba(3,103,191,0.8);}#rt-tpg-container-3231064289 .read-more a{border-radius:px;}#rt-tpg-container-3231064289 .rt-img-holder img.rt-img-responsive,#rt-tpg-container-3231064289 .rt-img-holder,\n\t\t\t\t\t#rt-tpg-container-3231064289 .rt-post-overlay .post-img,\n\t\t\t\t\t#rt-tpg-container-3231064289 .post-sm .post-img,\n\t\t\t\t\t#rt-tpg-container-3231064289 .rt-post-grid .post-img,\n\t\t\t\t\t#rt-tpg-container-3231064289 .post-img img {border-radius:px;}<\/style><div class='rt-container-fluid rt-tpg-container tpg-shortcode-main-wrapper ' id='rt-tpg-container-3231064289'   data-layout='layout1' data-grid-style='even' data-desktop-col='1'  data-tab-col='1'  data-mobile-col='1' data-sc-id='214592'><div data-title='Loading ...' class='rt-row rt-content-loader   layout1 tpg-even '><div class=\"rt-col-md-12 rt-col-sm-12 rt-col-xs-12 even-grid-item rt-grid-item\" data-id=\"247679\"><div class=\"rt-holder\"><div class=\"rt-img-holder\"><a data-id=\"247679\" class=\"\" href=\"https:\/\/goias.gov.br\/policiamilitar\/extrato-do-termo-de-cooperacao-no-046-2025-pm\/\"><img decoding=\"async\" width=\"150\" height=\"150\" src=\"https:\/\/goias.gov.br\/policiamilitar\/wp-content\/uploads\/sites\/67\/2026\/01\/Copia-de-modelo-site-8-150x150.png\" class=\"rt-img-responsive \" alt=\"\" \/><\/a><\/div><div class='rt-detail'><h3 class=\"entry-title\"><a data-id=\"247679\" class=\"\" href=\"https:\/\/goias.gov.br\/policiamilitar\/extrato-do-termo-de-cooperacao-no-046-2025-pm\/\">EXTRATO DO TERMO DE COOPERA\u00c7\u00c3O N\u00ba 046\/2025-PM<\/a><\/h3><div class='post-meta-user  '><span class='date'><i class='far fa-calendar-alt '><\/i>6 de janeiro de 2026<\/span><\/div><div class='tpg-excerpt'>A Pol\u00edcia Militar de Goi\u00e1s, por meio da Quarta Se\u00e7\u00e3o do Estado-Maior Estrat\u00e9gico &#8211; PM\/4...<\/div><\/div><\/div><\/div><div class=\"rt-col-md-12 rt-col-sm-12 rt-col-xs-12 even-grid-item rt-grid-item\" data-id=\"247383\"><div class=\"rt-holder\"><div class=\"rt-img-holder\"><a data-id=\"247383\" class=\"\" href=\"https:\/\/goias.gov.br\/policiamilitar\/termo-de-cooperacao-tecnica-n-o-228-2025\/\"><img decoding=\"async\" width=\"150\" height=\"150\" src=\"https:\/\/goias.gov.br\/policiamilitar\/wp-content\/uploads\/sites\/67\/2025\/12\/Copia-de-modelo-site-1-150x150.png\" class=\"rt-img-responsive \" alt=\"\" \/><\/a><\/div><div class='rt-detail'><h3 class=\"entry-title\"><a data-id=\"247383\" class=\"\" href=\"https:\/\/goias.gov.br\/policiamilitar\/termo-de-cooperacao-tecnica-n-o-228-2025\/\">TERMO DE COOPERA\u00c7\u00c3O T\u00c9CNICA N.\u00ba 228\/2025<\/a><\/h3><div class='post-meta-user  '><span class='date'><i class='far fa-calendar-alt '><\/i>23 de dezembro de 2025<\/span><\/div><div class='tpg-excerpt'>A Pol\u00edcia Militar de Goi\u00e1s, por meio da Quarta Se\u00e7\u00e3o do Estado-Maior Estrat\u00e9gico \u2013 PM\/4...<\/div><\/div><\/div><\/div><div class=\"rt-col-md-12 rt-col-sm-12 rt-col-xs-12 even-grid-item rt-grid-item\" data-id=\"242837\"><div class=\"rt-holder\"><div class=\"rt-img-holder\"><a data-id=\"242837\" class=\"\" href=\"https:\/\/goias.gov.br\/policiamilitar\/extrato-de-termo-de-cooperacao-tecnica-n-o-18-2025\/\"><img decoding=\"async\" width=\"150\" height=\"150\" src=\"https:\/\/goias.gov.br\/policiamilitar\/wp-content\/uploads\/sites\/67\/2025\/12\/Copia-de-modelo-site-19-150x150.png\" class=\"rt-img-responsive \" alt=\"\" \/><\/a><\/div><div class='rt-detail'><h3 class=\"entry-title\"><a data-id=\"242837\" class=\"\" href=\"https:\/\/goias.gov.br\/policiamilitar\/extrato-de-termo-de-cooperacao-tecnica-n-o-18-2025\/\">EXTRATO DE TERMO DE COOPERA\u00c7\u00c3O T\u00c9CNICA N.\u00ba 18\/2025<\/a><\/h3><div class='post-meta-user  '><span class='date'><i class='far fa-calendar-alt '><\/i>1 de dezembro de 2025<\/span><\/div><div class='tpg-excerpt'>Extrato do Termo de Coopera\u00e7\u00e3o T\u00e9cnica n\u00ba 18\/2025 celebrado entre o Estado de Goi\u00e1s por...<\/div><\/div><\/div><\/div><div class=\"rt-col-md-12 rt-col-sm-12 rt-col-xs-12 even-grid-item rt-grid-item\" data-id=\"238826\"><div class=\"rt-holder\"><div class=\"rt-img-holder\"><a data-id=\"238826\" class=\"\" href=\"https:\/\/goias.gov.br\/policiamilitar\/extrato-do-termo-de-cooperacao-no-231-2025-pm\/\"><img loading=\"lazy\" decoding=\"async\" width=\"150\" height=\"150\" src=\"https:\/\/goias.gov.br\/policiamilitar\/wp-content\/uploads\/sites\/67\/2025\/11\/WhatsApp-Image-2025-11-11-at-09.29.06-1-150x150.jpeg\" class=\"rt-img-responsive \" alt=\"\" \/><\/a><\/div><div class='rt-detail'><h3 class=\"entry-title\"><a data-id=\"238826\" class=\"\" href=\"https:\/\/goias.gov.br\/policiamilitar\/extrato-do-termo-de-cooperacao-no-231-2025-pm\/\">EXTRATO DO TERMO DE COOPERA\u00c7\u00c3O N\u00ba 231\/2025-PM<\/a><\/h3><div class='post-meta-user  '><span class='date'><i class='far fa-calendar-alt '><\/i>3 de novembro de 2025<\/span><\/div><div class='tpg-excerpt'>Segue anexo o Extrato do Termo de Coopera\u00e7\u00e3o\u00a0n\u00ba 231\/2025-PM, celebrado entre o Estado de Goi\u00e1s...<\/div><\/div><\/div><\/div><div class=\"rt-col-md-12 rt-col-sm-12 rt-col-xs-12 even-grid-item rt-grid-item\" data-id=\"96116\"><div class=\"rt-holder\"><div class=\"rt-img-holder\"><a data-id=\"96116\" class=\"\" href=\"https:\/\/goias.gov.br\/policiamilitar\/extrato-do-termo-de-cooperacao-no-212-2025-dgpc\/\"><img loading=\"lazy\" decoding=\"async\" width=\"150\" height=\"150\" src=\"https:\/\/goias.gov.br\/policiamilitar\/wp-content\/uploads\/sites\/67\/2025\/10\/extrato-do-termo-de-cooperacao-no-2122025-dgpc-400x400.jpg\" class=\"rt-img-responsive \" alt=\"\" \/><\/a><\/div><div class='rt-detail'><h3 class=\"entry-title\"><a data-id=\"96116\" class=\"\" href=\"https:\/\/goias.gov.br\/policiamilitar\/extrato-do-termo-de-cooperacao-no-212-2025-dgpc\/\">EXTRATO DO TERMO DE COOPERA\u00c7\u00c3O N\u00ba 212\/2025 &#8211; (DGPC)<\/a><\/h3><div class='post-meta-user  '><span class='date'><i class='far fa-calendar-alt '><\/i>7 de outubro de 2025<\/span><\/div><div class='tpg-excerpt'>EXTRATO DO TERMO DE COOPERA\u00c7\u00c3O N\u00ba 212-DGPC. Termo de Coopera\u00e7\u00e3o n\u00ba 212\/2025-DGPC, que entre si\u00a0celebram...<\/div><\/div><\/div><\/div><div class=\"rt-col-md-12 rt-col-sm-12 rt-col-xs-12 even-grid-item rt-grid-item\" data-id=\"95455\"><div class=\"rt-holder\"><div class=\"rt-img-holder\"><a data-id=\"95455\" class=\"\" href=\"https:\/\/goias.gov.br\/policiamilitar\/extrato-do-termo-de-cooperacao-no-227-2025-pm\/\"><img loading=\"lazy\" decoding=\"async\" width=\"150\" height=\"150\" src=\"https:\/\/goias.gov.br\/policiamilitar\/wp-content\/uploads\/sites\/67\/2025\/09\/extrato-do-termo-de-cooperacao-no-2272025-pm-1-400x400.jpeg\" class=\"rt-img-responsive \" alt=\"\" \/><\/a><\/div><div class='rt-detail'><h3 class=\"entry-title\"><a data-id=\"95455\" class=\"\" href=\"https:\/\/goias.gov.br\/policiamilitar\/extrato-do-termo-de-cooperacao-no-227-2025-pm\/\">EXTRATO DO TERMO DE COOPERA\u00c7\u00c3O N\u00ba 227\/2025-PM<\/a><\/h3><div class='post-meta-user  '><span class='date'><i class='far fa-calendar-alt '><\/i>16 de setembro de 2025<\/span><\/div><div class='tpg-excerpt'>Extrato do Termo de Coopera\u00e7\u00e3o n\u00ba 227-2025-PM\u00a0 Termo de Coopera\u00e7\u00e3o n\u00ba 227\/2025-PM, que entre si\u00a0celebram...<\/div><\/div><\/div><\/div><\/div><div class='rt-pagination-wrap' data-total-pages='38' data-posts-per-page='6' data-type='pagination'  ><div class=\"rt-pagination\" ><ul class=\"pagination-list\"><li class=\"active\"><span>1<\/span><\/li><li><a data-paged='2' href='https:\/\/goias.gov.br\/policiamilitar\/wp-json\/wp\/v2\/pages\/52975\/page\/2\/'>2<\/a><\/li><li><a data-paged='3' href='https:\/\/goias.gov.br\/policiamilitar\/wp-json\/wp\/v2\/pages\/52975\/page\/3\/'>3<\/a><\/li><li><a data-paged='4' href='https:\/\/goias.gov.br\/policiamilitar\/wp-json\/wp\/v2\/pages\/52975\/page\/4\/'>4<\/a><\/li><li><a data-paged='5' href='https:\/\/goias.gov.br\/policiamilitar\/wp-json\/wp\/v2\/pages\/52975\/page\/5\/'>5<\/a><\/li><li><a data-paged='2' href=\"https:\/\/goias.gov.br\/policiamilitar\/wp-json\/wp\/v2\/pages\/52975\/page\/2\/\"  aria-label='Next'>&rsaquo;<\/a><\/li><li><a data-paged='38' href='https:\/\/goias.gov.br\/policiamilitar\/wp-json\/wp\/v2\/pages\/52975\/page\/38\/' aria-label='Last'>&raquo;<\/a><\/li><\/ul><\/div><\/div><\/div>\n","protected":false},"excerpt":{"rendered":"","protected":false},"author":2,"featured_media":0,"parent":0,"menu_order":0,"comment_status":"closed","ping_status":"closed","template":"","meta":{"footnotes":""},"class_list":["post-52975","page","type-page","status-publish","hentry"],"rttpg_featured_image_url":null,"rttpg_author":{"display_name":"rogerioduarte","author_link":"https:\/\/goias.gov.br\/policiamilitar\/author\/rogerioduarte\/"},"rttpg_comment":0,"rttpg_category":"","rttpg_excerpt":null,"_links":{"self":[{"href":"https:\/\/goias.gov.br\/policiamilitar\/wp-json\/wp\/v2\/pages\/52975","targetHints":{"allow":["GET"]}}],"collection":[{"href":"https:\/\/goias.gov.br\/policiamilitar\/wp-json\/wp\/v2\/pages"}],"about":[{"href":"https:\/\/goias.gov.br\/policiamilitar\/wp-json\/wp\/v2\/types\/page"}],"author":[{"embeddable":true,"href":"https:\/\/goias.gov.br\/policiamilitar\/wp-json\/wp\/v2\/users\/2"}],"replies":[{"embeddable":true,"href":"https:\/\/goias.gov.br\/policiamilitar\/wp-json\/wp\/v2\/comments?post=52975"}],"version-history":[{"count":2,"href":"https:\/\/goias.gov.br\/policiamilitar\/wp-json\/wp\/v2\/pages\/52975\/revisions"}],"predecessor-version":[{"id":214616,"href":"https:\/\/goias.gov.br\/policiamilitar\/wp-json\/wp\/v2\/pages\/52975\/revisions\/214616"}],"wp:attachment":[{"href":"https:\/\/goias.gov.br\/policiamilitar\/wp-json\/wp\/v2\/media?parent=52975"}],"curies":[{"name":"wp","href":"https:\/\/api.w.org\/{rel}","templated":true}]}}