

{"id":253259,"date":"2026-02-27T17:30:23","date_gmt":"2026-02-27T20:30:23","guid":{"rendered":"https:\/\/goias.gov.br\/policiamilitar\/?page_id=253259"},"modified":"2026-02-27T17:58:28","modified_gmt":"2026-02-27T20:58:28","slug":"estrutura-organizacional-2","status":"publish","type":"page","link":"https:\/\/goias.gov.br\/policiamilitar\/estrutura-organizacional-2\/","title":{"rendered":"Estrutura Organizacional"},"content":{"rendered":"<p>Atualizado em 27\/02\/2026<\/p>\n<p><strong>Pol\u00edcia Militar do Estado de Goi\u00e1s &#8211; <a href=\"https:\/\/goias.gov.br\/policiamilitar\/wp-content\/uploads\/sites\/67\/2026\/02\/ORGANOGRAMA-PMGO-2026-1-2.pdf\">ORGANOGRAMA-PMGO-2026<\/a><\/strong><\/p>\n<p>Comandante-Geral : Coronel PM Marcelo Granja<\/p>\n<p><strong>CNPJ<\/strong>: 01.409.671\/0001-73<\/p>\n<p><strong>Endere\u00e7o \/ Sede:<\/strong>\u00a0\u00a0Av. Contorno, n\u00ba 879, Setor Central, Goi\u00e2nia-GO \u2013 CEP: 74055-140<\/p>\n<p><strong>Contato:<\/strong>\u00a0\u00a0\u00a03201-1456 \u2013 1459\u00a0 FAX: 3201-1464<\/p>\n<p><strong>Site:<\/strong> \u00a0\u00a0<a href=\"https:\/\/goias.gov.br\/policiamilitar\">https:\/\/goias.gov.br\/policiamilitar<\/a><\/p>\n<p><strong>Hor\u00e1rio de Atendimento:<\/strong>\u00a08h \u00e0s 12h e das 14h \u00e0s 18h<\/p>\n<p><strong>Compet\u00eancias:<\/strong><\/p>\n<p><strong>Fonte:\u00a0<\/strong><a href=\"https:\/\/legisla.casacivil.go.gov.br\/pesquisa_legislacao\/106749\/lei-21792\" target=\"_blank\" rel=\"noopener\">Lei n\u00ba 21.792 de 16 de Fevereiro de 2023.<\/a><\/p>\n<p>Compete \u00e0 Pol\u00edcia Militar: policiamento ostensivo e preserva\u00e7\u00e3o da ordem p\u00fablica.<\/p>\n","protected":false},"excerpt":{"rendered":"<p>Atualizado em 27\/02\/2026 Pol\u00edcia Militar do Estado de Goi\u00e1s &#8211; ORGANOGRAMA-PMGO-2026 Comandante-Geral : Coronel PM Marcelo Granja CNPJ: 01.409.671\/0001-73 Endere\u00e7o \/ Sede:\u00a0\u00a0Av. Contorno, n\u00ba 879, Setor Central, Goi\u00e2nia-GO \u2013 CEP: 74055-140 Contato:\u00a0\u00a0\u00a03201-1456 \u2013 1459\u00a0 FAX: 3201-1464 Site: \u00a0\u00a0https:\/\/goias.gov.br\/policiamilitar Hor\u00e1rio de Atendimento:\u00a08h \u00e0s 12h e das 14h \u00e0s 18h Compet\u00eancias: Fonte:\u00a0Lei n\u00ba 21.792 de 16 de [&hellip;]<\/p>\n","protected":false},"author":815,"featured_media":0,"parent":0,"menu_order":0,"comment_status":"closed","ping_status":"closed","template":"","meta":{"footnotes":""},"class_list":["post-253259","page","type-page","status-publish","hentry"],"rttpg_featured_image_url":null,"rttpg_author":{"display_name":"joelmorais","author_link":"https:\/\/goias.gov.br\/policiamilitar\/author\/joelmorais\/"},"rttpg_comment":0,"rttpg_category":null,"rttpg_excerpt":"Atualizado em 27\/02\/2026 Pol\u00edcia Militar do Estado de Goi\u00e1s &#8211; ORGANOGRAMA-PMGO-2026 Comandante-Geral : Coronel PM Marcelo Granja CNPJ: 01.409.671\/0001-73 Endere\u00e7o \/ Sede:\u00a0\u00a0Av. Contorno, n\u00ba 879, Setor Central, Goi\u00e2nia-GO \u2013 CEP: 74055-140 Contato:\u00a0\u00a0\u00a03201-1456 \u2013 1459\u00a0 FAX: 3201-1464 Site: \u00a0\u00a0https:\/\/goias.gov.br\/policiamilitar Hor\u00e1rio de Atendimento:\u00a08h \u00e0s 12h e das 14h \u00e0s 18h Compet\u00eancias: Fonte:\u00a0Lei n\u00ba 21.792 de 16 de&hellip;","_links":{"self":[{"href":"https:\/\/goias.gov.br\/policiamilitar\/wp-json\/wp\/v2\/pages\/253259","targetHints":{"allow":["GET"]}}],"collection":[{"href":"https:\/\/goias.gov.br\/policiamilitar\/wp-json\/wp\/v2\/pages"}],"about":[{"href":"https:\/\/goias.gov.br\/policiamilitar\/wp-json\/wp\/v2\/types\/page"}],"author":[{"embeddable":true,"href":"https:\/\/goias.gov.br\/policiamilitar\/wp-json\/wp\/v2\/users\/815"}],"replies":[{"embeddable":true,"href":"https:\/\/goias.gov.br\/policiamilitar\/wp-json\/wp\/v2\/comments?post=253259"}],"version-history":[{"count":3,"href":"https:\/\/goias.gov.br\/policiamilitar\/wp-json\/wp\/v2\/pages\/253259\/revisions"}],"predecessor-version":[{"id":253561,"href":"https:\/\/goias.gov.br\/policiamilitar\/wp-json\/wp\/v2\/pages\/253259\/revisions\/253561"}],"wp:attachment":[{"href":"https:\/\/goias.gov.br\/policiamilitar\/wp-json\/wp\/v2\/media?parent=253259"}],"curies":[{"name":"wp","href":"https:\/\/api.w.org\/{rel}","templated":true}]}}