


{"id":22307,"date":"2021-06-11T11:08:38","date_gmt":"2021-06-11T14:08:38","guid":{"rendered":"http:\/\/pmgo.local\/?page_id=539"},"modified":"2021-12-02T10:42:51","modified_gmt":"2021-12-02T13:42:51","slug":"capm","status":"publish","type":"page","link":"https:\/\/goias.gov.br\/policiamilitar\/capm\/","title":{"rendered":"Academia de Pol\u00edcia Militar do Estado de Goi\u00e1s"},"content":{"rendered":"<p>[tdc_zone type=&#8221;tdc_content&#8221;][vc_row][vc_column][vc_empty_space][tdb_breadcrumbs tdicon=&#8221;td-icon-right&#8221; text_color=&#8221;#00a65b&#8221; link_h_color=&#8221;#00a65b&#8221; icon_color=&#8221;#00a65b&#8221;][tdb_title f_title_font_transform=&#8221;&#8221; f_title_font_family=&#8221;702&#8243;][vc_single_image media_size_image_height=&#8221;372&#8243; media_size_image_width=&#8221;400&#8243; height=&#8221;570&#8243; image=&#8221;29025&#8243;][\/vc_column][\/vc_row][vc_row][vc_column width=&#8221;2\/3&#8243;][td_block_text_with_title]<\/p>\n<p style=\"text-align: justify;\">A Academia da Pol\u00edcia Militar do Estado de Goi\u00e1s foi fundada em 11 de junho de 1940 com o nome de Departamento de Instru\u00e7\u00e3o Militar (DIM), com objetivo inicial de formar soldados, sendo seu primeiro comandante o Major PM C\u00edcero Bueno Brand\u00e3o.<\/p>\n<p style=\"text-align: justify;\">Em 1952 iniciou o primeiro Curso de Forma\u00e7\u00e3o de Oficiais, no entanto, no per\u00edodo compreendido entre 1955 e 1965, os Oficiais da corpora\u00e7\u00e3o passaram a ser formados em outros Estados da Federa\u00e7\u00e3o, ficando a APM respons\u00e1vel apenas pelos cursos de Aperfei\u00e7oamento e Forma\u00e7\u00e3o de Graduados e o de forma\u00e7\u00e3o de soldados. O Curso de Forma\u00e7\u00e3o de Oficiais voltou a ser ministrado regularmente pela APM no ano de 1966, sendo assim at\u00e9 os dias atuais.<\/p>\n<p style=\"text-align: justify;\">No ano de 1971, esta unidade escola passou a ser denominada \u201cCentro de Forma\u00e7\u00e3o e Aperfei\u00e7oamento\u201d por for\u00e7a do Decreto n\u00ba 145 de 11 junho, e somente em 14 de mar\u00e7o de 1985 que esta Unidade Escola passou a ser denominada de Academia da Pol\u00edcia Militar, quando o Curso de Forma\u00e7\u00e3o de Oficiais passa a ser reconhecido pelo Minist\u00e9rio da Educa\u00e7\u00e3o e Cultura como um curso de n\u00edvel superior.<\/p>\n<p style=\"text-align: justify;\">Desde o ano de 2010 a Academia da Pol\u00edcia Militar \u00e9 sede do Comando da Academia da Pol\u00edcia Militar do Estado de Goi\u00e1s e tem como objetivo principal o planejamento, a coordena\u00e7\u00e3o, a execu\u00e7\u00e3o, a fiscaliza\u00e7\u00e3o e o controle de todas as atividades de ensino, instru\u00e7\u00e3o, forma\u00e7\u00e3o, aperfei\u00e7oamento, pesquisa, especializa\u00e7\u00e3o e extens\u00e3o de Oficiais e Pra\u00e7as da Pol\u00edcia Militar, n\u00e3o s\u00f3 de nosso Estado, como de outras Unidades da Federa\u00e7\u00e3o.<\/p>\n<p style=\"text-align: justify;\">A Academia da Pol\u00edcia Militar no ano de 2020, em que completa 80 anos, recebeu topon\u00edmia pr\u00f3pria, sendo batizada de \u201cAcademia Conde dos Arcos\u201d, conforme a Portaria n\u00ba 13.144 de 28 de abril de 2020.<br \/>A topon\u00edmia faz homenagem a Dom Marcos Jos\u00e9 de Noronha e Brito, o 6\u00ba Conde dos Arcos, que foi o primeiro Governador da ent\u00e3o emancipada Capitania de Goi\u00e1s, no per\u00edodo de 8 de novembro de 1749 a 31 de agosto de 1755, sendo o respons\u00e1vel pela institui\u00e7\u00e3o das primeiras medidas para a consolida\u00e7\u00e3o da educa\u00e7\u00e3o em nosso estado, criando escolas e bibliotecas, bem como tra\u00e7ou as primeiras orienta\u00e7\u00f5es que nortearam a funda\u00e7\u00e3o da nossa gloriosa Pol\u00edcia Militar do Estado de Goi\u00e1s.<\/p>\n<p>[\/td_block_text_with_title][\/vc_column][vc_column width=&#8221;1\/3&#8243;][td_block_social_counter custom_title=&#8221;REDES SOCAIS&#8221; facebook=&#8221;academiapmgo&#8221; instagram=&#8221;academiapmgo&#8221; style=&#8221;style8 td-social-boxed td-social-font-icons&#8221; youtube=&#8221;\/c\/AcademiaPMGO\/featured&#8221; manual_count_youtube=&#8221;6640&#8243;][td_block_text_with_title custom_title=&#8221;LOCALIZA\u00c7\u00c3O&#8221;]<\/p>\n<p><iframe style=\"border: 0;\" src=\"https:\/\/www.google.com\/maps\/embed?pb=!1m14!1m8!1m3!1d3821.8222289327373!2d-49.236219!3d-16.685777!3m2!1i1024!2i768!4f13.1!3m3!1m2!1s0x0%3A0x8fcffa8395435d86!2sCAPM%20-%20Comando%20da%20Academia%20de%20Pol%C3%ADcia%20Militar!5e0!3m2!1spt-BR!2sbr!4v1623420938632!5m2!1spt-BR!2sbr\" width=\"400\" height=\"300\" allowfullscreen=\"allowfullscreen\"><\/iframe><\/p>\n<p>[\/td_block_text_with_title][\/vc_column][\/vc_row][\/tdc_zone]<\/p>\n","protected":false},"excerpt":{"rendered":"<p>[tdc_zone type=&#8221;tdc_content&#8221;][vc_row][vc_column][vc_empty_space][tdb_breadcrumbs tdicon=&#8221;td-icon-right&#8221; text_color=&#8221;#00a65b&#8221; link_h_color=&#8221;#00a65b&#8221; icon_color=&#8221;#00a65b&#8221;][tdb_title f_title_font_transform=&#8221;&#8221; f_title_font_family=&#8221;702&#8243;][vc_single_image media_size_image_height=&#8221;372&#8243; media_size_image_width=&#8221;400&#8243; height=&#8221;570&#8243; image=&#8221;29025&#8243;][\/vc_column][\/vc_row][vc_row][vc_column width=&#8221;2\/3&#8243;][td_block_text_with_title] A Academia da Pol\u00edcia Militar do Estado de Goi\u00e1s foi fundada em 11 de junho de 1940 com o nome de Departamento de Instru\u00e7\u00e3o Militar (DIM), com objetivo inicial de formar soldados, sendo seu primeiro comandante o Major PM C\u00edcero Bueno Brand\u00e3o. [&hellip;]<\/p>\n","protected":false},"author":2,"featured_media":0,"parent":0,"menu_order":0,"comment_status":"closed","ping_status":"closed","template":"","meta":{"footnotes":""},"class_list":["post-22307","page","type-page","status-publish","hentry"],"rttpg_featured_image_url":null,"rttpg_author":{"display_name":"rogerioduarte","author_link":"https:\/\/goias.gov.br\/policiamilitar\/author\/rogerioduarte\/"},"rttpg_comment":0,"rttpg_category":null,"rttpg_excerpt":"[tdc_zone type=&#8221;tdc_content&#8221;][vc_row][vc_column][vc_empty_space][tdb_breadcrumbs tdicon=&#8221;td-icon-right&#8221; text_color=&#8221;#00a65b&#8221; link_h_color=&#8221;#00a65b&#8221; icon_color=&#8221;#00a65b&#8221;][tdb_title f_title_font_transform=&#8221;&#8221; f_title_font_family=&#8221;702&#8243;][vc_single_image media_size_image_height=&#8221;372&#8243; media_size_image_width=&#8221;400&#8243; height=&#8221;570&#8243; image=&#8221;29025&#8243;][\/vc_column][\/vc_row][vc_row][vc_column width=&#8221;2\/3&#8243;][td_block_text_with_title] A Academia da Pol\u00edcia Militar do Estado de Goi\u00e1s foi fundada em 11 de junho de 1940 com o nome de Departamento de Instru\u00e7\u00e3o Militar (DIM), com objetivo inicial de formar soldados, sendo seu primeiro comandante o Major PM C\u00edcero Bueno Brand\u00e3o.&hellip;","_links":{"self":[{"href":"https:\/\/goias.gov.br\/policiamilitar\/wp-json\/wp\/v2\/pages\/22307","targetHints":{"allow":["GET"]}}],"collection":[{"href":"https:\/\/goias.gov.br\/policiamilitar\/wp-json\/wp\/v2\/pages"}],"about":[{"href":"https:\/\/goias.gov.br\/policiamilitar\/wp-json\/wp\/v2\/types\/page"}],"author":[{"embeddable":true,"href":"https:\/\/goias.gov.br\/policiamilitar\/wp-json\/wp\/v2\/users\/2"}],"replies":[{"embeddable":true,"href":"https:\/\/goias.gov.br\/policiamilitar\/wp-json\/wp\/v2\/comments?post=22307"}],"version-history":[{"count":0,"href":"https:\/\/goias.gov.br\/policiamilitar\/wp-json\/wp\/v2\/pages\/22307\/revisions"}],"wp:attachment":[{"href":"https:\/\/goias.gov.br\/policiamilitar\/wp-json\/wp\/v2\/media?parent=22307"}],"curies":[{"name":"wp","href":"https:\/\/api.w.org\/{rel}","templated":true}]}}