


{"id":22300,"date":"2021-05-28T11:08:50","date_gmt":"2021-05-28T14:08:50","guid":{"rendered":"http:\/\/pmgo.local\/?page_id=214"},"modified":"2025-08-19T13:20:06","modified_gmt":"2025-08-19T16:20:06","slug":"colegios-militares-2","status":"publish","type":"page","link":"https:\/\/goias.gov.br\/policiamilitar\/ao-cidadao\/colegios-militares-2\/","title":{"rendered":"Col\u00e9gios Militares"},"content":{"rendered":"<p>Desde a implanta\u00e7\u00e3o de sua primeira unidade, os Col\u00e9gios da Pol\u00edcia Militar de Goi\u00e1s t\u00eam promovido profundas transforma\u00e7\u00f5es no campo educacional, destacando-se como uma das escolas mais progressistas e democr\u00e1ticas do Estado de Goi\u00e1s, tanto pela qualidade de ensino, como pela gest\u00e3o participativa da comunidade escolar.<\/p>\n<p>Buscando o aperfei\u00e7oamento das pr\u00e1ticas educacionais e a otimiza\u00e7\u00e3o do processo de ensino-aprendizagem, al\u00e9m da qualifica\u00e7\u00e3o e motiva\u00e7\u00e3o cont\u00ednuas dos nossos servidores, com aten\u00e7\u00e3o especial para o corpo docente, os CPMG\u00b4s t\u00eam como principal objetivo oferecer aos alunos as melhores condi\u00e7\u00f5es de conforto para desenvolvimento das atividades letivas, contribuindo para a forma\u00e7\u00e3o de indiv\u00edduos ativos, seguros, criativos e participativos, com comportamento cr\u00edtico e reflexivo, conhecedores de seus direitos e obriga\u00e7\u00f5es enquanto cidad\u00e3os e capazes de contribuir para a constru\u00e7\u00e3o de uma sociedade mais justa, humana, fraterna e igualit\u00e1ria.<\/p>\n<p>Todos os anos, os alunos dos Col\u00e9gios da Pol\u00edcia Militar de Goi\u00e1s s\u00e3o aprovados nos vestibulares mais concorridos do pa\u00eds e alcan\u00e7am resultados extremamente positivos nas avalia\u00e7\u00f5es do Sistema de Avalia\u00e7\u00e3o Educacional do Estado de Goi\u00e1s (SAEGO), do Exame Nacional do Ensino M\u00e9dio (ENEM) e no \u00cdndice de Desenvolvimento da Educa\u00e7\u00e3o B\u00e1sica (IDEB).<\/p>\n<p>O segredo do sucesso dos Col\u00e9gios da Pol\u00edcia Militar de Goi\u00e1s \u00e9 a participa\u00e7\u00e3o efetiva de todos os envolvidos no projeto, come\u00e7ando pelos alunos, a comunidade escolar, o conselho escolar, o corpo de professores e servidores e a associa\u00e7\u00e3o de pais e mestres, unindo esfor\u00e7os em prol de um ideal: a melhoria da qualidade de ensino.<\/p>\n<p>Por certo, o CPMG n\u00e3o \u00e9 uma panaceia para o sistema de educa\u00e7\u00e3o brasileiro. Ao contr\u00e1rio, nossa proposta \u00e9 apenas figurar como mais uma das in\u00fameras alternativas \u00e0 disposi\u00e7\u00e3o da sociedade, com inova\u00e7\u00e3o e ousadia, aperfei\u00e7oando procedimentos e pr\u00e1ticas, mas mantendo h\u00edgidos os nossos princ\u00edpios e valores, atuando num modelo de gest\u00e3o h\u00edbrido de parceria entre sociedade e Poder P\u00fablico que nos tem permitido atingir n\u00edveis excepcionais de qualidade de ensino.<br \/>\nAtualmente, 60 Unidades dos Col\u00e9gios da Pol\u00edcia Militar de Goi\u00e1s j\u00e1 est\u00e3o instaladas e em pleno funcionamento, a saber:<\/p>\n<p>&nbsp;<\/p>\n<p style=\"text-align: center;\">Para mais informa\u00e7\u00f5es acesse o Portal dos col\u00e9gios estaduais da Pol\u00edcia Militar no bot\u00e3o abaixo:<\/p>\n<p>&nbsp;<\/p>\n<p><strong>CEPMG Am\u00e9rico Antunes (AA)<\/strong><\/p>\n<p>S\u00e3o Lu\u00eds de Montes Belos<\/p>\n<p>(64) 3671-2406<\/p>\n<p><strong>CEPMG Arlindo Costa e Silva (ACS)<\/strong><\/p>\n<p>An\u00e1polis<\/p>\n<p>(62) 3318- 5045<\/p>\n<p>cpmgarlindocosta.com.br<\/p>\n<p><strong>CEPMG Augusta Machado (AM)<\/strong><\/p>\n<p>Hidrol\u00e2ndia<\/p>\n<p><strong>CEPMG Ayrton Senna (AS)<\/strong><\/p>\n<p>Goi\u00e2nia<\/p>\n<p>(62) 3201-6301<\/p>\n<p>cpmg-ayrtonsenna.com.br<\/p>\n<p><strong>CEPMG Benedita Brito de Andrade (BBA)<\/strong><\/p>\n<p>Goian\u00e1polis<\/p>\n<p>(62) 98409-9264<\/p>\n<p><strong>CEPMG Cabo PM Edmilson de Sousa Lemos (CESL)<\/strong><\/p>\n<p>Palmeiras de Goi\u00e1s<\/p>\n<p>(64) 3571-1521<\/p>\n<p><strong>CEPMG Carlos Cunha Filho (CCF)<\/strong><\/p>\n<p>Rio Verde<\/p>\n<p>(64) 3622-1028<\/p>\n<p>cpmgcarloscunhafilho.com.br<\/p>\n<p><strong>CEPMG Castelo Branco (CB)<\/strong><\/p>\n<p>Trindade<\/p>\n<p>(62) 3505-1684<\/p>\n<p>cepmgcastelobranco.com.br<\/p>\n<p><strong>CEPMG Cinco de Janeiro (5J)<\/strong><\/p>\n<p>Sanclerl\u00e2ndia<\/p>\n<p>(64) 3679-1117<\/p>\n<p><strong>CEPMG Colina Azul (CA)<\/strong><\/p>\n<p>Aparecida de Goi\u00e2nia<\/p>\n<p>(62) 98319-0081<\/p>\n<p><strong>CEPMG Comendador Christ\u00f3van de Oliveira (CCO)<\/strong><\/p>\n<p>Piren\u00f3polis<\/p>\n<p>(62) 3331-1264<\/p>\n<p><strong>CEPMG Deputado Jos\u00e9 Alves de Assis<\/strong><\/p>\n<p>Itapuranga<\/p>\n<p>(62) 3312-1054<\/p>\n<p><strong>CEPMG Dion\u00e1ria Rocha (DR)<\/strong><\/p>\n<p>Itumbiara<\/p>\n<p>(64) 3431-6435<\/p>\n<p><strong>CEPMG Domingos de Oliveira (DO)<\/strong><\/p>\n<p>Formosa<\/p>\n<p>(61) 3631-1564<\/p>\n<p><strong>CEPMG Dom Prud\u00eancio (DP)<\/strong><\/p>\n<p>Posse<\/p>\n<p>(62) 3481-1627<\/p>\n<p><strong>CEPMG Doutor C\u00e9zar Toledo (DCT)<\/strong><\/p>\n<p>An\u00e1polis<\/p>\n<p>(62) 3315-5851<\/p>\n<p><strong>CEPMG Doutor Jos\u00e9 Feliciano Ferreira (DJFF)<\/strong><\/p>\n<p>Guap\u00f3<\/p>\n<p><strong>CEPMG Doutor Negreiros (DN)<\/strong><\/p>\n<p>Ner\u00f3polis<\/p>\n<p>(62) 3513-3376<\/p>\n<p><strong>CEPMG Doutor Tharsis Campos (DTC)<\/strong><\/p>\n<p>Catal\u00e3o<\/p>\n<p>(64) 3441-2263<\/p>\n<p><strong>CEPMG Ely da Silva Braz (ESB)<\/strong><\/p>\n<p>Luzi\u00e2nia<\/p>\n<p><strong>CEPMG Fernando Pessoa (FP)<\/strong><\/p>\n<p>Valpara\u00edso<\/p>\n<p>(61) 3624-0695<\/p>\n<p><strong>CEPMG Francisco Ant\u00f4nio de Azevedo (FAA)<\/strong><\/p>\n<p>Urua\u00e7u<\/p>\n<p>(62) 3506-0511<\/p>\n<p><strong>CEPMG Gabriel Issa (GI)<\/strong><\/p>\n<p>An\u00e1polis<\/p>\n<p>(62) 3313-1215<\/p>\n<p>cpmggabrielissa.net<\/p>\n<p><strong>CEPMG Gilvan Sampaio<\/strong><\/p>\n<p>Rubiataba<\/p>\n<p>(62) 3325-1144<\/p>\n<p><strong>CEPMG Goiatuba<\/strong><\/p>\n<p>Goiatuba<\/p>\n<p><strong>CEPMG H\u00e9lio Veloso (HV)<\/strong><\/p>\n<p>Ceres<\/p>\n<p>(62) 3323-1651<\/p>\n<p><strong>CEPMG Hugo de Carvalho Ramos (HCR)<\/strong><\/p>\n<p>Goi\u00e2nia<\/p>\n<p>(62) 3201-1745<\/p>\n<p>colegiomilitarhugo.g12.br<\/p>\n<p><strong>CEPMG Itau\u00e7\u00fa<\/strong><\/p>\n<p>Itau\u00e7\u00fa<\/p>\n<p>(62) 3378-1465<\/p>\n<p><strong>CEPMG Ipor\u00e1<\/strong><\/p>\n<p>Ipor\u00e1<\/p>\n<p>(64) 3674-1162<\/p>\n<p><strong>CEPMG Jardim Guanabara (JG)<\/strong><\/p>\n<p>Goi\u00e2nia<\/p>\n<p>(62) 3201-1502<\/p>\n<p>cpmgjardimguanabara.net.br<\/p>\n<p><strong>CEPMG Jos\u00e9 Carrilho (JC)<\/strong><\/p>\n<p>Goian\u00e9sia<\/p>\n<p>(62) 3353-1140<\/p>\n<p><strong>CEPMG Jos\u00e9 de Alencar (TEM)<\/strong><\/p>\n<p>Novo Gama<\/p>\n<p>(61) 3614-3894<\/p>\n<p><strong>CEPMG Jos\u00e9 Pio de Santana (JPS)<\/strong><\/p>\n<p>Ipameri<\/p>\n<p>(64) 3491-4868<\/p>\n<p><strong>CEPMG Jos\u00e9 Silva Oliveira (JSO)<\/strong><\/p>\n<p>Goianira<\/p>\n<p>(62) 3516-5388<\/p>\n<p><strong>CEPMG Madre Germana Aparecida de Goi\u00e2nia<\/strong><\/p>\n<p>Aparecida de Goi\u00e2nia<\/p>\n<p>(62) 3288-4891<\/p>\n<p><strong>CEPMG Major Oscar Alvelos (MOA)<\/strong><\/p>\n<p>Goi\u00e2nia<\/p>\n<p>(62) 3273-6524<\/p>\n<p>cpmgmoa.com.br<\/p>\n<p><strong>CEPMG Manoel Vilaverde (MVV)<\/strong><\/p>\n<p>Inhumas<\/p>\n<p>(62) 3511-1853<\/p>\n<p><strong>CEPMG Mans\u00f5es Para\u00edso (MP)<\/strong><\/p>\n<p>Aparecida de Goi\u00e2nia<\/p>\n<p>(62) 3981-1797<\/p>\n<p><strong>CEPMG Maria Heleny Perillo (MHP)<\/strong><\/p>\n<p>Itabera\u00ed<\/p>\n<p>(62) 3375-3927<\/p>\n<p><strong>CEPMG Maria Tereza Garcia Neta Bento (MTGNB)<\/strong><\/p>\n<p>Jussara<\/p>\n<p>(62) 3373-4121<\/p>\n<p><strong>CEPMG Miriam Benchimol Ferreira (MBF)<\/strong><\/p>\n<p>Goi\u00e2nia<\/p>\n<p>(62) 9-9217-9635<\/p>\n<p><strong>CEPMG Nader Alves dos Santos (NAS)<\/strong><\/p>\n<p>Aparecida de Goi\u00e2nia<\/p>\n<p>(62) 3248-7356<\/p>\n<p><strong>CEPMG Nest\u00f3rio Ribeiro (NR)<\/strong><\/p>\n<p>Jata\u00ed<\/p>\n<p>(64) 3636-9530<\/p>\n<p><strong>CEPMG Nivo das Neves (NN)<\/strong><\/p>\n<p>Caldas Novas<\/p>\n<p>(64) 3455-2906<\/p>\n<p>cepmgnn.com<\/p>\n<p><strong>CEPMG Padre Pel\u00e1gio<\/strong><\/p>\n<p>Goianira<\/p>\n<p>(62) 3593-4052<\/p>\n<p><strong>CEPMG Pastor Jose Antero Ribeiro<\/strong><\/p>\n<p>Bom Jesus<\/p>\n<p>(64) 3608-4426<\/p>\n<p><strong>CEPMG Pedro Ludovico<\/strong><\/p>\n<p>Quirin\u00f3polis<\/p>\n<p>(64) 3651-5505<\/p>\n<p><strong>CEPMG Pedro Ludovico Teixeira<\/strong><\/p>\n<p>Trindade<\/p>\n<p>(62) 3506-0511<\/p>\n<p><strong>CEPMG Pedro Xavier Teixeira (PXT)<\/strong><\/p>\n<p>Senador Canedo<\/p>\n<p>(62) 3249-5279<\/p>\n<p><strong>CEPMG Professor Ivan Ferreira (PIF)<\/strong><\/p>\n<p>Pires do Rio<\/p>\n<p>(64) 3461-6193<\/p>\n<p><strong>CEPMG Professor Jo\u00e3o Augusto Perillo (PJAP)<\/strong><\/p>\n<p>Cidade de Goi\u00e1s<\/p>\n<p>(62) 3371-4649<\/p>\n<p><strong>CEPMG Professor Jos\u00e9 dos Reis Mendes (PJRM)<\/strong><\/p>\n<p>Trindade<\/p>\n<p>(62) 9 9844-2700<\/p>\n<p><strong>CEPMG Rosa Turisco de Ara\u00fajo (RTA)<\/strong><\/p>\n<p>Anicuns<\/p>\n<p>(64) 3564-8804<\/p>\n<p><strong>CEPMG Silvio de Castro Ribeiro (SCR)<\/strong><\/p>\n<p>Jaragu\u00e1<\/p>\n<p>(62) 3326-4353<\/p>\n<p><strong>CEPMG Tomaz Martins da Cunha (TMC)<\/strong><\/p>\n<p>Porangatu<\/p>\n<p>(62) 3362-1435<\/p>\n<p><strong>CEPMG Treze de Maio (13M)<\/strong><\/p>\n<p>Alex\u00e2nia<\/p>\n<p>(62) 3336-2079<\/p>\n<p><strong>CEPMG Vasco dos Reis (PMVR)<\/strong><\/p>\n<p>Goi\u00e2nia<\/p>\n<p>(62) 3201-7055<\/p>\n<p>colegiomilitarpmvr.com.br<\/p>\n<p><strong>CEPMG Waldemar Mundim (WM)<\/strong><\/p>\n<p>Goi\u00e2nia<\/p>\n<p>(62) 3638-2651<\/p>\n<p><strong>CEPMG Xavier Almeida (XA)<\/strong><\/p>\n<p>Morrinhos<\/p>\n<p>(64) 3413- 1339<\/p>\n","protected":false},"excerpt":{"rendered":"<p>Desde a implanta\u00e7\u00e3o de sua primeira unidade, os Col\u00e9gios da Pol\u00edcia Militar de Goi\u00e1s t\u00eam promovido profundas transforma\u00e7\u00f5es no campo educacional, destacando-se como uma das escolas mais progressistas e democr\u00e1ticas do Estado de Goi\u00e1s, tanto pela qualidade de ensino, como pela gest\u00e3o participativa da comunidade escolar. Buscando o aperfei\u00e7oamento das pr\u00e1ticas educacionais e a otimiza\u00e7\u00e3o [&hellip;]<\/p>\n","protected":false},"author":2,"featured_media":0,"parent":41943,"menu_order":0,"comment_status":"closed","ping_status":"closed","template":"","meta":{"footnotes":""},"class_list":["post-22300","page","type-page","status-publish","hentry"],"rttpg_featured_image_url":null,"rttpg_author":{"display_name":"rogerioduarte","author_link":"https:\/\/goias.gov.br\/policiamilitar\/author\/rogerioduarte\/"},"rttpg_comment":0,"rttpg_category":null,"rttpg_excerpt":"Desde a implanta\u00e7\u00e3o de sua primeira unidade, os Col\u00e9gios da Pol\u00edcia Militar de Goi\u00e1s t\u00eam promovido profundas transforma\u00e7\u00f5es no campo educacional, destacando-se como uma das escolas mais progressistas e democr\u00e1ticas do Estado de Goi\u00e1s, tanto pela qualidade de ensino, como pela gest\u00e3o participativa da comunidade escolar. Buscando o aperfei\u00e7oamento das pr\u00e1ticas educacionais e a otimiza\u00e7\u00e3o&hellip;","_links":{"self":[{"href":"https:\/\/goias.gov.br\/policiamilitar\/wp-json\/wp\/v2\/pages\/22300","targetHints":{"allow":["GET"]}}],"collection":[{"href":"https:\/\/goias.gov.br\/policiamilitar\/wp-json\/wp\/v2\/pages"}],"about":[{"href":"https:\/\/goias.gov.br\/policiamilitar\/wp-json\/wp\/v2\/types\/page"}],"author":[{"embeddable":true,"href":"https:\/\/goias.gov.br\/policiamilitar\/wp-json\/wp\/v2\/users\/2"}],"replies":[{"embeddable":true,"href":"https:\/\/goias.gov.br\/policiamilitar\/wp-json\/wp\/v2\/comments?post=22300"}],"version-history":[{"count":3,"href":"https:\/\/goias.gov.br\/policiamilitar\/wp-json\/wp\/v2\/pages\/22300\/revisions"}],"predecessor-version":[{"id":218726,"href":"https:\/\/goias.gov.br\/policiamilitar\/wp-json\/wp\/v2\/pages\/22300\/revisions\/218726"}],"up":[{"embeddable":true,"href":"https:\/\/goias.gov.br\/policiamilitar\/wp-json\/wp\/v2\/pages\/41943"}],"wp:attachment":[{"href":"https:\/\/goias.gov.br\/policiamilitar\/wp-json\/wp\/v2\/media?parent=22300"}],"curies":[{"name":"wp","href":"https:\/\/api.w.org\/{rel}","templated":true}]}}