

{"id":215881,"date":"2025-08-13T15:03:26","date_gmt":"2025-08-13T18:03:26","guid":{"rendered":"https:\/\/goias.gov.br\/policiamilitar\/agenda-de-autoridades\/"},"modified":"2026-04-23T13:54:18","modified_gmt":"2026-04-23T16:54:18","slug":"agenda-de-autoridades","status":"publish","type":"page","link":"https:\/\/goias.gov.br\/policiamilitar\/agenda-de-autoridades\/","title":{"rendered":"Agenda de Autoridades"},"content":{"rendered":"<p><strong style='margin-block-end: -1.8rem'><a href='https:\/\/goias.gov.br\/policiamilitar\/comandante-geral-da-policia-militar\/'>COMANDANTE-GERAL DA POL\u00cdCIA MILITAR<\/a><\/strong><br \/>CORONEL MARCELO GRANJA<\/p>\n<p><strong style='margin-block-end: -1.8rem'><a href='https:\/\/goias.gov.br\/policiamilitar\/subcomandante-geral-da-policia-militar\/'>SUBCOMANDANTE-GERAL DA POL\u00cdCIA MILITAR<\/a><\/strong><br \/>CORONEL \u00caNIO JOS\u00c9 CARLOS HANS<\/p>\n<p><strong style='margin-block-end: -1.8rem'><a href='https:\/\/goias.gov.br\/policiamilitar\/chefe-do-estado-maior-estrategico-da-policia-militar\/'>CHEFE DO ESTADO-MAIOR ESTRAT\u00c9GICO DA POL\u00cdCIA MILITAR<\/a><\/strong><br \/>DURVALINO C\u00c2MARA DOS SANTOS J\u00daNIOR<\/p>\n","protected":false},"excerpt":{"rendered":"<p>COMANDANTE-GERAL DA POL\u00cdCIA MILITARCORONEL MARCELO GRANJA SUBCOMANDANTE-GERAL DA POL\u00cdCIA MILITARCORONEL \u00caNIO JOS\u00c9 CARLOS HANS CHEFE DO ESTADO-MAIOR ESTRAT\u00c9GICO DA POL\u00cdCIA MILITARDURVALINO C\u00c2MARA DOS SANTOS J\u00daNIOR<\/p>\n","protected":false},"author":82,"featured_media":0,"parent":0,"menu_order":0,"comment_status":"closed","ping_status":"closed","template":"","meta":{"footnotes":""},"class_list":["post-215881","page","type-page","status-publish","hentry"],"rttpg_featured_image_url":null,"rttpg_author":{"display_name":"andredutton","author_link":"https:\/\/goias.gov.br\/policiamilitar\/author\/andre-duttonfornecedores-goias-gov-br\/"},"rttpg_comment":0,"rttpg_category":null,"rttpg_excerpt":"COMANDANTE-GERAL DA POL\u00cdCIA MILITARCORONEL MARCELO GRANJA SUBCOMANDANTE-GERAL DA POL\u00cdCIA MILITARCORONEL \u00caNIO JOS\u00c9 CARLOS HANS CHEFE DO ESTADO-MAIOR ESTRAT\u00c9GICO DA POL\u00cdCIA MILITARDURVALINO C\u00c2MARA DOS SANTOS J\u00daNIOR","_links":{"self":[{"href":"https:\/\/goias.gov.br\/policiamilitar\/wp-json\/wp\/v2\/pages\/215881","targetHints":{"allow":["GET"]}}],"collection":[{"href":"https:\/\/goias.gov.br\/policiamilitar\/wp-json\/wp\/v2\/pages"}],"about":[{"href":"https:\/\/goias.gov.br\/policiamilitar\/wp-json\/wp\/v2\/types\/page"}],"author":[{"embeddable":true,"href":"https:\/\/goias.gov.br\/policiamilitar\/wp-json\/wp\/v2\/users\/82"}],"replies":[{"embeddable":true,"href":"https:\/\/goias.gov.br\/policiamilitar\/wp-json\/wp\/v2\/comments?post=215881"}],"version-history":[{"count":2,"href":"https:\/\/goias.gov.br\/policiamilitar\/wp-json\/wp\/v2\/pages\/215881\/revisions"}],"predecessor-version":[{"id":268756,"href":"https:\/\/goias.gov.br\/policiamilitar\/wp-json\/wp\/v2\/pages\/215881\/revisions\/268756"}],"wp:attachment":[{"href":"https:\/\/goias.gov.br\/policiamilitar\/wp-json\/wp\/v2\/media?parent=215881"}],"curies":[{"name":"wp","href":"https:\/\/api.w.org\/{rel}","templated":true}]}}