

{"id":215699,"date":"2025-08-13T14:37:38","date_gmt":"2025-08-13T17:37:38","guid":{"rendered":"https:\/\/goias.gov.br\/policiamilitar\/?page_id=215699"},"modified":"2025-08-13T14:46:04","modified_gmt":"2025-08-13T17:46:04","slug":"agenda-de-autoridades-2","status":"publish","type":"page","link":"https:\/\/goias.gov.br\/policiamilitar\/agenda-de-autoridades-2\/","title":{"rendered":"Agenda de Autoridades"},"content":{"rendered":"\n<p><strong><a href=\"\/policiamilitar\/comandante-geral-da-policia-militar-de-goias\/\">Comandante-Geral da Pol\u00edcia Militar de Goi\u00e1s<\/a><\/strong><br>Coronel PM Marcelo Granja<\/p>\n\n\n\n<p><strong><a href=\"\/policiamilitar\/subcomandante-geral-da-policia-militar-de-goias\/\">Subcomandante-Geral da Pol\u00edcia Militar de Goi\u00e1s<\/a><\/strong><br>Coronel PM \u00canio Jos\u00e9 Carlos Hans<\/p>\n\n\n\n<p><strong><a href=\"\/policiamilitar\/chefe-do-estado-maior-estrategico-da-policia-militar-de-goias\/\">Chefe do Estado-Maior Estrat\u00e9gico da Pol\u00edcia Militar de Goi\u00e1s<\/a><\/strong><br>Coronel PM Durvalino C\u00e2mara dos Santos J\u00fanior<\/p>\n\n\n\n<p><\/p>\n","protected":false},"excerpt":{"rendered":"<p>Comandante-Geral da Pol\u00edcia Militar de Goi\u00e1sCoronel PM Marcelo Granja Subcomandante-Geral da Pol\u00edcia Militar de Goi\u00e1sCoronel PM \u00canio Jos\u00e9 Carlos Hans Chefe do Estado-Maior Estrat\u00e9gico da Pol\u00edcia Militar de Goi\u00e1sCoronel PM Durvalino C\u00e2mara dos Santos J\u00fanior<\/p>\n","protected":false},"author":1471,"featured_media":0,"parent":0,"menu_order":0,"comment_status":"closed","ping_status":"closed","template":"","meta":{"footnotes":""},"class_list":["post-215699","page","type-page","status-publish","hentry"],"rttpg_featured_image_url":null,"rttpg_author":{"display_name":"","author_link":"https:\/\/goias.gov.br\/policiamilitar\/author\/"},"rttpg_comment":0,"rttpg_category":null,"rttpg_excerpt":"Comandante-Geral da Pol\u00edcia Militar de Goi\u00e1sCoronel PM Marcelo Granja Subcomandante-Geral da Pol\u00edcia Militar de Goi\u00e1sCoronel PM \u00canio Jos\u00e9 Carlos Hans Chefe do Estado-Maior Estrat\u00e9gico da Pol\u00edcia Militar de Goi\u00e1sCoronel PM Durvalino C\u00e2mara dos Santos J\u00fanior","_links":{"self":[{"href":"https:\/\/goias.gov.br\/policiamilitar\/wp-json\/wp\/v2\/pages\/215699","targetHints":{"allow":["GET"]}}],"collection":[{"href":"https:\/\/goias.gov.br\/policiamilitar\/wp-json\/wp\/v2\/pages"}],"about":[{"href":"https:\/\/goias.gov.br\/policiamilitar\/wp-json\/wp\/v2\/types\/page"}],"author":[{"embeddable":true,"href":"https:\/\/goias.gov.br\/policiamilitar\/wp-json\/wp\/v2\/users\/1471"}],"replies":[{"embeddable":true,"href":"https:\/\/goias.gov.br\/policiamilitar\/wp-json\/wp\/v2\/comments?post=215699"}],"version-history":[{"count":3,"href":"https:\/\/goias.gov.br\/policiamilitar\/wp-json\/wp\/v2\/pages\/215699\/revisions"}],"predecessor-version":[{"id":215782,"href":"https:\/\/goias.gov.br\/policiamilitar\/wp-json\/wp\/v2\/pages\/215699\/revisions\/215782"}],"wp:attachment":[{"href":"https:\/\/goias.gov.br\/policiamilitar\/wp-json\/wp\/v2\/media?parent=215699"}],"curies":[{"name":"wp","href":"https:\/\/api.w.org\/{rel}","templated":true}]}}