

{"id":214679,"date":"2025-08-12T14:40:33","date_gmt":"2025-08-12T17:40:33","guid":{"rendered":"https:\/\/goias.gov.br\/policiamilitar\/?page_id=214679"},"modified":"2025-08-12T14:40:33","modified_gmt":"2025-08-12T17:40:33","slug":"decretos-4","status":"publish","type":"page","link":"https:\/\/goias.gov.br\/policiamilitar\/decretos-4\/","title":{"rendered":"Decretos"},"content":{"rendered":"<style type='text\/css' media='all'>#rt-tpg-container-2121597981 .rt-holder .rt-woo-info .price{color:#0367bf;}body .rt-tpg-container .rt-tpg-isotope-buttons .selected,\n\t\t\t\t\t#rt-tpg-container-2121597981 .layout12 .rt-holder:hover .rt-detail,\n\t\t\t\t\t#rt-tpg-container-2121597981 .isotope8 .rt-holder:hover .rt-detail,\n\t\t\t\t\t#rt-tpg-container-2121597981 .carousel8 .rt-holder:hover .rt-detail,\n\t\t\t\t\t#rt-tpg-container-2121597981 .layout13 .rt-holder .overlay .post-info,\n\t\t\t\t\t#rt-tpg-container-2121597981 .isotope9 .rt-holder .overlay .post-info,\n\t\t\t\t\t#rt-tpg-container-2121597981.rt-tpg-container .layout4 .rt-holder .rt-detail,\n\t\t\t\t\t.rt-modal-2121597981 .md-content,\n\t\t\t\t\t.rt-modal-2121597981 .md-content > .rt-md-content-holder .rt-md-content,\n\t\t\t\t\t.rt-popup-wrap-2121597981.rt-popup-wrap .rt-popup-navigation-wrap,\n\t\t\t\t\t#rt-tpg-container-2121597981 .carousel9 .rt-holder .overlay .post-info{background-color:#0367bf;}#rt-tpg-container-2121597981 .layout5 .rt-holder .overlay, #rt-tpg-container-2121597981 .isotope2 .rt-holder .overlay, #rt-tpg-container-2121597981 .carousel2 .rt-holder .overlay,#rt-tpg-container-2121597981 .layout15 .rt-holder h3, #rt-tpg-container-2121597981 .isotope11 .rt-holder h3, #rt-tpg-container-2121597981 .carousel11 .rt-holder h3, #rt-tpg-container-2121597981 .layout16 .rt-holder h3,\n\t\t\t\t\t#rt-tpg-container-2121597981 .isotope12 .rt-holder h3, #rt-tpg-container-2121597981 .carousel12 .rt-holder h3 {background-color:rgba(3,103,191,0.8);}#rt-tpg-container-2121597981 .read-more a{border-radius:px;}#rt-tpg-container-2121597981 .rt-img-holder img.rt-img-responsive,#rt-tpg-container-2121597981 .rt-img-holder,\n\t\t\t\t\t#rt-tpg-container-2121597981 .rt-post-overlay .post-img,\n\t\t\t\t\t#rt-tpg-container-2121597981 .post-sm .post-img,\n\t\t\t\t\t#rt-tpg-container-2121597981 .rt-post-grid .post-img,\n\t\t\t\t\t#rt-tpg-container-2121597981 .post-img img {border-radius:px;}<\/style><div class='rt-container-fluid rt-tpg-container tpg-shortcode-main-wrapper ' id='rt-tpg-container-2121597981'   data-layout='layout1' data-grid-style='even' data-desktop-col='1'  data-tab-col='1'  data-mobile-col='1' data-sc-id='214664'><div data-title='Loading ...' class='rt-row rt-content-loader   layout1 tpg-even '><div class=\"rt-col-md-12 rt-col-sm-12 rt-col-xs-12 even-grid-item rt-grid-item\" data-id=\"86427\"><div class=\"rt-holder\"><div class='rt-detail'><h3 class=\"entry-title\"><a data-id=\"86427\" class=\"\" href=\"https:\/\/goias.gov.br\/policiamilitar\/decreto-no-10-574-de-22-de-outubro-de-2024-dispoe-sobre-a-criacao-na-policia-militar-do-estado-de-goias-do-55o-batalhao-de-policia-militar\/\">Decreto n\u00ba 10.574, de 22 de outubro de 2024 &#8211; Disp\u00f5e sobre a cria\u00e7\u00e3o, na Pol\u00edcia Militar do Estado de Goi\u00e1s, do 55\u00ba Batalh\u00e3o de Pol\u00edcia Militar.<\/a><\/h3><div class='post-meta-user  '><span class='date'><i class='far fa-calendar-alt '><\/i>22 de janeiro de 2025<\/span><\/div><div class='tpg-excerpt'>Decreto n\u00ba 10.574, de 22 de outubro de 2024 &#8211; Disp\u00f5e sobre a cria\u00e7\u00e3o, na...<\/div><\/div><\/div><\/div><div class=\"rt-col-md-12 rt-col-sm-12 rt-col-xs-12 even-grid-item rt-grid-item\" data-id=\"86419\"><div class=\"rt-holder\"><div class='rt-detail'><h3 class=\"entry-title\"><a data-id=\"86419\" class=\"\" href=\"https:\/\/goias.gov.br\/policiamilitar\/decreto-no-10-627-de-16-de-janeiro-de-2025-regulamenta-para-o-exercicio-de-2025-o-programa-bolsa-uniforme-instituido-pela-lei-no-22-560-de-14-de-marco-de-2024\/\">Decreto n\u00ba 10.627, de 16 de janeiro de 2025 &#8211; Regulamenta, para o exerc\u00edcio de 2025, o Programa Bolsa-Uniforme, institu\u00eddo pela Lei n\u00ba 22.560, de 14 de mar\u00e7o de 2024.<\/a><\/h3><div class='post-meta-user  '><span class='date'><i class='far fa-calendar-alt '><\/i>16 de janeiro de 2025<\/span><\/div><div class='tpg-excerpt'>Decreto n\u00ba 10.627, de 16 de janeiro de 2025\u00a0 &#8211; Regulamenta, para o exerc\u00edcio de...<\/div><\/div><\/div><\/div><div class=\"rt-col-md-12 rt-col-sm-12 rt-col-xs-12 even-grid-item rt-grid-item\" data-id=\"86431\"><div class=\"rt-holder\"><div class='rt-detail'><h3 class=\"entry-title\"><a data-id=\"86431\" class=\"\" href=\"https:\/\/goias.gov.br\/policiamilitar\/decreto-no-10-477-de-10-de-junho-de-2024-dispoe-sobre-a-criacao-na-policia-militar-do-estado-de-goias-das-unidades-policiais-militares-que-especifica\/\">Decreto n\u00ba 10.477, de 10 de junho de 2024 &#8211; Disp\u00f5e sobre a cria\u00e7\u00e3o, na Pol\u00edcia Militar do Estado de Goi\u00e1s, das Unidades Policiais Militares que especifica.<\/a><\/h3><div class='post-meta-user  '><span class='date'><i class='far fa-calendar-alt '><\/i>10 de junho de 2024<\/span><\/div><div class='tpg-excerpt'>Decreto n\u00ba 10.477, de 10 de junho de 2024 &#8211; Disp\u00f5e sobre a cria\u00e7\u00e3o, na...<\/div><\/div><\/div><\/div><div class=\"rt-col-md-12 rt-col-sm-12 rt-col-xs-12 even-grid-item rt-grid-item\" data-id=\"75407\"><div class=\"rt-holder\"><div class='rt-detail'><h3 class=\"entry-title\"><a data-id=\"75407\" class=\"\" href=\"https:\/\/goias.gov.br\/policiamilitar\/decreto-no-10-386-de-9-de-janeiro-de-2024-define-os-municipios-que-sediarao-as-unidades-regionais-do-7o-crpm-e-do-20o-crpm\/\">Decreto n\u00ba 10.386, de 9 de janeiro de 2024 &#8211; Define os munic\u00edpios que sediar\u00e3o as unidades regionais do 7\u00ba CRPM e do 20\u00ba CRPM.<\/a><\/h3><div class='post-meta-user  '><span class='date'><i class='far fa-calendar-alt '><\/i>9 de janeiro de 2024<\/span><\/div><div class='tpg-excerpt'>Decreto n\u00ba 10.386, de 9 de janeiro de 2024 &#8211; Altera os Anexos III e...<\/div><\/div><\/div><\/div><div class=\"rt-col-md-12 rt-col-sm-12 rt-col-xs-12 even-grid-item rt-grid-item\" data-id=\"75409\"><div class=\"rt-holder\"><div class='rt-detail'><h3 class=\"entry-title\"><a data-id=\"75409\" class=\"\" href=\"https:\/\/goias.gov.br\/policiamilitar\/decreto-no-10-382-de-5-de-janeiro-de-2024-dispoe-sobre-a-regulamentacao-e-a-normatizacao-das-funcoes-comissionadas-educacionais-da-secretaria-de-estado-da-educacao-previstas-na-lei-no-21-792-de\/\">Decreto n\u00ba 10.382, de 5 de janeiro de 2024 &#8211; Disp\u00f5e sobre a regulamenta\u00e7\u00e3o e a normatiza\u00e7\u00e3o das Fun\u00e7\u00f5es Comissionadas Educacionais, da Secretaria de Estado da Educa\u00e7\u00e3o, previstas na Lei n\u00ba 21.792, de 16 de fevereiro de 2023.<\/a><\/h3><div class='post-meta-user  '><span class='date'><i class='far fa-calendar-alt '><\/i>5 de janeiro de 2024<\/span><\/div><div class='tpg-excerpt'>Decreto n\u00ba 10.382, de 5 de janeiro de 2024 &#8211; Disp\u00f5e sobre a regulamenta\u00e7\u00e3o e...<\/div><\/div><\/div><\/div><div class=\"rt-col-md-12 rt-col-sm-12 rt-col-xs-12 even-grid-item rt-grid-item\" data-id=\"64012\"><div class=\"rt-holder\"><div class='rt-detail'><h3 class=\"entry-title\"><a data-id=\"64012\" class=\"\" href=\"https:\/\/goias.gov.br\/policiamilitar\/decreto-no-9-681-de-24-de-junho-de-2020-regulamenta-a-lei-no-20-763-de-30-de-janeiro-de-2020-que-dispoe-sobre-a-convocacao-de-militares-da-reserva-remunerada-para-o-servico-ativo-da-policia\/\">Decreto n\u00ba 9.681, de 24 de junho de 2020 &#8211; Regulamenta a\u00a0Lei n\u00ba 20.763, de 30 de janeiro de 2020, que disp\u00f5e sobre a convoca\u00e7\u00e3o de militares da reserva remunerada para o servi\u00e7o ativo da Pol\u00edcia Militar e do Corpo de Bombeiros Militar do Estado de Goi\u00e1s.<\/a><\/h3><div class='post-meta-user  '><span class='date'><i class='far fa-calendar-alt '><\/i>27 de junho de 2023<\/span><\/div><div class='tpg-excerpt'>Decreto n\u00ba 9.681, de 24 de junho de 2020 &#8211; Regulamenta a\u00a0Lei n\u00ba 20.763, de...<\/div><\/div><\/div><\/div><\/div><div class='rt-pagination-wrap' data-total-pages='3' data-posts-per-page='6' data-type='pagination'  ><div class=\"rt-pagination\" ><ul class=\"pagination-list\"><li class=\"active\"><span>1<\/span><\/li><li><a data-paged='2' href='https:\/\/goias.gov.br\/policiamilitar\/wp-json\/wp\/v2\/pages\/214679\/page\/2\/'>2<\/a><\/li><li><a data-paged='3' href='https:\/\/goias.gov.br\/policiamilitar\/wp-json\/wp\/v2\/pages\/214679\/page\/3\/'>3<\/a><\/li><\/ul><\/div><\/div><\/div>\n","protected":false},"excerpt":{"rendered":"","protected":false},"author":1471,"featured_media":0,"parent":0,"menu_order":0,"comment_status":"closed","ping_status":"closed","template":"","meta":{"footnotes":""},"class_list":["post-214679","page","type-page","status-publish","hentry"],"rttpg_featured_image_url":null,"rttpg_author":{"display_name":"","author_link":"https:\/\/goias.gov.br\/policiamilitar\/author\/"},"rttpg_comment":0,"rttpg_category":"","rttpg_excerpt":null,"_links":{"self":[{"href":"https:\/\/goias.gov.br\/policiamilitar\/wp-json\/wp\/v2\/pages\/214679","targetHints":{"allow":["GET"]}}],"collection":[{"href":"https:\/\/goias.gov.br\/policiamilitar\/wp-json\/wp\/v2\/pages"}],"about":[{"href":"https:\/\/goias.gov.br\/policiamilitar\/wp-json\/wp\/v2\/types\/page"}],"author":[{"embeddable":true,"href":"https:\/\/goias.gov.br\/policiamilitar\/wp-json\/wp\/v2\/users\/1471"}],"replies":[{"embeddable":true,"href":"https:\/\/goias.gov.br\/policiamilitar\/wp-json\/wp\/v2\/comments?post=214679"}],"version-history":[{"count":1,"href":"https:\/\/goias.gov.br\/policiamilitar\/wp-json\/wp\/v2\/pages\/214679\/revisions"}],"predecessor-version":[{"id":214684,"href":"https:\/\/goias.gov.br\/policiamilitar\/wp-json\/wp\/v2\/pages\/214679\/revisions\/214684"}],"wp:attachment":[{"href":"https:\/\/goias.gov.br\/policiamilitar\/wp-json\/wp\/v2\/media?parent=214679"}],"curies":[{"name":"wp","href":"https:\/\/api.w.org\/{rel}","templated":true}]}}