


{"id":210771,"date":"2025-07-31T14:55:25","date_gmt":"2025-07-31T17:55:25","guid":{"rendered":"https:\/\/goias.gov.br\/policiamilitar\/?page_id=210771"},"modified":"2025-08-12T14:36:08","modified_gmt":"2025-08-12T17:36:08","slug":"portarias-24","status":"publish","type":"page","link":"https:\/\/goias.gov.br\/policiamilitar\/portarias-24\/","title":{"rendered":"Portarias"},"content":{"rendered":"\n<p><a href=\"https:\/\/goias.gov.br\/policiamilitar\/port-no-19-065-de-26-09-24-institui-a-politica-de-gestao-de-riscos-da-policia-militar-do-estado-de-goias\/\"><\/a><\/p>\n\n\n\n<p><\/p>\n\n\n\n<p><\/p>\n\n\n<style type='text\/css' media='all'>#rt-tpg-container-2015954449 .rt-holder .rt-woo-info .price{color:#0367bf;}body .rt-tpg-container .rt-tpg-isotope-buttons .selected,\n\t\t\t\t\t#rt-tpg-container-2015954449 .layout12 .rt-holder:hover .rt-detail,\n\t\t\t\t\t#rt-tpg-container-2015954449 .isotope8 .rt-holder:hover .rt-detail,\n\t\t\t\t\t#rt-tpg-container-2015954449 .carousel8 .rt-holder:hover .rt-detail,\n\t\t\t\t\t#rt-tpg-container-2015954449 .layout13 .rt-holder .overlay .post-info,\n\t\t\t\t\t#rt-tpg-container-2015954449 .isotope9 .rt-holder .overlay .post-info,\n\t\t\t\t\t#rt-tpg-container-2015954449.rt-tpg-container .layout4 .rt-holder .rt-detail,\n\t\t\t\t\t.rt-modal-2015954449 .md-content,\n\t\t\t\t\t.rt-modal-2015954449 .md-content > .rt-md-content-holder .rt-md-content,\n\t\t\t\t\t.rt-popup-wrap-2015954449.rt-popup-wrap .rt-popup-navigation-wrap,\n\t\t\t\t\t#rt-tpg-container-2015954449 .carousel9 .rt-holder .overlay .post-info{background-color:#0367bf;}#rt-tpg-container-2015954449 .layout5 .rt-holder .overlay, #rt-tpg-container-2015954449 .isotope2 .rt-holder .overlay, #rt-tpg-container-2015954449 .carousel2 .rt-holder .overlay,#rt-tpg-container-2015954449 .layout15 .rt-holder h3, #rt-tpg-container-2015954449 .isotope11 .rt-holder h3, #rt-tpg-container-2015954449 .carousel11 .rt-holder h3, #rt-tpg-container-2015954449 .layout16 .rt-holder h3,\n\t\t\t\t\t#rt-tpg-container-2015954449 .isotope12 .rt-holder h3, #rt-tpg-container-2015954449 .carousel12 .rt-holder h3 {background-color:rgba(3,103,191,0.8);}#rt-tpg-container-2015954449 .read-more a{border-radius:px;}#rt-tpg-container-2015954449 .rt-img-holder img.rt-img-responsive,#rt-tpg-container-2015954449 .rt-img-holder,\n\t\t\t\t\t#rt-tpg-container-2015954449 .rt-post-overlay .post-img,\n\t\t\t\t\t#rt-tpg-container-2015954449 .post-sm .post-img,\n\t\t\t\t\t#rt-tpg-container-2015954449 .rt-post-grid .post-img,\n\t\t\t\t\t#rt-tpg-container-2015954449 .post-img img {border-radius:px;}<\/style><div class='rt-container-fluid rt-tpg-container tpg-shortcode-main-wrapper ' id='rt-tpg-container-2015954449'   data-layout='layout1' data-grid-style='even' data-desktop-col='1'  data-tab-col='1'  data-mobile-col='1' data-sc-id='214639'><div data-title='Loading ...' class='rt-row rt-content-loader   layout1 tpg-even '><div class=\"rt-col-md-12 rt-col-sm-12 rt-col-xs-12 even-grid-item rt-grid-item\" data-id=\"95793\"><div class=\"rt-holder\"><div class='rt-detail'><h3 class=\"entry-title\"><a data-id=\"95793\" class=\"\" href=\"https:\/\/goias.gov.br\/policiamilitar\/port-no-42-de-30-09-08-estabelece-normas-e-condicoes-para-o-taf-teste-de-avaliacao-fisica\/\">Port. n\u00ba 42 de 30.09.08 &#8211; Estabelece normas e condi\u00e7\u00f5es para o TAF &#8211; Teste de Avalia\u00e7\u00e3o F\u00edsica<\/a><\/h3><div class='post-meta-user  '><span class='date'><i class='far fa-calendar-alt '><\/i>26 de setembro de 2025<\/span><\/div><div class='tpg-excerpt'>Port. n\u00ba 42 de 30.09.08 &#8211; Estabelece normas e condi\u00e7\u00f5es para o TAF _Teste de...<\/div><\/div><\/div><\/div><div class=\"rt-col-md-12 rt-col-sm-12 rt-col-xs-12 even-grid-item rt-grid-item\" data-id=\"88622\"><div class=\"rt-holder\"><div class=\"rt-img-holder\"><a data-id=\"88622\" class=\"\" href=\"https:\/\/goias.gov.br\/policiamilitar\/88622-2\/\"><img decoding=\"async\" width=\"150\" height=\"150\" src=\"https:\/\/goias.gov.br\/policiamilitar\/wp-content\/uploads\/sites\/67\/2025\/03\/portaria-de-gestor-400x400.jpg\" class=\"rt-img-responsive \" alt=\"\" \/><\/a><\/div><div class='rt-detail'><h3 class=\"entry-title\"><a data-id=\"88622\" class=\"\" href=\"https:\/\/goias.gov.br\/policiamilitar\/88622-2\/\"><\/a><\/h3><div class='post-meta-user  '><span class='date'><i class='far fa-calendar-alt '><\/i>18 de mar\u00e7o de 2025<\/span><\/div><div class='tpg-excerpt'>EXTRATO DA PORTARIA N\u00ba 19.796, 11 de\u00a0mar\u00e7o de\u00a02025&#8211; PM (71694740) Dispensa e designa gestores (titular...<\/div><\/div><\/div><\/div><div class=\"rt-col-md-12 rt-col-sm-12 rt-col-xs-12 even-grid-item rt-grid-item\" data-id=\"84418\"><div class=\"rt-holder\"><div class='rt-detail'><h3 class=\"entry-title\"><a data-id=\"84418\" class=\"\" href=\"https:\/\/goias.gov.br\/policiamilitar\/port-no-19-219-de-29-10-24-dispoe-sobre-a-matriz-organizacional-da-policia-militar-do-estado-de-goias\/\">Port. n\u00ba 19.219 de 29.10.24 &#8211; Disp\u00f5e sobre a Matriz Organizacional da Pol\u00edcia Militar do Estado de Goi\u00e1s &#8211; com altera\u00e7\u00f5es<\/a><\/h3><div class='post-meta-user  '><span class='date'><i class='far fa-calendar-alt '><\/i>5 de novembro de 2024<\/span><\/div><div class='tpg-excerpt'>Portaria n\u00ba 19.219 de 29.10.24 &#8211; Disp\u00f5e sobre a Matriz Organizacional PMGO &#8211; Alterada em...<\/div><\/div><\/div><\/div><div class=\"rt-col-md-12 rt-col-sm-12 rt-col-xs-12 even-grid-item rt-grid-item\" data-id=\"86456\"><div class=\"rt-holder\"><div class='rt-detail'><h3 class=\"entry-title\"><a data-id=\"86456\" class=\"\" href=\"https:\/\/goias.gov.br\/policiamilitar\/port-no-19-065-de-26-09-24-institui-a-politica-de-gestao-de-riscos-da-policia-militar-do-estado-de-goias\/\">Port. n\u00ba 19.065 de 26.09.24 &#8211; Institui a Pol\u00edtica de Gest\u00e3o de Riscos da Pol\u00edcia Militar do Estado de Goi\u00e1s<\/a><\/h3><div class='post-meta-user  '><span class='date'><i class='far fa-calendar-alt '><\/i>26 de setembro de 2024<\/span><\/div><div class='tpg-excerpt'>Port. n\u00ba 19.065 de 26.09.24 &#8211; Institui a Pol\u00edtica de Gest\u00e3o de Riscos da Pol\u00edcia...<\/div><\/div><\/div><\/div><div class=\"rt-col-md-12 rt-col-sm-12 rt-col-xs-12 even-grid-item rt-grid-item\" data-id=\"86439\"><div class=\"rt-holder\"><div class='rt-detail'><h3 class=\"entry-title\"><a data-id=\"86439\" class=\"\" href=\"https:\/\/goias.gov.br\/policiamilitar\/port-no-18755-de-15-08-24-designa-encarregados-pelo-tratamento-de-dados-pessoais-no-ambito-da-pmgo\/\">Port. n\u00ba 18755 de 15.08.24 &#8211; Designa encarregados pelo tratamento de dados pessoais no \u00e2mbito da PMGO<\/a><\/h3><div class='post-meta-user  '><span class='date'><i class='far fa-calendar-alt '><\/i>15 de agosto de 2024<\/span><\/div><div class='tpg-excerpt'>Port. n\u00ba 18755 de 15.08.24 &#8211; Designa encarregados pelo tratamento de dados pessoais no \u00e2mbito...<\/div><\/div><\/div><\/div><div class=\"rt-col-md-12 rt-col-sm-12 rt-col-xs-12 even-grid-item rt-grid-item\" data-id=\"86453\"><div class=\"rt-holder\"><div class='rt-detail'><h3 class=\"entry-title\"><a data-id=\"86453\" class=\"\" href=\"https:\/\/goias.gov.br\/policiamilitar\/port-no-18-557-de-18-06-24-institui-medidas-de-prevencao-e-fiscalizacao-de-transito-na-pmgo-nucleos-de-policiamento-ostensivo-de-transito\/\">Port. n\u00ba 18.557 de 18.06.24 &#8211; Institui medidas de preven\u00e7\u00e3o e fiscaliza\u00e7\u00e3o de tr\u00e2nsito na PMGO &#8211; N\u00facleos de policiamento ostensivo de tr\u00e2nsito<\/a><\/h3><div class='post-meta-user  '><span class='date'><i class='far fa-calendar-alt '><\/i>18 de junho de 2024<\/span><\/div><div class='tpg-excerpt'>Port. n\u00ba 18.557 de 18.06.24 &#8211; Institui medidas de preven\u00e7\u00e3o e fiscaliza\u00e7\u00e3o de tr\u00e2nsito na...<\/div><\/div><\/div><\/div><\/div><div class='rt-pagination-wrap' data-total-pages='5' data-posts-per-page='6' data-type='pagination'  ><div class=\"rt-pagination\" ><ul class=\"pagination-list\"><li class=\"active\"><span>1<\/span><\/li><li><a data-paged='2' href='https:\/\/goias.gov.br\/policiamilitar\/wp-json\/wp\/v2\/pages\/210771\/page\/2\/'>2<\/a><\/li><li><a data-paged='3' href='https:\/\/goias.gov.br\/policiamilitar\/wp-json\/wp\/v2\/pages\/210771\/page\/3\/'>3<\/a><\/li><li><a data-paged='4' href='https:\/\/goias.gov.br\/policiamilitar\/wp-json\/wp\/v2\/pages\/210771\/page\/4\/'>4<\/a><\/li><li><a data-paged='5' href='https:\/\/goias.gov.br\/policiamilitar\/wp-json\/wp\/v2\/pages\/210771\/page\/5\/'>5<\/a><\/li><\/ul><\/div><\/div><\/div>\n","protected":false},"excerpt":{"rendered":"","protected":false},"author":1471,"featured_media":0,"parent":0,"menu_order":0,"comment_status":"closed","ping_status":"closed","template":"","meta":{"footnotes":""},"class_list":["post-210771","page","type-page","status-publish","hentry"],"rttpg_featured_image_url":null,"rttpg_author":{"display_name":"","author_link":"https:\/\/goias.gov.br\/policiamilitar\/author\/"},"rttpg_comment":0,"rttpg_category":"","rttpg_excerpt":null,"_links":{"self":[{"href":"https:\/\/goias.gov.br\/policiamilitar\/wp-json\/wp\/v2\/pages\/210771","targetHints":{"allow":["GET"]}}],"collection":[{"href":"https:\/\/goias.gov.br\/policiamilitar\/wp-json\/wp\/v2\/pages"}],"about":[{"href":"https:\/\/goias.gov.br\/policiamilitar\/wp-json\/wp\/v2\/types\/page"}],"author":[{"embeddable":true,"href":"https:\/\/goias.gov.br\/policiamilitar\/wp-json\/wp\/v2\/users\/1471"}],"replies":[{"embeddable":true,"href":"https:\/\/goias.gov.br\/policiamilitar\/wp-json\/wp\/v2\/comments?post=210771"}],"version-history":[{"count":3,"href":"https:\/\/goias.gov.br\/policiamilitar\/wp-json\/wp\/v2\/pages\/210771\/revisions"}],"predecessor-version":[{"id":251847,"href":"https:\/\/goias.gov.br\/policiamilitar\/wp-json\/wp\/v2\/pages\/210771\/revisions\/251847"}],"wp:attachment":[{"href":"https:\/\/goias.gov.br\/policiamilitar\/wp-json\/wp\/v2\/media?parent=210771"}],"curies":[{"name":"wp","href":"https:\/\/api.w.org\/{rel}","templated":true}]}}