

{"id":210451,"date":"2025-07-31T10:44:05","date_gmt":"2025-07-31T13:44:05","guid":{"rendered":"https:\/\/goias.gov.br\/policiamilitar\/?page_id=210451"},"modified":"2025-11-27T08:18:33","modified_gmt":"2025-11-27T11:18:33","slug":"historia","status":"publish","type":"page","link":"https:\/\/goias.gov.br\/policiamilitar\/historia\/","title":{"rendered":"Hist\u00f3ria"},"content":{"rendered":"\t\t<div data-elementor-type=\"wp-page\" data-elementor-id=\"210451\" class=\"elementor elementor-210451\">\n\t\t\t\t<div class=\"elementor-element elementor-element-576b6e2 e-flex e-con-boxed e-con e-parent\" data-id=\"576b6e2\" data-element_type=\"container\" data-e-type=\"container\">\n\t\t\t\t\t<div class=\"e-con-inner\">\n\t\t<div class=\"elementor-element elementor-element-fcf2c2a e-con-full e-flex e-con e-child\" data-id=\"fcf2c2a\" data-element_type=\"container\" data-e-type=\"container\">\n\t\t\t\t<div class=\"elementor-element elementor-element-3dd84b5 elementor-widget elementor-widget-text-editor\" data-id=\"3dd84b5\" data-element_type=\"widget\" data-e-type=\"widget\" data-widget_type=\"text-editor.default\">\n\t\t\t\t\t\t\t\t\t<h5 class=\"timeline-item__card-title wp-dark-mode-transparent\"><span style=\"color: #333333;\">Hist\u00f3ria<\/span><\/h5><div class=\"timeline-item__card-desc wp-dark-mode-transparent\"><span style=\"color: #333333;\">Em 28 de julho de 1858, o ent\u00e3o presidente da \u201cProv\u00edncia de Goyaz\u201d, Doutor Janu\u00e1rio da Gama Cerqueira, sancionou a resolu\u00e7\u00e3o n\u00ba 13 criando a For\u00e7a Policial de Goyaz, cuja \u00e1rea de atua\u00e7\u00e3o limitava-se a regi\u00e3o da capital da prov\u00edncia (Vila Boa), Arraial e Palma. Seu efetivo inicial era composto por: 01 (um) Tenente (Jo\u00e3o Pereira de Abreu), 02 (dois) Alferes (Aquiles Cardoso de Almeida e Ant\u00f4nio Xavier Nunes da Silva), al\u00e9m de 02 (dois) sargentos, 1 (um) Furriel e mais 41 (quarenta e uma) pra\u00e7as.<\/span><\/div>\t\t\t\t\t\t\t\t<\/div>\n\t\t\t\t<\/div>\n\t\t<div class=\"elementor-element elementor-element-8e8c25e e-con-full e-flex e-con e-child\" data-id=\"8e8c25e\" data-element_type=\"container\" data-e-type=\"container\">\n\t\t\t\t<\/div>\n\t\t<div class=\"elementor-element elementor-element-44ebe0f e-con-full e-flex e-con e-child\" data-id=\"44ebe0f\" data-element_type=\"container\" data-e-type=\"container\">\n\t\t\t\t<\/div>\n\t\t\t\t\t<\/div>\n\t\t\t\t<\/div>\n\t\t<div class=\"elementor-element elementor-element-7c5b77a e-flex e-con-boxed e-con e-parent\" data-id=\"7c5b77a\" data-element_type=\"container\" data-e-type=\"container\">\n\t\t\t\t\t<div class=\"e-con-inner\">\n\t\t<div class=\"elementor-element elementor-element-22f8f5d e-con-full e-flex e-con e-child\" data-id=\"22f8f5d\" data-element_type=\"container\" data-e-type=\"container\">\n\t\t\t\t<\/div>\n\t\t<div class=\"elementor-element elementor-element-5bcd22d e-con-full e-flex e-con e-child\" data-id=\"5bcd22d\" data-element_type=\"container\" data-e-type=\"container\">\n\t\t\t\t<\/div>\n\t\t<div class=\"elementor-element elementor-element-a05f192 e-con-full e-flex e-con e-child\" data-id=\"a05f192\" data-element_type=\"container\" data-e-type=\"container\">\n\t\t\t\t<div class=\"elementor-element elementor-element-9375f49 elementor-widget elementor-widget-text-editor\" data-id=\"9375f49\" data-element_type=\"widget\" data-e-type=\"widget\" data-widget_type=\"text-editor.default\">\n\t\t\t\t\t\t\t\t\t<h5 class=\"timeline-item__card-title wp-dark-mode-transparent\">1865<\/h5><div class=\"timeline-item__card-desc wp-dark-mode-transparent\">Os integrantes da primeira for\u00e7a policial no Estado de Goi\u00e1s eram civis contratados que n\u00e3o usavam armas de fogo, apenas cassetetes. Em 1865, as tropas goianas atuaram na Guerra do Paraguai fornecendo mantimentos aos militares em combate. O Capit\u00e3o Jo\u00e3o Fleury Alves de Amorim foi o primeiro comandante da pol\u00edcia goiana, tendo sido nomeado em 1884. O primeiro quartel foi adquirido em 1863 na hist\u00f3rica Cidade de Goi\u00e1s e possu\u00eda uma \u00e1rea de 724m\u00b2 que sediou o Comando da Institui\u00e7\u00e3o at\u00e9 o ano de 1936. Atualmente, nessa mesma \u00e1rea funciona o 6\u00ba Batalh\u00e3o da Pol\u00edcia Militar.<\/div>\t\t\t\t\t\t\t\t<\/div>\n\t\t\t\t<\/div>\n\t\t\t\t\t<\/div>\n\t\t\t\t<\/div>\n\t\t<div class=\"elementor-element elementor-element-4a3ef9e e-flex e-con-boxed e-con e-parent\" data-id=\"4a3ef9e\" data-element_type=\"container\" data-e-type=\"container\">\n\t\t\t\t\t<div class=\"e-con-inner\">\n\t\t<div class=\"elementor-element elementor-element-4c0cf1e e-con-full e-flex e-con e-child\" data-id=\"4c0cf1e\" data-element_type=\"container\" data-e-type=\"container\">\n\t\t\t\t<div class=\"elementor-element elementor-element-0755a60 elementor-widget elementor-widget-text-editor\" data-id=\"0755a60\" data-element_type=\"widget\" data-e-type=\"widget\" data-widget_type=\"text-editor.default\">\n\t\t\t\t\t\t\t\t\t<h5 class=\"timeline-item__card-title wp-dark-mode-transparent\">Novembro de 1935<\/h5><div class=\"timeline-item__card-desc wp-dark-mode-transparent\">Um importante marco que ocorreu na primeira metade do s\u00e9culo XX foi a transfer\u00eancia da capital para Goi\u00e2nia. Em novembro de 1935, o efetivo da 2\u00aa Companhia Isolada foi enviado \u00e0 nova capital, dando origem ao 1\u00ba Batalh\u00e3o de Infantaria, atualmente denominado Batalh\u00e3o Anhanguera. A partir da instala\u00e7\u00e3o desta unidade pioneira surgiram diversos quart\u00e9is e tamb\u00e9m a primeira escola de forma\u00e7\u00e3o de pra\u00e7as.<\/div>\t\t\t\t\t\t\t\t<\/div>\n\t\t\t\t<\/div>\n\t\t<div class=\"elementor-element elementor-element-d4323f3 e-con-full e-flex e-con e-child\" data-id=\"d4323f3\" data-element_type=\"container\" data-e-type=\"container\">\n\t\t\t\t<\/div>\n\t\t<div class=\"elementor-element elementor-element-55343f2 e-con-full e-flex e-con e-child\" data-id=\"55343f2\" data-element_type=\"container\" data-e-type=\"container\">\n\t\t\t\t<\/div>\n\t\t\t\t\t<\/div>\n\t\t\t\t<\/div>\n\t\t<div class=\"elementor-element elementor-element-8b967ec e-flex e-con-boxed e-con e-parent\" data-id=\"8b967ec\" data-element_type=\"container\" data-e-type=\"container\">\n\t\t\t\t\t<div class=\"e-con-inner\">\n\t\t<div class=\"elementor-element elementor-element-a41ea1a e-con-full e-flex e-con e-child\" data-id=\"a41ea1a\" data-element_type=\"container\" data-e-type=\"container\">\n\t\t\t\t<\/div>\n\t\t<div class=\"elementor-element elementor-element-0c0d084 e-con-full e-flex e-con e-child\" data-id=\"0c0d084\" data-element_type=\"container\" data-e-type=\"container\">\n\t\t\t\t<\/div>\n\t\t<div class=\"elementor-element elementor-element-1ad2316 e-con-full e-flex e-con e-child\" data-id=\"1ad2316\" data-element_type=\"container\" data-e-type=\"container\">\n\t\t\t\t<div class=\"elementor-element elementor-element-74672ac elementor-widget elementor-widget-text-editor\" data-id=\"74672ac\" data-element_type=\"widget\" data-e-type=\"widget\" data-widget_type=\"text-editor.default\">\n\t\t\t\t\t\t\t\t\t<h5 class=\"timeline-item__card-title wp-dark-mode-transparent\">Comando-Geral<\/h5><div class=\"timeline-item__card-desc wp-dark-mode-transparent\">Em 1938 \u00e9 criado o Comando Geral da corpora\u00e7\u00e3o sendo nomeado o Major Arnaldo de Morais Sarmento para a fun\u00e7\u00e3o de Comandante Geral. Desde sua origem, a Institui\u00e7\u00e3o atuou sob diversas nomenclaturas, dentre elas: For\u00e7a Policial de Goyaz; Companhia de Pol\u00edcia de Goyaz; Batalh\u00e3o de Pol\u00edcia de Goyaz; at\u00e9 que em 1\u00ba de julho de 1935, estabeleceu-se a denomina\u00e7\u00e3o que prevalece at\u00e9 hoje: Pol\u00edcia Militar de Goi\u00e1s.<\/div>\t\t\t\t\t\t\t\t<\/div>\n\t\t\t\t<\/div>\n\t\t\t\t\t<\/div>\n\t\t\t\t<\/div>\n\t\t<div class=\"elementor-element elementor-element-31a9815 e-flex e-con-boxed e-con e-parent\" data-id=\"31a9815\" data-element_type=\"container\" data-e-type=\"container\">\n\t\t\t\t\t<div class=\"e-con-inner\">\n\t\t<div class=\"elementor-element elementor-element-6d044f3 e-con-full e-flex e-con e-child\" data-id=\"6d044f3\" data-element_type=\"container\" data-e-type=\"container\">\n\t\t\t\t<div class=\"elementor-element elementor-element-95baff9 elementor-widget elementor-widget-text-editor\" data-id=\"95baff9\" data-element_type=\"widget\" data-e-type=\"widget\" data-widget_type=\"text-editor.default\">\n\t\t\t\t\t\t\t\t\t<h5 class=\"timeline-item__card-title wp-dark-mode-transparent\">Pol\u00edcia Militar de Goi\u00e1s<\/h5><div class=\"timeline-item__card-desc wp-dark-mode-transparent\">Ao longo de sua exist\u00eancia a Pol\u00edcia Militar de Goi\u00e1s cresceu e se desenvolveu significativamente com a cria\u00e7\u00e3o de v\u00e1rias unidades operacionais na capital e interior, tornando-se verdadeiro patrim\u00f4nio dos goianos. Nossa vis\u00e3o de futuro se manifesta na constante adequa\u00e7\u00e3o das pr\u00e1ticas policiais militares \u00e0 realidade e as exig\u00eancias sociais que o pa\u00eds e, mais especificamente, o Estado de Goi\u00e1s, atravessam.<\/div>\t\t\t\t\t\t\t\t<\/div>\n\t\t\t\t<\/div>\n\t\t<div class=\"elementor-element elementor-element-2bb529a e-con-full e-flex e-con e-child\" data-id=\"2bb529a\" data-element_type=\"container\" data-e-type=\"container\">\n\t\t\t\t<\/div>\n\t\t<div class=\"elementor-element elementor-element-f978d88 e-con-full e-flex e-con e-child\" data-id=\"f978d88\" data-element_type=\"container\" data-e-type=\"container\">\n\t\t\t\t<\/div>\n\t\t\t\t\t<\/div>\n\t\t\t\t<\/div>\n\t\t<div class=\"elementor-element elementor-element-78a644b e-flex e-con-boxed e-con e-parent\" data-id=\"78a644b\" data-element_type=\"container\" data-e-type=\"container\">\n\t\t\t\t\t<div class=\"e-con-inner\">\n\t\t<div class=\"elementor-element elementor-element-7815265 e-con-full e-flex e-con e-child\" data-id=\"7815265\" data-element_type=\"container\" data-e-type=\"container\">\n\t\t\t\t<\/div>\n\t\t<div class=\"elementor-element elementor-element-104e1a2 e-con-full e-flex e-con e-child\" data-id=\"104e1a2\" data-element_type=\"container\" data-e-type=\"container\">\n\t\t\t\t<\/div>\n\t\t<div class=\"elementor-element elementor-element-0c7848c e-con-full e-flex e-con e-child\" data-id=\"0c7848c\" data-element_type=\"container\" data-e-type=\"container\">\n\t\t\t\t<div class=\"elementor-element elementor-element-d166d19 elementor-widget elementor-widget-text-editor\" data-id=\"d166d19\" data-element_type=\"widget\" data-e-type=\"widget\" data-widget_type=\"text-editor.default\">\n\t\t\t\t\t\t\t\t\t<h5 class=\"timeline-item__card-title wp-dark-mode-transparent\">PMGO<\/h5><div class=\"timeline-item__card-desc wp-dark-mode-transparent\">Por isso, a PMGO investe no patrulhamento constante de sua tropa, na moderniza\u00e7\u00e3o de seus m\u00e9todos de atua\u00e7\u00e3o, bem como, na aquisi\u00e7\u00e3o de equipamentos e na implementa\u00e7\u00e3o de estrat\u00e9gias focadas na operacionalidade e na proximidade com o cidad\u00e3o. Mesmo com o pensamento voltado para a constante moderniza\u00e7\u00e3o, a Pol\u00edcia Militar preserva as tradi\u00e7\u00f5es e valores que a caracterizam: profissionalismo, confiabilidade, disciplina, hierarquia, honestidade, respeito e legalidade.<\/div>\t\t\t\t\t\t\t\t<\/div>\n\t\t\t\t<\/div>\n\t\t\t\t\t<\/div>\n\t\t\t\t<\/div>\n\t\t<div class=\"elementor-element elementor-element-867cd49 e-flex e-con-boxed e-con e-parent\" data-id=\"867cd49\" data-element_type=\"container\" data-e-type=\"container\">\n\t\t\t\t\t<div class=\"e-con-inner\">\n\t\t<div class=\"elementor-element elementor-element-217f493 e-con-full e-flex e-con e-child\" data-id=\"217f493\" data-element_type=\"container\" data-e-type=\"container\">\n\t\t\t\t<div class=\"elementor-element elementor-element-719285a elementor-widget elementor-widget-text-editor\" data-id=\"719285a\" data-element_type=\"widget\" data-e-type=\"widget\" data-widget_type=\"text-editor.default\">\n\t\t\t\t\t\t\t\t\t<h5 class=\"timeline-item__card-title wp-dark-mode-transparent\">PMGO<\/h5><div class=\"timeline-item__card-desc wp-dark-mode-transparent\">Nosso maior patrim\u00f4nio \u00e9 a confian\u00e7a das pessoas as quais servimos que resulta de um trabalho intenso voltado a preserva\u00e7\u00e3o da seguran\u00e7a p\u00fablica e a prote\u00e7\u00e3o da cidadania. A cada dia, a PMGO reconstr\u00f3i sua hist\u00f3ria, aprimorado seu presente e planejado seu futuro, tendo como alicerce fundamental o trabalho digno, devotado e altaneiro dos milhares de homens e mulheres que dedicam suas vidas ao bem-estar de todos e que por isso, s\u00e3o motivos de orgulho para a sociedade goiana. Pol\u00edcia Militar de Goi\u00e1s: patrim\u00f4nio dos goianos!<\/div>\t\t\t\t\t\t\t\t<\/div>\n\t\t\t\t<\/div>\n\t\t<div class=\"elementor-element elementor-element-c591592 e-con-full e-flex e-con e-child\" data-id=\"c591592\" data-element_type=\"container\" data-e-type=\"container\">\n\t\t\t\t<\/div>\n\t\t<div class=\"elementor-element elementor-element-bb2e361 e-con-full e-flex e-con e-child\" data-id=\"bb2e361\" data-element_type=\"container\" data-e-type=\"container\">\n\t\t\t\t<\/div>\n\t\t\t\t\t<\/div>\n\t\t\t\t<\/div>\n\t\t<div class=\"elementor-element elementor-element-9d2d3c3 e-flex e-con-boxed e-con e-parent\" data-id=\"9d2d3c3\" data-element_type=\"container\" data-e-type=\"container\">\n\t\t\t\t\t<div class=\"e-con-inner\">\n\t\t\t\t<div class=\"elementor-element elementor-element-516b282 elementor-widget elementor-widget-button\" data-id=\"516b282\" data-element_type=\"widget\" data-e-type=\"widget\" data-widget_type=\"button.default\">\n\t\t\t\t\t\t\t\t\t\t<a class=\"elementor-button elementor-button-link elementor-size-sm\" href=\"\/wp-content\/uploads\/sites\/67\/2022\/12\/Livro-O-Anhanguera.pdf\" target=\"_blank\">\n\t\t\t\t\t\t<span class=\"elementor-button-content-wrapper\">\n\t\t\t\t\t\t\t\t\t<span class=\"elementor-button-text\">Baixar o Livro \"O Anhanguera\"<\/span>\n\t\t\t\t\t<\/span>\n\t\t\t\t\t<\/a>\n\t\t\t\t\t\t\t\t<\/div>\n\t\t\t\t\t<\/div>\n\t\t\t\t<\/div>\n\t\t\t\t<\/div>\n\t\t","protected":false},"excerpt":{"rendered":"<p>Hist\u00f3ria Em 28 de julho de 1858, o ent\u00e3o presidente da \u201cProv\u00edncia de Goyaz\u201d, Doutor Janu\u00e1rio da Gama Cerqueira, sancionou a resolu\u00e7\u00e3o n\u00ba 13 criando a For\u00e7a Policial de Goyaz, cuja \u00e1rea de atua\u00e7\u00e3o limitava-se a regi\u00e3o da capital da prov\u00edncia (Vila Boa), Arraial e Palma. Seu efetivo inicial era composto por: 01 (um) Tenente [&hellip;]<\/p>\n","protected":false},"author":1471,"featured_media":0,"parent":0,"menu_order":0,"comment_status":"closed","ping_status":"closed","template":"","meta":{"footnotes":""},"class_list":["post-210451","page","type-page","status-publish","hentry"],"rttpg_featured_image_url":null,"rttpg_author":{"display_name":"","author_link":"https:\/\/goias.gov.br\/policiamilitar\/author\/"},"rttpg_comment":0,"rttpg_category":null,"rttpg_excerpt":"Hist\u00f3ria Em 28 de julho de 1858, o ent\u00e3o presidente da \u201cProv\u00edncia de Goyaz\u201d, Doutor Janu\u00e1rio da Gama Cerqueira, sancionou a resolu\u00e7\u00e3o n\u00ba 13 criando a For\u00e7a Policial de Goyaz, cuja \u00e1rea de atua\u00e7\u00e3o limitava-se a regi\u00e3o da capital da prov\u00edncia (Vila Boa), Arraial e Palma. Seu efetivo inicial era composto por: 01 (um) Tenente&hellip;","_links":{"self":[{"href":"https:\/\/goias.gov.br\/policiamilitar\/wp-json\/wp\/v2\/pages\/210451","targetHints":{"allow":["GET"]}}],"collection":[{"href":"https:\/\/goias.gov.br\/policiamilitar\/wp-json\/wp\/v2\/pages"}],"about":[{"href":"https:\/\/goias.gov.br\/policiamilitar\/wp-json\/wp\/v2\/types\/page"}],"author":[{"embeddable":true,"href":"https:\/\/goias.gov.br\/policiamilitar\/wp-json\/wp\/v2\/users\/1471"}],"replies":[{"embeddable":true,"href":"https:\/\/goias.gov.br\/policiamilitar\/wp-json\/wp\/v2\/comments?post=210451"}],"version-history":[{"count":3,"href":"https:\/\/goias.gov.br\/policiamilitar\/wp-json\/wp\/v2\/pages\/210451\/revisions"}],"predecessor-version":[{"id":252096,"href":"https:\/\/goias.gov.br\/policiamilitar\/wp-json\/wp\/v2\/pages\/210451\/revisions\/252096"}],"wp:attachment":[{"href":"https:\/\/goias.gov.br\/policiamilitar\/wp-json\/wp\/v2\/media?parent=210451"}],"curies":[{"name":"wp","href":"https:\/\/api.w.org\/{rel}","templated":true}]}}