

{"id":210202,"date":"2025-07-31T09:35:13","date_gmt":"2025-07-31T12:35:13","guid":{"rendered":"https:\/\/goias.gov.br\/policiamilitar\/?page_id=210202"},"modified":"2025-12-22T14:52:37","modified_gmt":"2025-12-22T17:52:37","slug":"alto-comando","status":"publish","type":"page","link":"https:\/\/goias.gov.br\/policiamilitar\/alto-comando\/","title":{"rendered":"Alto Comando"},"content":{"rendered":"<p><img fetchpriority=\"high\" decoding=\"async\" class=\"size-medium wp-image-246967 alignleft\" src=\"https:\/\/goias.gov.br\/policiamilitar\/wp-content\/uploads\/sites\/67\/2025\/12\/WhatsApp-Image-2025-12-22-at-12.58.44-240x300.jpeg\" alt=\"\" width=\"240\" height=\"300\" srcset=\"https:\/\/goias.gov.br\/policiamilitar\/wp-content\/uploads\/sites\/67\/2025\/12\/WhatsApp-Image-2025-12-22-at-12.58.44-240x300.jpeg 240w, https:\/\/goias.gov.br\/policiamilitar\/wp-content\/uploads\/sites\/67\/2025\/12\/WhatsApp-Image-2025-12-22-at-12.58.44-819x1024.jpeg 819w, https:\/\/goias.gov.br\/policiamilitar\/wp-content\/uploads\/sites\/67\/2025\/12\/WhatsApp-Image-2025-12-22-at-12.58.44-768x960.jpeg 768w, https:\/\/goias.gov.br\/policiamilitar\/wp-content\/uploads\/sites\/67\/2025\/12\/WhatsApp-Image-2025-12-22-at-12.58.44-1228x1536.jpeg 1228w, https:\/\/goias.gov.br\/policiamilitar\/wp-content\/uploads\/sites\/67\/2025\/12\/WhatsApp-Image-2025-12-22-at-12.58.44-1638x2048.jpeg 1638w, https:\/\/goias.gov.br\/policiamilitar\/wp-content\/uploads\/sites\/67\/2025\/12\/WhatsApp-Image-2025-12-22-at-12.58.44.jpeg 2047w\" sizes=\"(max-width: 240px) 100vw, 240px\" \/><\/p>\n<h2><strong><span style=\"font-size: 14pt;\">CORONEL PM MARCELO GRANJA<\/span><\/strong><\/h2>\n<h5><span style=\"font-size: 12pt;\">COMANDANTE-GERAL DA POL\u00cdCIA MILITAR DO ESTADO DE GOI\u00c1S<\/span><\/h5>\n<ul>\n<li>\u00a0(62)3201-5947<\/li>\n<li>\u00a0comandantegeral@gmail.com<\/li>\n<\/ul>\n<p>&nbsp;<\/p>\n<p>&nbsp;<\/p>\n<p>&nbsp;<\/p>\n<p>&nbsp;<\/p>\n<p>&nbsp;<\/p>\n<p><img decoding=\"async\" class=\"alignnone size-medium wp-image-246977 alignleft\" src=\"https:\/\/goias.gov.br\/policiamilitar\/wp-content\/uploads\/sites\/67\/2025\/12\/WhatsApp-Image-2025-12-22-at-12.58.43-240x300.jpeg\" alt=\"\" width=\"240\" height=\"300\" srcset=\"https:\/\/goias.gov.br\/policiamilitar\/wp-content\/uploads\/sites\/67\/2025\/12\/WhatsApp-Image-2025-12-22-at-12.58.43-240x300.jpeg 240w, https:\/\/goias.gov.br\/policiamilitar\/wp-content\/uploads\/sites\/67\/2025\/12\/WhatsApp-Image-2025-12-22-at-12.58.43-819x1024.jpeg 819w, https:\/\/goias.gov.br\/policiamilitar\/wp-content\/uploads\/sites\/67\/2025\/12\/WhatsApp-Image-2025-12-22-at-12.58.43-768x960.jpeg 768w, https:\/\/goias.gov.br\/policiamilitar\/wp-content\/uploads\/sites\/67\/2025\/12\/WhatsApp-Image-2025-12-22-at-12.58.43-1228x1536.jpeg 1228w, https:\/\/goias.gov.br\/policiamilitar\/wp-content\/uploads\/sites\/67\/2025\/12\/WhatsApp-Image-2025-12-22-at-12.58.43-1638x2048.jpeg 1638w, https:\/\/goias.gov.br\/policiamilitar\/wp-content\/uploads\/sites\/67\/2025\/12\/WhatsApp-Image-2025-12-22-at-12.58.43.jpeg 2047w\" sizes=\"(max-width: 240px) 100vw, 240px\" \/><\/p>\n<h2 style=\"text-align: left;\"><strong><span style=\"font-size: 14pt;\">CORONEL PM \u00caNIO JOS\u00c9 CARLOS HANS<\/span><\/strong><\/h2>\n<h5 style=\"text-align: left;\"><span style=\"font-size: 12pt;\">SUBCOMANDANTE-GERAL DA POL\u00cdCIA MILITAR DO ESTADO DE GOI\u00c1S<\/span><\/h5>\n<ul>\n<li style=\"text-align: left;\">\u00a0(62) 3201-6219<\/li>\n<li style=\"text-align: left;\">\u00a0subcmtepmgo@gmail.com<\/li>\n<\/ul>\n<p>&nbsp;<\/p>\n<p>&nbsp;<\/p>\n<p>&nbsp;<\/p>\n<p>&nbsp;<\/p>\n<p>&nbsp;<\/p>\n<p><img decoding=\"async\" class=\"alignnone size-medium wp-image-246982 alignleft\" src=\"https:\/\/goias.gov.br\/policiamilitar\/wp-content\/uploads\/sites\/67\/2025\/12\/WhatsApp-Image-2025-12-22-at-12.58.44-1-240x300.jpeg\" alt=\"\" width=\"240\" height=\"300\" srcset=\"https:\/\/goias.gov.br\/policiamilitar\/wp-content\/uploads\/sites\/67\/2025\/12\/WhatsApp-Image-2025-12-22-at-12.58.44-1-240x300.jpeg 240w, https:\/\/goias.gov.br\/policiamilitar\/wp-content\/uploads\/sites\/67\/2025\/12\/WhatsApp-Image-2025-12-22-at-12.58.44-1-819x1024.jpeg 819w, https:\/\/goias.gov.br\/policiamilitar\/wp-content\/uploads\/sites\/67\/2025\/12\/WhatsApp-Image-2025-12-22-at-12.58.44-1-768x960.jpeg 768w, https:\/\/goias.gov.br\/policiamilitar\/wp-content\/uploads\/sites\/67\/2025\/12\/WhatsApp-Image-2025-12-22-at-12.58.44-1-1228x1536.jpeg 1228w, https:\/\/goias.gov.br\/policiamilitar\/wp-content\/uploads\/sites\/67\/2025\/12\/WhatsApp-Image-2025-12-22-at-12.58.44-1-1638x2048.jpeg 1638w, https:\/\/goias.gov.br\/policiamilitar\/wp-content\/uploads\/sites\/67\/2025\/12\/WhatsApp-Image-2025-12-22-at-12.58.44-1.jpeg 2047w\" sizes=\"(max-width: 240px) 100vw, 240px\" \/><\/p>\n<h2 style=\"text-align: left;\"><strong><span style=\"font-size: 14pt;\">CORONEL PM DURVALINO C\u00c2MARA DOS SANTOS J\u00daNIOR<\/span><\/strong><\/h2>\n<h5 style=\"text-align: left;\"><span style=\"font-size: 12pt;\">CHEFE DO ESTADO-MAIOR ESTRAT\u00c9GICO DA POL\u00cdCIA MILITAR DO ESTADO DE GOI\u00c1S<\/span><\/h5>\n<ul>\n<li style=\"text-align: left;\">\u00a0(62) 3201-6219<\/li>\n<li style=\"text-align: left;\">\u00a0estadomaiorpmgo@gmail.com<\/li>\n<\/ul>\n","protected":false},"excerpt":{"rendered":"<p>CORONEL PM MARCELO GRANJA COMANDANTE-GERAL DA POL\u00cdCIA MILITAR DO ESTADO DE GOI\u00c1S \u00a0(62)3201-5947 \u00a0comandantegeral@gmail.com &nbsp; &nbsp; &nbsp; &nbsp; &nbsp; CORONEL PM \u00caNIO JOS\u00c9 CARLOS HANS SUBCOMANDANTE-GERAL DA POL\u00cdCIA MILITAR DO ESTADO DE GOI\u00c1S \u00a0(62) 3201-6219 \u00a0subcmtepmgo@gmail.com &nbsp; &nbsp; &nbsp; &nbsp; &nbsp; CORONEL PM DURVALINO C\u00c2MARA DOS SANTOS J\u00daNIOR CHEFE DO ESTADO-MAIOR ESTRAT\u00c9GICO DA POL\u00cdCIA MILITAR [&hellip;]<\/p>\n","protected":false},"author":472,"featured_media":0,"parent":0,"menu_order":0,"comment_status":"closed","ping_status":"closed","template":"","meta":{"footnotes":""},"class_list":["post-210202","page","type-page","status-publish","hentry"],"rttpg_featured_image_url":null,"rttpg_author":{"display_name":"3\u00ba SGT RENER","author_link":"https:\/\/goias.gov.br\/policiamilitar\/author\/renersantos\/"},"rttpg_comment":0,"rttpg_category":null,"rttpg_excerpt":"CORONEL PM MARCELO GRANJA COMANDANTE-GERAL DA POL\u00cdCIA MILITAR DO ESTADO DE GOI\u00c1S \u00a0(62)3201-5947 \u00a0comandantegeral@gmail.com &nbsp; &nbsp; &nbsp; &nbsp; &nbsp; CORONEL PM \u00caNIO JOS\u00c9 CARLOS HANS SUBCOMANDANTE-GERAL DA POL\u00cdCIA MILITAR DO ESTADO DE GOI\u00c1S \u00a0(62) 3201-6219 \u00a0subcmtepmgo@gmail.com &nbsp; &nbsp; &nbsp; &nbsp; &nbsp; CORONEL PM DURVALINO C\u00c2MARA DOS SANTOS J\u00daNIOR CHEFE DO ESTADO-MAIOR ESTRAT\u00c9GICO DA POL\u00cdCIA MILITAR&hellip;","_links":{"self":[{"href":"https:\/\/goias.gov.br\/policiamilitar\/wp-json\/wp\/v2\/pages\/210202","targetHints":{"allow":["GET"]}}],"collection":[{"href":"https:\/\/goias.gov.br\/policiamilitar\/wp-json\/wp\/v2\/pages"}],"about":[{"href":"https:\/\/goias.gov.br\/policiamilitar\/wp-json\/wp\/v2\/types\/page"}],"author":[{"embeddable":true,"href":"https:\/\/goias.gov.br\/policiamilitar\/wp-json\/wp\/v2\/users\/472"}],"replies":[{"embeddable":true,"href":"https:\/\/goias.gov.br\/policiamilitar\/wp-json\/wp\/v2\/comments?post=210202"}],"version-history":[{"count":3,"href":"https:\/\/goias.gov.br\/policiamilitar\/wp-json\/wp\/v2\/pages\/210202\/revisions"}],"predecessor-version":[{"id":247070,"href":"https:\/\/goias.gov.br\/policiamilitar\/wp-json\/wp\/v2\/pages\/210202\/revisions\/247070"}],"wp:attachment":[{"href":"https:\/\/goias.gov.br\/policiamilitar\/wp-json\/wp\/v2\/media?parent=210202"}],"curies":[{"name":"wp","href":"https:\/\/api.w.org\/{rel}","templated":true}]}}