

{"id":2070,"date":"2023-01-10T16:18:08","date_gmt":"2023-01-10T19:18:08","guid":{"rendered":"http:\/\/pm.go.gov.demo\/?page_id=2070"},"modified":"2024-08-16T10:01:00","modified_gmt":"2024-08-16T13:01:00","slug":"tco","status":"publish","type":"page","link":"https:\/\/goias.gov.br\/policiamilitar\/tco\/","title":{"rendered":"TCO"},"content":{"rendered":"<p><a href=\"https:\/\/goias.gov.br\/policiamilitar\/\" rel=\"home\" title=\"In\u00edcio\">In\u00edcio<\/a><\/p>\n<style>\/*! elementor - v3.11.1 - 15-02-2023 *\/\n.elementor-heading-title{padding:0;margin:0;line-height:1}.elementor-widget-heading .elementor-heading-title[class*=elementor-size-]>a{color:inherit;font-size:inherit;line-height:inherit}.elementor-widget-heading .elementor-heading-title.elementor-size-small{font-size:15px}.elementor-widget-heading .elementor-heading-title.elementor-size-medium{font-size:19px}.elementor-widget-heading .elementor-heading-title.elementor-size-large{font-size:29px}.elementor-widget-heading .elementor-heading-title.elementor-size-xl{font-size:39px}.elementor-widget-heading .elementor-heading-title.elementor-size-xxl{font-size:59px}<\/style>\n<h2>TCO<\/h2>\n<h2>Material de Fundamenta\u00e7\u00e3o do TCO<\/h2>\n<ul>\n<li><a role=\"link\" href=\"https:\/\/goias.gov.br\/policiamilitar\/wp-content\/uploads\/sites\/67\/2021\/07\/lei-9099-26-setembro-1995-348608-normaatualizada-pl.pdf\" target=\"_blank\" rel=\"noopener\">Lei 9.099 de 1995 \u2013 Lei dos Juizados Especiais<\/a><\/li>\n<li><a role=\"link\" href=\"https:\/\/goias.gov.br\/policiamilitar\/wp-content\/uploads\/sites\/67\/2021\/07\/provimento-18-2.pdf\" target=\"_blank\" rel=\"noopener\">Provimento 18\/2015 da Corregedoria do Tribunal de Justi\u00e7a de Goi\u00e1s Autoriza os ju\u00edzes estaduais a recepcionarem os Termos Circunstanciados lavrados por policiais militares<\/a><\/li>\n<li><a role=\"link\" href=\"https:\/\/goias.gov.br\/policiamilitar\/wp-content\/uploads\/sites\/67\/2021\/07\/termo-de-cooperacao-viabiliza-realizar-tco-5.pdf\" target=\"_blank\" rel=\"noopener\">Termo de Coopera\u00e7\u00e3o 11\/2018 Termo de Coopera\u00e7\u00e3o 11\/2018 entre o Governo de Goi\u00e1s, Tribunal de Justi\u00e7a de Goi\u00e1s, Secretaria de Seguran\u00e7a P\u00fablica e Minist\u00e9rio P\u00fablico de Goi\u00e1s<\/a><\/li>\n<li><a role=\"link\" href=\"https:\/\/goias.gov.br\/policiamilitar\/wp-content\/uploads\/sites\/67\/2021\/07\/decisao-do-cnj-procedimento-de-controle-administrativo-no-0008430-38.2018.2.00.0000-atualizado.pdf\" target=\"_blank\" rel=\"noopener\">Decis\u00e3o do CNJ Procedimento de Controle Administrativo<\/a><\/li>\n<li><a role=\"link\" href=\"https:\/\/goias.gov.br\/policiamilitar\/wp-content\/uploads\/sites\/67\/2021\/07\/acordao-do-conselho-nacional-do-mp-sobre-tco-na-prf-2-1.pdf\" target=\"_blank\" rel=\"noopener\">Ac\u00f3rd\u00e3o do Conselho Nacional do Minist\u00e9rio P\u00fablico Visualizar Ac\u00f3rd\u00e3o do Conselho Nacional do Minist\u00e9rio P\u00fablico<\/a><\/li>\n<li><a role=\"link\" href=\"https:\/\/goias.gov.br\/policiamilitar\/wp-content\/uploads\/sites\/67\/2021\/07\/documento-pgr-00034953-2020-1.pdf\" target=\"_blank\" rel=\"noopener\">Nota T\u00e9cnica Conjunta Nota T\u00e9cnica Conjunta da Procuradoria Geral da Rep\u00fablica e Minist\u00e9rio P\u00fablico Federal<\/a><\/li>\n<li><a role=\"link\" href=\"https:\/\/goias.gov.br\/policiamilitar\/wp-content\/uploads\/sites\/67\/2021\/07\/nota-tecnica-n.-1-2020-fonaje-1-1.pdf\" target=\"_blank\" rel=\"noopener\">Nota T\u00e9cnica n. 01\/2020 F\u00f3rum Nacional dos Juizados Especiais \u2013 FONAJE<\/a><\/li>\n<li><a role=\"link\" href=\"https:\/\/goias.gov.br\/policiamilitar\/wp-content\/uploads\/sites\/67\/2021\/07\/fonaje-forum-nacional-de-juizes-estaduais-3.pdf\" target=\"_blank\" rel=\"noopener\">Nota T\u00e9cnica n. 02\/2020 F\u00f3rum Nacional dos Juizados Especiais \u2013 FONAJE<\/a><\/li>\n<li><a role=\"link\" href=\"https:\/\/goias.gov.br\/policiamilitar\/wp-content\/uploads\/sites\/67\/2021\/07\/gabinete-integrado-de-seguranca-publica-e-ministerio-publico-do-brasil.pdf\" target=\"_blank\" rel=\"noopener\">Nota T\u00e9cnica Nota T\u00e9cnica do Gabinete Integrado dos Profissionais de Seguran\u00e7a P\u00fablica e o Minist\u00e9rio P\u00fablico do Brasil<\/a><\/li>\n<li><a role=\"link\" href=\"https:\/\/goias.gov.br\/policiamilitar\/wp-content\/uploads\/sites\/67\/2021\/07\/portaria-n-0003-19-ssp-regulamenta-proced-para-apreensao-movimentacao-drogas-201800016014586-1.pdf\" target=\"_blank\" rel=\"noopener\">Portaria 003\/2019 Portaria 003\/2019 da Secretaria de Seguran\u00e7a P\u00fablica de Goi\u00e1s \u2013 Regulamenta apreens\u00e3o de drogas<\/a><\/li>\n<li><a role=\"link\" href=\"https:\/\/goias.gov.br\/policiamilitar\/wp-content\/uploads\/sites\/67\/2021\/07\/voto-1.pdf\" target=\"_blank\" rel=\"noopener\">Decis\u00e3o do Supremo Tribunal Federal favor\u00e1vel ao TCO Visualizar Decis\u00e3o do Supremo Tribunal Federal favor\u00e1vel ao TCO<\/a><\/li>\n<li><a role=\"link\" href=\"https:\/\/goias.gov.br\/policiamilitar\/wp-content\/uploads\/sites\/67\/2021\/07\/termo-de-adesao-ao-sistema-projudi-1-1.pdf\" target=\"_blank\" rel=\"noopener\">Termo de Ades\u00e3o ao PROJUDI Fazer o download do Termo de Ades\u00e3o ao PROJUDI<\/a><\/li>\n<li><a role=\"link\" href=\"https:\/\/goias.gov.br\/policiamilitar\/wp-content\/uploads\/sites\/67\/2021\/07\/pap.pdf\" target=\"_blank\" rel=\"noopener\">Procedimento Administrativo Padr\u00e3o Fazer o download do Procedimento Administrativo Padr\u00e3o<\/a><\/li>\n<\/ul>\n<style>\/*! elementor - v3.11.1 - 15-02-2023 *\/\n.elementor-widget-image{text-align:center}.elementor-widget-image a{display:inline-block}.elementor-widget-image a img[src$=\".svg\"]{width:48px}.elementor-widget-image img{vertical-align:middle;display:inline-block}<\/style>\n<p>\t\t\t\t\t\t\t\t\t\t\t\t<img decoding=\"async\" src=\"http:\/\/pm.go.gov.demo\/wp-content\/uploads\/sites\/67\/2023\/01\/falta-de-cnh-1080x1080-1.jpeg\" title=\"\" alt=\"\" loading=\"lazy\" \/><br \/>\n\t\t\t\t\t\t\t\t\t\t\t\t\t\t\t<img decoding=\"async\" src=\"http:\/\/pm.go.gov.demo\/wp-content\/uploads\/sites\/67\/2023\/01\/Captura-da-Web_10-1-2023_162216_www.pm_.go_.gov_.br_.jpeg\" title=\"\" alt=\"\" loading=\"lazy\" \/><br \/>\n\t\t\t\t\t\t\t\t\t\t\t\t\t\t\t<img decoding=\"async\" src=\"http:\/\/pm.go.gov.demo\/wp-content\/uploads\/sites\/67\/2023\/01\/alteracoes-da-lei-de-crimes-ambientais.jpeg\" title=\"\" alt=\"\" loading=\"lazy\" \/>\t\t\t\t\t\t\t\t\t\t\t\t\t\t\t<\/p>\n<h2>Termo Circunstanciado de Ocorr\u00eancia Eleitoral<\/h2>\n<ul>\n<li><a role=\"link\" href=\"https:\/\/goias.gov.br\/policiamilitar\/wp-content\/uploads\/sites\/67\/2021\/07\/tco-eleicao-1-5.pdf\" target=\"_blank\" rel=\"noopener\">Informativo TCO Eleitoral \u2013 PMGO<\/a><\/li>\n<li><a role=\"link\" href=\"https:\/\/goias.gov.br\/policiamilitar\/wp-content\/uploads\/sites\/67\/2021\/07\/tco-eleitoral.pdf\" target=\"_blank\" rel=\"noopener\">Cards Orientativos \u2013 PMGO<\/a><\/li>\n<li><a role=\"link\" href=\"https:\/\/goias.gov.br\/policiamilitar\/wp-content\/uploads\/sites\/67\/2021\/07\/resolucao-201800297.pdf\" target=\"_blank\" rel=\"noopener\">Resolu\u00e7\u00e3o 297\/2018-TRE\/GO<\/a><\/li>\n<li><a role=\"link\" href=\"https:\/\/goias.gov.br\/policiamilitar\/wp-content\/uploads\/sites\/67\/2021\/07\/not2316-cartilha-1-1.pdf\" target=\"_blank\" rel=\"noopener\">Cartilha de Orienta\u00e7\u00e3o do Minist\u00e9rio P\u00fablico Eleitoral<\/a><\/li>\n<\/ul>\n<p>\t\t\t<a href=\"https:\/\/goias.gov.br\/policiamilitar\/wp-content\/uploads\/sites\/67\/2021\/02\/tco-eleitoral-1.pdf\" role=\"button\"><br \/>\n\t\t\t\t\t\tEbook TCO<br \/>\n\t\t\t\t\t<\/a><\/p>\n","protected":false},"excerpt":{"rendered":"<p>In\u00edcio TCO Material de Fundamenta\u00e7\u00e3o do TCO Lei 9.099 de 1995 \u2013 Lei dos Juizados Especiais Provimento 18\/2015 da Corregedoria do Tribunal de Justi\u00e7a de Goi\u00e1s Autoriza os ju\u00edzes estaduais a recepcionarem os Termos Circunstanciados lavrados por policiais militares Termo de Coopera\u00e7\u00e3o 11\/2018 Termo de Coopera\u00e7\u00e3o 11\/2018 entre o Governo de Goi\u00e1s, Tribunal de Justi\u00e7a [&hellip;]<\/p>\n","protected":false},"author":2,"featured_media":0,"parent":0,"menu_order":0,"comment_status":"closed","ping_status":"closed","template":"","meta":{"footnotes":""},"class_list":["post-2070","page","type-page","status-publish","hentry"],"rttpg_featured_image_url":null,"rttpg_author":{"display_name":"rogerioduarte","author_link":"https:\/\/goias.gov.br\/policiamilitar\/author\/rogerioduarte\/"},"rttpg_comment":0,"rttpg_category":null,"rttpg_excerpt":"In\u00edcio TCO Material de Fundamenta\u00e7\u00e3o do TCO Lei 9.099 de 1995 \u2013 Lei dos Juizados Especiais Provimento 18\/2015 da Corregedoria do Tribunal de Justi\u00e7a de Goi\u00e1s Autoriza os ju\u00edzes estaduais a recepcionarem os Termos Circunstanciados lavrados por policiais militares Termo de Coopera\u00e7\u00e3o 11\/2018 Termo de Coopera\u00e7\u00e3o 11\/2018 entre o Governo de Goi\u00e1s, Tribunal de Justi\u00e7a&hellip;","_links":{"self":[{"href":"https:\/\/goias.gov.br\/policiamilitar\/wp-json\/wp\/v2\/pages\/2070","targetHints":{"allow":["GET"]}}],"collection":[{"href":"https:\/\/goias.gov.br\/policiamilitar\/wp-json\/wp\/v2\/pages"}],"about":[{"href":"https:\/\/goias.gov.br\/policiamilitar\/wp-json\/wp\/v2\/types\/page"}],"author":[{"embeddable":true,"href":"https:\/\/goias.gov.br\/policiamilitar\/wp-json\/wp\/v2\/users\/2"}],"replies":[{"embeddable":true,"href":"https:\/\/goias.gov.br\/policiamilitar\/wp-json\/wp\/v2\/comments?post=2070"}],"version-history":[{"count":3,"href":"https:\/\/goias.gov.br\/policiamilitar\/wp-json\/wp\/v2\/pages\/2070\/revisions"}],"predecessor-version":[{"id":81513,"href":"https:\/\/goias.gov.br\/policiamilitar\/wp-json\/wp\/v2\/pages\/2070\/revisions\/81513"}],"wp:attachment":[{"href":"https:\/\/goias.gov.br\/policiamilitar\/wp-json\/wp\/v2\/media?parent=2070"}],"curies":[{"name":"wp","href":"https:\/\/api.w.org\/{rel}","templated":true}]}}